{"id":10513,"date":"2018-07-18T13:30:21","date_gmt":"2018-07-18T16:30:21","guid":{"rendered":"https:\/\/direito.ufpr.br\/?page_id=10513"},"modified":"2025-10-30T11:38:22","modified_gmt":"2025-10-30T14:38:22","slug":"direcao-do-setor-de-ciencias-juridicas","status":"publish","type":"page","link":"https:\/\/direito.ufpr.br\/?page_id=10513","title":{"rendered":""},"content":{"rendered":"\n<figure class=\"wp-block-image\"><img loading=\"lazy\" decoding=\"async\" width=\"1024\" height=\"200\" src=\"https:\/\/direito.ufpr.br\/wp-content\/uploads\/2021\/12\/Barra-superior-Direcao-1.jpg\" alt=\"\" class=\"wp-image-33384\" srcset=\"https:\/\/direito.ufpr.br\/wp-content\/uploads\/2021\/12\/Barra-superior-Direcao-1.jpg 1024w, https:\/\/direito.ufpr.br\/wp-content\/uploads\/2021\/12\/Barra-superior-Direcao-1-300x59.jpg 300w, https:\/\/direito.ufpr.br\/wp-content\/uploads\/2021\/12\/Barra-superior-Direcao-1-768x150.jpg 768w\" sizes=\"auto, (max-width: 1024px) 100vw, 1024px\" \/><\/figure>\n\n\n\n<hr class=\"wp-block-separator has-alpha-channel-opacity\"\/>\n\n\n\n<div class=\"large-8 small-12 columns\">\n<p><b>Dire\u00e7\u00e3o do Setor<br><\/b>Diretora &nbsp; &nbsp; &nbsp; &nbsp; &nbsp; &nbsp;&nbsp;<em>Prof.\u00aa Dr.\u00aa Melina Girardi Fachin<br><\/em>Vice-Diretor&nbsp; &nbsp; &nbsp;&nbsp;<em>Prof. Dr. Rui Carlo Dissenha<\/em><\/p>\n<p>UNIDADE DE APOIO ADMINISTRATIVO (JD\/UAA)<\/p>\n<\/tbody>\n<\/table>\n<p>\u00c1rea de Expediente \u2013 (seg-sex): 08h-13h e 14h-17h<\/p>\n<table style=\"border-collapse: collapse; width: 1002px; height: 45px;\">\n<tbody>\n<tr>\n<td style=\"width: 33.3333%;\"><em>&#8211; Luciano Lepka Portela (Chefe da Unidade)<\/em><\/td>\n<td style=\"width: 33.3333%;\"><em>3310-2688<\/em><\/td>\n<td style=\"width: 33.3333%;\"><em>juridica@ufpr.br<\/em><\/td>\n<\/tr>\n<tr>\n<td style=\"width: 33.3333%;\">&#8211; <em>Ariana Ellen Gon\u00e7alves de Ara\u00fajo Cavalieri<\/em><\/td>\n<td style=\"width: 33.3333%;\"><em>3310-2750<\/em><\/td>\n<td style=\"width: 33.3333%;\"><em>eventojd@ufpr.br<\/em><\/td>\n<\/tr>\n<tr>\n<\/tbody>\n<\/table>\n<p>\u00c1rea de Almoxarifado, Patrim\u00f4nio e Manuten\u00e7\u00e3o \u2013 (seg-sex): 08h-12h30 e 13h30-17h<\/p>\n<table style=\"border-collapse: collapse; width: 1002px; height: 45px;\">\n<tbody>\n<tr>\n<td style=\"width: 33.3333%;\"><em>&#8211; Guilherme Pereira Venturini<\/em><\/td>\n<td style=\"width: 33.3333%;\"><em>3310-2686<\/em><\/td>\n<td style=\"width: 33.3333%;\"><em>patrimoniojd@ufpr.br<br>manutencaojd@ufpr.br<\/em><\/span><\/td>\n<\/tr>\n<\/tbody>\n<\/table>\n<p>\u00c1rea de Tecnologia e Inform\u00e1tica&nbsp;<\/p>\n<table style=\"border-collapse: collapse; width: 1000px; height: 90px;\">\n<tbody>\n<tr>\n<td style=\"width: 33.3333%;\">&#8211; <em>\u00c9lida Ariadla Dias<\/em><\/td>\n<td style=\"width: 33.3333%;\"><em>3310-2679<\/em><\/td>\n<td style=\"width: 33.3333%;\"><span style=\"color: #000000;\"><em>tiscj@ufpr.br<\/em><\/span><\/td>\n<\/tr>\n<tr>\n<td style=\"width: 33.3333%;\"><span style=\"color: #000000;\">&#8211; <em>Jos\u00e9 M\u00e1rio Silva Rosa Filho<\/em><\/span><\/td>\n<td style=\"width: 33.3333%;\"><span style=\"color: #000000;\"><em>3310-2679 <\/em><\/span><\/td>\n<td style=\"width: 33.3333%;\"><span style=\"color: #000000;\"><em>tiscj@ufpr.br<br><\/em><\/td>\n<\/tr>\n<\/tbody>\n<\/table>\n<p>\u00c1rea de Apoio \u00e0 Pesquisa e Extens\u00e3o \u2013 (seg-sex): 07h as 13h\n<table style=\"border-collapse: collapse; width: 1000px;height: 90px;\">\n<tbody>\n<tr>\n<td style=\"width: 33.3333%;\">&#8211; Jair Bezerra dos Anjos Silva<\/em><\/i><\/td>\n<td style=\"width: 33.3333%;\"><em>3310-2750<\/em><\/td>\n<td style=\"width: 33.3333%;\"><em>pesquisajd@ufpr.br<br>extensaojuridicas@ufpr.br<\/em><\/td>\n<\/tr>\n<\/tbody>\n<\/table>\n<\/div>\n\n\n\n<div>&nbsp;<\/div>\n\n\n\n<div class=\"large-8 small-12 columns\"><strong>UNIDADE DE CONTROLE E EXECU\u00c7\u00c3O OR\u00c7AMENT\u00c1RIA (JD\/UCEO)<\/strong><\/div>\n\n\n\n<div class=\"large-8 small-12 columns\">Atendimento Presencial: ter\u00e7as e quintas-feiras (8h-12h e 13h-17h)<br>\nAtendimento Remoto: segundas, quartas e sextas-feiras (8h-12h e 13h-17h)<\/div>\n\n\n\n<div>&nbsp;<\/div>\n\n\n\n<div class=\"large-8 small-12 columns\">\n<table style=\"border-collapse: collapse; width: 1000px; height: 45px;\">\n<tbody>\n<tr style=\"height: 20px;\">\n<td style=\"width: 33.3333%; height: 20px;\">&#8211; <em>Allan Rodrigo de Lima<\/em><em> (Chefe da Unidade)<\/em><\/td>\n<td style=\"width: 33.3333%; height: 20px;\"><em>3310-2689 (via Whatsapp Institucional)<\/em><\/td>\n<td style=\"width: 33.3333%; height: 20px;\"><em>financeirojd@ufpr.br<br>allan.rdlima@ufpr.br (atendimento via Microsoft Teams)<\/em><\/td>\n<\/tr>\n<\/tbody>\n<\/table>\n<p><span style=\"color: #000000;\"><span style=\"color: #000080;\"><a style=\"color: #000080;\" href=\"http:\/\/www.proplan.ufpr.br\/portal\/exec_orc_fin\/\"  target=\"_blank\" rel=\"noopener noreferrer\">ACESSO \u00c0 INFORMA\u00c7\u00c3O &#8211; PAGAMENTOS DE BOLSAS \/ AUX. ESTUDANTES<\/a><\/span><br><em><br><\/em><\/span><\/p>\n\n<p><span style=\"color: #000000;\"><span style=\"color: #000080;\"><a style=\"color: #000080;\" href=\"https:\/\/direito.ufpr.br\/wp-content\/uploads\/2025\/10\/ordem_de_servica_002_2020_gr.pdf\"  target=\"_blank\" rel=\"noopener noreferrer\"> Ordem de Servi\u00e7o 02\/2020-GR &#8211; Procedimentos para Afastamento no\/do pa\u00eds e normas para concess\u00e3o de Di\u00e1rias e Passagens.<\/a><\/span><br><em><br><\/em><\/span><\/p>\n\n\n<p><strong>Pra\u00e7a Santos Andrade, n\u00ba 50,&nbsp;1\u00ba Andar, Centro \u2013 CEP &nbsp;80.020-300<\/strong><\/p>\n<\/div>\n\n\n\n<p><\/p>\n","protected":false},"excerpt":{"rendered":"<p>Dire\u00e7\u00e3o do SetorDiretora &nbsp; &nbsp; &nbsp; &nbsp; &nbsp; &nbsp;&nbsp;Prof.\u00aa Dr.\u00aa Melina Girardi FachinVice-Diretor&nbsp; &nbsp; &nbsp;&nbsp;Prof. Dr. Rui Carlo Dissenha UNIDADE DE APOIO ADMINISTRATIVO (JD\/UAA) \u00c1rea de Expediente \u2013 (seg-sex): 08h-13h e 14h-17h &#8211; Luciano Lepka Portela (Chefe da Unidade) 3310-2688 juridica@ufpr.br &#8211; Ariana Ellen Gon\u00e7alves de Ara\u00fajo Cavalieri 3310-2750 eventojd@ufpr.br \u00c1rea de Almoxarifado, Patrim\u00f4nio e [&hellip;]<\/p>\n","protected":false},"author":54,"featured_media":0,"parent":0,"menu_order":0,"comment_status":"closed","ping_status":"closed","template":"direcao.php","meta":{"_acf_changed":false,"_eb_attr":"","footnotes":""},"class_list":["post-10513","page","type-page","status-publish","hentry"],"acf":[],"_links":{"self":[{"href":"https:\/\/direito.ufpr.br\/index.php?rest_route=\/wp\/v2\/pages\/10513","targetHints":{"allow":["GET"]}}],"collection":[{"href":"https:\/\/direito.ufpr.br\/index.php?rest_route=\/wp\/v2\/pages"}],"about":[{"href":"https:\/\/direito.ufpr.br\/index.php?rest_route=\/wp\/v2\/types\/page"}],"author":[{"embeddable":true,"href":"https:\/\/direito.ufpr.br\/index.php?rest_route=\/wp\/v2\/users\/54"}],"replies":[{"embeddable":true,"href":"https:\/\/direito.ufpr.br\/index.php?rest_route=%2Fwp%2Fv2%2Fcomments&post=10513"}],"version-history":[{"count":121,"href":"https:\/\/direito.ufpr.br\/index.php?rest_route=\/wp\/v2\/pages\/10513\/revisions"}],"predecessor-version":[{"id":53637,"href":"https:\/\/direito.ufpr.br\/index.php?rest_route=\/wp\/v2\/pages\/10513\/revisions\/53637"}],"wp:attachment":[{"href":"https:\/\/direito.ufpr.br\/index.php?rest_route=%2Fwp%2Fv2%2Fmedia&parent=10513"}],"curies":[{"name":"wp","href":"https:\/\/api.w.org\/{rel}","templated":true}]}}