{"id":10664,"date":"2018-07-18T13:56:06","date_gmt":"2018-07-18T16:56:06","guid":{"rendered":"https:\/\/direito.ufpr.br\/?page_id=10664"},"modified":"2025-11-07T16:21:36","modified_gmt":"2025-11-07T19:21:36","slug":"nucleo-de-pratica-juridica","status":"publish","type":"page","link":"https:\/\/direito.ufpr.br\/?page_id=10664","title":{"rendered":""},"content":{"rendered":"<p><img loading=\"lazy\" decoding=\"async\" class=\"alignnone wp-image-33441 size-full\" src=\"https:\/\/direito.ufpr.br\/wp-content\/uploads\/2021\/12\/Barra-superior-Nucleo-3.jpg\" alt=\"\" width=\"1024\" height=\"200\" srcset=\"https:\/\/direito.ufpr.br\/wp-content\/uploads\/2021\/12\/Barra-superior-Nucleo-3.jpg 1024w, https:\/\/direito.ufpr.br\/wp-content\/uploads\/2021\/12\/Barra-superior-Nucleo-3-300x59.jpg 300w, https:\/\/direito.ufpr.br\/wp-content\/uploads\/2021\/12\/Barra-superior-Nucleo-3-768x150.jpg 768w\" sizes=\"auto, (max-width: 1024px) 100vw, 1024px\" \/><\/p>\n<hr \/>\n<p>O N\u00facleo de Pr\u00e1tica Jur\u00eddica \u2013 NPJ \u2013 \u00e9 um \u00f3rg\u00e3o suplementar vinculado ao Departamento de Pr\u00e1ticas Jur\u00eddicas do Setor de Ci\u00eancias Jur\u00eddicas da Universidade Federal do Paran\u00e1 \u2013 UFPR (<a title=\"Resolu\u00e7\u00e3o 01\/12-NPJ\" href=\"https:\/\/direito.ufpr.br\/wp-content\/uploads\/2013\/10\/RES.-01-12-NPJ-1.pdf\" target=\"_blank\" rel=\"noopener noreferrer\">Resolu\u00e7\u00e3o 01\/12-NPJ<\/a>) e tem a finalidade de promover ensino, pesquisa e extens\u00e3o na \u00e1rea da pr\u00e1tica jur\u00eddica, garantindo os conhecimentos indispens\u00e1veis ao exerc\u00edcio das diversas carreiras contempladas pela forma\u00e7\u00e3o jur\u00eddica.<\/p>\n<p><strong>C<\/strong><strong>hefe: <\/strong>Prof\u00aa Dr\u00aa Mar\u00edlia Pedroso Xavier<\/p>\n<p><strong>Suplente do Chefe<\/strong>: Prof Dr Leandro Franklin Gorsdorf<\/p>\n<p><strong>Servi\u00e7o Social <em>(ORIENTA\u00c7\u00c3O JUR\u00cdDICA E AGENDAMENTO)<\/em><\/strong><\/p>\n<p>Sumaya Rathge Sant&#8217;Anna<\/p>\n<p>Josiane do Rocio Mosson<\/p>\n<p>Anara Ramuana de S. Oliveira Strappazzon<\/p>\n<p>Segunda a sexta-feira das 08:30 \u00e0s 12:00 &#8211; 13:00 \u00e0s 17:30<\/p>\n<p>Fone: 3310-2623 \/ 3310-2733\u00a0<\/p>\n<p>E-mail: <a>ssocialnpj@ufpr.br<\/a><\/p>\n<p><strong>Secretaria do NPJ<\/strong><\/p>\n<p>Rozaldo de Mello Leitao Salmon<\/p>\n<p>Fone: 3310-2724\u00a0<\/p>\n<p>E-mail: <a>npj@ufpr.br\u00a0<\/a><\/p>\n<p>De segunda a sexta-feira, das 08:15 \u00e0s 12:00 e das 13:00 \u00e0s 17:15.<\/p>\n<p>Endere\u00e7o: Pra\u00e7a Santos Andrade, n\u00ba 50, t\u00e9rreo, Centro.<\/p>\n\n\n<p><\/p>\n","protected":false},"excerpt":{"rendered":"<p>O N\u00facleo de Pr\u00e1tica Jur\u00eddica \u2013 NPJ \u2013 \u00e9 um \u00f3rg\u00e3o suplementar vinculado ao Departamento de Pr\u00e1ticas Jur\u00eddicas do Setor de Ci\u00eancias Jur\u00eddicas da Universidade Federal do Paran\u00e1 \u2013 UFPR (Resolu\u00e7\u00e3o 01\/12-NPJ) e tem a finalidade de promover ensino, pesquisa e extens\u00e3o na \u00e1rea da pr\u00e1tica jur\u00eddica, garantindo os conhecimentos indispens\u00e1veis ao exerc\u00edcio das diversas [&hellip;]<\/p>\n","protected":false},"author":54,"featured_media":0,"parent":0,"menu_order":0,"comment_status":"closed","ping_status":"closed","template":"npj.php","meta":{"_acf_changed":false,"_eb_attr":"","footnotes":""},"class_list":["post-10664","page","type-page","status-publish","hentry"],"acf":[],"_links":{"self":[{"href":"https:\/\/direito.ufpr.br\/index.php?rest_route=\/wp\/v2\/pages\/10664","targetHints":{"allow":["GET"]}}],"collection":[{"href":"https:\/\/direito.ufpr.br\/index.php?rest_route=\/wp\/v2\/pages"}],"about":[{"href":"https:\/\/direito.ufpr.br\/index.php?rest_route=\/wp\/v2\/types\/page"}],"author":[{"embeddable":true,"href":"https:\/\/direito.ufpr.br\/index.php?rest_route=\/wp\/v2\/users\/54"}],"replies":[{"embeddable":true,"href":"https:\/\/direito.ufpr.br\/index.php?rest_route=%2Fwp%2Fv2%2Fcomments&post=10664"}],"version-history":[{"count":42,"href":"https:\/\/direito.ufpr.br\/index.php?rest_route=\/wp\/v2\/pages\/10664\/revisions"}],"predecessor-version":[{"id":53711,"href":"https:\/\/direito.ufpr.br\/index.php?rest_route=\/wp\/v2\/pages\/10664\/revisions\/53711"}],"wp:attachment":[{"href":"https:\/\/direito.ufpr.br\/index.php?rest_route=%2Fwp%2Fv2%2Fmedia&parent=10664"}],"curies":[{"name":"wp","href":"https:\/\/api.w.org\/{rel}","templated":true}]}}