{"id":1077,"date":"2014-01-23T10:42:22","date_gmt":"2014-01-23T12:42:22","guid":{"rendered":"https:\/\/direito.ufpr.br\/?page_id=1077"},"modified":"2024-12-17T15:24:14","modified_gmt":"2024-12-17T18:24:14","slug":"atas-das-reunioes-do-conselho-setorial","status":"publish","type":"page","link":"https:\/\/direito.ufpr.br\/?page_id=1077","title":{"rendered":"Atas das Reuni\u00f5es do Conselho Setorial"},"content":{"rendered":"<p><strong><span style=\"color: #000000;\">Atas do Conselho Setorial da Faculdade de Direito<\/span><\/strong><\/p>\n<p><strong><span style=\"color: #000000;\">2018:<br \/>\n<\/span><\/strong>&#8211; <a href=\"https:\/\/direito.ufpr.br\/wp-content\/uploads\/2019\/03\/2018-Ata-Setorial-19-09.pdf\">Ata da Reuni\u00e3o do Conselho Setorial<\/a> &#8211; 19 de setembro de 2018<br \/>\n<span style=\"font-size: revert; color: initial;\">&#8211; <\/span><a style=\"font-size: revert;\" href=\"https:\/\/direito.ufpr.br\/wp-content\/uploads\/2019\/03\/2018-Ata-Setorial-25-06.pdf\">Ata da Reuni\u00e3o do Conselho Setorial<\/a><span style=\"font-size: revert; color: initial;\"> &#8211; 25 de junho de 2018<br \/>\n<\/span>&#8211; <a href=\"https:\/\/direito.ufpr.br\/wp-content\/uploads\/2019\/03\/2018-Ata-Setorial-09-05-compactado-1.pdf\">Ata da Reuni\u00e3o do Conselho Setorial<\/a> &#8211; 09 de maio de 2018<br \/>\n&#8211; <a href=\"https:\/\/direito.ufpr.br\/setor-2\/conselho-setorial\/atas-das-reunioes-do-conselho-setorial\/2018-ata-setorial-10-04\/\" rel=\"attachment wp-att-9168\">Ata da Reuni\u00e3o do Conselho Setorial<\/a> &#8211; 10 de abril de 2018<\/p>\n<p><strong>2017:<br \/>\n<\/strong>&#8211; <a href=\"https:\/\/direito.ufpr.br\/setor-2\/conselho-setorial\/atas-das-reunioes-do-conselho-setorial\/2017-ata-setorial-19-12\/\" rel=\"attachment wp-att-9169\">Ata da Reuni\u00e3o do Conselho Setorial<\/a> &#8211; 19 de dezembro de 2017<br \/>\n&#8211; <a href=\"https:\/\/direito.ufpr.br\/setor-2\/conselho-setorial\/atas-das-reunioes-do-conselho-setorial\/2017-ata-setorial-17-08\/\" rel=\"attachment wp-att-9170\">Ata da Reuni\u00e3o do Conselho Setorial<\/a> &#8211; 17 de agosto de 2017<br \/>\n&#8211; <a href=\"https:\/\/direito.ufpr.br\/setor-2\/conselho-setorial\/atas-das-reunioes-do-conselho-setorial\/2017-ata-setorial-26-06\/\" rel=\"attachment wp-att-9171\">Ata da Reuni\u00e3o do Conselho Setorial<\/a> &#8211; 26 de junho de 2017<br \/>\n&#8211; <a href=\"https:\/\/direito.ufpr.br\/setor-2\/conselho-setorial\/atas-das-reunioes-do-conselho-setorial\/2017-ata-setorial-18-05\/\" rel=\"attachment wp-att-9172\">Ata da Reuni\u00e3o do Conselho Setorial<\/a> &#8211; 18 de maio de 2017<br \/>\n&#8211; <a href=\"https:\/\/direito.ufpr.br\/setor-2\/conselho-setorial\/atas-das-reunioes-do-conselho-setorial\/2017-ata-setorial-16-03\/\" rel=\"attachment wp-att-9173\">Ata da Reuni\u00e3o do Conselho Setorial<\/a> &#8211; 16 de mar\u00e7o de 2017<\/p>\n<p><strong>2016 (em processo de digitaliza\u00e7\u00e3o)<\/strong><br \/>\n&#8211; <a href=\"https:\/\/direito.ufpr.br\/setor-2\/conselho-setorial\/atas-das-reunioes-do-conselho-setorial\/2016-ata-setorial-28-11\/\" rel=\"attachment wp-att-9174\">Ata da Reuni\u00e3o do Conselho Setorial<\/a> &#8211; 28 de novembro de 2016<br \/>\n&#8211; <a href=\"https:\/\/direito.ufpr.br\/setor-2\/conselho-setorial\/atas-das-reunioes-do-conselho-setorial\/2016-ata-setorial-11-11\/\" rel=\"attachment wp-att-9175\">Ata da Reuni\u00e3o do Conselho Setorial<\/a> &#8211; 11 de novembro de 2016<\/p>\n<p><strong>Anteriores (em processo de digitaliza\u00e7\u00e3o)<br \/>\n<\/strong><span style=\"color: #000000;\"><span style=\"color: #000000;\">&#8211;\u00a0<a href=\"https:\/\/direito.ufpr.br\/wp-content\/uploads\/2014\/03\/ATA-08.01.13-1.pdf\" target=\"_blank\" rel=\"noopener noreferrer\">Ata da Reuni\u00e3o do Conselho Setorial realizada em <strong>8 de janeiro de 2013<\/strong><\/a><\/span><\/span><br \/>\n<span style=\"color: #000000;\"><span style=\"color: #000000;\">&#8211;\u00a0<a href=\"https:\/\/direito.ufpr.br\/wp-content\/uploads\/2014\/03\/ATA-05.06.13-1.pdf\" target=\"_blank\" rel=\"noopener noreferrer\">Extrato da ata da Reuni\u00e3o do Conselho Setorial realizada em\u00a0<strong>05 de junho de 2013<\/strong><\/a><\/span><\/span><br \/>\n<span style=\"color: #000000;\"><span style=\"color: #000000;\">&#8211;\u00a0<a href=\"https:\/\/direito.ufpr.br\/wp-content\/uploads\/2014\/03\/ATA-31.07.13-1.pdf\" target=\"_blank\" rel=\"noopener noreferrer\">Ata da Reuni\u00e3o do Conselho Setorial realizada em\u00a0<strong>31 de julho de 2013<\/strong><\/a><\/span><\/span><br \/>\n<span style=\"color: #000000;\"><span style=\"color: #000000;\">&#8211;\u00a0<a href=\"https:\/\/direito.ufpr.br\/wp-content\/uploads\/2014\/03\/EXTRATO-DE-ATA-16.12.13-1.pdf\" target=\"_blank\" rel=\"noopener noreferrer\">Extrato da ata da Reuni\u00e3o do Conselho Setorial realizada em\u00a0<strong>16 de dezembro de 2013<\/strong><\/a><\/span><\/span><br \/>\n<span style=\"color: #000000;\">\u00a0<\/span><\/p>\n","protected":false},"excerpt":{"rendered":"<p>Atas do Conselho Setorial da Faculdade de Direito 2018: &#8211; Ata da Reuni\u00e3o do Conselho Setorial &#8211; 19 de setembro de 2018 &#8211; Ata da Reuni\u00e3o do Conselho Setorial &#8211; 25 de junho de 2018 &#8211; Ata da Reuni\u00e3o do Conselho Setorial &#8211; 09 de maio de 2018 &#8211; Ata da Reuni\u00e3o do Conselho Setorial [&hellip;]<\/p>\n","protected":false},"author":54,"featured_media":0,"parent":88,"menu_order":0,"comment_status":"closed","ping_status":"closed","template":"","meta":{"_acf_changed":false,"_eb_attr":"","footnotes":""},"class_list":["post-1077","page","type-page","status-publish","hentry"],"acf":[],"_links":{"self":[{"href":"https:\/\/direito.ufpr.br\/index.php?rest_route=\/wp\/v2\/pages\/1077","targetHints":{"allow":["GET"]}}],"collection":[{"href":"https:\/\/direito.ufpr.br\/index.php?rest_route=\/wp\/v2\/pages"}],"about":[{"href":"https:\/\/direito.ufpr.br\/index.php?rest_route=\/wp\/v2\/types\/page"}],"author":[{"embeddable":true,"href":"https:\/\/direito.ufpr.br\/index.php?rest_route=\/wp\/v2\/users\/54"}],"replies":[{"embeddable":true,"href":"https:\/\/direito.ufpr.br\/index.php?rest_route=%2Fwp%2Fv2%2Fcomments&post=1077"}],"version-history":[{"count":5,"href":"https:\/\/direito.ufpr.br\/index.php?rest_route=\/wp\/v2\/pages\/1077\/revisions"}],"predecessor-version":[{"id":50557,"href":"https:\/\/direito.ufpr.br\/index.php?rest_route=\/wp\/v2\/pages\/1077\/revisions\/50557"}],"up":[{"embeddable":true,"href":"https:\/\/direito.ufpr.br\/index.php?rest_route=\/wp\/v2\/pages\/88"}],"wp:attachment":[{"href":"https:\/\/direito.ufpr.br\/index.php?rest_route=%2Fwp%2Fv2%2Fmedia&parent=1077"}],"curies":[{"name":"wp","href":"https:\/\/api.w.org\/{rel}","templated":true}]}}