{"id":11262,"date":"2018-07-20T17:02:26","date_gmt":"2018-07-20T20:02:26","guid":{"rendered":"https:\/\/direito.ufpr.br\/?page_id=11262"},"modified":"2024-08-05T19:44:00","modified_gmt":"2024-08-05T22:44:00","slug":"ementa-das-disciplinas","status":"publish","type":"page","link":"https:\/\/direito.ufpr.br\/?page_id=11262","title":{"rendered":""},"content":{"rendered":"<p><img loading=\"lazy\" decoding=\"async\" class=\"alignnone  wp-image-44573\" src=\"https:\/\/direito.ufpr.br\/wp-content\/uploads\/2023\/08\/Barra_site_Depart-300x62.jpg\" alt=\"\" width=\"856\" height=\"177\" srcset=\"https:\/\/direito.ufpr.br\/wp-content\/uploads\/2023\/08\/Barra_site_Depart-300x62.jpg 300w, https:\/\/direito.ufpr.br\/wp-content\/uploads\/2023\/08\/Barra_site_Depart-1024x213.jpg 1024w, https:\/\/direito.ufpr.br\/wp-content\/uploads\/2023\/08\/Barra_site_Depart-768x160.jpg 768w, https:\/\/direito.ufpr.br\/wp-content\/uploads\/2023\/08\/Barra_site_Depart-1536x320.jpg 1536w, https:\/\/direito.ufpr.br\/wp-content\/uploads\/2023\/08\/Barra_site_Depart.jpg 2041w\" sizes=\"auto, (max-width: 856px) 100vw, 856px\" \/><\/p>\n<hr \/>\n<p><span style=\"margin: 0px; color: black; font-family: 'Arial',sans-serif; font-size: 12pt;\">Uma ementa apresenta os t\u00f3picos gerais que ser\u00e3o abordados ao longo da disciplina.<\/span><\/p>\n<p><span style=\"margin: 0px; color: black; font-family: 'Arial',sans-serif; font-size: 12pt;\">As ementas aqui postadas seguem a RESOLU\u00c7\u00c3O N\u00b030\/90-CEPE. Os docentes mencionados em cada documento remete-se ao momento da aprova\u00e7\u00e3o e ao ajuste curricular do curso de Bacharel em Direito da UFPR.<\/span><\/p>\n<p><span style=\"margin: 0px; color: black; font-family: 'Arial',sans-serif; font-size: 12pt;\">\u00a0<\/span><span style=\"margin: 0px; color: black; font-family: 'Arial',sans-serif; font-size: 12pt;\">\u00a0<\/span><\/p>\n<ul type=\"disc\">\n<li style=\"margin: 0px 0px 10.66px; text-align: justify; color: black; line-height: normal; font-family: 'Arial',sans-serif; font-size: 12pt; font-style: normal; font-weight: 400;\"><span style=\"margin: 0px; font-family: Arial, sans-serif; font-size: 12pt; color: #3883c9;\">OBRIGAT\u00d3RIAS<\/span><\/li>\n<\/ul>\n<p>\u00a0 \u00a0 \u00a0 \u00a0 \u00a0 \u00a0 \u00a0 \u00a0<a href=\"https:\/\/direito.ufpr.br\/?page_id=40272\">Curr\u00edculo 2023 (NOVO)<\/a><\/p>\n<p>\u00a0 \u00a0 \u00a0 \u00a0 \u00a0 \u00a0 \u00a0 \u00a0<a href=\"https:\/\/direito.ufpr.br\/?page_id=9555\">Curr\u00edculo 2010 <\/a><\/p>\n<p>\u00a0 \u00a0 \u00a0 \u00a0 \u00a0 \u00a0 \u00a0 \u00a0<a href=\"https:\/\/direito.ufpr.br\/?page_id=9496\">Curr\u00edculo 1996<\/a><\/p>\n<ul type=\"disc\">\n<li style=\"margin: 0px 0px 10.66px; text-align: justify; color: black; line-height: normal; font-family: 'Arial',sans-serif; font-size: 12pt; font-style: normal; font-weight: 400;\"><span style=\"margin: 0px; font-family: Arial, sans-serif; font-size: 12pt; color: #3883c9;\">T\u00d3PICAS<\/span><\/li>\n<\/ul>\n<p>\u00a0 \u00a0 \u00a0 \u00a0 \u00a0 \u00a0 \u00a0 \u00a0<a href=\"https:\/\/direito.ufpr.br\/?page_id=41849\">Curr\u00edculo 2023 (NOVO)<\/a><\/p>\n<p>\u00a0 \u00a0 \u00a0 \u00a0 \u00a0 \u00a0 \u00a0 \u00a0<a href=\"https:\/\/direito.ufpr.br\/?page_id=3639\">Curr\u00edculo 2010<\/a><\/p>\n<p>\u00a0 \u00a0 \u00a0 \u00a0 \u00a0 \u00a0 \u00a0 \u00a0<a href=\"https:\/\/direito.ufpr.br\/?page_id=41851\">Curr\u00edculo 1996<\/a><\/p>\n<ul type=\"disc\">\n<li style=\"margin: 0px 0px 10.66px; text-align: justify; color: black; line-height: normal; font-family: 'Arial',sans-serif; font-size: 12pt; font-style: normal; font-weight: 400;\"><span style=\"margin: 0px; font-family: Arial, sans-serif; font-size: 12pt; color: #3883c9;\"><a style=\"color: #3883c9;\" title=\"Sociais Aplicadas\" href=\"https:\/\/direito.ufpr.br\/?page_id=3147\">DISCIPLINAS OFERTADAS A OUTROS SETORES<\/a><\/span><\/li>\n<\/ul>\n<ul type=\"disc\">\n<li style=\"margin: 0px 0px 10.66px; text-align: justify; color: black; line-height: normal; font-family: 'Arial',sans-serif; font-size: 12pt; font-style: normal; font-weight: 400;\"><span style=\"margin: 0px; font-family: Arial, sans-serif; font-size: 12pt; color: #3883c9;\"><a style=\"color: #3883c9;\" href=\"https:\/\/direito.ufpr.br\/?page_id=3638\">DEPARTAMENTO DE PR\u00c1TICA JUR\u00cdDICA<\/a><\/span><\/li>\n<\/ul>\n\n\n<p><\/p>\n","protected":false},"excerpt":{"rendered":"<p>Uma ementa apresenta os t\u00f3picos gerais que ser\u00e3o abordados ao longo da disciplina. As ementas aqui postadas seguem a RESOLU\u00c7\u00c3O N\u00b030\/90-CEPE. Os docentes mencionados em cada documento remete-se ao momento da aprova\u00e7\u00e3o e ao ajuste curricular do curso de Bacharel em Direito da UFPR. \u00a0\u00a0 OBRIGAT\u00d3RIAS \u00a0 \u00a0 \u00a0 \u00a0 \u00a0 \u00a0 \u00a0 \u00a0Curr\u00edculo 2023 [&hellip;]<\/p>\n","protected":false},"author":54,"featured_media":0,"parent":0,"menu_order":0,"comment_status":"closed","ping_status":"closed","template":"departamento.php","meta":{"_acf_changed":false,"_eb_attr":"","footnotes":""},"class_list":["post-11262","page","type-page","status-publish","hentry"],"acf":[],"_links":{"self":[{"href":"https:\/\/direito.ufpr.br\/index.php?rest_route=\/wp\/v2\/pages\/11262","targetHints":{"allow":["GET"]}}],"collection":[{"href":"https:\/\/direito.ufpr.br\/index.php?rest_route=\/wp\/v2\/pages"}],"about":[{"href":"https:\/\/direito.ufpr.br\/index.php?rest_route=\/wp\/v2\/types\/page"}],"author":[{"embeddable":true,"href":"https:\/\/direito.ufpr.br\/index.php?rest_route=\/wp\/v2\/users\/54"}],"replies":[{"embeddable":true,"href":"https:\/\/direito.ufpr.br\/index.php?rest_route=%2Fwp%2Fv2%2Fcomments&post=11262"}],"version-history":[{"count":56,"href":"https:\/\/direito.ufpr.br\/index.php?rest_route=\/wp\/v2\/pages\/11262\/revisions"}],"predecessor-version":[{"id":47156,"href":"https:\/\/direito.ufpr.br\/index.php?rest_route=\/wp\/v2\/pages\/11262\/revisions\/47156"}],"wp:attachment":[{"href":"https:\/\/direito.ufpr.br\/index.php?rest_route=%2Fwp%2Fv2%2Fmedia&parent=11262"}],"curies":[{"name":"wp","href":"https:\/\/api.w.org\/{rel}","templated":true}]}}