{"id":1386,"date":"2013-11-21T12:49:36","date_gmt":"2013-11-21T12:49:36","guid":{"rendered":"https:\/\/direito.ufpr.br\/graduacao\/?page_id=1386"},"modified":"2025-05-13T11:10:34","modified_gmt":"2025-05-13T14:10:34","slug":"formularios-do-departamento","status":"publish","type":"page","link":"https:\/\/direito.ufpr.br\/?page_id=1386","title":{"rendered":""},"content":{"rendered":"<p><img loading=\"lazy\" decoding=\"async\" class=\"alignnone wp-image-33591 size-full\" src=\"https:\/\/direito.ufpr.br\/wp-content\/uploads\/2021\/12\/Barra-superior-form-1.jpg\" alt=\"\" width=\"1024\" height=\"200\" srcset=\"https:\/\/direito.ufpr.br\/wp-content\/uploads\/2021\/12\/Barra-superior-form-1.jpg 1024w, https:\/\/direito.ufpr.br\/wp-content\/uploads\/2021\/12\/Barra-superior-form-1-300x59.jpg 300w, https:\/\/direito.ufpr.br\/wp-content\/uploads\/2021\/12\/Barra-superior-form-1-768x150.jpg 768w\" sizes=\"auto, (max-width: 1024px) 100vw, 1024px\" \/><\/p>\n<hr \/>\n<p><span style=\"color: #372426;\">\u00a0<\/span><\/p>\n<ul>\n<li><a href=\"https:\/\/direito.ufpr.br\/wp-content\/uploads\/2025\/05\/Formulario-SEGUNDA-CHAMADA-NOVO.doc\">Formul\u00e1rio SEGUNDA CHAMADA &#8211; NOVO<\/a><\/li>\n<li><a href=\"https:\/\/direito.ufpr.br\/wp-content\/uploads\/2025\/05\/Formulario-REVISAO-DE-PROVA-NOVO.doc\">Formul\u00e1rio REVIS\u00c3O DE PROVA &#8211; NOVO<\/a><\/li>\n<li><a href=\"https:\/\/direito.ufpr.br\/wp-content\/uploads\/2025\/05\/Formulario-PEDIDOS-DIVERSOS-NOVO.doc\">Formul\u00e1rio PEDIDOS DIVERSOS &#8211; NOVO<\/a><\/li>\n<li><a href=\"https:\/\/direito.ufpr.br\/wp-content\/uploads\/2025\/05\/Formulario-SEGUNDA-FINAL-NOVO.doc\">Formul\u00e1rio SEGUNDA FINAL &#8211; NOVO<\/a> (per\u00edodo para solicita\u00e7\u00e3o &#8211; de 22\/12\/2025 a 02\/01\/2026)<\/li>\n<\/ul>\n<p>Encaminhar o formul\u00e1rio preenchido e assinado, acompanhado dos comprovantes, ao e-mail departamentosjd@ufpr.br.<\/p>\n<p><span style=\"color: #372426;\">\u00a0<\/span><\/p>\n","protected":false},"excerpt":{"rendered":"<p>\u00a0 Formul\u00e1rio SEGUNDA CHAMADA &#8211; NOVO Formul\u00e1rio REVIS\u00c3O DE PROVA &#8211; NOVO Formul\u00e1rio PEDIDOS DIVERSOS &#8211; NOVO Formul\u00e1rio SEGUNDA FINAL &#8211; NOVO (per\u00edodo para solicita\u00e7\u00e3o &#8211; de 22\/12\/2025 a 02\/01\/2026) Encaminhar o formul\u00e1rio preenchido e assinado, acompanhado dos comprovantes, ao e-mail departamentosjd@ufpr.br. \u00a0<\/p>\n","protected":false},"author":6,"featured_media":0,"parent":425,"menu_order":0,"comment_status":"open","ping_status":"closed","template":"departamento.php","meta":{"_acf_changed":false,"_eb_attr":"","footnotes":""},"class_list":["post-1386","page","type-page","status-publish","hentry"],"acf":[],"_links":{"self":[{"href":"https:\/\/direito.ufpr.br\/index.php?rest_route=\/wp\/v2\/pages\/1386","targetHints":{"allow":["GET"]}}],"collection":[{"href":"https:\/\/direito.ufpr.br\/index.php?rest_route=\/wp\/v2\/pages"}],"about":[{"href":"https:\/\/direito.ufpr.br\/index.php?rest_route=\/wp\/v2\/types\/page"}],"author":[{"embeddable":true,"href":"https:\/\/direito.ufpr.br\/index.php?rest_route=\/wp\/v2\/users\/6"}],"replies":[{"embeddable":true,"href":"https:\/\/direito.ufpr.br\/index.php?rest_route=%2Fwp%2Fv2%2Fcomments&post=1386"}],"version-history":[{"count":16,"href":"https:\/\/direito.ufpr.br\/index.php?rest_route=\/wp\/v2\/pages\/1386\/revisions"}],"predecessor-version":[{"id":52116,"href":"https:\/\/direito.ufpr.br\/index.php?rest_route=\/wp\/v2\/pages\/1386\/revisions\/52116"}],"up":[{"embeddable":true,"href":"https:\/\/direito.ufpr.br\/index.php?rest_route=\/wp\/v2\/pages\/425"}],"wp:attachment":[{"href":"https:\/\/direito.ufpr.br\/index.php?rest_route=%2Fwp%2Fv2%2Fmedia&parent=1386"}],"curies":[{"name":"wp","href":"https:\/\/api.w.org\/{rel}","templated":true}]}}