{"id":169,"date":"2013-06-20T16:55:27","date_gmt":"2013-06-20T19:55:27","guid":{"rendered":"https:\/\/direito.ufpr.br\/?page_id=169"},"modified":"2024-08-05T19:43:59","modified_gmt":"2024-08-05T22:43:59","slug":"documentos-2","status":"publish","type":"page","link":"https:\/\/direito.ufpr.br\/?page_id=169","title":{"rendered":""},"content":{"rendered":"<p><img loading=\"lazy\" decoding=\"async\" class=\"alignnone wp-image-33243 size-full\" src=\"https:\/\/direito.ufpr.br\/wp-content\/uploads\/2021\/12\/Barra-superior-Regimento-1.jpg\" alt=\"\" width=\"1024\" height=\"200\" srcset=\"https:\/\/direito.ufpr.br\/wp-content\/uploads\/2021\/12\/Barra-superior-Regimento-1.jpg 1024w, https:\/\/direito.ufpr.br\/wp-content\/uploads\/2021\/12\/Barra-superior-Regimento-1-300x59.jpg 300w, https:\/\/direito.ufpr.br\/wp-content\/uploads\/2021\/12\/Barra-superior-Regimento-1-768x150.jpg 768w\" sizes=\"auto, (max-width: 1024px) 100vw, 1024px\" \/><\/p>\n<hr \/>\n<p><strong>NORMAS\u00a0 E RESOLU\u00c7\u00d5ES:<\/strong><\/p>\n<p><span style=\"text-decoration: underline;\">Regimento da Faculdade de Direito<\/span>:<\/p>\n<ul>\n<li style=\"text-align: left;\"><strong><a href=\"https:\/\/direito.ufpr.br\/wp-content\/uploads\/2014\/08\/Regimento-Setorial-1.pdf\">Resolu\u00e7\u00e3o 181\/85-CA &#8211; Regimento Setorial<\/a><\/strong><\/li>\n<li style=\"text-align: left;\"><a style=\"font-size: inherit;\" href=\"http:\/\/www.soc.ufpr.br\/portal\/wp-content\/uploads\/2016\/07\/resolucao_coplad_26122012-734.pdf\">Resolu\u00e7\u00e3o n\u00ba 24\/12-COPLAD<\/a><span style=\"font-size: inherit;\"> &#8211; Altera o Regimento do Setor de Ci\u00eancias Jur\u00eddicas<\/span><\/li>\n<li style=\"text-align: left;\"><a style=\"font-size: inherit;\" href=\"http:\/\/www.soc.ufpr.br\/portal\/wp-content\/uploads\/2019\/10\/coplad-41.19.pdf\">Resolu\u00e7\u00e3o n\u00ba 41\/19-COPLAD<\/a><span style=\"font-size: inherit;\"> &#8211; Altera o Regimento do Setor de Ci\u00eancias Jur\u00eddicas<br \/>\n<\/span><\/li>\n<li><a style=\"font-size: inherit;\" href=\"http:\/\/www.soc.ufpr.br\/portal\/wp-content\/uploads\/2020\/03\/Res-02-2020-COPLAD-cria%C3%A7%C3%A3o-Departamento-de-Pr%C3%A1ticas-Jur%C3%ADdicas.pdf\">Resolu\u00e7\u00e3o n\u00ba 02\/2020-COPLAD<\/a><span style=\"font-size: inherit;\"> &#8211; Cria o Departamento de Pr\u00e1ticas Jur\u00eddicas<\/span><\/li>\n<\/ul>\n<p><span style=\"text-decoration: underline;\">Resolu\u00e7\u00f5es do Curso de Direito<\/span>:<\/p>\n<ul>\n<li><a title=\"Projeto Did\u00e1tico Pedag\u00f3gico\" href=\"https:\/\/direito.ufpr.br\/wp-content\/uploads\/2014\/07\/PROJETO-DID\u00c1TICO-PEDAG\u00d3GICO.pdf\" target=\"_blank\" rel=\"noopener noreferrer\">Projeto Pol\u00edtico-Pedag\u00f3gico<\/a><\/li>\n<li><a href=\"https:\/\/direito.ufpr.br\/wp-content\/uploads\/2014\/03\/CURR\u00cdCULO-NOVO-resolucao-60-09-CEPE-Direito-1.pdf\" target=\"_blank\" rel=\"noopener noreferrer\">Curr\u00edculo atual do Curso de Direito (Resolu\u00e7\u00e3o n\u00ba 60\/09-CEPE)<\/a><\/li>\n<li><a title=\"Curr\u00edculo Anterior\" href=\"https:\/\/direito.ufpr.br\/wp-content\/uploads\/2014\/08\/Curr\u00edculo-do-Curso-96-2000-1.pdf\" target=\"_blank\" rel=\"noopener noreferrer\">Curr\u00edculo antigo<\/a> (Resolu\u00e7\u00e3o n\u00ba 96\/2000-CEPE) &#8211; vigente para os alunos ingressos at\u00e9 2009<\/li>\n<li><a href=\"https:\/\/direito.ufpr.br\/wp-content\/uploads\/2014\/03\/Resolu\u00e7\u00e3o-Atividades-complementares-Direito-1.pdf\" target=\"_blank\" rel=\"noopener noreferrer\">Resolu\u00e7\u00e3o Conjunta n\u00ba 27\/1997<\/a> &#8211; Atividades (horas) complementares<\/li>\n<li><a href=\"https:\/\/direito.ufpr.br\/wp-content\/uploads\/2018\/05\/Resolu%C3%A7%C3%A3o-Conjunta-n%C2%BA01-2018-Regulamenta-TCC.pdf\" target=\"_blank\" rel=\"attachment noopener wp-att-8897 noreferrer\">Resolu\u00e7\u00e3o Conjunta n\u00ba 01\/2018<\/a> &#8211; Regulamenta a elabora\u00e7\u00e3o e a defesa de Trabalhos de Conclus\u00e3o de Curso (TCC)<\/li>\n<\/ul>\n<p><span style=\"text-decoration: underline;\">Outras Resolu\u00e7\u00f5es Setoriais<\/span>:<\/p>\n<ul>\n<li><a href=\"https:\/\/direito.ufpr.br\/wp-content\/uploads\/2014\/03\/Regimento-do-Laborat\u00f3rio-1.pdf\" target=\"_blank\" rel=\"noopener noreferrer\">Regimento do Laborat\u00f3rio de Inform\u00e1tica<\/a> (Resolu\u00e7\u00e3o n\u00ba 01\/19-JD)<\/li>\n<li><a href=\"https:\/\/direito.ufpr.br\/res-01-12-jd-dir\/\">Regimento do N\u00facleo de Pr\u00e1tica Jur\u00eddica<\/a> (Resolu\u00e7\u00e3o n\u00ba 02\/12-JD)<\/li>\n<li><a href=\"https:\/\/direito.ufpr.br\/wp-content\/uploads\/2020\/02\/Resolu%C3%A7%C3%A3o-04-11-N%C3%BAcleo-de-Pesquisa.pdf\">Resolu\u00e7\u00e3o Conjunta n\u00ba 04\/2011<\/a> &#8211; Regulamenta a Cria\u00e7\u00e3o e o Funcionamento dos N\u00facleos de Pesquisa no \u00e2mbito da Gradua\u00e7\u00e3o.<\/li>\n<li><a href=\"https:\/\/direito.ufpr.br\/wp-content\/uploads\/2020\/02\/Resolu%C3%A7%C3%A3o-04-09-Regulamenta-a-Atribui%C3%A7%C3%A3o-Did%C3%A1tica.pdf\">Resolu\u00e7\u00e3o n\u00ba 04\/2009<\/a> &#8211; Regulamenta a Atribui\u00e7\u00e3o Did\u00e1tica e d\u00e1 outras provid\u00eancias.<\/li>\n<li><a href=\"https:\/\/direito.ufpr.br\/wp-content\/uploads\/2021\/06\/Resolucao-03-09.pdf\">Resolu\u00e7\u00e3o n\u00ba 03\/2009<\/a> &#8211; Regulamenta a Mudan\u00e7a de Regime de Trabalho no \u00e2mbito setorial.<\/li>\n<li><a href=\"https:\/\/direito.ufpr.br\/wp-content\/uploads\/2020\/02\/Resolu%C3%A7%C3%A3o-01-09-Regulamenta-a-homenagem-a-servidores-aposentados.pdf\">Resolu\u00e7\u00e3o n\u00ba 01\/2009<\/a> &#8211; Regulamenta a homenagem aos docentes que se aposentam.<\/li>\n<\/ul>\n<p><span style=\"text-decoration: underline;\">Resolu\u00e7\u00f5es da UFPR<\/span>:<\/p>\n<p><a href=\"http:\/\/www.soc.ufpr.br\/portal\/\">http:\/\/www.soc.ufpr.br\/portal\/<\/a><\/p>\n<p><strong>\u00a0<\/strong><\/p>\n","protected":false},"excerpt":{"rendered":"<p>NORMAS\u00a0 E RESOLU\u00c7\u00d5ES: Regimento da Faculdade de Direito: Resolu\u00e7\u00e3o 181\/85-CA &#8211; Regimento Setorial Resolu\u00e7\u00e3o n\u00ba 24\/12-COPLAD &#8211; Altera o Regimento do Setor de Ci\u00eancias Jur\u00eddicas Resolu\u00e7\u00e3o n\u00ba 41\/19-COPLAD &#8211; Altera o Regimento do Setor de Ci\u00eancias Jur\u00eddicas Resolu\u00e7\u00e3o n\u00ba 02\/2020-COPLAD &#8211; Cria o Departamento de Pr\u00e1ticas Jur\u00eddicas Resolu\u00e7\u00f5es do Curso de Direito: Projeto Pol\u00edtico-Pedag\u00f3gico Curr\u00edculo [&hellip;]<\/p>\n","protected":false},"author":54,"featured_media":0,"parent":0,"menu_order":0,"comment_status":"closed","ping_status":"closed","template":"","meta":{"_acf_changed":false,"_eb_attr":"","footnotes":""},"class_list":["post-169","page","type-page","status-publish","hentry"],"acf":[],"_links":{"self":[{"href":"https:\/\/direito.ufpr.br\/index.php?rest_route=\/wp\/v2\/pages\/169","targetHints":{"allow":["GET"]}}],"collection":[{"href":"https:\/\/direito.ufpr.br\/index.php?rest_route=\/wp\/v2\/pages"}],"about":[{"href":"https:\/\/direito.ufpr.br\/index.php?rest_route=\/wp\/v2\/types\/page"}],"author":[{"embeddable":true,"href":"https:\/\/direito.ufpr.br\/index.php?rest_route=\/wp\/v2\/users\/54"}],"replies":[{"embeddable":true,"href":"https:\/\/direito.ufpr.br\/index.php?rest_route=%2Fwp%2Fv2%2Fcomments&post=169"}],"version-history":[{"count":11,"href":"https:\/\/direito.ufpr.br\/index.php?rest_route=\/wp\/v2\/pages\/169\/revisions"}],"predecessor-version":[{"id":45289,"href":"https:\/\/direito.ufpr.br\/index.php?rest_route=\/wp\/v2\/pages\/169\/revisions\/45289"}],"wp:attachment":[{"href":"https:\/\/direito.ufpr.br\/index.php?rest_route=%2Fwp%2Fv2%2Fmedia&parent=169"}],"curies":[{"name":"wp","href":"https:\/\/api.w.org\/{rel}","templated":true}]}}