{"id":1788,"date":"2014-01-22T11:41:31","date_gmt":"2014-01-22T11:41:31","guid":{"rendered":"https:\/\/direito.ufpr.br\/graduacao\/?page_id=1788"},"modified":"2024-08-05T19:45:21","modified_gmt":"2024-08-05T22:45:21","slug":"organograma","status":"publish","type":"page","link":"https:\/\/direito.ufpr.br\/?page_id=1788","title":{"rendered":"Editais das Atividades de Extens\u00e3o"},"content":{"rendered":"<h1>2019<\/h1>\n<p><a href=\"https:\/\/direito.ufpr.br\/wp-content\/uploads\/2019\/11\/EDITAL-04-2019-CSE-Relat\u00f3rio-Anual.pdf\">EDITAL 04 &#8211; 2019 &#8211; CSE &#8211; Relat\u00f3rio Anual<\/a> &#8211; Relat\u00f3rio para bolsistas e volunt\u00e1rios.<\/p>\n<p>A Coordenadoria de Extens\u00e3o &#8211; PROEC\/UFPR informa que publicou duas Chamadas Internas, que estabelecem condi\u00e7\u00f5es para habilita\u00e7\u00e3o ao poss\u00edvel Edital de Bolsas 2020. S\u00e3o elas:<\/p>\n<p>&#8211; <strong><a href=\"https:\/\/direito.ufpr.br\/wp-content\/uploads\/2019\/09\/Chamada-Interna-08-2019-Inser\u00e7\u00e3o-de-novas-propostas-Habilita\u00e7\u00e3o-para-Edital-de-Bolsas-2020.pdf\">Chamada Interna 08\/2019<\/a><\/strong> \u2013 Inser\u00e7\u00e3o de Novas Propostas de Programas e Projetos de Extens\u00e3o para Habilita\u00e7\u00e3o a poss\u00edvel Edital de Bolsas 2020;<\/p>\n<p>&#8211; <strong><a href=\"https:\/\/direito.ufpr.br\/wp-content\/uploads\/2019\/09\/Chamada-Interna-09-2019-Prazo-para-submiss\u00e3o-de-relat\u00f3rio-anual-Habilita\u00e7\u00e3o-para-Edital-de-Bolsas-2020.pdf\">Chamada Interna 09\/2019<\/a> <\/strong>\u2013 Prazo para Submiss\u00e3o de Relat\u00f3rio Anual de Programas e Projetos de Extens\u00e3o para Habilita\u00e7\u00e3o a poss\u00edvel Edital de Bolsas 2020.<\/p>\n<p><strong><a href=\"https:\/\/direito.ufpr.br\/wp-content\/uploads\/2019\/09\/FORMULaRIO-RELAToRIO-ESTUDANTE-BOLSISTA.docx\">FORMUL\u00c1RIO RELAT\u00d3RIO ESTUDANTE BOLSISTA\u00a0<\/a><\/strong><\/p>\n<p><strong><a href=\"https:\/\/direito.ufpr.br\/wp-content\/uploads\/2019\/09\/FORMULaRIO-RELAToRIO-ESTUDANTE-VOLUNTaRIA-E-VOLUNTaRIO.docx\">FORMUL\u00c1RIO RELAT\u00d3RIO ESTUDANTE VOLUNT\u00c1RIA E VOLUNT\u00c1RIO<\/a><\/strong><\/p>\n<h4>EDITAL N. 01\/2019 \u2013 CSE\/SCJ \u2013 Sele\u00e7\u00e3o de Bolsistas \u2013 Projeto de Extens\u00e3o EKOA \u2013 Direito Ambiental para tod@s<\/h4>\n<p>Edital para sele\u00e7\u00e3o de bolsista para atuar no Projeto de Extens\u00e3o \u201cEkoa: Direito Ambiental para tod@s\u201d, sob coordena\u00e7\u00e3o da Profa. Katya Isaguirre. Inscri\u00e7\u00f5es de 20 a 27\/02\/2019\u00a0 e a sele\u00e7\u00e3o ser\u00e1 realizada no dia 28\/02\/2019, \u00e0s 12h, no N\u00facleo de Pr\u00e1tica Jur\u00eddica.<\/p>\n<p><a href=\"https:\/\/direito.ufpr.br\/wp-content\/uploads\/2019\/02\/EDITAL-01-Sele\u00e7\u00e3o-bolsista-KATYA.pdf\">EDITAL 01\/2019 &#8211; Sele\u00e7\u00e3o bolsista &#8211; KATYA<\/a><\/p>\n<p><a href=\"https:\/\/direito.ufpr.br\/wp-content\/uploads\/2019\/03\/Resultado-Sele\u00e7\u00e3o-bolsa-de-extens\u00e3o-projeto-EKOA.pdf\" target=\"_blank\" rel=\"noopener noreferrer\">Resultado Sele\u00e7\u00e3o bolsa de extens\u00e3o projeto EKOA<\/a><\/p>\n<p><strong>EDITAL<\/strong><strong>\u00a0<\/strong><strong> N. 02\/2019 \u2013 CSE\/SCJ &#8211;\u00a0<\/strong><strong>Sele\u00e7\u00e3o de Bolsistas e Volunt\u00e1rios &#8211;\u00a0Projeto de Extens\u00e3o: CL\u00cdNICA DE DIREITOS HUMANOS: CIDADES, ESPA\u00c7OS E DIREITOS<\/strong><\/p>\n<p>O Projeto de Extens\u00e3o Cl\u00ednica de Direitos Humanos: Cidades, Espa\u00e7os e Direitos, sob coordena\u00e7\u00e3o da Adriana Espindola Correa e Leandro Franklin Gorsdorf, divulga a sele\u00e7\u00e3o para bolsistas e volunt\u00e1rios de extens\u00e3o, maiores informa\u00e7\u00f5es no edital.<\/p>\n<p><a href=\"https:\/\/direito.ufpr.br\/wp-content\/uploads\/2019\/02\/EDITAL-02-Sele\u00e7\u00e3o-bolsista-e-volunt\u00e1rios-Profa-Adriana-Prof.Leandro.pdf\">EDITAL 02\/2019- CSE\/SCJ &#8211; Sele\u00e7\u00e3o bolsista e volunt\u00e1rios &#8211; Profa Adriana e Prof.Leandro<\/a><\/p>\n<p><a href=\"https:\/\/direito.ufpr.br\/wp-content\/uploads\/2019\/03\/Resultado-Sele\u00e7\u00e3o-bolsista-e-volunt\u00e1rios-Profa-Adriana.pdf\" target=\"_blank\" rel=\"noopener noreferrer\">Resultado-Sele\u00e7\u00e3o-bolsista-e-volunt\u00e1rios-Profa-Adriana e Prof. Leandro<\/a><\/p>\n<p><strong>EDITAL<\/strong><strong>\u00a0<\/strong><strong> N. 03\/2019 \u2013 CSE\/SCJ \u2013 <\/strong><strong>Sele\u00e7\u00e3o de Bolsistas e Volunt\u00e1rios \u2013 Projeto de Extens\u00e3o: OBOBSERVAT\u00d3RIO PARA A LIBERDADE SINDICAL NO PARAN\u00c1<\/strong><\/p>\n<p>O PROJETO OBSERVAT\u00d3RIO PARA A LIBERDADE SINDICAL NO PARAN\u00c1, sob coordena\u00e7\u00e3o do Prof. Sandro Lunard Nicoladeli, divulga a sele\u00e7\u00e3o para bolsistas e volunt\u00e1rios de extens\u00e3o, maiores informa\u00e7\u00f5es no edital.<\/p>\n<h5><a href=\"https:\/\/direito.ufpr.br\/wp-content\/uploads\/2019\/10\/EDITAL-03-2019-EXTENS\u00c3O-prof.-Sandro-2019.pdf\">EDITAL-03-2019-EXTENS\u00c3O &#8211; Sele\u00e7\u00e3o de bolsistas e volunt\u00e1rios<\/a><\/h5>\n<p><strong>Inscri\u00e7\u00f5es para ingresso na Cl\u00ednica de Direitos Humanos da UFPR.\u00a0<\/strong><\/p>\n<p>Est\u00e3o abertas as inscri\u00e7\u00f5es para ingresso na Cl\u00ednica de Direitos Humanos da UFPR.<br \/>\nFormul\u00e1rio para inscri\u00e7\u00e3o:<a href=\"https:\/\/docs.google.com\/forms\/d\/e\/1FAIpQLSfEb_CuaP0tvHro0V4PW6QN50jT-3W-7y9CQGPZgTZrvMHPcQ\/viewform\">\u00a0https:\/\/forms.gle\/oggE9aZ45EXwFhAq8<\/a><\/p>\n<p><em>Prazo: 07\/05\/2019 Entrevista: 08\/05\/2019, 17h30-18h30. Local: Sala 315, PPGD\/UFPR, Pr\u00e9dio Hist\u00f3rico, Pra\u00e7a Santos Andrade. Mais informa\u00e7\u00f5es no edital abaixo\u00a0<img decoding=\"async\" class=\"emoji\" src=\"https:\/\/s.w.org\/images\/core\/emoji\/11.2.0\/svg\/1f447.svg\" alt=\"&#x1f447;\" \/><img decoding=\"async\" class=\"emoji\" src=\"https:\/\/s.w.org\/images\/core\/emoji\/11.2.0\/svg\/1f447.svg\" alt=\"&#x1f447;\" \/><\/em><\/p>\n<p><a href=\"https:\/\/direito.ufpr.br\/wp-content\/uploads\/2019\/04\/Edital-CDH-2019-1.pdf\">Edital-CDH-2019<\/a><\/p>\n<h1>2018<\/h1>\n<p><strong>EDITAL 08\/2018-CSE\/CSJ &#8211; RELAT\u00d3RIO ANUAL DE EXTENS\u00c3O OBRIGAT\u00d3RIO<\/strong><\/p>\n<p>O Comit\u00ea Setorial de Extens\u00e3o do Setor de Ci\u00eancias Jur\u00eddicas anuncia\u00a0 a abertura de prazo para a entrega de relat\u00f3rio anual de extens\u00e3o obrigat\u00f3rio para bolsistas e volunt\u00e1rios at\u00e9 dia 20\/11\/2018, impreterivelmente.<\/p>\n<p><a href=\"https:\/\/direito.ufpr.br\/wp-content\/uploads\/2018\/10\/EDITAL-08.18-CSE-Relat\u00f3rio-Anual-1.pdf\">EDITAL 08.18 &#8211; CSE &#8211; Relat\u00f3rio Anual de Extens\u00e3o Obrigat\u00f3rio<\/a><\/p>\n<p><a href=\"https:\/\/direito.ufpr.br\/wp-content\/uploads\/2018\/10\/2017_relatorio_estudante.doc\">Modelo de Relat\u00f3rio Anual de Extens\u00e3o &#8211; Bolsista e Volunt\u00e1rio<\/a><\/p>\n<p>D\u00favidas entrar em contato telefone (41) 3310-2677 e e-mail: <a href=\"mailto:extensaojuridicas@ufpr.br\">extensaojuridicas@ufpr.br<\/a><\/p>\n<p>EDITAL N\u00ba 11\/2015\u2013NPJ PROJETO DE EXTENS\u00c3O \u2013 TRABALHO DECENTE DIREITOS HUMANOS E ESCRAVID\u00c3O CONTEMPOR\u00c2NEA<\/p>\n<p><span style=\"color: #0000ee\">EDITAL\u00a0<\/span><a href=\"https:\/\/direito.ufpr.br\/wp-content\/uploads\/2015\/08\/EDITAL-11-2015-Projeto-Extensao-Trabalho-Decente-Calendario-2o-sem-1-1.pdf\">11-2015 &#8211; Projeto Extensao Trabalho Decente &#8211; Calendario &#8211; 2o sem<\/a><\/p>\n<p>O Comit\u00ea Setorial de Extens\u00e3o do Setor de Ci\u00eancias Jur\u00eddicas anuncia a <strong>ABERTURA DAS VAGAS <\/strong>para Bolsistas e Volunt\u00e1rios na modalidade Extens\u00e3o e Funda\u00e7\u00e3o Arauc\u00e1ria, para atuar nos Programas e Projetos de Extens\u00e3o Universit\u00e1ria deste Setor<strong>.<\/strong><\/p>\n<p><a href=\"https:\/\/direito.ufpr.br\/wp-content\/uploads\/2015\/05\/EDITAL-01.15-CSE-Abertura-Bolsas-1.pdf\">EDITAL 01.15 &#8211; CSE &#8211; Abertura Bolsas<\/a><\/p>\n<p><strong>Projetos de Extens\u00e3o \u2013 2018<\/strong><\/p>\n<p>Publicado Edital para sele\u00e7\u00e3o dos volunt\u00e1rios para os Projetos:<\/p>\n<p><strong>Projeto Cl\u00ednica de Direitos Humanos<\/strong><\/p>\n<p><strong><a href=\"https:\/\/direito.ufpr.br\/wp-content\/uploads\/2018\/03\/EDITAL-Sele%C3%A7%C3%A3o-volunt%C3%A1rios-Taysa-2-1.pdf\">EDITAL \u2013 Sele\u00e7\u00e3o volunt\u00e1rios \u2013 Taysa<\/a><\/strong><\/p>\n<p><strong>Projeto Cl\u00ednica de Direitos Internacional do Refugiados<\/strong><\/p>\n<p><a href=\"https:\/\/direito.ufpr.br\/wp-content\/uploads\/2018\/03\/EDITAL-Sele%C3%A7%C3%A3o-volunt%C3%A1rios-Danielle-1-1.pdf\">EDITAL \u2013 Sele\u00e7\u00e3o volunt\u00e1rios \u2013 Danielle<\/a><\/p>\n<p><strong>Projeto Cl\u00ednica de Direitos Humanos: Cidades e Espa\u00e7os<\/strong><\/p>\n<p><a href=\"https:\/\/direito.ufpr.br\/wp-content\/uploads\/2018\/03\/EDITAL-Sele%C3%A7%C3%A3o-volunt%C3%A1rios-Adriana-3.pdf\">EDITAL \u2013 Sele\u00e7\u00e3o volunt\u00e1rios \u2013 Adriana<\/a><\/p>\n<p><strong>Projeto Meio Ambiente Laboral\u00a0<\/strong><\/p>\n<p><a href=\"https:\/\/direito.ufpr.br\/wp-content\/uploads\/2018\/09\/EDITAL-07-18-EXTENS%C3%83O-prof.-Sandro-2018.pdf\">EDITAL \u2013 Sele\u00e7\u00e3o de Volunt\u00e1rios \u2013 Sandro<\/a><\/p>\n","protected":false},"excerpt":{"rendered":"<p>2019 EDITAL 04 &#8211; 2019 &#8211; CSE &#8211; Relat\u00f3rio Anual &#8211; Relat\u00f3rio para bolsistas e volunt\u00e1rios. A Coordenadoria de Extens\u00e3o &#8211; PROEC\/UFPR informa que publicou duas Chamadas Internas, que estabelecem condi\u00e7\u00f5es para habilita\u00e7\u00e3o ao poss\u00edvel Edital de Bolsas 2020. S\u00e3o elas: &#8211; Chamada Interna 08\/2019 \u2013 Inser\u00e7\u00e3o de Novas Propostas de Programas e Projetos de [&hellip;]<\/p>\n","protected":false},"author":54,"featured_media":0,"parent":9439,"menu_order":0,"comment_status":"open","ping_status":"closed","template":"extensao.php","meta":{"_acf_changed":false,"_eb_attr":"","footnotes":""},"class_list":["post-1788","page","type-page","status-publish","hentry"],"acf":[],"_links":{"self":[{"href":"https:\/\/direito.ufpr.br\/index.php?rest_route=\/wp\/v2\/pages\/1788","targetHints":{"allow":["GET"]}}],"collection":[{"href":"https:\/\/direito.ufpr.br\/index.php?rest_route=\/wp\/v2\/pages"}],"about":[{"href":"https:\/\/direito.ufpr.br\/index.php?rest_route=\/wp\/v2\/types\/page"}],"author":[{"embeddable":true,"href":"https:\/\/direito.ufpr.br\/index.php?rest_route=\/wp\/v2\/users\/54"}],"replies":[{"embeddable":true,"href":"https:\/\/direito.ufpr.br\/index.php?rest_route=%2Fwp%2Fv2%2Fcomments&post=1788"}],"version-history":[{"count":22,"href":"https:\/\/direito.ufpr.br\/index.php?rest_route=\/wp\/v2\/pages\/1788\/revisions"}],"predecessor-version":[{"id":19362,"href":"https:\/\/direito.ufpr.br\/index.php?rest_route=\/wp\/v2\/pages\/1788\/revisions\/19362"}],"up":[{"embeddable":true,"href":"https:\/\/direito.ufpr.br\/index.php?rest_route=\/wp\/v2\/pages\/9439"}],"wp:attachment":[{"href":"https:\/\/direito.ufpr.br\/index.php?rest_route=%2Fwp%2Fv2%2Fmedia&parent=1788"}],"curies":[{"name":"wp","href":"https:\/\/api.w.org\/{rel}","templated":true}]}}