{"id":1842,"date":"2014-01-23T10:50:35","date_gmt":"2014-01-23T10:50:35","guid":{"rendered":"https:\/\/direito.ufpr.br\/graduacao\/?page_id=1842"},"modified":"2023-09-13T14:14:37","modified_gmt":"2023-09-13T17:14:37","slug":"revalidacao-de-diploma","status":"publish","type":"page","link":"https:\/\/direito.ufpr.br\/?page_id=1842","title":{"rendered":"Revalida\u00e7\u00e3o de Diploma"},"content":{"rendered":"<p>A revalida\u00e7\u00e3o de diplomas \u00a0de gradua\u00e7\u00e3o expedidos por estabelecimentos estrangeiros de ensino superior, \u00a0rege-se pela Resolu\u00e7\u00e3o 10\/17- CEPE complementada por Edital expedido anualmente pela Pr\u00f3-Reitoria de Gradua\u00e7\u00e3o \u00a0 definindo a data de abertura, o per\u00edodo para o recebimento dos pedidos de revalida\u00e7\u00e3o de diploma, o n\u00famero de processos a serem aceitos em fun\u00e7\u00e3o da capacidade institucional e a data de publica\u00e7\u00e3o do edital de confirma\u00e7\u00e3o da recep\u00e7\u00e3o dos pedidos.<\/p>\n<p><a href=\"https:\/\/direito.ufpr.br\/wp-content\/uploads\/2018\/11\/Port_Normativa_MEC_22_2016.pdf\">Port_Normativa_MEC_22_2016<\/a><\/p>\n<p><a href=\"https:\/\/direito.ufpr.br\/wp-content\/uploads\/2018\/11\/Resolucao_03_16_MEC.pdf\">Resolucao_03_16_MEC<\/a><\/p>\n<p><a href=\"https:\/\/direito.ufpr.br\/wp-content\/uploads\/2018\/11\/RESOLUCAO_10_17_CEPE-1.pdf\">RESOLUCAO_10_17_CEPE <\/a><\/p>\n<p><a href=\"https:\/\/direito.ufpr.br\/wp-content\/uploads\/2018\/11\/RESOLUCAO_13_17_CEPE.pdf\">RESOLUCAO_13_17_CEPE<\/a><\/p>\n<p><a href=\"https:\/\/direito.ufpr.br\/wp-content\/uploads\/2023\/09\/RESOLUCAO_N__12_23_COPLAD.pdf\">RESOLU\u00c7\u00c3O N\u00ba 12\/23-COPLAD<\/a><\/p>\n","protected":false},"excerpt":{"rendered":"<p>A revalida\u00e7\u00e3o de diplomas \u00a0de gradua\u00e7\u00e3o expedidos por estabelecimentos estrangeiros de ensino superior, \u00a0rege-se pela Resolu\u00e7\u00e3o 10\/17- CEPE complementada por Edital expedido anualmente pela Pr\u00f3-Reitoria de Gradua\u00e7\u00e3o \u00a0 definindo a data de abertura, o per\u00edodo para o recebimento dos pedidos de revalida\u00e7\u00e3o de diploma, o n\u00famero de processos a serem aceitos em fun\u00e7\u00e3o da capacidade [&hellip;]<\/p>\n","protected":false},"author":3,"featured_media":0,"parent":9416,"menu_order":0,"comment_status":"open","ping_status":"open","template":"coordencao.php","meta":{"_acf_changed":false,"_eb_attr":"","footnotes":""},"class_list":["post-1842","page","type-page","status-publish","hentry"],"acf":[],"_links":{"self":[{"href":"https:\/\/direito.ufpr.br\/index.php?rest_route=\/wp\/v2\/pages\/1842","targetHints":{"allow":["GET"]}}],"collection":[{"href":"https:\/\/direito.ufpr.br\/index.php?rest_route=\/wp\/v2\/pages"}],"about":[{"href":"https:\/\/direito.ufpr.br\/index.php?rest_route=\/wp\/v2\/types\/page"}],"author":[{"embeddable":true,"href":"https:\/\/direito.ufpr.br\/index.php?rest_route=\/wp\/v2\/users\/3"}],"replies":[{"embeddable":true,"href":"https:\/\/direito.ufpr.br\/index.php?rest_route=%2Fwp%2Fv2%2Fcomments&post=1842"}],"version-history":[{"count":5,"href":"https:\/\/direito.ufpr.br\/index.php?rest_route=\/wp\/v2\/pages\/1842\/revisions"}],"predecessor-version":[{"id":44910,"href":"https:\/\/direito.ufpr.br\/index.php?rest_route=\/wp\/v2\/pages\/1842\/revisions\/44910"}],"up":[{"embeddable":true,"href":"https:\/\/direito.ufpr.br\/index.php?rest_route=\/wp\/v2\/pages\/9416"}],"wp:attachment":[{"href":"https:\/\/direito.ufpr.br\/index.php?rest_route=%2Fwp%2Fv2%2Fmedia&parent=1842"}],"curies":[{"name":"wp","href":"https:\/\/api.w.org\/{rel}","templated":true}]}}