{"id":2721,"date":"2013-08-01T13:12:25","date_gmt":"2013-08-01T13:12:25","guid":{"rendered":"https:\/\/direito.ufpr.br\/graduacao\/?page_id=427"},"modified":"2024-09-05T16:28:13","modified_gmt":"2024-09-05T19:28:13","slug":"disciplinas","status":"publish","type":"page","link":"https:\/\/direito.ufpr.br\/?page_id=2721","title":{"rendered":"Disciplinas &#8211; NPJ"},"content":{"rendered":"<p><img loading=\"lazy\" decoding=\"async\" class=\"alignnone wp-image-33774 size-full\" src=\"https:\/\/direito.ufpr.br\/wp-content\/uploads\/2021\/12\/Barra-superior_discipl_NPJ.jpg\" alt=\"\" width=\"1024\" height=\"200\" srcset=\"https:\/\/direito.ufpr.br\/wp-content\/uploads\/2021\/12\/Barra-superior_discipl_NPJ.jpg 1024w, https:\/\/direito.ufpr.br\/wp-content\/uploads\/2021\/12\/Barra-superior_discipl_NPJ-300x59.jpg 300w, https:\/\/direito.ufpr.br\/wp-content\/uploads\/2021\/12\/Barra-superior_discipl_NPJ-768x150.jpg 768w\" sizes=\"auto, (max-width: 1024px) 100vw, 1024px\" \/><\/p>\n<hr \/>\n<p>PR\u00c1TICAS JUR\u00cdDICAS<\/p>\n<p>Disciplinas anuais\u00a0 com carga hor\u00e1ria de 150 horas.<\/p>\n<p><a href=\"https:\/\/direito.ufpr.br\/wp-content\/uploads\/2021\/05\/DIR405-Pra\u0301tica-Juridica-Ci\u0301vel-Ficha-1.pdf\">DIR405 &#8211; Pr\u00e1tica Jur\u00eddica C\u00edvel<\/a> &#8211; Ficha 1<\/p>\n<p><a href=\"https:\/\/direito.ufpr.br\/wp-content\/uploads\/2014\/10\/DIR406-PR%C3%81TICA-JUR%C3%8DDICA-DTO-PENAL-1.pdf\">DIR406 &#8211;\u00a0Pr\u00e1tica Jur\u00eddica Penal<\/a> &#8211; Ficha 1<\/p>\n<p><a title=\"NPJ EMENTA DIR407-PR\u00c1TICA-JUR\u00cdDICA-TRABALHISTA-Ficha-1\" href=\"https:\/\/direito.ufpr.br\/wp-content\/uploads\/2014\/08\/DIR407-PR\u00c1TICA-JUR\u00cdDICA-TRABALHISTA-Ficha-1-1.pdf\" target=\"_blank\" rel=\"noopener noreferrer\">DIR407 &#8211;\u00a0Pr\u00e1tica Jur\u00eddica Trabalhista<\/a> &#8211; Ficha 1<\/p>\n<p><a title=\"NPJ EMENTA DIR 409 -PR\u00c1TICA-DIREITOS-HUMANOS\" href=\"https:\/\/direito.ufpr.br\/wp-content\/uploads\/2014\/08\/DIR409-PR\u00c1TICA-DIREITOS-HUMANOS-1.pdf\" target=\"_blank\" rel=\"noopener noreferrer\">DIR409 &#8211;\u00a0Pr\u00e1tica Jur\u00eddica em Direitos Humanos<\/a> &#8211; Ficha 1<\/p>\n<p>DISCIPLINAS T\u00d3PICAS<\/p>\n<p>Disciplinas semestrais ofertadas pelos Departamentos, com carga hor\u00e1ria de 30 horas.<\/p>\n<p><a title=\"NPJ EMENTA T\u00d3PICA-APLICA\u00c7\u00c3O-DA-PENA-Ficha-1\" href=\"https:\/\/direito.ufpr.br\/wp-content\/uploads\/2014\/08\/T\u00d3PICA-APLICA\u00c7\u00c3O-DA-PENA-Ficha-1-1.pdf\" target=\"_blank\" rel=\"noopener noreferrer\">DIR001 -Aplica\u00e7\u00e3o da Pena<\/a> &#8211; Ficha 1<\/p>\n<p><a title=\"NPJ EMENTA T\u00d3PICA-APLICA\u00c7\u00c3O-DA-PENA-Ficha-2\" href=\"https:\/\/direito.ufpr.br\/wp-content\/uploads\/2014\/08\/T\u00d3PICA-APLICA\u00c7\u00c3O-DA-PENA-Ficha-2-1.pdf\" target=\"_blank\" rel=\"noopener noreferrer\">DIR001 &#8211; Aplica\u00e7\u00e3o da Pena<\/a> &#8211; Ficha 2<\/p>\n<p><a title=\"NPJ EMENTA T\u00d3PICA-ASSESSORIA-E-JOGOS-TEATRAIS-Ficha-1\" href=\"https:\/\/direito.ufpr.br\/wp-content\/uploads\/2014\/08\/T\u00d3PICA-ASSESSORIA-E-JOGOS-TEATRAIS-Ficha-1-1.pdf\" target=\"_blank\" rel=\"noopener noreferrer\">DIR005 &#8211;\u00a0Assessoria Jur\u00eddica em Direitos Humanos e Jogos Teatrais<\/a> &#8211; Ficha 1<\/p>\n<p><a title=\"NPJ EMENTA T\u00d3PICA-ASSESSORIA-JUR\u00cdDICA-EM-DIREITOS-HUMANOS-E-JOGOS-TEATRAIS-Ficha-2\" href=\"https:\/\/direito.ufpr.br\/wp-content\/uploads\/2014\/08\/T\u00d3PICA-ASSESSORIA-JUR\u00cdDICA-EM-DIREITOS-HUMANOS-E-JOGOS-TEATRAIS-Ficha-2-1.pdf\" target=\"_blank\" rel=\"noopener noreferrer\">DIR005 &#8211;\u00a0Assessoria Jur\u00eddica em Direitos Humanos e Jogos Teatrais<\/a> &#8211; Ficha 2<\/p>\n<p><a title=\"T\u00d3PICA-CASOS-JUR\u00cdDICOS-DIREITO-DE-PROPRIEDADE-E-QUEST\u00d5ES-COLETIVAS\" href=\"https:\/\/direito.ufpr.br\/wp-content\/uploads\/2014\/01\/T\u00d3PICA-CASOS-JUR\u00cdDICOS-DIREITO-DE-PROPRIEDADE-E-QUEST\u00d5ES-COLETIVAS-1.pdf\" target=\"_blank\" rel=\"noopener noreferrer\">DIR010\u00a0&#8211;\u00a0Casos Jur\u00eddicos &#8211; Direitos de Propriedade e Quest\u00f5es Coletivas<\/a> &#8211; Ficha 1<\/p>\n<p><a title=\"NPJ EMENTA DIR010-T\u00d3PICA-CASOS-JUR\u00cdDICOS-DIREITO-DE-PROPRIEDADE-E-QUEST\u00d5ES-COLETIVAS-Ficha-2-\u00c1REA-DE-CONCENTRA\u00c7\u00c3O\" href=\"https:\/\/direito.ufpr.br\/wp-content\/uploads\/2014\/08\/DIR010-T\u00d3PICA-CASOS-JUR\u00cdDICOS-DIREITO-DE-PROPRIEDADE-E-QUEST\u00d5ES-COLETIVAS-Ficha-2-\u00c1REA-DE-CONCENTRA\u00c7\u00c3O-1.pdf\" target=\"_blank\" rel=\"noopener noreferrer\">DIR010 &#8211;\u00a0Casos Jur\u00eddicos &#8211; Direitos de Propriedade e Quest\u00f5es Coletivas<\/a> &#8211; Ficha 2<\/p>\n<p><a title=\"T\u00d3PICA-CASOS-JUR\u00cdDICOS-EM-DIREITO-HUMANOS-I-Ficha-1\" href=\"https:\/\/direito.ufpr.br\/wp-content\/uploads\/2014\/01\/T\u00d3PICA-CASOS-JUR\u00cdDICOS-EM-DIREITO-HUMANOS-I-Ficha-1-1.pdf\" target=\"_blank\" rel=\"noopener noreferrer\">DIR008 &#8211;\u00a0Casos Jur\u00eddicos em Direitos Humanos I<\/a><\/p>\n<p><a title=\"CASOS-JURIDICOS-EM-DIREITOS-HUMANOS-II-ficha1\" href=\"https:\/\/direito.ufpr.br\/wp-content\/uploads\/2014\/01\/CASOS-JURIDICOS-EM-DIREITOS-HUMANOS-II-ficha1-1.pdf\" target=\"_blank\" rel=\"noopener noreferrer\">DIR009 &#8211;\u00a0Casos Jur\u00eddicos em Direitos Humanos II<\/a><\/p>\n<p><a title=\"NPJ EMENTA T\u00d3PICA-DIREITO-CORPO-E-BIOTECNOLOGIA-A-CONSTRU\u00c7\u00c3O-DO-HUMANO-NO-DISCURSO-JUR\u00cdDICO-Ficha-1\" href=\"https:\/\/direito.ufpr.br\/wp-content\/uploads\/2014\/08\/T\u00d3PICA-DIREITO-CORPO-E-BIOTECNOLOGIA-A-CONSTRU\u00c7\u00c3O-DO-HUMANO-NO-DISCURSO-JUR\u00cdDICO-Ficha-1-1.pdf\" target=\"_blank\" rel=\"noopener noreferrer\">DIR020 &#8211;\u00a0Direito, Corpo e Biotecnologia &#8211; a Constru\u00e7\u00e3o do Humano no Discurso Jur\u00eddico<\/a> &#8211; Ficha 1<\/p>\n<p><a title=\"DIREITO-CORPO-E-BIOTECNOLOGIA-A-CONSTRU\u00c7\u00c3O-DO-HUMANO-NO-DISCURSO-JUR\u00cdDICO-Ficha2\" href=\"https:\/\/direito.ufpr.br\/wp-content\/uploads\/2014\/01\/DIREITO-CORPO-E-BIOTECNOLOGIA-A-CONSTRU\u00c7\u00c3O-DO-HUMANO-NO-DISCURSO-JUR\u00cdDICO-Ficha2-1.pdf\" target=\"_blank\" rel=\"noopener noreferrer\">DIR020 &#8211;\u00a0Direito, Corpo e Biotecnologia \u2013 a Constru\u00e7\u00e3o do Humano no Discurso Jur\u00eddico<\/a> &#8211; Ficha 2<\/p>\n<p><a title=\"T\u00d3PICA-DIREITOS-AUTORAIS-TEORIA-CRITICA-E-ESTUDO-DE-CASOS-Ficha1\" href=\"https:\/\/direito.ufpr.br\/wp-content\/uploads\/2014\/01\/T\u00d3PICA-DIREITOS-AUTORAIS-TEORIA-CRITICA-E-ESTUDO-DE-CASOS-Ficha1-1.pdf\" target=\"_blank\" rel=\"noopener noreferrer\">DIR011 &#8211;\u00a0Direitos Autorais: Teoria Cr\u00edtica e Estudo de Casos<\/a> &#8211; Ficha 1<\/p>\n<p><a title=\"NPJ EMENTA DIR011-T\u00d3PICA-DIREITOS-AUTORAIS-TEORIA-CR\u00cdTICA-E-ESTUDO-DE-CASOS-PLANO-DE-ENSINO\" href=\"https:\/\/direito.ufpr.br\/wp-content\/uploads\/2014\/08\/DIR011-T\u00d3PICA-DIREITOS-AUTORAIS-TEORIA-CR\u00cdTICA-E-ESTUDO-DE-CASOS-PLANO-DE-ENSINO-1.pdf\" target=\"_blank\" rel=\"noopener noreferrer\">DIR011 &#8211;\u00a0Direitos Autorais: Teoria Cr\u00edtica e Estudo de Casos<\/a> &#8211; Plano de Ensino<\/p>\n<p><a title=\"DIREITO-DO-TRABALHO-SEGURIDADE-SOCIAL-E-DIREITOS-HUMANOS-ESTUDO-DE-DECISOES-JUDICIAIS-FICHA2\" href=\"https:\/\/direito.ufpr.br\/wp-content\/uploads\/2015\/03\/DIR019-TOPICA-DIREITO-DO-TRABALHO-SEGURIDADE-SOCIAL-E-DIREITOS-HUMANOS-ESTUDO-DE-DECISOES-JUDICIAIS-FICHA2-1.pdf\" target=\"_blank\" rel=\"noopener noreferrer\">DIR019 &#8211;\u00a0Direito do Trabalho, Seguridade Social e Direitos Humanos: Estudos de decis\u00f5es judiciais<\/a>\u00a0&#8211; Ficha 2<\/p>\n<p><a title=\"NPJ EMENTA DIR011-T\u00d3PICA-DIREITOS-AUTORAIS-TEORIA-CR\u00cdTICA-E-ESTUDO-DE-CASOS-PLANO-DE-ENSINO\" href=\"https:\/\/direito.ufpr.br\/wp-content\/uploads\/2014\/08\/DIR011-T\u00d3PICA-DIREITOS-AUTORAIS-TEORIA-CR\u00cdTICA-E-ESTUDO-DE-CASOS-PLANO-DE-ENSINO-1.pdf\" target=\"_blank\" rel=\"noopener noreferrer\">DIR005<\/a>\u00a0&#8211;\u00a0<a title=\"DIREITOS-HUMANOS-E-TEATRO-Ficha1\" href=\"https:\/\/direito.ufpr.br\/wp-content\/uploads\/2014\/01\/DIREITOS-HUMANOS-E-TEATRO-Ficha1-1.pdf\" target=\"_blank\" rel=\"noopener noreferrer\">Direitos Humanos e Teatro<\/a><\/p>\n<p><a title=\"NPJ EMENTA DIR011-T\u00d3PICA-DIREITOS-AUTORAIS-TEORIA-CR\u00cdTICA-E-ESTUDO-DE-CASOS-PLANO-DE-ENSINO\" href=\"https:\/\/direito.ufpr.br\/wp-content\/uploads\/2014\/08\/DIR011-T\u00d3PICA-DIREITOS-AUTORAIS-TEORIA-CR\u00cdTICA-E-ESTUDO-DE-CASOS-PLANO-DE-ENSINO-1.pdf\" target=\"_blank\" rel=\"noopener noreferrer\">DV041<\/a>\u00a0\u00a0&#8211; \u00a0<a title=\"T\u00d3PICA-DIREITO-SINDICAL-2014-1\u00ba\" href=\"https:\/\/direito.ufpr.br\/wp-content\/uploads\/2014\/02\/T\u00d3PICA-DIREITO-SINDICAL-2014-1\u00ba-1.pdf\" target=\"_blank\" rel=\"noopener noreferrer\">Direito Sindical<\/a><\/p>\n<p><a title=\"NPJ EMENTA DIR011-T\u00d3PICA-DIREITOS-AUTORAIS-TEORIA-CR\u00cdTICA-E-ESTUDO-DE-CASOS-PLANO-DE-ENSINO\" href=\"https:\/\/direito.ufpr.br\/wp-content\/uploads\/2014\/08\/DIR011-T\u00d3PICA-DIREITOS-AUTORAIS-TEORIA-CR\u00cdTICA-E-ESTUDO-DE-CASOS-PLANO-DE-ENSINO-1.pdf\" target=\"_blank\" rel=\"noopener noreferrer\">DIR018<\/a><a title=\"Direito Sindical Internacional\" href=\"https:\/\/direito.ufpr.br\/wp-content\/uploads\/2015\/03\/EMENTA-Direito-Sindical-Internacional-2015-1.pdf\" target=\"_blank\" rel=\"noopener noreferrer\">\u00a0&#8211;\u00a0Direito Sindical Internacional<\/a><\/p>\n<p><a title=\"ESTRATEGIAS-SOCIO-JURIDICAS-DE-MONITORAMENTO-DOS-DIREITOS-HUMANOS-Ficha2\" href=\"https:\/\/direito.ufpr.br\/wp-content\/uploads\/2014\/01\/ESTRATEGIAS-SOCIO-JURIDICAS-DE-MONITORAMENTO-DOS-DIREITOS-HUMANOS-Ficha2-1.pdf\" target=\"_blank\" rel=\"noopener noreferrer\">DIR006 &#8211;\u00a0Estrat\u00e9<\/a><a title=\"ESTRATEGIAS-SOCIO-JURIDICAS-DE-MONITORAMENTO-DOS-DIREITOS-HUMANOS-Ficha2\" href=\"https:\/\/direito.ufpr.br\/wp-content\/uploads\/2014\/01\/ESTRATEGIAS-SOCIO-JURIDICAS-DE-MONITORAMENTO-DOS-DIREITOS-HUMANOS-Ficha2-1.pdf\" target=\"_blank\" rel=\"noopener noreferrer\">gias S\u00f3cio-jur\u00eddicas de Monitoramento de Direitos Humanos<\/a> &#8211; Ficha 1<\/p>\n<p><a title=\"NPJ EMENTA DIR006-T\u00d3PICA-ESTRAT\u00c9GIAS-S\u00d3CIO-JUR\u00cdDICAS-EM-MONITORAMENTO-DOS-DIREITOS-HUMANOS-Ficha-2\" href=\"https:\/\/direito.ufpr.br\/wp-content\/uploads\/2014\/08\/DIR006-T\u00d3PICA-ESTRAT\u00c9GIAS-S\u00d3CIO-JUR\u00cdDICAS-EM-MONITORAMENTO-DOS-DIREITOS-HUMANOS-Ficha-2-1.pdf\" target=\"_blank\" rel=\"noopener noreferrer\">DIR006 &#8211;\u00a0Estrat\u00e9gias S\u00f3cio-jur\u00eddicas de Monitoramento de Direitos Humanos<\/a> &#8211; Ficha 2<\/p>\n<p><a title=\"NPJ EMENTA T\u00d3PICA-EXECU\u00c7\u00c3O-PENAL-Ficha-1\" href=\"https:\/\/direito.ufpr.br\/wp-content\/uploads\/2014\/08\/T\u00d3PICA-EXECU\u00c7\u00c3O-PENAL-Ficha-1-1.pdf\" target=\"_blank\" rel=\"noopener noreferrer\">DIR004 &#8211;\u00a0Execu\u00e7\u00e3o Penal<\/a> &#8211; Ficha 1<\/p>\n<p><a title=\"NPJ EMENTA T\u00d3PICA-EXECU\u00c7\u00c3O-PENAL-Ficha-2\" href=\"https:\/\/direito.ufpr.br\/wp-content\/uploads\/2014\/08\/T\u00d3PICA-EXECU\u00c7\u00c3O-PENAL-Ficha-2-1.pdf\" target=\"_blank\" rel=\"noopener noreferrer\">DIR004 &#8211;\u00a0Execu\u00e7\u00e3o Penal<\/a> &#8211; Ficha 2<\/p>\n<p><a title=\"EXECU\u00c7\u00c3O-PENAL\" href=\"https:\/\/direito.ufpr.br\/wp-content\/uploads\/2014\/01\/EXECU\u00c7\u00c3O-PENAL-1.pdf\" target=\"_blank\" rel=\"noopener noreferrer\">DIR004 &#8211;\u00a0Execu\u00e7\u00e3o Penal<\/a> &#8211; Prof. Andr\u00e9 Giamberardino<\/p>\n<p><a title=\"NPJ EMENTA T\u00d3PICA-PR\u00c1TICAS-RESTAURATIVAS-Ficha-1\" href=\"https:\/\/direito.ufpr.br\/wp-content\/uploads\/2014\/08\/T\u00d3PICA-PR\u00c1TICAS-RESTAURATIVAS-Ficha-1-1.pdf\" target=\"_blank\" rel=\"noopener noreferrer\">DIR003 &#8211;\u00a0Pr\u00e1ticas Restaurativas<\/a> &#8211; Ficha 1<\/p>\n<p><a title=\"NPJ EMENTA T\u00d3PICA-PR\u00c1TICAS-RESTAURATIVAS-Ficha-2\" href=\"https:\/\/direito.ufpr.br\/wp-content\/uploads\/2014\/08\/T\u00d3PICA-PR\u00c1TICAS-RESTAURATIVAS-Ficha-2-1.pdf\" target=\"_blank\" rel=\"noopener noreferrer\">DIR003 &#8211;\u00a0Pr\u00e1ticas Restaurativas<\/a> &#8211; Ficha 2<\/p>\n<p><a title=\"PR\u00c1TICAS-RESTAURATIVAS\" href=\"https:\/\/direito.ufpr.br\/wp-content\/uploads\/2014\/01\/PR\u00c1TICAS-RESTAURATIVAS-1.pdf\" target=\"_blank\" rel=\"noopener noreferrer\">DIR003 &#8211;\u00a0Pr\u00e1ticas Restaurativas<\/a> &#8211; Prof. Andr\u00e9 Giamberardino<\/p>\n<p><a title=\"T\u00d3PICA-SEGURIDADE-SOCIAL-E-DIREITOS-HUMANOS-ESTUDO-DE-CASOS\" href=\"https:\/\/direito.ufpr.br\/wp-content\/uploads\/2014\/01\/T\u00d3PICA-SEGURIDADE-SOCIAL-E-DIREITOS-HUMANOS-ESTUDO-DE-CASOS-1.pdf\" target=\"_blank\" rel=\"noopener noreferrer\">DIR013 &#8211;\u00a0Seguridade Social e Direitos Humanos &#8211; Estudos de Casos<\/a> &#8211; Ficha 1<\/p>\n<p><a title=\"NPJ EMENTA T\u00d3PICA-SEGURIDADE-SOCIAL-E-DIREITOS-HUMANOS-ESTUDO-DE-CASOS-Ficha-2\" href=\"https:\/\/direito.ufpr.br\/wp-content\/uploads\/2014\/08\/DIR013-T\u00d3PICA-SEGURIDADE-SOCIAL-E-DIREITOS-HUMANOS-ESTUDO-DE-CASOS-Ficha-2-1.pdf\" target=\"_blank\" rel=\"noopener noreferrer\">DIR013 &#8211;\u00a0Seguridade Social e Direitos Humanos &#8211; Estudo de Casos <\/a>&#8211; Ficha 2<\/p>\n<p><a title=\"NPJ EMENTA T\u00d3PICA-SEGURAN\u00c7A-P\u00daBLICA-E-DIREITO-Ficha-1\" href=\"https:\/\/direito.ufpr.br\/wp-content\/uploads\/2014\/08\/T\u00d3PICA-SEGURAN\u00c7A-P\u00daBLICA-E-DIREITO-Ficha-1-1.pdf\" target=\"_blank\" rel=\"noopener noreferrer\">DIR002 &#8211;\u00a0Seguran\u00e7a P\u00fablica e Direito<\/a> &#8211; Ficha 1<\/p>\n<p><a title=\"NPJ EMENTA T\u00d3PICA-SEGURAN\u00c7A-P\u00daBLICA-E-DIREITO-Ficha-2\" href=\"https:\/\/direito.ufpr.br\/wp-content\/uploads\/2014\/08\/T\u00d3PICA-SEGURAN\u00c7A-P\u00daBLICA-E-DIREITO-Ficha-2-1.pdf\" target=\"_blank\" rel=\"noopener noreferrer\">DIR002 &#8211;\u00a0Seguran\u00e7a P\u00fablica e Direito<\/a> &#8211; Ficha 2<\/p>\n<p><a title=\"T\u00d3PICA-TRABALHO-DECENTE-E-DIREITOS-HUMANOS-AN\u00c1LISE-E-CR\u00cdTICA-Ficha1\" href=\"https:\/\/direito.ufpr.br\/wp-content\/uploads\/2014\/01\/T\u00d3PICA-TRABALHO-DECENTE-E-DIREITOS-HUMANOS-AN\u00c1LISE-E-CR\u00cdTICA-Ficha1-1.pdf\" target=\"_blank\" rel=\"noopener noreferrer\">DIR012 &#8211;\u00a0Trabalho Decente e Direitos Humanos &#8211; An\u00e1lise e Cr\u00edtica<\/a> &#8211; Ficha 1<\/p>\n<p><a title=\"NPJ EMENTA DIR012-T\u00d3PICA-TRABALHO-DECENTE-E-DIREITOS-HUMANOS-AN\u00c1LISE-E-CR\u00cdTICA-Ficha-2\" href=\"https:\/\/direito.ufpr.br\/wp-content\/uploads\/2014\/08\/DIR012-T\u00d3PICA-TRABALHO-DECENTE-E-DIREITOS-HUMANOS-AN\u00c1LISE-E-CR\u00cdTICA-Ficha-2-1.pdf\" target=\"_blank\" rel=\"noopener noreferrer\">DIR012\u00a0&#8211;\u00a0Trabalho Decente e Direitos Humanos &#8211; An\u00e1lise e Cr\u00edtica<\/a> &#8211; Ficha 2<\/p>\n<p><a href=\"https:\/\/direito.ufpr.br\/wp-content\/uploads\/2021\/09\/DIR031-Direito-Internacional-Humanitario-FICHA-1.pdf\" target=\"_blank\" rel=\"noopener noreferrer\">DIR031 &#8211; Direito Internacional Humanit\u00e1rio<\/a> &#8211; Ficha 1<\/p>\n<p><a href=\"https:\/\/direito.ufpr.br\/wp-content\/uploads\/2021\/09\/DIR031-Direito-Internacional-Humanitario-FICHA-2.pdf\" target=\"_blank\" rel=\"noopener noreferrer\">DIR031 &#8211; Direito Internacional Humanit\u00e1rio<\/a> &#8211; Ficha 2<\/p>\n\n\n<p><\/p>\n","protected":false},"excerpt":{"rendered":"<p>PR\u00c1TICAS JUR\u00cdDICAS Disciplinas anuais\u00a0 com carga hor\u00e1ria de 150 horas. DIR405 &#8211; Pr\u00e1tica Jur\u00eddica C\u00edvel &#8211; Ficha 1 DIR406 &#8211;\u00a0Pr\u00e1tica Jur\u00eddica Penal &#8211; Ficha 1 DIR407 &#8211;\u00a0Pr\u00e1tica Jur\u00eddica Trabalhista &#8211; Ficha 1 DIR409 &#8211;\u00a0Pr\u00e1tica Jur\u00eddica em Direitos Humanos &#8211; Ficha 1 DISCIPLINAS T\u00d3PICAS Disciplinas semestrais ofertadas pelos Departamentos, com carga hor\u00e1ria de 30 horas. DIR001 [&hellip;]<\/p>\n","protected":false},"author":3,"featured_media":0,"parent":9431,"menu_order":0,"comment_status":"open","ping_status":"open","template":"npj.php","meta":{"_acf_changed":false,"_eb_attr":"","footnotes":""},"class_list":["post-2721","page","type-page","status-publish","hentry"],"acf":[],"_links":{"self":[{"href":"https:\/\/direito.ufpr.br\/index.php?rest_route=\/wp\/v2\/pages\/2721","targetHints":{"allow":["GET"]}}],"collection":[{"href":"https:\/\/direito.ufpr.br\/index.php?rest_route=\/wp\/v2\/pages"}],"about":[{"href":"https:\/\/direito.ufpr.br\/index.php?rest_route=\/wp\/v2\/types\/page"}],"author":[{"embeddable":true,"href":"https:\/\/direito.ufpr.br\/index.php?rest_route=\/wp\/v2\/users\/3"}],"replies":[{"embeddable":true,"href":"https:\/\/direito.ufpr.br\/index.php?rest_route=%2Fwp%2Fv2%2Fcomments&post=2721"}],"version-history":[{"count":11,"href":"https:\/\/direito.ufpr.br\/index.php?rest_route=\/wp\/v2\/pages\/2721\/revisions"}],"predecessor-version":[{"id":48731,"href":"https:\/\/direito.ufpr.br\/index.php?rest_route=\/wp\/v2\/pages\/2721\/revisions\/48731"}],"up":[{"embeddable":true,"href":"https:\/\/direito.ufpr.br\/index.php?rest_route=\/wp\/v2\/pages\/9431"}],"wp:attachment":[{"href":"https:\/\/direito.ufpr.br\/index.php?rest_route=%2Fwp%2Fv2%2Fmedia&parent=2721"}],"curies":[{"name":"wp","href":"https:\/\/api.w.org\/{rel}","templated":true}]}}