{"id":2724,"date":"2013-01-01T13:35:15","date_gmt":"2013-01-01T13:35:15","guid":{"rendered":"https:\/\/direito.ufpr.br\/graduacao\/?page_id=512"},"modified":"2024-08-05T19:43:59","modified_gmt":"2024-08-05T22:43:59","slug":"livros-e-artigos-2","status":"publish","type":"page","link":"https:\/\/direito.ufpr.br\/?page_id=2724","title":{"rendered":""},"content":{"rendered":"<p><img loading=\"lazy\" decoding=\"async\" class=\"alignnone wp-image-33297 size-full\" src=\"https:\/\/direito.ufpr.br\/wp-content\/uploads\/2021\/12\/Barra-superior-Livros.jpg\" alt=\"\" width=\"1024\" height=\"200\" srcset=\"https:\/\/direito.ufpr.br\/wp-content\/uploads\/2021\/12\/Barra-superior-Livros.jpg 1024w, https:\/\/direito.ufpr.br\/wp-content\/uploads\/2021\/12\/Barra-superior-Livros-300x59.jpg 300w, https:\/\/direito.ufpr.br\/wp-content\/uploads\/2021\/12\/Barra-superior-Livros-768x150.jpg 768w\" sizes=\"auto, (max-width: 1024px) 100vw, 1024px\" \/><\/p>\n<hr \/>\n<p>\u00a0<\/p>\n<h1><strong>LIVROS<\/strong><\/h1>\n<h2><a href=\"http:\/\/www.editora.ufpr.br\/portal\/livros\/termos-da-politica-comunidade-imunidade-biopolitica\/\">Termos da Pol\u00edtica: Comunidade, Imunidade, Biopol\u00edtica<\/a><\/h2>\n<div><strong>Autor:&nbsp;<\/strong>Roberto Esposito (Autor) Angela Couto Machado Fonseca, Jo\u00e3o Paulo Arrosi, Luiz Ernani Fritoli e Ricardo Marcelo Fonseca (Tradutores)<br \/>\n<strong>ISBN:&nbsp;<\/strong>9788584800940<br \/>\n<strong>\u00c1rea:&nbsp;<\/strong>Direito<\/div>\n<h2><\/h2>\n<h2><a href=\"http:\/\/www.editora.ufpr.br\/portal\/livros\/reproducao-assistida-post-mortem-aspectos-juridicos-de-filiacao-e-sucessorio\/\">Reprodu\u00e7\u00e3o Assistida Post Mortem: Aspectos jur\u00eddicos de filia\u00e7\u00e3o e sucess\u00f3rio<\/a><\/h2>\n<div><strong>Autor:&nbsp;<\/strong>Juliane Fernandes Queiroz<br \/>\n<strong>ISBN:&nbsp;<\/strong>9788584800179<br \/>\n<strong>\u00c1rea:&nbsp;<\/strong>Direito, Tecnologia<\/div>\n<p>&nbsp;<\/p>\n<h2><a href=\"http:\/\/www.editora.ufpr.br\/portal\/livros\/direito-mercantilizacao-e-justica\/\">Direito, Mercantiliza\u00e7\u00e3o e Justi\u00e7a<\/a><\/h2>\n<div><strong>Autor:&nbsp;<\/strong>Eneida Desiree e Emerson Gabardo (Orgs.)<br \/>\n<strong>ISBN:&nbsp;<\/strong>9788584800469<br \/>\n<strong>\u00c1rea:&nbsp;<\/strong>Direito, Filosofia, Livros Digitais, Livros Digitais<\/div>\n<div class=\"mceTemp\"><\/div>\n<h2><a href=\"http:\/\/www.editora.ufpr.br\/portal\/livros\/pensamento-juridico-moderno-e-seus-desencontros-com-a-biotecnologia\/\">Pensamento Jur\u00eddico Moderno e seus desencontros com a biotecnologia<\/a><\/h2>\n<div><strong>Autor:&nbsp;<\/strong>Rebeca Fernandes Dias<br \/>\n<strong>ISBN:&nbsp;<\/strong>9788573352955<br \/>\n<strong>\u00c1rea:&nbsp;<\/strong>Direito<\/div>\n<h2><a href=\"http:\/\/www.editora.ufpr.br\/portal\/livros\/teoria-critica-do-juizo-de-imputabilidade-criminal\/\">Teoria cr\u00edtica do ju\u00edzo de imputabilidade criminal a partir da hist\u00f3ria do encontro entre o saber jur\u00eddico e o saber psiqui\u00e1trico<\/a><\/h2>\n<div><strong>Autor:&nbsp;<\/strong>Joe Tennyson Velo<br \/>\n<strong>ISBN:&nbsp;<\/strong>9788565888226<br \/>\n<strong>\u00c1rea:&nbsp;<\/strong>Direito<\/div>\n<p><a href=\"http:\/\/www.editora.ufpr.br\/portal\/livros\/areas\/direito\/\">Livros \u00e1reas de direito pela Editora UFPR<\/a><\/p>\n<h3><span style=\"color: #800080\">LAN\u00c7AMENTO DE LIVROS&nbsp;<\/span><\/h3>\n<p>Convidamos a todos para o lan\u00e7amento no dia 08 \/12\/2017, na Livraria da Vila do Shopping P\u00e1tio Batel a partir das 18:30.<\/p>\n<h1><\/h1>\n<h1><strong>ARTIGOS<\/strong><\/h1>\n<h2><a href=\"https:\/\/direito.ufpr.br\/blog\/publicacoes\/tradicao-mudanca-e-reforma-curricular\/?preview=true&amp;preview_id=436&amp;preview_nonce=a9e02f88ba\" target=\"_blank\" rel=\"noopener noreferrer\">TRADI\u00c7\u00c3O, MUDAN\u00c7A E REFORMA CURRICULAR<\/a><\/h2>\n<p>Luiz Edson Fachin, Professor Titular de Direito Civil Faculdade de Direito da UFPR.<\/p>\n<p>_________________________________________________________________________________________________________<\/p>\n<p>&nbsp;<\/p>\n<p>&nbsp;<\/p>\n","protected":false},"excerpt":{"rendered":"<p>\u00a0 LIVROS Termos da Pol\u00edtica: Comunidade, Imunidade, Biopol\u00edtica Autor:&nbsp;Roberto Esposito (Autor) Angela Couto Machado Fonseca, Jo\u00e3o Paulo Arrosi, Luiz Ernani Fritoli e Ricardo Marcelo Fonseca (Tradutores) ISBN:&nbsp;9788584800940 \u00c1rea:&nbsp;Direito Reprodu\u00e7\u00e3o Assistida Post Mortem: Aspectos jur\u00eddicos de filia\u00e7\u00e3o e sucess\u00f3rio Autor:&nbsp;Juliane Fernandes Queiroz ISBN:&nbsp;9788584800179 \u00c1rea:&nbsp;Direito, Tecnologia &nbsp; Direito, Mercantiliza\u00e7\u00e3o e Justi\u00e7a Autor:&nbsp;Eneida Desiree e Emerson Gabardo (Orgs.) [&hellip;]<\/p>\n","protected":false},"author":54,"featured_media":0,"parent":0,"menu_order":0,"comment_status":"open","ping_status":"closed","template":"","meta":{"_acf_changed":false,"_eb_attr":"","footnotes":""},"class_list":["post-2724","page","type-page","status-publish","hentry"],"acf":[],"_links":{"self":[{"href":"https:\/\/direito.ufpr.br\/index.php?rest_route=\/wp\/v2\/pages\/2724","targetHints":{"allow":["GET"]}}],"collection":[{"href":"https:\/\/direito.ufpr.br\/index.php?rest_route=\/wp\/v2\/pages"}],"about":[{"href":"https:\/\/direito.ufpr.br\/index.php?rest_route=\/wp\/v2\/types\/page"}],"author":[{"embeddable":true,"href":"https:\/\/direito.ufpr.br\/index.php?rest_route=\/wp\/v2\/users\/54"}],"replies":[{"embeddable":true,"href":"https:\/\/direito.ufpr.br\/index.php?rest_route=%2Fwp%2Fv2%2Fcomments&post=2724"}],"version-history":[{"count":3,"href":"https:\/\/direito.ufpr.br\/index.php?rest_route=\/wp\/v2\/pages\/2724\/revisions"}],"predecessor-version":[{"id":33303,"href":"https:\/\/direito.ufpr.br\/index.php?rest_route=\/wp\/v2\/pages\/2724\/revisions\/33303"}],"wp:attachment":[{"href":"https:\/\/direito.ufpr.br\/index.php?rest_route=%2Fwp%2Fv2%2Fmedia&parent=2724"}],"curies":[{"name":"wp","href":"https:\/\/api.w.org\/{rel}","templated":true}]}}