{"id":2729,"date":"2013-08-01T13:32:05","date_gmt":"2013-08-01T13:32:05","guid":{"rendered":"https:\/\/direito.ufpr.br\/graduacao\/?page_id=498"},"modified":"2024-02-28T08:05:53","modified_gmt":"2024-02-28T11:05:53","slug":"extensao-2","status":"publish","type":"page","link":"https:\/\/direito.ufpr.br\/?page_id=2729","title":{"rendered":""},"content":{"rendered":"\n<figure class=\"wp-block-image size-large\"><img loading=\"lazy\" decoding=\"async\" width=\"1024\" height=\"200\" src=\"https:\/\/direito.ufpr.br\/wp-content\/uploads\/2021\/12\/Barra-superior-extensao.jpg\" alt=\"\" class=\"wp-image-33333\" srcset=\"https:\/\/direito.ufpr.br\/wp-content\/uploads\/2021\/12\/Barra-superior-extensao.jpg 1024w, https:\/\/direito.ufpr.br\/wp-content\/uploads\/2021\/12\/Barra-superior-extensao-300x59.jpg 300w, https:\/\/direito.ufpr.br\/wp-content\/uploads\/2021\/12\/Barra-superior-extensao-768x150.jpg 768w\" sizes=\"auto, (max-width: 1024px) 100vw, 1024px\" \/><\/figure>\n\n\n<p><\/p>\n<p><span style=\"color: #000000;\">Extens\u00e3o Universit\u00e1ria \u00e9 um processo interdisciplinar educativo, cultural, cient\u00edfico e\/ou tecnol\u00f3gico e pol\u00edtico que articula o ensino e a pesquisa de forma indissoci\u00e1vel e viabiliza a rela\u00e7\u00e3o transformadora entre a Universidade e os demais setores da sociedade.<\/span><\/p>\n<p><span style=\"color: #000000;\">Nesse sentido e alcance, tem por escopo construir conhecimento que permita a supera\u00e7\u00e3o da desigualdade e da exclus\u00e3o social, contribuindo para uma sociedade mais justa, \u00e9tica e democr\u00e1tica. Os resultados das atividades extensionistas reafirmam e materializam os compromissos \u00e9ticos e solid\u00e1rios da Universidade P\u00fablica brasileira.<\/span><\/p>\n<p><span style=\"color: #000000;\">As atividades de Extens\u00e3o devem obedecer aos cinco princ\u00edpios definidos pelo F\u00f3rum de Pr\u00f3-Reitores de Extens\u00e3o de Universidades P\u00fablicas &#8211; FORPROEX, a saber, Impacto e Transforma\u00e7\u00e3o Social, Indissociabilidade entre Ensino, Pesquisa e Extens\u00e3o, Interdisciplinaridade e Interprofissionalidade, Intera\u00e7\u00e3o Dial\u00f3gica e Impacto na Forma\u00e7\u00e3o do Estudante.<\/span><\/p>\n<p>Telefone: 41 3310 &#8211; 2750 \/ E-mail: extensaojuridicas@ufpr.br&nbsp;<\/p>\n\n\n<p class=\"has-cyan-bluish-gray-color has-text-color\"><\/p>\n","protected":false},"excerpt":{"rendered":"<p>Extens\u00e3o Universit\u00e1ria \u00e9 um processo interdisciplinar educativo, cultural, cient\u00edfico e\/ou tecnol\u00f3gico e pol\u00edtico que articula o ensino e a pesquisa de forma indissoci\u00e1vel e viabiliza a rela\u00e7\u00e3o transformadora entre a Universidade e os demais setores da sociedade. Nesse sentido e alcance, tem por escopo construir conhecimento que permita a supera\u00e7\u00e3o da desigualdade e da exclus\u00e3o [&hellip;]<\/p>\n","protected":false},"author":3,"featured_media":0,"parent":0,"menu_order":0,"comment_status":"open","ping_status":"open","template":"extensao.php","meta":{"_acf_changed":false,"_eb_attr":"","footnotes":""},"class_list":["post-2729","page","type-page","status-publish","hentry"],"acf":[],"_links":{"self":[{"href":"https:\/\/direito.ufpr.br\/index.php?rest_route=\/wp\/v2\/pages\/2729","targetHints":{"allow":["GET"]}}],"collection":[{"href":"https:\/\/direito.ufpr.br\/index.php?rest_route=\/wp\/v2\/pages"}],"about":[{"href":"https:\/\/direito.ufpr.br\/index.php?rest_route=\/wp\/v2\/types\/page"}],"author":[{"embeddable":true,"href":"https:\/\/direito.ufpr.br\/index.php?rest_route=\/wp\/v2\/users\/3"}],"replies":[{"embeddable":true,"href":"https:\/\/direito.ufpr.br\/index.php?rest_route=%2Fwp%2Fv2%2Fcomments&post=2729"}],"version-history":[{"count":73,"href":"https:\/\/direito.ufpr.br\/index.php?rest_route=\/wp\/v2\/pages\/2729\/revisions"}],"predecessor-version":[{"id":46363,"href":"https:\/\/direito.ufpr.br\/index.php?rest_route=\/wp\/v2\/pages\/2729\/revisions\/46363"}],"wp:attachment":[{"href":"https:\/\/direito.ufpr.br\/index.php?rest_route=%2Fwp%2Fv2%2Fmedia&parent=2729"}],"curies":[{"name":"wp","href":"https:\/\/api.w.org\/{rel}","templated":true}]}}