{"id":2740,"date":"2013-08-19T20:00:11","date_gmt":"2013-08-19T20:00:11","guid":{"rendered":"https:\/\/direito.ufpr.br\/graduacao\/?page_id=565"},"modified":"2025-06-05T18:32:04","modified_gmt":"2025-06-05T21:32:04","slug":"horas-complementares","status":"publish","type":"page","link":"https:\/\/direito.ufpr.br\/?page_id=2740","title":{"rendered":"Horas Complementares"},"content":{"rendered":"\n<p><\/p>\n\n\n<p>Para solicitar a valida\u00e7\u00e3o das Horas Complementares, encaminhe para o e-mail da Coordena\u00e7\u00e3o do Curso (coordenacaojd@ufpr.br) o FORMUL\u00c1RIO-ATIVIDADES-COMPLEMENTARES (dispon\u00edvel nesta p\u00e1gina) preenchido com os dados do estudante, com as horas apresentadas, datado, assinado e acompanhado dos documentos comprobat\u00f3rios.<\/p>\n<p>Conv\u00e9m refor\u00e7ar quanto \u00e0s seguintes informa\u00e7\u00f5es:<\/p>\n<ol>\n<li>A documenta\u00e7\u00e3o comprobat\u00f3ria, inclusive do est\u00e1gio n\u00e3o obrigat\u00f3rio, dever\u00e1 ser apresentada por meio de certificado.<\/li>\n<li>Os limites anuais e do curso para o c\u00f4mputo em cada natureza de atividade est\u00e3o contidos no Quadro de Normatiza\u00e7\u00e3o para Valida\u00e7\u00e3o das Atividades Formativas Complementares (dispon\u00edvel nesta p\u00e1gina).<\/li>\n<li>A solicita\u00e7\u00e3o de valida\u00e7\u00e3o das Atividades Formativas Complementares ocorrer\u00e1 de uma \u00fanica vez, quando o aluno integrar o total de 200 horas necess\u00e1rias ou 150 horas, dependendo do curr\u00edculo. O prazo m\u00e1ximo \u00e9 90 (noventa) dias antes da cola\u00e7\u00e3o de grau.<\/li>\n<\/ol>\n<p>Caso o estudante tenha realizado est\u00e1gio n\u00e3o obrigat\u00f3rio e deseja obter o certificado para utiliz\u00e1-lo no c\u00f4mputo das horas complementares, solicitamos aten\u00e7\u00e3o \u00e0s seguintes orienta\u00e7\u00f5es:<\/p>\n<p>&#8211;\u00a0 Previamente, encaminhe para a Coordena\u00e7\u00e3o do Curso a <a href=\"http:\/\/www.prograd.ufpr.br\/estagio\/formularios\/\">Ficha de Avalia\u00e7\u00e3o de Est\u00e1gio<\/a>, tamb\u00e9m dispon\u00edvel no menu formul\u00e1rios, no site da <a href=\"http:\/\/www.prograd.ufpr.br\/portal\/coafe\/ue\/\">COAFE UFPR<\/a>, devidamente preenchida e assinada pelo supervisor no local do est\u00e1gio. Ap\u00f3s emitido pela Unidade de Est\u00e1gios, o certificado ser\u00e1 enviado para o e-mail do(a) estudante.\u00a0Lembrando que se voc\u00ea pretende obter certificado de est\u00e1gio n\u00e3o obrigat\u00f3rio que ainda esteja em vig\u00eancia, \u00e9 necess\u00e1rio nos enviar tamb\u00e9m a sua rescis\u00e3o e relat\u00f3rio<\/p>\n<p>Eventuais d\u00favidas com rela\u00e7\u00e3o \u00e0 possibilidade de aproveitamento do excedente de horas de est\u00e1gio supervisionado\/obrigat\u00f3rio para c\u00f4mputo em horas complementares devem ser sanadas junto ao NPJ. \u00a0 \u00a0 \u00a0 \u00a0 \u00a0 \u00a0 \u00a0 \u00a0 \u00a0 \u00a0 \u00a0 \u00a0 \u00a0 \u00a0 \u00a0 \u00a0 \u00a0 \u00a0 \u00a0 \u00a0 \u00a0 \u00a0 \u00a0 \u00a0 \u00a0 \u00a0 \u00a0 \u00a0 \u00a0 \u00a0 \u00a0 \u00a0 \u00a0 \u00a0 \u00a0 \u00a0 \u00a0 \u00a0 \u00a0 \u00a0 \u00a0 \u00a0 \u00a0 \u00a0 \u00a0 \u00a0 \u00a0 \u00a0 \u00a0 \u00a0 \u00a0 \u00a0<\/p>\n<p>Aten\u00e7\u00e3o ao prazo no calend\u00e1rio acad\u00eamico vigente.<\/p>\n<p><a href=\"https:\/\/direito.ufpr.br\/?p=39143\">Projeto\u00a0<strong>Universidade Amiga da Justi\u00e7a Eleitoral<\/strong><\/a><\/p>\n<p><strong>QUADRO DE NORMATIZA\u00c7\u00c3O PARA VALIDA\u00c7\u00c3O DAS ATIVIDADES FORMATIVAS COMPLEMENTARES:<\/strong><\/p>\n<p><a href=\"https:\/\/direito.ufpr.br\/wp-content\/uploads\/2023\/02\/ATIVIDADES-COMPLEMENTARES-Alterado-quadro-70-04-CEPE.pdf\">Curr\u00edculo 2010<\/a>\u00a0(somente para os alunos que ingressaram no curso at\u00e9 o ano de 2022).<\/p>\n<p><a href=\"https:\/\/direito.ufpr.br\/wp-content\/uploads\/2023\/07\/CURRICULO-NOVO-2023-Regulamento-das-Atividades-Formativas-Complementares.pdf\">Curr\u00edculo 2023<\/a> (para alunos que ingressam a partir de 2023).<\/p>\n<p><strong>FORMUL\u00c1RIO:<\/strong><\/p>\n<div class=\"wp-block-file\"><a href=\"https:\/\/direito.ufpr.br\/wp-content\/uploads\/2022\/02\/formulario_de_ativ_formativas_complementares-regido_pela_resol_CEPE_70-04-1.pdf\">FORMUL\u00c1RIO-ATIVIDADES-COMPLEMENTARES<\/a><a class=\"wp-block-file__button\" href=\"https:\/\/direito.ufpr.br\/wp-content\/uploads\/2022\/02\/formulario_de_ativ_formativas_complementares-regido_pela_resol_CEPE_70-04-1.pdf\" download=\"\">Baixar<\/a><\/div>\n\n\n<p><\/p>\n","protected":false},"excerpt":{"rendered":"<p>Para solicitar a valida\u00e7\u00e3o das Horas Complementares, encaminhe para o e-mail da Coordena\u00e7\u00e3o do Curso (coordenacaojd@ufpr.br) o FORMUL\u00c1RIO-ATIVIDADES-COMPLEMENTARES (dispon\u00edvel nesta p\u00e1gina) preenchido com os dados do estudante, com as horas apresentadas, datado, assinado e acompanhado dos documentos comprobat\u00f3rios. Conv\u00e9m refor\u00e7ar quanto \u00e0s seguintes informa\u00e7\u00f5es: A documenta\u00e7\u00e3o comprobat\u00f3ria, inclusive do est\u00e1gio n\u00e3o obrigat\u00f3rio, dever\u00e1 ser apresentada [&hellip;]<\/p>\n","protected":false},"author":54,"featured_media":0,"parent":423,"menu_order":0,"comment_status":"open","ping_status":"open","template":"coordencao.php","meta":{"_acf_changed":false,"_eb_attr":"","footnotes":""},"class_list":["post-2740","page","type-page","status-publish","hentry"],"acf":[],"_links":{"self":[{"href":"https:\/\/direito.ufpr.br\/index.php?rest_route=\/wp\/v2\/pages\/2740","targetHints":{"allow":["GET"]}}],"collection":[{"href":"https:\/\/direito.ufpr.br\/index.php?rest_route=\/wp\/v2\/pages"}],"about":[{"href":"https:\/\/direito.ufpr.br\/index.php?rest_route=\/wp\/v2\/types\/page"}],"author":[{"embeddable":true,"href":"https:\/\/direito.ufpr.br\/index.php?rest_route=\/wp\/v2\/users\/54"}],"replies":[{"embeddable":true,"href":"https:\/\/direito.ufpr.br\/index.php?rest_route=%2Fwp%2Fv2%2Fcomments&post=2740"}],"version-history":[{"count":57,"href":"https:\/\/direito.ufpr.br\/index.php?rest_route=\/wp\/v2\/pages\/2740\/revisions"}],"predecessor-version":[{"id":52429,"href":"https:\/\/direito.ufpr.br\/index.php?rest_route=\/wp\/v2\/pages\/2740\/revisions\/52429"}],"up":[{"embeddable":true,"href":"https:\/\/direito.ufpr.br\/index.php?rest_route=\/wp\/v2\/pages\/423"}],"wp:attachment":[{"href":"https:\/\/direito.ufpr.br\/index.php?rest_route=%2Fwp%2Fv2%2Fmedia&parent=2740"}],"curies":[{"name":"wp","href":"https:\/\/api.w.org\/{rel}","templated":true}]}}