{"id":3108,"date":"2014-08-07T12:20:55","date_gmt":"2014-08-07T15:20:55","guid":{"rendered":"https:\/\/direito.ufpr.br\/?page_id=3108"},"modified":"2025-08-27T12:17:39","modified_gmt":"2025-08-27T15:17:39","slug":"colegiado-do-curso","status":"publish","type":"page","link":"https:\/\/direito.ufpr.br\/?page_id=3108","title":{"rendered":""},"content":{"rendered":"\n<p><\/p>\n\n\n<p><img loading=\"lazy\" decoding=\"async\" class=\"alignnone wp-image-33627 size-full\" src=\"https:\/\/direito.ufpr.br\/wp-content\/uploads\/2021\/12\/Barra-superior-Colegiado-2.jpg\" alt=\"\" width=\"1024\" height=\"200\" srcset=\"https:\/\/direito.ufpr.br\/wp-content\/uploads\/2021\/12\/Barra-superior-Colegiado-2.jpg 1024w, https:\/\/direito.ufpr.br\/wp-content\/uploads\/2021\/12\/Barra-superior-Colegiado-2-300x59.jpg 300w, https:\/\/direito.ufpr.br\/wp-content\/uploads\/2021\/12\/Barra-superior-Colegiado-2-768x150.jpg 768w\" sizes=\"auto, (max-width: 1024px) 100vw, 1024px\" \/><\/p>\n<hr \/>\n<table style=\"height: 271px;\" width=\"758\">\n<tbody>\n<tr>\n<td width=\"516\"><em>\u00a0Coordenador do Curso<\/em><\/td>\n<td width=\"361\"><em>Prof. Dr. Thiago de Azevedo Pinheiro Hoshino<\/em><\/td>\n<\/tr>\n<tr>\n<td><em>Vice Coordenador do Curso<\/em><\/td>\n<td><em>Prof\u00aa. Dra<strong>.\u00a0<\/strong>Katya Regina Isaguirre Torres<\/em><\/td>\n<\/tr>\n<tr>\n<td><em>Representante do Departamento de Direito Civil e Processual Civil<\/em><\/td>\n<td><em>Prof. Dr. Eduardo Talamini<\/em><\/td>\n<\/tr>\n<tr>\n<td><em>Representante\u00a0 do Departamento de Direito Penal e Processual Penal<\/em><\/td>\n<td>\n<p><em>Prof. Dr. Francisco de Assis do Rego Monteiro Rocha Junior<\/em><\/p>\n<\/td>\n<\/tr>\n<tr>\n<td><em>Representante\u00a0 do Departamento de Direito Privado<\/em><\/td>\n<td><em>\u00a0Prof\u00aa Dr\u00aa\u00a0 Tatyana Scheila Friedrich<\/em><\/td>\n<\/tr>\n<tr>\n<td><em>Representante\u00a0 do Departamento de Direito P\u00fablico<\/em><\/td>\n<td><em>Prof\u00aa Dr\u00aa Estef\u00e2nia Maria de Queiroz Barboza<\/em><\/td>\n<\/tr>\n<tr>\n<td><em>Representante do N\u00facleo de Pr\u00e1tica Jur\u00eddica<\/em><\/td>\n<td><em>Prof. Dr. Leandro Franklin Gorsdorf<\/em><\/td>\n<\/tr>\n<tr>\n<td><em>Conselho de Representantes Discente Gest\u00e3o 25\/26<\/em><\/td>\n<td><em>Maria Eduarda Berg dos Santos \/Alan Zakaluzny<\/em><\/td>\n<\/tr>\n<\/tbody>\n<\/table>\n<p>O Colegiado de Curso \u00e9 \u00f3rg\u00e3o de coordena\u00e7\u00e3o did\u00e1tica , destinado a elaborar e implantar a pol\u00edtica de ensino e acompanhar a sua execu\u00e7\u00e3o. Suas atribui\u00e7\u00f5es, nos termos do artigo 58 do Regimento Setorial, compreendem:<\/p>\n<p style=\"text-align: justify;\">I. exercer a coordena\u00e7\u00e3o geral do curso e fixar as diretrizes do programa did\u00e1tico e suas disciplinas;<\/p>\n<p style=\"text-align: justify;\">II. promover a integra\u00e7\u00e3o dos planos de ensino, das v\u00e1rias disciplinas elaboradas pelos Departamentos para a organiza\u00e7\u00e3o do programa did\u00e1tico do curso;<\/p>\n<p style=\"text-align: justify;\">III. orientar, coordenar e fiscalizar a atividade do curso nas disciplinas que o integram, aprovando as altera\u00e7\u00f5es que julgar necess\u00e1rias;<\/p>\n<p style=\"text-align: justify;\">IV. propor ao Conselho de Ensino e Pesquisa as altera\u00e7\u00f5es no curr\u00edculo do curso, bem como sugerir normas, crit\u00e9rios e provid\u00eancias em mat\u00e9ria de sua compet\u00eancia;<\/p>\n<p style=\"text-align: justify;\">V. propor a institui\u00e7\u00e3o de per\u00edodo especial;<\/p>\n<p style=\"text-align: justify;\">VI. decidir os pedidos de reop\u00e7\u00e3o e opinar na transfer\u00eancia, verificando a equival\u00eancia dos estudos feitos e indicando as disciplinas a serem adaptadas ou dispensadas, ouvidos os Departamentos;<\/p>\n<p style=\"text-align: justify;\">VII. decidir pedido de dispensa de disciplina, ouvido o Departamento;<\/p>\n<p style=\"text-align: justify;\">VIII. compatibilizar os pr\u00e9-requisitos e os co-requisitos estabelecidos pelos Departamentos, a fim de possibilitar a flexibilidade dos curr\u00edculos e evitar a seria\u00e7\u00e3o no curso;<\/p>\n<p style=\"text-align: justify;\">IX. apreciar representa\u00e7\u00e3o de aluno em mat\u00e9ria did\u00e1tica;<\/p>\n<p style=\"text-align: justify;\">X. estabelecer normas ao desempenho dos professores orientadores a serem designados pelos Departamentos;<\/p>\n<p style=\"text-align: justify;\">XI. dispensar das aulas regulares o aluno participante de curso intensivo, simp\u00f3sios, semin\u00e1rios, congressos ou aulas extraordin\u00e1rias, havendo equival\u00eancia nos estudos;<\/p>\n<p style=\"text-align: justify;\">XII. cumprir as determina\u00e7\u00f5es dos \u00f3rg\u00e3os da administra\u00e7\u00e3o superior e cooperar com os servi\u00e7os de ensino e pesquisa;<\/p>\n<p style=\"text-align: justify;\">XIII. processar e decidir pedido de revalida\u00e7\u00e3o de diploma e certificado expedido por estabelecimento de ensino superior de pa\u00eds estrangeiro;<\/p>\n<p style=\"text-align: justify;\">XIV. instaurar procedimento e propor aplica\u00e7\u00e3o de pena disciplinar;<\/p>\n<p style=\"text-align: justify;\">XV. fixar os hor\u00e1rios das disciplinas ofertadas pelos Departamentos, eliminando coincid\u00eancias;<\/p>\n<p style=\"text-align: justify;\">XVI. exercer outras atribui\u00e7\u00f5es previstas em lei, regulamento ou regimento<\/p>\n<p>Atas de Reuni\u00f5es do Colegiado do Curso:<\/p>\n<p>Ata da Reuni\u00e3o do Colegiado do Curso &#8211; 30 de outubro de 2013<\/p>\n<p>Ata da Reuni\u00e3o do Colegiado do Curso &#8211; 31 de outubro de 2012<\/p>\n<p>Ata da Reuni\u00e3o do Colegiado do Curso &#8211; 12 de abril de 2012<\/p>\n<p>Ata da Reuni\u00e3o do Colegiado do Curso &#8211; 11 de outubro de 2011<\/p>\n<p>Ata da Reuni\u00e3o do Colegiado do Curso &#8211; 07 de abril de 2011<\/p>\n<p>Ata da Reuni\u00e3o do Colegiado do Curso &#8211; 31 de mar\u00e7o de 2010<\/p>\n<p>Ata da Reuni\u00e3o do Colegiado do Curso &#8211; 05 de junho de 2009<\/p>\n<p>Ata da Reuni\u00e3o do Colegiado do Curso &#8211; 05 de maio de 2009<\/p>\n<p>Ata da Reuni\u00e3o do Colegiado do Curso &#8211; 05 de maio de 2009-est\u00e1gios<\/p>\n<p>Ata da Reuni\u00e3o do Colegiado do Curso &#8211; 17 de outubro de 2007<\/p>\n<p>Ata da Reuni\u00e3o do Colegiado do Curso &#8211; 13 de abril de 2007<\/p>","protected":false},"excerpt":{"rendered":"<p>\u00a0Coordenador do Curso Prof. Dr. Thiago de Azevedo Pinheiro Hoshino Vice Coordenador do Curso Prof\u00aa. Dra.\u00a0Katya Regina Isaguirre Torres Representante do Departamento de Direito Civil e Processual Civil Prof. Dr. Eduardo Talamini Representante\u00a0 do Departamento de Direito Penal e Processual Penal Prof. Dr. Francisco de Assis do Rego Monteiro Rocha Junior Representante\u00a0 do Departamento de [&hellip;]<\/p>\n","protected":false},"author":54,"featured_media":0,"parent":0,"menu_order":0,"comment_status":"closed","ping_status":"closed","template":"coordencao.php","meta":{"_acf_changed":false,"_eb_attr":"","footnotes":""},"class_list":["post-3108","page","type-page","status-publish","hentry"],"acf":[],"_links":{"self":[{"href":"https:\/\/direito.ufpr.br\/index.php?rest_route=\/wp\/v2\/pages\/3108","targetHints":{"allow":["GET"]}}],"collection":[{"href":"https:\/\/direito.ufpr.br\/index.php?rest_route=\/wp\/v2\/pages"}],"about":[{"href":"https:\/\/direito.ufpr.br\/index.php?rest_route=\/wp\/v2\/types\/page"}],"author":[{"embeddable":true,"href":"https:\/\/direito.ufpr.br\/index.php?rest_route=\/wp\/v2\/users\/54"}],"replies":[{"embeddable":true,"href":"https:\/\/direito.ufpr.br\/index.php?rest_route=%2Fwp%2Fv2%2Fcomments&post=3108"}],"version-history":[{"count":22,"href":"https:\/\/direito.ufpr.br\/index.php?rest_route=\/wp\/v2\/pages\/3108\/revisions"}],"predecessor-version":[{"id":53266,"href":"https:\/\/direito.ufpr.br\/index.php?rest_route=\/wp\/v2\/pages\/3108\/revisions\/53266"}],"wp:attachment":[{"href":"https:\/\/direito.ufpr.br\/index.php?rest_route=%2Fwp%2Fv2%2Fmedia&parent=3108"}],"curies":[{"name":"wp","href":"https:\/\/api.w.org\/{rel}","templated":true}]}}