{"id":3118,"date":"2014-08-07T12:36:03","date_gmt":"2014-08-07T15:36:03","guid":{"rendered":"https:\/\/direito.ufpr.br\/?page_id=3118"},"modified":"2026-02-25T17:05:08","modified_gmt":"2026-02-25T20:05:08","slug":"estagio-2","status":"publish","type":"page","link":"https:\/\/direito.ufpr.br\/?page_id=3118","title":{"rendered":""},"content":{"rendered":"<p><img loading=\"lazy\" decoding=\"async\" class=\"alignnone wp-image-33642 size-full\" src=\"https:\/\/direito.ufpr.br\/wp-content\/uploads\/2021\/12\/Barra-superior_est-1.jpg\" alt=\"\" width=\"1024\" height=\"200\" srcset=\"https:\/\/direito.ufpr.br\/wp-content\/uploads\/2021\/12\/Barra-superior_est-1.jpg 1024w, https:\/\/direito.ufpr.br\/wp-content\/uploads\/2021\/12\/Barra-superior_est-1-300x59.jpg 300w, https:\/\/direito.ufpr.br\/wp-content\/uploads\/2021\/12\/Barra-superior_est-1-768x150.jpg 768w\" sizes=\"auto, (max-width: 1024px) 100vw, 1024px\" \/><\/p>\n<hr \/>\n<p data-start=\"240\" data-end=\"418\">O Est\u00e1gio \u00e9 ato educativo supervisionado que visa \u00e0 prepara\u00e7\u00e3o para o trabalho produtivo dos alunos regularmente matriculados e com frequ\u00eancia no curso de Bacharelado em Direito.<\/p>\n<p data-start=\"420\" data-end=\"778\">Para a realiza\u00e7\u00e3o do est\u00e1gio, \u00e9 obrigat\u00f3ria a formaliza\u00e7\u00e3o do Termo de Compromisso de Est\u00e1gio entre o estagi\u00e1rio e a parte concedente, tendo a UFPR como interveniente, por meio do Coordenador do Curso e da Coordena\u00e7\u00e3o Geral de Est\u00e1gios. O Plano de Atividades integra o Termo de Compromisso e dever\u00e1 ser aprovado pela COE e assinado pelo professor orientador.<\/p>\n<p data-start=\"420\" data-end=\"778\">\u00a0<\/p>\n<p data-start=\"780\" data-end=\"857\">O projeto did\u00e1tico-pedag\u00f3gico do curso contempla duas modalidades de est\u00e1gio:<\/p>\n<p data-start=\"859\" data-end=\"1050\"><span style=\"color: #800000;\"><strong>Est\u00e1gio n\u00e3o obrigat\u00f3rio<\/strong><\/span> \u2013 Atividade formativa complementar, realizada voluntariamente pelo estudante, em hor\u00e1rio compat\u00edvel com a grade do curso e em campo de est\u00e1gio conveniado com a UFPR.<\/p>\n<p data-start=\"1052\" data-end=\"1071\">O estudante dever\u00e1:<\/p>\n<ul data-start=\"1072\" data-end=\"1350\">\n<li data-start=\"1072\" data-end=\"1130\">\n<p data-start=\"1074\" data-end=\"1130\">apresentar relat\u00f3rio de est\u00e1gio \u00e0 COE a cada seis meses;<\/p>\n<\/li>\n<li data-start=\"1131\" data-end=\"1246\">\n<p data-start=\"1133\" data-end=\"1246\">observar que a avalia\u00e7\u00e3o ser\u00e1 realizada pelo professor orientador, com aux\u00edlio do supervisor do campo de est\u00e1gio;<\/p>\n<\/li>\n<li data-start=\"1247\" data-end=\"1350\">\n<p data-start=\"1249\" data-end=\"1350\">aguardar o encaminhamento \u00e0 COE para emiss\u00e3o de parecer e, posteriormente, \u00e0 COAFE para certifica\u00e7\u00e3o.<\/p>\n<\/li>\n<\/ul>\n<p data-start=\"1352\" data-end=\"1463\"><span style=\"color: #800000;\"><strong>Est\u00e1gio obrigat\u00f3rio<\/strong><\/span> \u2013 Atividade vinculada \u00e0 disciplina de Est\u00e1gio Supervisionado, que exige matr\u00edcula pr\u00e9via.<\/p>\n<p data-start=\"1465\" data-end=\"1573\">A avalia\u00e7\u00e3o \u00e9 realizada pelo professor orientador da disciplina de Est\u00e1gio Supervisionado ofertada pelo DPJ.<\/p>\n<p data-start=\"1465\" data-end=\"1573\">\u00a0<\/p>\n<p data-start=\"1465\" data-end=\"1573\">\u00a0<\/p>\n<p data-start=\"1677\" data-end=\"1756\"><span style=\"color: #800000;\"><strong>PROCEDIMENTO DE EST\u00c1GIO N\u00c3O OBRIGAT\u00d3RIO JUNTO \u00c0 COORDENA\u00c7\u00c3O DO CURSO DE DIREITO<\/strong><\/span><\/p>\n<p data-start=\"1677\" data-end=\"1756\">\u00a0<\/p>\n<p data-start=\"1758\" data-end=\"1843\"><strong>Termo de Compromisso de Est\u00e1gio<\/strong><\/p>\n<p data-start=\"1845\" data-end=\"1907\">Para cadastro e homologa\u00e7\u00e3o, observe as seguintes orienta\u00e7\u00f5es:<\/p>\n<ol data-start=\"1909\" data-end=\"2173\">\n<li data-start=\"1909\" data-end=\"2070\">\n<p data-start=\"1912\" data-end=\"2070\">Ap\u00f3s receber o documento assinado pela concedente e pelo agente de integra\u00e7\u00e3o (se houver), o estudante dever\u00e1 assin\u00e1-lo e encaminh\u00e1-lo \u00e0 Coordena\u00e7\u00e3o do Curso.<\/p>\n<\/li>\n<li data-start=\"2071\" data-end=\"2173\">\n<p data-start=\"2074\" data-end=\"2173\">As assinaturas podem ser f\u00edsicas ou digitais (neste \u00faltimo caso, com certificado de autenticidade).<\/p>\n<\/li>\n<\/ol>\n<p data-start=\"2175\" data-end=\"2295\">Caso o estudante j\u00e1 possua contrato de est\u00e1gio em vig\u00eancia e esteja solicitando novo contrato, dever\u00e1 encaminhar tamb\u00e9m:<\/p>\n<ul data-start=\"2296\" data-end=\"2441\">\n<li data-start=\"2296\" data-end=\"2324\">\n<p data-start=\"2298\" data-end=\"2324\">Rescis\u00e3o do est\u00e1gio atual;<\/p>\n<\/li>\n<li data-start=\"2325\" data-end=\"2441\">\n<p data-start=\"2327\" data-end=\"2441\">Relat\u00f3rio Final, conforme Instru\u00e7\u00e3o Normativa PROGRAD-UFPR n\u00ba 01\/2021, art. 2\u00ba, item b (clique <a href=\"https:\/\/13040574727924238159.googlegroups.com\/attach\/3e24ae4a51a43\/instru%C3%A7%C3%A3o%20Normativa%20est%C3%A1gio%20-%20relat%C3%B3rio.pdf?part=0.1&amp;view=1&amp;vt=ANaJVrH2eph3_CYSBUvr-6II3ExGgCbty8Jb8gdOce6t666xf8--DsGA5wQkEugBlsrZQ62xLhY7fLMbm7S99DrTiiFr8tNxhZJVhTfEjbpOCEdDbzwoo2I\">Aqui<\/a> para acessar).<\/p>\n<\/li>\n<\/ul>\n<p>\u00a0<\/p>\n<p data-start=\"2443\" data-end=\"2547\">Para cadastro e homologa\u00e7\u00e3o de <strong>Termo Aditivo de Est\u00e1gio ou Plano de Est\u00e1gio Aditivo<\/strong>, dever\u00e1 ser encaminhado tamb\u00e9m:<\/p>\n<ul data-start=\"2548\" data-end=\"2666\">\n<li data-start=\"2548\" data-end=\"2666\">\n<p data-start=\"2550\" data-end=\"2666\">Relat\u00f3rio Parcial, conforme Instru\u00e7\u00e3o Normativa PROGRAD-UFPR n\u00ba 01\/2021, art. 2\u00ba, item a (clique <a href=\"https:\/\/13040574727924238159.googlegroups.com\/attach\/3e24ae4a51a43\/instru%C3%A7%C3%A3o%20Normativa%20est%C3%A1gio%20-%20relat%C3%B3rio.pdf?part=0.1&amp;view=1&amp;vt=ANaJVrH2eph3_CYSBUvr-6II3ExGgCbty8Jb8gdOce6t666xf8--DsGA5wQkEugBlsrZQ62xLhY7fLMbm7S99DrTiiFr8tNxhZJVhTfEjbpOCEdDbzwoo2I\">Aqui<\/a> para acessar).<\/p>\n<\/li>\n<\/ul>\n<p>\u00a0<\/p>\n<p data-start=\"2668\" data-end=\"2700\">O Termo de Compromisso pode ser:<\/p>\n<ul data-start=\"2701\" data-end=\"2846\">\n<li data-start=\"2701\" data-end=\"2784\">\n<p data-start=\"2703\" data-end=\"2784\">o modelo da UFPR (dispon\u00edvel em <a class=\"decorated-link\" href=\"http:\/\/www.prograd.ufpr.br\/estagio\/formularios\/\" target=\"_new\" rel=\"noopener\" data-start=\"2735\" data-end=\"2782\">http:\/\/www.prograd.ufpr.br\/estagio\/formularios\/<\/a>);<\/p>\n<\/li>\n<li data-start=\"2785\" data-end=\"2820\">\n<p data-start=\"2787\" data-end=\"2820\">o modelo do agente de integra\u00e7\u00e3o;<\/p>\n<\/li>\n<li data-start=\"2821\" data-end=\"2846\">\n<p data-start=\"2823\" data-end=\"2846\">o modelo da concedente.<\/p>\n<\/li>\n<\/ul>\n<p>\u00a0<\/p>\n<p data-start=\"2848\" data-end=\"2868\"><strong>Relat\u00f3rio de Est\u00e1gio<\/strong><\/p>\n<p data-start=\"2870\" data-end=\"3069\">Ap\u00f3s o preenchimento e assinatura do relat\u00f3rio pelo estudante e pelo supervisor do local de est\u00e1gio, o documento dever\u00e1 ser encaminhado \u00e0 Coordena\u00e7\u00e3o do Curso para assinatura do professor orientador.<\/p>\n<p data-start=\"2870\" data-end=\"3069\">\u00a0<\/p>\n<p data-start=\"3071\" data-end=\"3090\"><strong>Rescis\u00e3o de Est\u00e1gio<\/strong><\/p>\n<p data-start=\"3092\" data-end=\"3158\">Em caso de encerramento do est\u00e1gio, o estudante dever\u00e1 encaminhar:<\/p>\n<ul data-start=\"3159\" data-end=\"3253\">\n<li data-start=\"3159\" data-end=\"3181\">\n<p data-start=\"3161\" data-end=\"3181\">o Termo de Rescis\u00e3o;<\/p>\n<\/li>\n<li data-start=\"3182\" data-end=\"3253\">\n<p data-start=\"3184\" data-end=\"3253\">o Relat\u00f3rio Final devidamente preenchido e assinado, conforme previsto no documento.<\/p>\n<\/li>\n<\/ul>\n<p data-start=\"3255\" data-end=\"3303\">Os documentos devem ser enviados em formato PDF.<\/p>\n<p data-start=\"1093\" data-end=\"1240\">O estudante poder\u00e1 utilizar o modelo de Termo de Rescis\u00e3o disponibilizado pela UFPR, dispon\u00edvel em:<br \/><a class=\"decorated-link\" href=\"http:\/\/www.prograd.ufpr.br\/estagio\/formularios\/\" target=\"_new\" rel=\"noopener\" data-start=\"1193\" data-end=\"1240\">http:\/\/www.prograd.ufpr.br\/estagio\/formularios\/<\/a><\/p>\n<p data-start=\"1242\" data-end=\"1436\">Ressalta-se que a utiliza\u00e7\u00e3o do modelo da UFPR n\u00e3o \u00e9 obrigat\u00f3ria, podendo ser aceito o modelo emitido pela concedente ou pelo agente de integra\u00e7\u00e3o, desde que contenha as informa\u00e7\u00f5es necess\u00e1rias.<\/p>\n<p data-start=\"1242\" data-end=\"1436\">\u00a0<\/p>\n<p data-start=\"3429\" data-end=\"3515\"><strong>Ficha de Avalia\u00e7\u00e3o de Est\u00e1gio (para valida\u00e7\u00e3o de horas de est\u00e1gio como complementares)<\/strong><\/p>\n<p data-start=\"3517\" data-end=\"3718\">Para obter o certificado de est\u00e1gio n\u00e3o obrigat\u00f3rio, o estudante dever\u00e1 encaminhar \u00e0 Coordena\u00e7\u00e3o do Curso a Ficha de Avalia\u00e7\u00e3o de Est\u00e1gio, dispon\u00edvel em:<br \/><a class=\"decorated-link\" href=\"http:\/\/www.prograd.ufpr.br\/estagio\/formularios\/\" target=\"_new\" rel=\"noopener\" data-start=\"3671\" data-end=\"3718\">http:\/\/www.prograd.ufpr.br\/estagio\/formularios\/<\/a><\/p>\n<p data-start=\"3720\" data-end=\"3800\">A ficha deve estar devidamente preenchida e assinada pelo supervisor do est\u00e1gio.<\/p>\n<p data-start=\"3802\" data-end=\"3931\">Caso o est\u00e1gio ainda esteja em vig\u00eancia, ser\u00e1 necess\u00e1rio encaminhar tamb\u00e9m a rescis\u00e3o e o relat\u00f3rio (conforme orienta\u00e7\u00f5es acima).<\/p>\n<p data-start=\"3802\" data-end=\"3931\">\u00a0<\/p>\n<p data-start=\"3933\" data-end=\"3957\"><strong>Informa\u00e7\u00f5es importantes:<\/strong><\/p>\n<p data-start=\"3959\" data-end=\"4060\">Perguntas Frequentes sobre est\u00e1gios:<br \/><a class=\"decorated-link\" href=\"http:\/\/www.prograd.ufpr.br\/portal\/coafe\/ue\/perguntas-frequentes\/\" target=\"_new\" rel=\"noopener\" data-start=\"3996\" data-end=\"4060\">http:\/\/www.prograd.ufpr.br\/portal\/coafe\/ue\/perguntas-frequentes\/<\/a><\/p>\n<p data-start=\"4062\" data-end=\"4136\">P\u00e1gina da Unidade de Est\u00e1gios:<br \/><a class=\"decorated-link\" href=\"http:\/\/www.prograd.ufpr.br\/portal\/coafe\/ue\/\" target=\"_new\" rel=\"noopener\" data-start=\"4093\" data-end=\"4136\">http:\/\/www.prograd.ufpr.br\/portal\/coafe\/ue\/<\/a><\/p>\n<p data-start=\"4138\" data-end=\"4249\">Formul\u00e1rios e informa\u00e7\u00f5es sobre a finalidade de cada documento:<br \/><a class=\"decorated-link\" href=\"http:\/\/www.prograd.ufpr.br\/estagio\/formularios\/\" target=\"_new\" rel=\"noopener\" data-start=\"4202\" data-end=\"4249\">http:\/\/www.prograd.ufpr.br\/estagio\/formularios\/<\/a><\/p>\n<p data-start=\"4138\" data-end=\"4249\">\u00a0<\/p>\n<p data-start=\"4251\" data-end=\"4378\">Em caso de d\u00favidas quanto ao teor dos despachos emitidos pela COAPPE solicitamos que entre em contato com a Unidade de Est\u00e1gios da UFPR pelo e-mail: <a class=\"decorated-link cursor-pointer\" rel=\"noopener\" data-start=\"452\" data-end=\"467\">estagio@ufpr.br<\/a><\/p>\n<p data-start=\"4251\" data-end=\"4378\">\u00a0<\/p>\n<p data-start=\"4251\" data-end=\"4378\"><a href=\"https:\/\/prograp.ufpr.br\/coafe\/wp-content\/uploads\/sites\/15\/2019\/08\/Manual-de-Est%C3%A1gios-Vers%C3%A3o-Final.pdf\">Manual do estagi\u00e1rio<\/a>.\u00a0A documenta\u00e7\u00e3o deve ser providenciada com, no m\u00ednimo, <span style=\"color: #ff0000;\"><strong>10 dias de anteced\u00eancia<\/strong>.<\/span><\/p>\n<p data-start=\"4380\" data-end=\"4517\">\u00a0<\/p>\n<p data-start=\"4380\" data-end=\"4517\"><span style=\"color: #ff0000;\"><strong>Documentos ileg\u00edveis, incompletos, em desacordo com as orienta\u00e7\u00f5es ou sem assinatura ser\u00e3o devolvidos ao(\u00e0) estudante para regulariza\u00e7\u00e3o.<\/strong><\/span><\/p>\n<p style=\"text-align: justify;\">\u00a0<\/p>\n\n\n<div class=\"wp-block-file\"><a href=\"https:\/\/direito.ufpr.br\/wp-content\/uploads\/2022\/06\/ANEXO-Regulamento-Estagio-Direito-WORD.docx\">ANEXO-Regulamento Est\u00e1gio Direito<\/a><a href=\"https:\/\/direito.ufpr.br\/wp-content\/uploads\/2022\/06\/ANEXO-Regulamento-Estagio-Direito-WORD.docx\" class=\"wp-block-file__button\" download>Baixar<\/a><\/div>\n\n\n\n<p><\/p>\n","protected":false},"excerpt":{"rendered":"<p>O Est\u00e1gio \u00e9 ato educativo supervisionado que visa \u00e0 prepara\u00e7\u00e3o para o trabalho produtivo dos alunos regularmente matriculados e com frequ\u00eancia no curso de Bacharelado em Direito. Para a realiza\u00e7\u00e3o do est\u00e1gio, \u00e9 obrigat\u00f3ria a formaliza\u00e7\u00e3o do Termo de Compromisso de Est\u00e1gio entre o estagi\u00e1rio e a parte concedente, tendo a UFPR como interveniente, por [&hellip;]<\/p>\n","protected":false},"author":54,"featured_media":0,"parent":0,"menu_order":0,"comment_status":"closed","ping_status":"closed","template":"coordencao.php","meta":{"_acf_changed":false,"_eb_attr":"","footnotes":""},"class_list":["post-3118","page","type-page","status-publish","hentry"],"acf":[],"_links":{"self":[{"href":"https:\/\/direito.ufpr.br\/index.php?rest_route=\/wp\/v2\/pages\/3118","targetHints":{"allow":["GET"]}}],"collection":[{"href":"https:\/\/direito.ufpr.br\/index.php?rest_route=\/wp\/v2\/pages"}],"about":[{"href":"https:\/\/direito.ufpr.br\/index.php?rest_route=\/wp\/v2\/types\/page"}],"author":[{"embeddable":true,"href":"https:\/\/direito.ufpr.br\/index.php?rest_route=\/wp\/v2\/users\/54"}],"replies":[{"embeddable":true,"href":"https:\/\/direito.ufpr.br\/index.php?rest_route=%2Fwp%2Fv2%2Fcomments&post=3118"}],"version-history":[{"count":73,"href":"https:\/\/direito.ufpr.br\/index.php?rest_route=\/wp\/v2\/pages\/3118\/revisions"}],"predecessor-version":[{"id":54763,"href":"https:\/\/direito.ufpr.br\/index.php?rest_route=\/wp\/v2\/pages\/3118\/revisions\/54763"}],"wp:attachment":[{"href":"https:\/\/direito.ufpr.br\/index.php?rest_route=%2Fwp%2Fv2%2Fmedia&parent=3118"}],"curies":[{"name":"wp","href":"https:\/\/api.w.org\/{rel}","templated":true}]}}