{"id":3121,"date":"2014-08-07T12:37:44","date_gmt":"2014-08-07T15:37:44","guid":{"rendered":"https:\/\/direito.ufpr.br\/?page_id=3121"},"modified":"2026-03-05T18:20:01","modified_gmt":"2026-03-05T21:20:01","slug":"exercicios-domiciliares","status":"publish","type":"page","link":"https:\/\/direito.ufpr.br\/?page_id=3121","title":{"rendered":""},"content":{"rendered":"<p><img loading=\"lazy\" decoding=\"async\" class=\"alignnone wp-image-33651 size-full\" src=\"https:\/\/direito.ufpr.br\/wp-content\/uploads\/2021\/12\/Barra-superior_Exerc.jpg\" alt=\"\" width=\"1024\" height=\"200\" srcset=\"https:\/\/direito.ufpr.br\/wp-content\/uploads\/2021\/12\/Barra-superior_Exerc.jpg 1024w, https:\/\/direito.ufpr.br\/wp-content\/uploads\/2021\/12\/Barra-superior_Exerc-300x59.jpg 300w, https:\/\/direito.ufpr.br\/wp-content\/uploads\/2021\/12\/Barra-superior_Exerc-768x150.jpg 768w\" sizes=\"auto, (max-width: 1024px) 100vw, 1024px\" \/><\/p>\n<hr \/>\n<p data-start=\"0\" data-end=\"230\">Ser\u00e1 permitido \u00e0s alunas em estado de gravidez (Lei n\u00ba 6.202\/75) e aos alunos amparados nos termos do Decreto-Lei n\u00ba 1.044\/69 substituir a frequ\u00eancia \u00e0s aulas por exerc\u00edcios domiciliares (Resolu\u00e7\u00e3o n\u00ba 37\/97 \u2013 CEPE, arts. 84 e 85).<\/p>\n<p data-start=\"232\" data-end=\"514\">O aluno ou seu representante dever\u00e1 solicitar o regime de exerc\u00edcios domiciliares \u00e0 Coordena\u00e7\u00e3o do Curso no prazo de at\u00e9 5 (cinco) dias \u00fateis, contados a partir do in\u00edcio do impedimento. A Coordena\u00e7\u00e3o encaminhar\u00e1 consulta aos departamentos respons\u00e1veis pelas disciplinas requeridas.<\/p>\n<p data-start=\"516\" data-end=\"729\" data-is-last-node=\"\" data-is-only-node=\"\">Caso a natureza da disciplina seja incompat\u00edvel com a realiza\u00e7\u00e3o de exerc\u00edcios domiciliares, a Coordena\u00e7\u00e3o encaminhar\u00e1 o requerimento, ap\u00f3s aprova\u00e7\u00e3o pelo Colegiado do Curso, \u00e0 COPAP para a exclus\u00e3o da matr\u00edcula na disciplina.<\/p>\n<p data-start=\"516\" data-end=\"729\" data-is-last-node=\"\" data-is-only-node=\"\">\n<p><strong>SOLICITA\u00c7\u00c3O:<\/strong><\/p>\n<p>Preencher o requerimento de <a href=\"https:\/\/direito.ufpr.br\/wp-content\/uploads\/2026\/03\/exercicios-domiciliares.pdf\">Exerc\u00edcios Domiciliares<\/a>, anexar os comprovantes do impedimento e encaminhar a documenta\u00e7\u00e3o \u00e0 Coordena\u00e7\u00e3o do Curso, pelo e-mail <a class=\"decorated-link\" href=\"mailto:coordenacaojd@ufpr.br\" rel=\"noopener\" data-start=\"169\" data-end=\"190\">coordenacaojd@ufpr.br<\/a>.<\/p>\n<p>Aten\u00e7\u00e3o ao prazo no calend\u00e1rio acad\u00eamico vigente.<\/p>\n<p>Refer\u00eancias:<\/p>\n<ul>\n<li><b>Resolu\u00e7\u00e3o 37\/97-CEPE\/UFPR<\/b>\u00a0(clique\u00a0<a href=\"http:\/\/www.soc.ufpr.br\/portal\/wp-content\/uploads\/2016\/07\/cepe-37-97-alterada-pela-Res-70-18.pdf\" target=\"_blank\" rel=\"noopener noreferrer\" data-auth=\"NotApplicable\" data-linkindex=\"0\">Aqui<\/a>\u00a0para acessar).<\/li>\n<li><b>Decreto-Lei n\u00ba 1044\/69<\/b>\u00a0(clique\u00a0<a href=\"http:\/\/www.planalto.gov.br\/ccivil_03\/decreto-lei\/del1044.htm\" target=\"_blank\" rel=\"noopener noreferrer\" data-auth=\"NotApplicable\" data-linkindex=\"1\">Aqui<\/a>\u00a0para acessar).<\/li>\n<li><b>Lei N\u00ba 6.202\/75<\/b>\u00a0(clique\u00a0<a href=\"http:\/\/www.planalto.gov.br\/ccivil_03\/leis\/1970-1979\/l6202.htm\" target=\"_blank\" rel=\"noopener noreferrer\" data-auth=\"NotApplicable\" data-linkindex=\"2\">Aqui<\/a>\u00a0para acessar).<\/li>\n<\/ul>\n","protected":false},"excerpt":{"rendered":"<p>Ser\u00e1 permitido \u00e0s alunas em estado de gravidez (Lei n\u00ba 6.202\/75) e aos alunos amparados nos termos do Decreto-Lei n\u00ba 1.044\/69 substituir a frequ\u00eancia \u00e0s aulas por exerc\u00edcios domiciliares (Resolu\u00e7\u00e3o n\u00ba 37\/97 \u2013 CEPE, arts. 84 e 85). O aluno ou seu representante dever\u00e1 solicitar o regime de exerc\u00edcios domiciliares \u00e0 Coordena\u00e7\u00e3o do Curso no [&hellip;]<\/p>\n","protected":false},"author":54,"featured_media":0,"parent":0,"menu_order":0,"comment_status":"closed","ping_status":"closed","template":"coordencao.php","meta":{"_acf_changed":false,"_eb_attr":"","footnotes":""},"class_list":["post-3121","page","type-page","status-publish","hentry"],"acf":[],"_links":{"self":[{"href":"https:\/\/direito.ufpr.br\/index.php?rest_route=\/wp\/v2\/pages\/3121","targetHints":{"allow":["GET"]}}],"collection":[{"href":"https:\/\/direito.ufpr.br\/index.php?rest_route=\/wp\/v2\/pages"}],"about":[{"href":"https:\/\/direito.ufpr.br\/index.php?rest_route=\/wp\/v2\/types\/page"}],"author":[{"embeddable":true,"href":"https:\/\/direito.ufpr.br\/index.php?rest_route=\/wp\/v2\/users\/54"}],"replies":[{"embeddable":true,"href":"https:\/\/direito.ufpr.br\/index.php?rest_route=%2Fwp%2Fv2%2Fcomments&post=3121"}],"version-history":[{"count":17,"href":"https:\/\/direito.ufpr.br\/index.php?rest_route=\/wp\/v2\/pages\/3121\/revisions"}],"predecessor-version":[{"id":54944,"href":"https:\/\/direito.ufpr.br\/index.php?rest_route=\/wp\/v2\/pages\/3121\/revisions\/54944"}],"wp:attachment":[{"href":"https:\/\/direito.ufpr.br\/index.php?rest_route=%2Fwp%2Fv2%2Fmedia&parent=3121"}],"curies":[{"name":"wp","href":"https:\/\/api.w.org\/{rel}","templated":true}]}}