{"id":32625,"date":"2021-12-13T15:46:51","date_gmt":"2021-12-13T18:46:51","guid":{"rendered":"https:\/\/direito.ufpr.br\/?page_id=32625"},"modified":"2024-08-05T19:44:12","modified_gmt":"2024-08-05T22:44:12","slug":"recursos-e-infraestrutura","status":"publish","type":"page","link":"https:\/\/direito.ufpr.br\/?page_id=32625","title":{"rendered":""},"content":{"rendered":"<p><img loading=\"lazy\" decoding=\"async\" class=\"alignnone wp-image-33102 size-full\" src=\"https:\/\/direito.ufpr.br\/wp-content\/uploads\/2021\/12\/Barra_sup_Recursos-4.jpg\" alt=\"\" width=\"1024\" height=\"200\" srcset=\"https:\/\/direito.ufpr.br\/wp-content\/uploads\/2021\/12\/Barra_sup_Recursos-4.jpg 1024w, https:\/\/direito.ufpr.br\/wp-content\/uploads\/2021\/12\/Barra_sup_Recursos-4-300x59.jpg 300w, https:\/\/direito.ufpr.br\/wp-content\/uploads\/2021\/12\/Barra_sup_Recursos-4-768x150.jpg 768w\" sizes=\"auto, (max-width: 1024px) 100vw, 1024px\" \/><\/p>\n<hr>\n\n\n<p>Localizado na Pra\u00e7a Santos Andrade, n\u00ba 50, o Curso de Direito da UFPR oferece aos seus estudantes todos os elementos necess\u00e1rios para completar sua forma\u00e7\u00e3o.<\/p>\n\n\n\n<p>O Pr\u00e9dio Hist\u00f3rico \u00e9 a primeira sede da UFPR e, desde sempre, \u00e9 a sede da Faculdade de Direito. Com mais de 100 anos de hist\u00f3ria, o pr\u00e9dio \u00e9 reconhecido nacionalmente como s\u00edmbolo de Curitiba e est\u00e1 localizado no centro da capital do Paran\u00e1. Sua bem conservada estrutura, tombada como patrim\u00f4nio hist\u00f3rico, oferece todas as facilidades necess\u00e1rias para o desenvolvimento do ensino jur\u00eddico em grande estilo. <\/p>\n\n\n\n<p>Conhe\u00e7a mais sobre a hist\u00f3ria do edif\u00edcio: <\/p>\n\n\n\n<figure class=\"wp-block-embed aligncenter is-type-video is-provider-youtube wp-block-embed-youtube wp-embed-aspect-16-9 wp-has-aspect-ratio\"><div class=\"wp-block-embed__wrapper\">\n<iframe loading=\"lazy\" title=\"UFPR | Conhe\u00e7a o Pr\u00e9dio Hist\u00f3rico (Santos Andrade)\" width=\"500\" height=\"281\" src=\"https:\/\/www.youtube.com\/embed\/skmbN_I6uTQ?feature=oembed\" frameborder=\"0\" allow=\"accelerometer; autoplay; clipboard-write; encrypted-media; gyroscope; picture-in-picture; web-share\" referrerpolicy=\"strict-origin-when-cross-origin\" allowfullscreen><\/iframe>\n<\/div><\/figure>\n\n\n\n<p>Dentro do complexo, contamos com:<\/p>\n\n\n\n<p><strong>&#8211; Salas de aula:<\/strong> amplas e confort\u00e1veis, as salas das disciplinas obrigat\u00f3rias est\u00e3o aparelhadas com equipamentos de som e multim\u00eddia que permitem emiss\u00e3o e reprodu\u00e7\u00e3o de imagens e som que oferecem uma grande gama de recursos ao ensino.<\/p>\n\n\n\n<p><strong>&#8211; Sala de Inform\u00e1tica:<\/strong> a sala de inform\u00e1tica oferece aos alunos um espa\u00e7o importante para que possam desenvolver suas atividades acad\u00eamicas com suporte eletr\u00f4nico de computadores atualizados e internet r\u00e1pida e acess\u00edvel, al\u00e9m de um importante n\u00famero de softwares disponibilizados pela pr\u00f3pria UFPR.<\/p>\n\n\n\n<p><strong>&#8211; Sala de Estudo:<\/strong> a sala de estudo oferece aos alunos um espa\u00e7o para que possam desenvolver suas atividades acad\u00eamicas com tranquilidade e quietude, com a disponibiliza\u00e7\u00e3o de Wi-Fi de boa velocidade.<\/p>\n\n\n\n<p><strong>&#8211; Sal\u00e3o Nobre:<\/strong> O hist\u00f3rico Sal\u00e3o Nobre da Faculdade de Direito da UFPR permite a realiza\u00e7\u00e3o de atividades acad\u00eamicas que v\u00e3o de confer\u00eancias cient\u00edficas a simula\u00e7\u00f5es de julgamentos, tudo acompanhado da adequada infraestrutura necess\u00e1ria a essas atividades.<\/p>\n\n\n\n<p><strong>&#8211; Biblioteca: <\/strong>a <a href=\"https:\/\/bibliotecas.ufpr.br\/sobre\/bibliotecas\/jd\/\" target=\"_blank\" rel=\"noreferrer noopener\">Biblioteca do Setor de Ci\u00eancias Jur\u00eddicas<\/a>  faz parte do Sistema de Bibliotecas da UFPR e est\u00e1 composta por um grande acervo jur\u00eddico de obras hist\u00f3ricas e atualizadas, com acesso, inclusive, a uma importante plataforma de peri\u00f3dicos eletr\u00f4nicos que permitem de forma f\u00e1cil e \u00e1gil o estudo e a pesquisa jur\u00eddica.<\/p>\n\n\n\n<p><em>Atualizado em 26\/07\/2023<\/em><\/p>\n\n\n\n<h2 class=\"wp-block-heading\"><strong>GALERIA DE IMAGENS <\/strong><\/h2>\n\n\n\n<div class=\"alignnormal\"><div id=\"metaslider-id-38192\" style=\"max-width: 1000px;\" class=\"ml-slider-3-108-0 metaslider metaslider-flex metaslider-38192 ml-slider has-dots-nav ms-theme-default\" role=\"region\" aria-label=\"Fotos Estrutura\" data-height=\"800\" data-width=\"1000\">\n    <div id=\"metaslider_container_38192\">\n        <div id=\"metaslider_38192\">\n            <ul class='slides'>\n                <li style=\"display: block; width: 100%;\" class=\"slide-39079 ms-image \" aria-roledescription=\"slide\" data-date=\"2022-07-28 16:54:10\" data-filename=\"Nova_fachada-scaled-1000x800.jpg\" data-slide-type=\"image\"><img loading=\"lazy\" decoding=\"async\" src=\"https:\/\/direito.ufpr.br\/wp-content\/uploads\/2022\/07\/Nova_fachada-scaled-1000x800.jpg\" height=\"800\" width=\"1000\" alt=\"\" class=\"slider-38192 slide-39079 msDefaultImage\" title=\"Nova_fachada\" \/><\/li>\n                <li style=\"display: none; width: 100%;\" class=\"slide-38972 ms-image \" aria-roledescription=\"slide\" data-date=\"2022-07-14 18:15:21\" data-filename=\"Fachada_Aereo-1-scaled-1000x800.jpg\" data-slide-type=\"image\"><img loading=\"lazy\" decoding=\"async\" src=\"https:\/\/direito.ufpr.br\/wp-content\/uploads\/2022\/07\/Fachada_Aereo-1-scaled-1000x800.jpg\" height=\"800\" width=\"1000\" alt=\"\" class=\"slider-38192 slide-38972 msDefaultImage\" title=\"Fachada_Aereo\" \/><div class=\"caption-wrap\"><div class=\"caption\">Fachada Pr\u00e9dio Hist\u00f3rico<\/div><\/div><\/li>\n                <li style=\"display: none; width: 100%;\" class=\"slide-38975 ms-image \" aria-roledescription=\"slide\" data-date=\"2022-07-14 18:16:43\" data-filename=\"Fachada_Noturno-2-scaled-1000x800.jpg\" data-slide-type=\"image\"><img loading=\"lazy\" decoding=\"async\" src=\"https:\/\/direito.ufpr.br\/wp-content\/uploads\/2022\/07\/Fachada_Noturno-2-scaled-1000x800.jpg\" height=\"800\" width=\"1000\" alt=\"\" class=\"slider-38192 slide-38975 msDefaultImage\" title=\"Fachada_Noturno\" \/><div class=\"caption-wrap\"><div class=\"caption\">Fachada Pr\u00e9dio Hist\u00f3rico<\/div><\/div><\/li>\n                <li style=\"display: none; width: 100%;\" class=\"slide-38196 ms-image \" aria-roledescription=\"slide\" data-date=\"2022-05-24 14:40:36\" data-filename=\"Hall_entrada-1000x800.jpg\" data-slide-type=\"image\"><img loading=\"lazy\" decoding=\"async\" src=\"https:\/\/direito.ufpr.br\/wp-content\/uploads\/2022\/05\/Hall_entrada-1000x800.jpg\" height=\"800\" width=\"1000\" alt=\"\" class=\"slider-38192 slide-38196 msDefaultImage\" title=\"Hall_entrada\" \/><div class=\"caption-wrap\"><div class=\"caption\">Hall de Entrada<\/div><\/div><\/li>\n                <li style=\"display: none; width: 100%;\" class=\"slide-38211 ms-image \" aria-roledescription=\"slide\" data-date=\"2022-05-24 14:40:37\" data-filename=\"SetorJur-25-1000x800.jpg\" data-slide-type=\"image\"><img loading=\"lazy\" decoding=\"async\" src=\"https:\/\/direito.ufpr.br\/wp-content\/uploads\/2022\/05\/SetorJur-25-1000x800.jpg\" height=\"800\" width=\"1000\" alt=\"\" class=\"slider-38192 slide-38211 msDefaultImage\" title=\"SetorJur-25\" \/><div class=\"caption-wrap\"><div class=\"caption\">Hall Dire\u00e7\u00e3o<\/div><\/div><\/li>\n                <li style=\"display: none; width: 100%;\" class=\"slide-38198 ms-image \" aria-roledescription=\"slide\" data-date=\"2022-05-24 14:40:36\" data-filename=\"SetorJur-55-1000x800.jpg\" data-slide-type=\"image\"><img loading=\"lazy\" decoding=\"async\" src=\"https:\/\/direito.ufpr.br\/wp-content\/uploads\/2022\/05\/SetorJur-55-1000x800.jpg\" height=\"800\" width=\"1000\" alt=\"\" class=\"slider-38192 slide-38198 msDefaultImage\" title=\"SetorJur-55\" \/><div class=\"caption-wrap\"><div class=\"caption\">Sala da Dire\u00e7\u00e3o<\/div><\/div><\/li>\n                <li style=\"display: none; width: 100%;\" class=\"slide-38197 ms-image \" aria-roledescription=\"slide\" data-date=\"2022-05-24 14:40:36\" data-filename=\"SetorJur-59-1000x800.jpg\" data-slide-type=\"image\"><img loading=\"lazy\" decoding=\"async\" src=\"https:\/\/direito.ufpr.br\/wp-content\/uploads\/2022\/05\/SetorJur-59-1000x800.jpg\" height=\"800\" width=\"1000\" alt=\"\" class=\"slider-38192 slide-38197 msDefaultImage\" title=\"SetorJur-59\" \/><div class=\"caption-wrap\"><div class=\"caption\">Sala de Reuni\u00f5es da Dire\u00e7\u00e3o<\/div><\/div><\/li>\n                <li style=\"display: none; width: 100%;\" class=\"slide-38206 ms-image \" aria-roledescription=\"slide\" data-date=\"2022-05-24 14:40:37\" data-filename=\"SetorJur-32-1000x800.jpg\" data-slide-type=\"image\"><img loading=\"lazy\" decoding=\"async\" src=\"https:\/\/direito.ufpr.br\/wp-content\/uploads\/2022\/05\/SetorJur-32-1000x800.jpg\" height=\"800\" width=\"1000\" alt=\"\" class=\"slider-38192 slide-38206 msDefaultImage\" title=\"SetorJur-32\" \/><div class=\"caption-wrap\"><div class=\"caption\">Sal\u00e3o Nobre<\/div><\/div><\/li>\n                <li style=\"display: none; width: 100%;\" class=\"slide-38201 ms-image \" aria-roledescription=\"slide\" data-date=\"2022-05-24 14:40:36\" data-filename=\"SetorJur-49-1000x800.jpg\" data-slide-type=\"image\"><img loading=\"lazy\" decoding=\"async\" src=\"https:\/\/direito.ufpr.br\/wp-content\/uploads\/2022\/05\/SetorJur-49-1000x800.jpg\" height=\"800\" width=\"1000\" alt=\"\" class=\"slider-38192 slide-38201 msDefaultImage\" title=\"SetorJur-49\" \/><div class=\"caption-wrap\"><div class=\"caption\">Sala de Aula Boulevard<\/div><\/div><\/li>\n                <li style=\"display: none; width: 100%;\" class=\"slide-38203 ms-image \" aria-roledescription=\"slide\" data-date=\"2022-05-24 14:40:37\" data-filename=\"SetorJur-44-1000x800.jpg\" data-slide-type=\"image\"><img loading=\"lazy\" decoding=\"async\" src=\"https:\/\/direito.ufpr.br\/wp-content\/uploads\/2022\/05\/SetorJur-44-1000x800.jpg\" height=\"800\" width=\"1000\" alt=\"\" class=\"slider-38192 slide-38203 msDefaultImage\" title=\"SetorJur-44\" \/><div class=\"caption-wrap\"><div class=\"caption\">Sala de Aula 2\u00ba Andar<\/div><\/div><\/li>\n                <li style=\"display: none; width: 100%;\" class=\"slide-38204 ms-image \" aria-roledescription=\"slide\" data-date=\"2022-05-24 14:40:37\" data-filename=\"SetorJur-41-1000x800.jpg\" data-slide-type=\"image\"><img loading=\"lazy\" decoding=\"async\" src=\"https:\/\/direito.ufpr.br\/wp-content\/uploads\/2022\/05\/SetorJur-41-1000x800.jpg\" height=\"800\" width=\"1000\" alt=\"\" class=\"slider-38192 slide-38204 msDefaultImage\" title=\"SetorJur-41\" \/><div class=\"caption-wrap\"><div class=\"caption\">Sala de Aulas 2\u00ba Andar<\/div><\/div><\/li>\n                <li style=\"display: none; width: 100%;\" class=\"slide-38216 ms-image \" aria-roledescription=\"slide\" data-date=\"2022-05-24 14:40:38\" data-filename=\"SetorJur-18-1000x800.jpg\" data-slide-type=\"image\"><img loading=\"lazy\" decoding=\"async\" src=\"https:\/\/direito.ufpr.br\/wp-content\/uploads\/2022\/05\/SetorJur-18-1000x800.jpg\" height=\"800\" width=\"1000\" alt=\"\" class=\"slider-38192 slide-38216 msDefaultImage\" title=\"SetorJur-18\" \/><div class=\"caption-wrap\"><div class=\"caption\">\u00c1rea Boulevard - Vista a\u00e9rea<\/div><\/div><\/li>\n                <li style=\"display: none; width: 100%;\" class=\"slide-38215 ms-image \" aria-roledescription=\"slide\" data-date=\"2022-05-24 14:40:38\" data-filename=\"SetorJur-19-1000x800.jpg\" data-slide-type=\"image\"><img loading=\"lazy\" decoding=\"async\" src=\"https:\/\/direito.ufpr.br\/wp-content\/uploads\/2022\/05\/SetorJur-19-1000x800.jpg\" height=\"800\" width=\"1000\" alt=\"\" class=\"slider-38192 slide-38215 msDefaultImage\" title=\"SetorJur-19\" \/><div class=\"caption-wrap\"><div class=\"caption\">Detalhe \u00c1rea Boulevard<\/div><\/div><\/li>\n                <li style=\"display: none; width: 100%;\" class=\"slide-38220 ms-image \" aria-roledescription=\"slide\" data-date=\"2022-05-24 14:40:38\" data-filename=\"SetorJur-3-1000x800.jpg\" data-slide-type=\"image\"><img loading=\"lazy\" decoding=\"async\" src=\"https:\/\/direito.ufpr.br\/wp-content\/uploads\/2022\/05\/SetorJur-3-1000x800.jpg\" height=\"800\" width=\"1000\" alt=\"\" class=\"slider-38192 slide-38220 msDefaultImage\" title=\"SetorJur-3\" \/><div class=\"caption-wrap\"><div class=\"caption\">Sala da Inform\u00e1tica<\/div><\/div><\/li>\n                <li style=\"display: none; width: 100%;\" class=\"slide-38223 ms-image \" aria-roledescription=\"slide\" data-date=\"2022-05-24 14:51:54\" data-filename=\"SetorJur-4-1000x800.jpg\" data-slide-type=\"image\"><img loading=\"lazy\" decoding=\"async\" src=\"https:\/\/direito.ufpr.br\/wp-content\/uploads\/2022\/05\/SetorJur-4-1000x800.jpg\" height=\"800\" width=\"1000\" alt=\"\" class=\"slider-38192 slide-38223 msDefaultImage\" title=\"SetorJur-4\" \/><div class=\"caption-wrap\"><div class=\"caption\">Sala de Inform\u00e1tica<\/div><\/div><\/li>\n                <li style=\"display: none; width: 100%;\" class=\"slide-38222 ms-image \" aria-roledescription=\"slide\" data-date=\"2022-05-24 14:51:54\" data-filename=\"SetorJur-6-1000x800.jpg\" data-slide-type=\"image\"><img loading=\"lazy\" decoding=\"async\" src=\"https:\/\/direito.ufpr.br\/wp-content\/uploads\/2022\/05\/SetorJur-6-1000x800.jpg\" height=\"800\" width=\"1000\" alt=\"\" class=\"slider-38192 slide-38222 msDefaultImage\" title=\"SetorJur-6\" \/><div class=\"caption-wrap\"><div class=\"caption\">Sala de Estudos<\/div><\/div><\/li>\n                <li style=\"display: none; width: 100%;\" class=\"slide-38195 ms-image \" aria-roledescription=\"slide\" data-date=\"2022-05-24 14:40:36\" data-filename=\"SetorJur-38-1-1000x800.jpg\" data-slide-type=\"image\"><img loading=\"lazy\" decoding=\"async\" src=\"https:\/\/direito.ufpr.br\/wp-content\/uploads\/2022\/05\/SetorJur-38-1-1000x800.jpg\" height=\"800\" width=\"1000\" alt=\"\" class=\"slider-38192 slide-38195 msDefaultImage\" title=\"SetorJur-38-1\" \/><div class=\"caption-wrap\"><div class=\"caption\">Audit\u00f3rio 2\u00ba Andar<\/div><\/div><\/li>\n                <li style=\"display: none; width: 100%;\" class=\"slide-38205 ms-image \" aria-roledescription=\"slide\" data-date=\"2022-05-24 14:40:37\" data-filename=\"SetorJur-40-1000x800.jpg\" data-slide-type=\"image\"><img loading=\"lazy\" decoding=\"async\" src=\"https:\/\/direito.ufpr.br\/wp-content\/uploads\/2022\/05\/SetorJur-40-1000x800.jpg\" height=\"800\" width=\"1000\" alt=\"\" class=\"slider-38192 slide-38205 msDefaultImage\" title=\"SetorJur-40\" \/><div class=\"caption-wrap\"><div class=\"caption\">Audit\u00f3rio 2\u00ba Andar<\/div><\/div><\/li>\n                <li style=\"display: none; width: 100%;\" class=\"slide-44245 ms-image \" aria-roledescription=\"slide\" data-date=\"2023-07-26 11:02:25\" data-filename=\"WhatsApp-Image-2023-07-26-at-10.25.21-1-1000x800.jpeg\" data-slide-type=\"image\"><img loading=\"lazy\" decoding=\"async\" src=\"https:\/\/direito.ufpr.br\/wp-content\/uploads\/2023\/07\/WhatsApp-Image-2023-07-26-at-10.25.21-1-1000x800.jpeg\" height=\"800\" width=\"1000\" alt=\"\" class=\"slider-38192 slide-44245 msDefaultImage\" title=\"WhatsApp Image 2023-07-26 at 10.25.21 (1)\" \/><div class=\"caption-wrap\"><div class=\"caption\">Sala da Mem\u00f3ria 1\u00ba Andar<\/div><\/div><\/li>\n                <li style=\"display: none; width: 100%;\" class=\"slide-44251 ms-image \" aria-roledescription=\"slide\" data-date=\"2023-07-26 11:11:42\" data-filename=\"WhatsApp-Image-2023-07-26-at-10.25.21-1000x800.jpeg\" data-slide-type=\"image\"><a href=\"http:\/\/Sala%20da%20Mem\u00f3ria%201\u00ba%20Andar\" target=\"_self\" aria-label=\"View Slide Details\" class=\"metaslider_image_link\"><img loading=\"lazy\" decoding=\"async\" src=\"https:\/\/direito.ufpr.br\/wp-content\/uploads\/2023\/07\/WhatsApp-Image-2023-07-26-at-10.25.21-1000x800.jpeg\" height=\"800\" width=\"1000\" alt=\"\" class=\"slider-38192 slide-44251 msDefaultImage\" title=\"WhatsApp Image 2023-07-26 at 10.25.21\" \/><\/a><\/li>\n                <li style=\"display: none; width: 100%;\" class=\"slide-38194 ms-image \" aria-roledescription=\"slide\" data-date=\"2022-05-24 14:40:36\" data-filename=\"SetorJur-8-1000x800.jpg\" data-slide-type=\"image\"><img loading=\"lazy\" decoding=\"async\" src=\"https:\/\/direito.ufpr.br\/wp-content\/uploads\/2022\/05\/SetorJur-8-1000x800.jpg\" height=\"800\" width=\"1000\" alt=\"\" class=\"slider-38192 slide-38194 msDefaultImage\" title=\"SetorJur-8\" \/><div class=\"caption-wrap\"><div class=\"caption\">Sala de Confer\u00eancia<\/div><\/div><\/li>\n                <li style=\"display: none; width: 100%;\" class=\"slide-38213 ms-image \" aria-roledescription=\"slide\" data-date=\"2022-05-24 14:40:37\" data-filename=\"SetorJur-21-1000x800.jpg\" data-slide-type=\"image\"><img loading=\"lazy\" decoding=\"async\" src=\"https:\/\/direito.ufpr.br\/wp-content\/uploads\/2022\/05\/SetorJur-21-1000x800.jpg\" height=\"800\" width=\"1000\" alt=\"\" class=\"slider-38192 slide-38213 msDefaultImage\" title=\"SetorJur-21\" \/><div class=\"caption-wrap\"><div class=\"caption\">Secretaria P\u00f3s-Gradua\u00e7\u00e3o<\/div><\/div><\/li>\n                <li style=\"display: none; width: 100%;\" class=\"slide-38218 ms-image \" aria-roledescription=\"slide\" data-date=\"2022-05-24 14:40:38\" data-filename=\"SetorJur-14-1000x800.jpg\" data-slide-type=\"image\"><img loading=\"lazy\" decoding=\"async\" src=\"https:\/\/direito.ufpr.br\/wp-content\/uploads\/2022\/05\/SetorJur-14-1000x800.jpg\" height=\"800\" width=\"1000\" alt=\"\" class=\"slider-38192 slide-38218 msDefaultImage\" title=\"SetorJur-14\" \/><div class=\"caption-wrap\"><div class=\"caption\">Sala de reuni\u00f5es 3\u00ba andar<\/div><\/div><\/li>\n                <li style=\"display: none; width: 100%;\" class=\"slide-38199 ms-image \" aria-roledescription=\"slide\" data-date=\"2022-05-24 14:40:36\" data-filename=\"SetorJur-54-1000x800.jpg\" data-slide-type=\"image\"><img loading=\"lazy\" decoding=\"async\" src=\"https:\/\/direito.ufpr.br\/wp-content\/uploads\/2022\/05\/SetorJur-54-1000x800.jpg\" height=\"800\" width=\"1000\" alt=\"\" class=\"slider-38192 slide-38199 msDefaultImage\" title=\"SetorJur-54\" \/><div class=\"caption-wrap\"><div class=\"caption\">Paraciclo<\/div><\/div><\/li>\n                <li style=\"display: none; width: 100%;\" class=\"slide-38200 ms-image \" aria-roledescription=\"slide\" data-date=\"2022-05-24 14:40:36\" data-filename=\"SetorJur-50-1000x800.jpg\" data-slide-type=\"image\"><img loading=\"lazy\" decoding=\"async\" src=\"https:\/\/direito.ufpr.br\/wp-content\/uploads\/2022\/05\/SetorJur-50-1000x800.jpg\" height=\"800\" width=\"1000\" alt=\"\" class=\"slider-38192 slide-38200 msDefaultImage\" title=\"SetorJur-50\" \/><div class=\"caption-wrap\"><div class=\"caption\">\u00c1rea de Conviv\u00eancia<\/div><\/div><\/li>\n                <li style=\"display: none; width: 100%;\" class=\"slide-38207 ms-image \" aria-roledescription=\"slide\" data-date=\"2022-05-24 14:40:37\" data-filename=\"SetorJur-30-1000x800.jpg\" data-slide-type=\"image\"><img loading=\"lazy\" decoding=\"async\" src=\"https:\/\/direito.ufpr.br\/wp-content\/uploads\/2022\/05\/SetorJur-30-1000x800.jpg\" height=\"800\" width=\"1000\" alt=\"\" class=\"slider-38192 slide-38207 msDefaultImage\" title=\"SetorJur-30\" \/><div class=\"caption-wrap\"><div class=\"caption\">Justi\u00e7a - Entalhe em madeira<\/div><\/div><\/li>\n                <li style=\"display: none; width: 100%;\" class=\"slide-38208 ms-image \" aria-roledescription=\"slide\" data-date=\"2022-05-24 14:40:37\" data-filename=\"SetorJur-29-1000x800.jpg\" data-slide-type=\"image\"><img loading=\"lazy\" decoding=\"async\" src=\"https:\/\/direito.ufpr.br\/wp-content\/uploads\/2022\/05\/SetorJur-29-1000x800.jpg\" height=\"800\" width=\"1000\" alt=\"\" class=\"slider-38192 slide-38208 msDefaultImage\" title=\"SetorJur-29\" \/><div class=\"caption-wrap\"><div class=\"caption\">Painel de Mem\u00f3ria<\/div><\/div><\/li>\n                <li style=\"display: none; width: 100%;\" class=\"slide-38209 ms-image \" aria-roledescription=\"slide\" data-date=\"2022-05-24 14:40:37\" data-filename=\"SetorJur-27-1000x800.jpg\" data-slide-type=\"image\"><img loading=\"lazy\" decoding=\"async\" src=\"https:\/\/direito.ufpr.br\/wp-content\/uploads\/2022\/05\/SetorJur-27-1000x800.jpg\" height=\"800\" width=\"1000\" alt=\"\" class=\"slider-38192 slide-38209 msDefaultImage\" title=\"SetorJur-27\" \/><div class=\"caption-wrap\"><div class=\"caption\">Painel de Mem\u00f3ria<\/div><\/div><\/li>\n                <li style=\"display: none; width: 100%;\" class=\"slide-38210 ms-image \" aria-roledescription=\"slide\" data-date=\"2022-05-24 14:40:37\" data-filename=\"SetorJur-26-1000x800.jpg\" data-slide-type=\"image\"><img loading=\"lazy\" decoding=\"async\" src=\"https:\/\/direito.ufpr.br\/wp-content\/uploads\/2022\/05\/SetorJur-26-1000x800.jpg\" height=\"800\" width=\"1000\" alt=\"\" class=\"slider-38192 slide-38210 msDefaultImage\" title=\"SetorJur-26\" \/><div class=\"caption-wrap\"><div class=\"caption\">Painel de Mem\u00f3ria<\/div><\/div><\/li>\n                <li style=\"display: none; width: 100%;\" class=\"slide-38212 ms-image \" aria-roledescription=\"slide\" data-date=\"2022-05-24 14:40:37\" data-filename=\"SetorJur-23-1000x800.jpg\" data-slide-type=\"image\"><img loading=\"lazy\" decoding=\"async\" src=\"https:\/\/direito.ufpr.br\/wp-content\/uploads\/2022\/05\/SetorJur-23-1000x800.jpg\" height=\"800\" width=\"1000\" alt=\"\" class=\"slider-38192 slide-38212 msDefaultImage\" title=\"SetorJur-23\" \/><div class=\"caption-wrap\"><div class=\"caption\">Painel de Mem\u00f3ria<\/div><\/div><\/li>\n                <li style=\"display: none; width: 100%;\" class=\"slide-38214 ms-image \" aria-roledescription=\"slide\" data-date=\"2022-05-24 14:40:37\" data-filename=\"SetorJur-20-1000x800.jpg\" data-slide-type=\"image\"><img loading=\"lazy\" decoding=\"async\" src=\"https:\/\/direito.ufpr.br\/wp-content\/uploads\/2022\/05\/SetorJur-20-1000x800.jpg\" height=\"800\" width=\"1000\" alt=\"\" class=\"slider-38192 slide-38214 msDefaultImage\" title=\"SetorJur-20\" \/><div class=\"caption-wrap\"><div class=\"caption\">Painel de Mem\u00f3ria<\/div><\/div><\/li>\n                <li style=\"display: none; width: 100%;\" class=\"slide-38217 ms-image \" aria-roledescription=\"slide\" data-date=\"2022-05-24 14:40:38\" data-filename=\"SetorJur-15-1000x800.jpg\" data-slide-type=\"image\"><img loading=\"lazy\" decoding=\"async\" src=\"https:\/\/direito.ufpr.br\/wp-content\/uploads\/2022\/05\/SetorJur-15-1000x800.jpg\" height=\"800\" width=\"1000\" alt=\"\" class=\"slider-38192 slide-38217 msDefaultImage\" title=\"SetorJur-15\" \/><div class=\"caption-wrap\"><div class=\"caption\">Painel de Mem\u00f3ria<\/div><\/div><\/li>\n                <li style=\"display: none; width: 100%;\" class=\"slide-38219 ms-image \" aria-roledescription=\"slide\" data-date=\"2022-05-24 14:40:38\" data-filename=\"SetorJur-11-1000x800.jpg\" data-slide-type=\"image\"><img loading=\"lazy\" decoding=\"async\" src=\"https:\/\/direito.ufpr.br\/wp-content\/uploads\/2022\/05\/SetorJur-11-1000x800.jpg\" height=\"800\" width=\"1000\" alt=\"\" class=\"slider-38192 slide-38219 msDefaultImage\" title=\"SetorJur-11\" \/><div class=\"caption-wrap\"><div class=\"caption\">Painel de Mem\u00f3ria<\/div><\/div><\/li>\n                <li style=\"display: none; width: 100%;\" class=\"slide-38965 ms-image \" aria-roledescription=\"slide\" data-date=\"2022-07-14 18:14:19\" data-filename=\"Biblioteca_raras-1000x800.jpg\" data-slide-type=\"image\"><img loading=\"lazy\" decoding=\"async\" src=\"https:\/\/direito.ufpr.br\/wp-content\/uploads\/2022\/07\/Biblioteca_raras-1000x800.jpg\" height=\"800\" width=\"1000\" alt=\"\" class=\"slider-38192 slide-38965 msDefaultImage\" title=\"Biblioteca_raras\" \/><div class=\"caption-wrap\"><div class=\"caption\">Biblioteca Obras Raras<\/div><\/div><\/li>\n                <li style=\"display: none; width: 100%;\" class=\"slide-38966 ms-image \" aria-roledescription=\"slide\" data-date=\"2022-07-14 18:14:19\" data-filename=\"Biblioteca_raras_2-1000x800.jpg\" data-slide-type=\"image\"><img loading=\"lazy\" decoding=\"async\" src=\"https:\/\/direito.ufpr.br\/wp-content\/uploads\/2022\/07\/Biblioteca_raras_2-1000x800.jpg\" height=\"800\" width=\"1000\" alt=\"\" class=\"slider-38192 slide-38966 msDefaultImage\" title=\"Biblioteca_raras_2\" \/><div class=\"caption-wrap\"><div class=\"caption\">Biblioteca Obras Raras<\/div><\/div><\/li>\n                <li style=\"display: none; width: 100%;\" class=\"slide-38968 ms-image \" aria-roledescription=\"slide\" data-date=\"2022-07-14 18:14:19\" data-filename=\"obrasraras-7-1000x800.jpg\" data-slide-type=\"image\"><img loading=\"lazy\" decoding=\"async\" src=\"https:\/\/direito.ufpr.br\/wp-content\/uploads\/2022\/07\/obrasraras-7-1000x800.jpg\" height=\"800\" width=\"1000\" alt=\"\" class=\"slider-38192 slide-38968 msDefaultImage\" title=\"obrasraras-7\" \/><div class=\"caption-wrap\"><div class=\"caption\">Biblioteca Obras Raras<\/div><\/div><\/li>\n            <\/ul>\n        <\/div>\n        \n    <\/div>\n<\/div><\/div>\n\n\n\n<p><\/p>\n\n\n\n<p>Cr\u00e9ditos fotos: Marcos Sulivan<\/p>\n\n\n\n<p><em>Atualizado em 24\/05\/2022<\/em><\/p>\n","protected":false},"excerpt":{"rendered":"<p>Localizado na Pra\u00e7a Santos Andrade, n\u00ba 50, o Curso de Direito da UFPR oferece aos seus estudantes todos os elementos necess\u00e1rios para completar sua forma\u00e7\u00e3o. O Pr\u00e9dio Hist\u00f3rico \u00e9 a primeira sede da UFPR e, desde sempre, \u00e9 a sede da Faculdade de Direito. Com mais de 100 anos de hist\u00f3ria, o pr\u00e9dio \u00e9 reconhecido [&hellip;]<\/p>\n","protected":false},"author":54,"featured_media":0,"parent":0,"menu_order":0,"comment_status":"closed","ping_status":"closed","template":"direcao.php","meta":{"_acf_changed":false,"_eb_attr":"","footnotes":""},"class_list":["post-32625","page","type-page","status-publish","hentry"],"acf":[],"_links":{"self":[{"href":"https:\/\/direito.ufpr.br\/index.php?rest_route=\/wp\/v2\/pages\/32625","targetHints":{"allow":["GET"]}}],"collection":[{"href":"https:\/\/direito.ufpr.br\/index.php?rest_route=\/wp\/v2\/pages"}],"about":[{"href":"https:\/\/direito.ufpr.br\/index.php?rest_route=\/wp\/v2\/types\/page"}],"author":[{"embeddable":true,"href":"https:\/\/direito.ufpr.br\/index.php?rest_route=\/wp\/v2\/users\/54"}],"replies":[{"embeddable":true,"href":"https:\/\/direito.ufpr.br\/index.php?rest_route=%2Fwp%2Fv2%2Fcomments&post=32625"}],"version-history":[{"count":55,"href":"https:\/\/direito.ufpr.br\/index.php?rest_route=\/wp\/v2\/pages\/32625\/revisions"}],"predecessor-version":[{"id":48728,"href":"https:\/\/direito.ufpr.br\/index.php?rest_route=\/wp\/v2\/pages\/32625\/revisions\/48728"}],"wp:attachment":[{"href":"https:\/\/direito.ufpr.br\/index.php?rest_route=%2Fwp%2Fv2%2Fmedia&parent=32625"}],"curies":[{"name":"wp","href":"https:\/\/api.w.org\/{rel}","templated":true}]}}