{"id":33894,"date":"2022-01-04T11:17:33","date_gmt":"2022-01-04T14:17:33","guid":{"rendered":"https:\/\/direito.ufpr.br\/?page_id=33894"},"modified":"2024-08-05T19:45:23","modified_gmt":"2024-08-05T22:45:23","slug":"editais-de-selecao-para-monitoria-digital-ano-letivo-de-2022","status":"publish","type":"page","link":"https:\/\/direito.ufpr.br\/?page_id=33894","title":{"rendered":"Programa Institucional de Monitoria \u2013 Segundo Semestre do ano letivo de 2021"},"content":{"rendered":"<p><a href=\"https:\/\/direito.ufpr.br\/wp-content\/uploads\/2022\/01\/Resolucao-91-99-CEPE.pdf\">Resolu\u00e7\u00e3o 91\/99-CEPE &#8211; Fixa normas para o Programa de Monitoria da UFPR<\/a><\/p>\n<p><a href=\"https:\/\/direito.ufpr.br\/wp-content\/uploads\/2022\/01\/Resolucao-43-03.pdf\">Resolu\u00e7\u00e3o 43\/03-CEPE &#8211; Aprova os crit\u00e9rios para sele\u00e7\u00e3o de monitoria para o Programa de Monitoria da UFPR<\/a><\/p>\n<p><a href=\"https:\/\/direito.ufpr.br\/wp-content\/uploads\/2022\/01\/Edital-no-02-2022-Resultado-Preliminar-do-Programa-Institucional-de-Monitoria.pdf\">Edital 02\/2022 &#8211; Resultado do Programa Institucional de Monitoria<\/a><\/p>\n\n\n<p><strong>SELE\u00c7\u00c3O<\/strong><\/p>\n\n\n\n<p>No momento da sele\u00e7\u00e3o os alunos devem disponibilizar o hist\u00f3rico escolar com a nota da disciplina, com o IRA para casos de desempate.<\/p>\n\n\n<p><a href=\"https:\/\/direito.ufpr.br\/wp-content\/uploads\/2022\/01\/Betina-Treiger-Grupenmacher-DB060-Direito-Processual-Tributario.pdf\">Betina Treiger Grupenmacher &#8211; DB060-Direito Processual Tribut\u00e1rio &#8211; RETIFICA\u00c7\u00c3O<\/a><\/p>\n<p><a href=\"https:\/\/direito.ufpr.br\/wp-content\/uploads\/2022\/01\/Clayton-de-Albuquerque-Maranhao-DC076-Teoria-da-Decisao-Judicial-RETIFICACAO.pdf\">Clayton de Albuquerque Maranh\u00e3o &#8211; DC076-Teoria da Decis\u00e3o Judicial &#8211; RETIFICA\u00c7\u00c3O<\/a>&nbsp;<\/p>\n<p><a href=\"https:\/\/direito.ufpr.br\/wp-content\/uploads\/2022\/01\/Francisco-de-Assis-do-Rego-Monteiro-Rocha-Junior-DP417-Direito-Penal-A.pdf\">Francisco de Assis do Rego Monteiro Rocha J\u00fanior &#8211; DP417-Direito Penal A<\/a><\/p>\n<p><a href=\"https:\/\/direito.ufpr.br\/wp-content\/uploads\/2022\/01\/Francisco-de-Assis-do-Rego-Monteiro-Rocha-Junior-DP418-Direito-Penal-B.pdf\">Francisco de Assis do Rego Monteiro Rocha J\u00fanior &#8211; DP418-Direito Penal B<\/a>&nbsp;<\/p>\n<p><a href=\"https:\/\/direito.ufpr.br\/wp-content\/uploads\/2022\/01\/Katie-Silene-Caceres-Arguello-DP425-Criminologia.pdf\">Katie Silene C\u00e1ceres Arg\u00fcello &#8211; DP425-Criminologia<\/a>&nbsp;<\/p>\n<p><a href=\"https:\/\/direito.ufpr.br\/wp-content\/uploads\/2022\/01\/Katya-Regina-Isaguirre-Torres-DB028-Direito-Ambiental.pdf\">Katya Regina Isaguirre Torres &#8211; DB028-Direito Ambiental<\/a><\/p>\n<p><a href=\"https:\/\/direito.ufpr.br\/wp-content\/uploads\/2022\/01\/Katya-Regina-Isaguirre-Torres-TEA043-Direito-Ambiental.pdf\">Katya Regina Isaguirre Torres &#8211; TEA043-Direito Ambiental<\/a><\/p>\n<p><a href=\"https:\/\/direito.ufpr.br\/wp-content\/uploads\/2022\/01\/Larissa-Liz-Odreski-Ramina-DB426-Direito-Internacional-Publico.pdf\">Larissa Liz Odreski Ramina &#8211; DB426-Direito Internacional P\u00fablico<\/a><\/p>\n<p><a href=\"https:\/\/direito.ufpr.br\/wp-content\/uploads\/2022\/01\/Luiz-Daniel-Rodrigues-Haj-Mussi-DV449-Direito-Empresarial-A.pdf\">Luiz Daniel Rodrigues Haj Mussi &#8211; DV449-Direito Empresarial A<\/a><\/p>\n<p><a href=\"https:\/\/direito.ufpr.br\/wp-content\/uploads\/2022\/01\/Manoel-Eduardo-Alves-Camargo-e-Gomes-DB439-Direito-e-Sociedade.pdf\">Manoel Eduardo Alves Camargo e Gomes &#8211; DB439-Direito e Sociedade<\/a><\/p>\n<p><a href=\"https:\/\/direito.ufpr.br\/wp-content\/uploads\/2022\/01\/Marcia-Carla-Pereira-Ribeiro-DV094-Topicos-de-Direito-Empresarial-D.pdf\">Marcia Carla Pereira Ribeiro &#8211; DV094-T\u00f3picos de Direito Empresarial D<\/a><\/p>\n<p><a href=\"https:\/\/direito.ufpr.br\/wp-content\/uploads\/2022\/02\/Marco-Aurelio-Serau-Junior-DV100-Seguridade-Social.pdf\">Marco Aur\u00e9lio Serau J\u00fanior &#8211; DV100-Seguridade Social<\/a>&nbsp;<\/p>\n<p><a href=\"https:\/\/direito.ufpr.br\/wp-content\/uploads\/2022\/02\/Marco-Aurelio-Serau-Junior-DV445-Direito-do-Trabalho.pdf\">Marco Aur\u00e9lio Serau J\u00fanior &#8211; DV445-Direito do Trabalho<\/a>&nbsp;<\/p>\n<p><a href=\"https:\/\/direito.ufpr.br\/wp-content\/uploads\/2022\/02\/Ricardo-Prestes-Pazello-DB441-Antropologia-Juridica.pdf\">Ricardo Prestes Pazello &#8211; DB441-Antropologia Jur\u00eddica<\/a><\/p>\n<p><a href=\"https:\/\/direito.ufpr.br\/wp-content\/uploads\/2022\/01\/Rosalice-Fidalgo-Pinheiro-DC048-Topicos-Especiais-de-Responsabilidade-B.pdf\">Rosalice Fidalgo Pinheiro &#8211; DC048-T\u00f3picos Especiais de Responsabilidade B<\/a><\/p>\n<p><a href=\"https:\/\/direito.ufpr.br\/wp-content\/uploads\/2022\/01\/Rosalice-Fidalgo-Pinheiro-DC049-Consumidor-e-Relacoes-Interprivadas.pdf\">Rosalice Fidalgo Pinheiro &#8211; DC049-Consumidor e Rela\u00e7\u00f5es Interprivadas<\/a><\/p>\n<p><a href=\"https:\/\/direito.ufpr.br\/wp-content\/uploads\/2022\/01\/Rosalice-Fidalgo-Pinheiro-DC426-Direito-Civil-B.pdf\">Rosalice Fidalgo Pinheiro &#8211; DC426-Direito Civil B<\/a><\/p>\n<p><a href=\"https:\/\/direito.ufpr.br\/wp-content\/uploads\/2022\/01\/Tatyana-Scheila-Friedrich-DV441-Direito-Internacional-Privado.pdf\">Tatyana Scheila Friedrich &#8211; DV441-Direito Internacional Privado<\/a>&nbsp;<\/p>\n<p><a href=\"https:\/\/direito.ufpr.br\/wp-content\/uploads\/2022\/01\/Taysa-Shiocchet-DIR409-Pratica-Juridica-em-Direitos-Humaos.pdf\">Taysa Shiocchet &#8211; DIR409-Pr\u00e1tica Jur\u00eddica em Direitos Humanos<\/a>&nbsp;<\/p>\n<p><a href=\"https:\/\/direito.ufpr.br\/wp-content\/uploads\/2022\/01\/Vicente-de-Paula-Ataide-Junior-DC431-Direito-Processual-Civil-C.pdf\">Vicente de Paula Ataide Junior &#8211; DC431-Direito Processual Civil C<\/a><\/p>\n<p><a href=\"https:\/\/direito.ufpr.br\/wp-content\/uploads\/2022\/01\/Walter-Gundalini-Junior-DV448-Historia-do-Direito.pdf\">Walter Guandalini Junior &#8211; DV448-Hist\u00f3ria do Direito<\/a><\/p>\n<p>RESULTADOS<\/p>\n<p><a href=\"https:\/\/direito.ufpr.br\/wp-content\/uploads\/2022\/02\/Resultado-Clayton-de-Albuquerque-Maranhao-DC076-Teoria-de-Decisao-Judicial.pdf\">Resultado &#8211; Clayton de Albuquerque Maranh\u00e3o &#8211; DC076-Teoria de Decis\u00e3o Judicial<\/a><\/p>\n<p><a href=\"https:\/\/direito.ufpr.br\/wp-content\/uploads\/2022\/01\/Resultado-Francisco-de-Assis-do-Rego-Monteiro-Rocha-Junior-DP417-Direito-Penal-A.pdf\">Resultado &#8211; Francisco de Assis do Rego Monteiro Rocha J\u00fanior &#8211; DP417-Direito Penal A<\/a>&nbsp;<\/p>\n<p><a href=\"https:\/\/direito.ufpr.br\/wp-content\/uploads\/2022\/01\/Resultado-Francisco-de-Assis-do-Rego-Monteiro-Rocha-Junior-DP418-Direito-Penal-B.pdf\">Resultado &#8211; Francisco de Assis do Rego Monteiro Rocha J\u00fanior &#8211; DP418-Direito Penal B<\/a>&nbsp;<\/p>\n<p><a href=\"https:\/\/direito.ufpr.br\/wp-content\/uploads\/2022\/01\/Resultado-Katie-Silene-Caceres-Arguello-DP425-Criminologia.pdf\">Resultado &#8211; Katie Silene C\u00e1ceres Arguello &#8211; DP425-Criminologia<\/a><\/p>\n<p><a href=\"https:\/\/direito.ufpr.br\/wp-content\/uploads\/2022\/02\/Resultado-Katya-Regina-Isaguirre-Torres-DB028-Direito-Ambiental.pdf\">Resultado &#8211; Katya Regina Isaguirre Torres &#8211; DB028-Direito Ambiental<\/a>&nbsp;<\/p>\n<p><a href=\"https:\/\/direito.ufpr.br\/wp-content\/uploads\/2022\/02\/Resultado-Larissa-Liz-Odreski-Ramina-DB426-Direito-Internacional-Publico.pdf\">Resultado &#8211; Larissa Liz Odreski Ramina &#8211; DB426-Direito Internacional P\u00fablico<\/a>&nbsp;<\/p>\n<p><a href=\"https:\/\/direito.ufpr.br\/wp-content\/uploads\/2022\/02\/Resultado-Luiz-Daniel-Rodrigues-Haj-Mussi-DV449-Direito-Empresarial-A.pdf\">Resultado &#8211; Luiz Daniel Rodrigues Haj Mussi &#8211; DV449-Direito Empresarial A<\/a><\/p>\n<p><a href=\"https:\/\/direito.ufpr.br\/wp-content\/uploads\/2022\/02\/Resultado-Manoel-Eduardo-Alves-Camargo-e-Gomes-DB439-Direito-e-Sociedade-1.pdf\">Resultado &#8211; Manoel Eduardo Alves Camargo e Gomes &#8211; DB439-Direito e Sociedade<\/a><\/p>\n<p><a href=\"https:\/\/direito.ufpr.br\/wp-content\/uploads\/2022\/01\/Resultado-Marcia-Carla-Pereira-Ribeiro-DV094-Topicos-de-Direito-Empresarial-D.pdf\">Resultado &#8211; Marcia Carla Pereira Ribeiro &#8211; DV094-T\u00f3picos de Direito Empresarial D<\/a>&nbsp;<\/p>\n<p><a href=\"https:\/\/direito.ufpr.br\/wp-content\/uploads\/2022\/02\/Resultado-Ricardo-Prestes-Pazello-DB441-Antropologia-Juridica.pdf\">Resultado &#8211; Ricardo Prestes Pazello &#8211; DB441-Antropologia Jur\u00eddica<\/a><\/p>\n<p><a href=\"https:\/\/direito.ufpr.br\/wp-content\/uploads\/2022\/02\/Resultado-Rosalice-Fidalgo-Pinheiro-DC048-Topicos-Especiais-de-Responsabilidade-B.pdf\">Resultado &#8211; Rosalice Fidalgo Pinheiro &#8211; DC048-T\u00f3picos Especiais de Responsabilidade B<\/a>&nbsp;<\/p>\n<p><a href=\"https:\/\/direito.ufpr.br\/wp-content\/uploads\/2022\/02\/Resultado-Rosalice-Fidalgo-Pinheiro-DC049-Consumidor-e-Relacoes-Interprivadas.pdf\">Resultado &#8211; Rosalice Fidalgo Pinheiro &#8211; DC049-Consumidor e Rela\u00e7\u00f5es Interprivadas<\/a>&nbsp;<\/p>\n<p><a href=\"https:\/\/direito.ufpr.br\/wp-content\/uploads\/2022\/02\/Resultado-Rosalice-Fidalgo-Pinheiro-DC426-Direito-Civil-B.pdf\">Resultado &#8211; Rosalice Fidalgo Pinheiro &#8211; DC426-Direito Civil B<\/a>&nbsp;<\/p>\n<p><a href=\"https:\/\/direito.ufpr.br\/wp-content\/uploads\/2022\/02\/Resultado-Tatyana-Scheila-Friedrich-DV441-Direito-Internacional-Privado.pdf\">Resultado &#8211; Tatyana Scheila Friedrich &#8211; DV441-Direito Internacional Privado<\/a>&nbsp;<\/p>\n<p><a href=\"https:\/\/direito.ufpr.br\/wp-content\/uploads\/2022\/01\/Resultado-Taysa-Schiocchet-DIR409-Pratica-Juridica-em-Direitos-Humanos.pdf\">Resultado &#8211; Taysa Schiocchet &#8211; DIR409-Pr\u00e1tica Juridica em Direitos Humanos<\/a>&nbsp;<\/p>\n<p><a href=\"https:\/\/direito.ufpr.br\/wp-content\/uploads\/2022\/01\/Resultado-Vicente-de-Paula-Ataide-Junior-DC431-Direito-Processual-Civil-C.pdf\">Resultado &#8211; Vicente de Paula Ataide Junior &#8211; DC431-Dir. Processual Civil C<\/a>&nbsp;<\/p>\n<p><a href=\"https:\/\/direito.ufpr.br\/wp-content\/uploads\/2022\/02\/Resultado-Walter-Gundalini-Junior-DV448-Historia-do-Direito.pdf\">Resultado &#8211; Walter Gundalini Junior &#8211; DV448-Hist\u00f3ria do Direito<\/a>&nbsp;<\/p>\n<p><\/p>\n\n\n<p><\/p>\n","protected":false},"excerpt":{"rendered":"<p>Resolu\u00e7\u00e3o 91\/99-CEPE &#8211; Fixa normas para o Programa de Monitoria da UFPR Resolu\u00e7\u00e3o 43\/03-CEPE &#8211; Aprova os crit\u00e9rios para sele\u00e7\u00e3o de monitoria para o Programa de Monitoria da UFPR Edital 02\/2022 &#8211; Resultado do Programa Institucional de Monitoria SELE\u00c7\u00c3O No momento da sele\u00e7\u00e3o os alunos devem disponibilizar o hist\u00f3rico escolar com a nota da disciplina, [&hellip;]<\/p>\n","protected":false},"author":54,"featured_media":0,"parent":0,"menu_order":0,"comment_status":"closed","ping_status":"closed","template":"departamento.php","meta":{"_acf_changed":false,"_eb_attr":"","footnotes":""},"class_list":["post-33894","page","type-page","status-publish","hentry"],"acf":[],"_links":{"self":[{"href":"https:\/\/direito.ufpr.br\/index.php?rest_route=\/wp\/v2\/pages\/33894","targetHints":{"allow":["GET"]}}],"collection":[{"href":"https:\/\/direito.ufpr.br\/index.php?rest_route=\/wp\/v2\/pages"}],"about":[{"href":"https:\/\/direito.ufpr.br\/index.php?rest_route=\/wp\/v2\/types\/page"}],"author":[{"embeddable":true,"href":"https:\/\/direito.ufpr.br\/index.php?rest_route=\/wp\/v2\/users\/54"}],"replies":[{"embeddable":true,"href":"https:\/\/direito.ufpr.br\/index.php?rest_route=%2Fwp%2Fv2%2Fcomments&post=33894"}],"version-history":[{"count":52,"href":"https:\/\/direito.ufpr.br\/index.php?rest_route=\/wp\/v2\/pages\/33894\/revisions"}],"predecessor-version":[{"id":40692,"href":"https:\/\/direito.ufpr.br\/index.php?rest_route=\/wp\/v2\/pages\/33894\/revisions\/40692"}],"wp:attachment":[{"href":"https:\/\/direito.ufpr.br\/index.php?rest_route=%2Fwp%2Fv2%2Fmedia&parent=33894"}],"curies":[{"name":"wp","href":"https:\/\/api.w.org\/{rel}","templated":true}]}}