{"id":37276,"date":"2022-04-18T16:46:04","date_gmt":"2022-04-18T19:46:04","guid":{"rendered":"https:\/\/direito.ufpr.br\/?page_id=37276"},"modified":"2024-08-05T19:44:24","modified_gmt":"2024-08-05T22:44:24","slug":"atas-das-plenarias-departamento-de-pratica-juridica-2016","status":"publish","type":"page","link":"https:\/\/direito.ufpr.br\/?page_id=37276","title":{"rendered":"ATAS DAS PLEN\u00c1RIAS \u2013DEPARTAMENTO DE PR\u00c1TICA JUR\u00cdDICA (2016)"},"content":{"rendered":"<p><a href=\"https:\/\/direito.ufpr.br\/wp-content\/uploads\/2022\/07\/Ata-15-plenaria-NPJ-04.05.2016.pdf\">Ata da sess\u00e3o plen\u00e1ria do Departamento de Pr\u00e1tica Jur\u00eddica de 04\/05\/2016<\/a><\/p>\n<p><a href=\"https:\/\/direito.ufpr.br\/wp-content\/uploads\/2022\/07\/Ata-16-plenaria-NPJ-30.06.2016.pdf\">Ata da sess\u00e3o plen\u00e1ria do Departamento de Pr\u00e1tica Jur\u00eddica de 30\/06\/2016<\/a><\/p>\n<p><a href=\"https:\/\/direito.ufpr.br\/wp-content\/uploads\/2022\/07\/Ata-17-plenaria-NPJ-03-de-novembro-2016-Salvo-Automaticamente.pdf\">Ata da sess\u00e3o plen\u00e1ria do Departamento de Pr\u00e1tica Jur\u00eddica de 03\/11\/2016<\/a><\/p>\n","protected":false},"excerpt":{"rendered":"<p>Ata da sess\u00e3o plen\u00e1ria do Departamento de Pr\u00e1tica Jur\u00eddica de 04\/05\/2016 Ata da sess\u00e3o plen\u00e1ria do Departamento de Pr\u00e1tica Jur\u00eddica de 30\/06\/2016 Ata da sess\u00e3o plen\u00e1ria do Departamento de Pr\u00e1tica Jur\u00eddica de 03\/11\/2016<\/p>\n","protected":false},"author":54,"featured_media":0,"parent":0,"menu_order":0,"comment_status":"closed","ping_status":"closed","template":"departamento.php","meta":{"_acf_changed":false,"_eb_attr":"","footnotes":""},"class_list":["post-37276","page","type-page","status-publish","hentry"],"acf":[],"_links":{"self":[{"href":"https:\/\/direito.ufpr.br\/index.php?rest_route=\/wp\/v2\/pages\/37276","targetHints":{"allow":["GET"]}}],"collection":[{"href":"https:\/\/direito.ufpr.br\/index.php?rest_route=\/wp\/v2\/pages"}],"about":[{"href":"https:\/\/direito.ufpr.br\/index.php?rest_route=\/wp\/v2\/types\/page"}],"author":[{"embeddable":true,"href":"https:\/\/direito.ufpr.br\/index.php?rest_route=\/wp\/v2\/users\/54"}],"replies":[{"embeddable":true,"href":"https:\/\/direito.ufpr.br\/index.php?rest_route=%2Fwp%2Fv2%2Fcomments&post=37276"}],"version-history":[{"count":4,"href":"https:\/\/direito.ufpr.br\/index.php?rest_route=\/wp\/v2\/pages\/37276\/revisions"}],"predecessor-version":[{"id":38913,"href":"https:\/\/direito.ufpr.br\/index.php?rest_route=\/wp\/v2\/pages\/37276\/revisions\/38913"}],"wp:attachment":[{"href":"https:\/\/direito.ufpr.br\/index.php?rest_route=%2Fwp%2Fv2%2Fmedia&parent=37276"}],"curies":[{"name":"wp","href":"https:\/\/api.w.org\/{rel}","templated":true}]}}