{"id":37286,"date":"2022-04-18T16:46:43","date_gmt":"2022-04-18T19:46:43","guid":{"rendered":"https:\/\/direito.ufpr.br\/?page_id=37286"},"modified":"2024-08-05T19:44:24","modified_gmt":"2024-08-05T22:44:24","slug":"atas-das-plenarias-departamento-de-pratica-juridica-2014","status":"publish","type":"page","link":"https:\/\/direito.ufpr.br\/?page_id=37286","title":{"rendered":"ATAS DAS PLEN\u00c1RIAS \u2013DEPARTAMENTO DE PR\u00c1TICA JUR\u00cdDICA (2014)"},"content":{"rendered":"<p><a href=\"https:\/\/direito.ufpr.br\/wp-content\/uploads\/2022\/07\/Ata-005-plenaria-NPJ-2014.pdf\">Ata da sess\u00e3o plen\u00e1ria do Departamento de Pr\u00e1tica Jur\u00eddica de 10\/04\/2014<\/a><\/p>\n<p><a href=\"https:\/\/direito.ufpr.br\/wp-content\/uploads\/2022\/07\/Ata-006-plenaria-NPJ-Ag-2014-1.pdf\">Ata da sess\u00e3o plen\u00e1ria do Departamento de Pr\u00e1tica Jur\u00eddica de 13\/08\/2014<\/a><\/p>\n<p><a href=\"https:\/\/direito.ufpr.br\/wp-content\/uploads\/2022\/07\/Ata-007-plenaria-NPJ-outubro-2014.pdf\">Ata da sess\u00e3o plen\u00e1ria do Departamento de Pr\u00e1tica Jur\u00eddica de 22\/10\/2014<\/a><\/p>\n","protected":false},"excerpt":{"rendered":"<p>Ata da sess\u00e3o plen\u00e1ria do Departamento de Pr\u00e1tica Jur\u00eddica de 10\/04\/2014 Ata da sess\u00e3o plen\u00e1ria do Departamento de Pr\u00e1tica Jur\u00eddica de 13\/08\/2014 Ata da sess\u00e3o plen\u00e1ria do Departamento de Pr\u00e1tica Jur\u00eddica de 22\/10\/2014<\/p>\n","protected":false},"author":54,"featured_media":0,"parent":0,"menu_order":0,"comment_status":"closed","ping_status":"closed","template":"departamento.php","meta":{"_acf_changed":false,"_eb_attr":"","footnotes":""},"class_list":["post-37286","page","type-page","status-publish","hentry"],"acf":[],"_links":{"self":[{"href":"https:\/\/direito.ufpr.br\/index.php?rest_route=\/wp\/v2\/pages\/37286","targetHints":{"allow":["GET"]}}],"collection":[{"href":"https:\/\/direito.ufpr.br\/index.php?rest_route=\/wp\/v2\/pages"}],"about":[{"href":"https:\/\/direito.ufpr.br\/index.php?rest_route=\/wp\/v2\/types\/page"}],"author":[{"embeddable":true,"href":"https:\/\/direito.ufpr.br\/index.php?rest_route=\/wp\/v2\/users\/54"}],"replies":[{"embeddable":true,"href":"https:\/\/direito.ufpr.br\/index.php?rest_route=%2Fwp%2Fv2%2Fcomments&post=37286"}],"version-history":[{"count":5,"href":"https:\/\/direito.ufpr.br\/index.php?rest_route=\/wp\/v2\/pages\/37286\/revisions"}],"predecessor-version":[{"id":38921,"href":"https:\/\/direito.ufpr.br\/index.php?rest_route=\/wp\/v2\/pages\/37286\/revisions\/38921"}],"wp:attachment":[{"href":"https:\/\/direito.ufpr.br\/index.php?rest_route=%2Fwp%2Fv2%2Fmedia&parent=37286"}],"curies":[{"name":"wp","href":"https:\/\/api.w.org\/{rel}","templated":true}]}}