{"id":38259,"date":"2022-05-27T10:29:41","date_gmt":"2022-05-27T13:29:41","guid":{"rendered":"https:\/\/direito.ufpr.br\/?page_id=38259"},"modified":"2023-02-07T09:02:17","modified_gmt":"2023-02-07T12:02:17","slug":"2022-2","status":"publish","type":"page","link":"https:\/\/direito.ufpr.br\/?page_id=38259","title":{"rendered":"Programa Institucional de Monitoria \u2013 Primeiro Semestre do ano letivo de 2022"},"content":{"rendered":"<p><a href=\"https:\/\/direito.ufpr.br\/wp-content\/uploads\/2022\/05\/EDITAL-N10.2022.COAFE_.PROGRAD-1.pdf\">EDITAL N\u00ba 10\/2022\/COAFE\/PROGRAD &#8211; PROGRAMA INSTITUCIONAL DE MONITORIA<\/a><\/p>\n<p><a href=\"https:\/\/direito.ufpr.br\/wp-content\/uploads\/2022\/05\/EDITAL-14-2022-\u2013-COAFE-resultado.pdf\">EDITAL 14\/2022 \u2013 COAFE\/PROGRAD\/MONITORIA &#8211; RESULTADO PRELIMINAR<\/a><\/p>\n<p><a href=\"https:\/\/direito.ufpr.br\/wp-content\/uploads\/2022\/05\/Monitoria-Res-91-99-CEPE-1.pdf\">Res 91-99-CEPE &#8211; NORMAS<\/a><\/p>\n<p><a href=\"https:\/\/direito.ufpr.br\/wp-content\/uploads\/2022\/05\/Monitoria-Res-43-03-CEPE.pdf\">Res 43-03-CEPE CRIT\u00c9RIOS<\/a><\/p>\n<p><strong>EDITAIS DE SELE\u00c7\u00c3O<\/strong><\/p>\n<p>No momento da sele\u00e7\u00e3o os alunos devem disponibilizar o hist\u00f3rico escolar com a nota da disciplina, com o IRA para casos de desempate.<\/p>\n<p><a href=\"https:\/\/direito.ufpr.br\/wp-content\/uploads\/2022\/06\/Adriana-Espindola-Correa-DC426-Direito-Civil-B.pdf\">Adriana Esp\u00edndola Corr\u00eaa &#8211; DC426-Direito Civil B<\/a><\/p>\n<p><a href=\"https:\/\/direito.ufpr.br\/wp-content\/uploads\/2022\/06\/Angela-Couto-Machado-Fonseca-DV453-Filosofia-do-Direito.pdf\">Angela Couto Machado Fonseca &#8211; DV453-Filosofia do Direito<\/a><\/p>\n<p><a href=\"https:\/\/direito.ufpr.br\/wp-content\/uploads\/2022\/06\/Bernardo-Strobel-Guimaraes-DB438-Economia-Politica.pdf\">Bernardo Strobel Guimar\u00e3es &#8211; DB438-Economia Pol\u00edtica<\/a><\/p>\n<p><a href=\"https:\/\/direito.ufpr.br\/wp-content\/uploads\/2022\/05\/Clara-Maria-Roman-Borges-DP421-Direito-Processual-Penal-A.pdf\">Clara Maria Roman Borges &#8211; DP421-Direito Processual Penal A<\/a><\/p>\n<p><a href=\"https:\/\/direito.ufpr.br\/wp-content\/uploads\/2022\/06\/Danielle-Annoni-DIR409-Pratica-Juridica-em-Direitos-Humanos.pdf\">Danielle Annoni &#8211; DIR409-Pr\u00e1tica Jur\u00eddica em Direitos Humanos<\/a><\/p>\n<p><a href=\"https:\/\/direito.ufpr.br\/wp-content\/uploads\/2022\/05\/Eduardo-Talamini-DC068-Meios-Alternativos-de-Solucao-de-Litigios.pdf\">Eduardo Talamini &#8211; DC068-Meios Alternativos de Solu\u00e7\u00e3o de Lit\u00edgios<\/a><\/p>\n<p><a href=\"https:\/\/direito.ufpr.br\/wp-content\/uploads\/2022\/05\/Eduardo-Talamini-DC429-Direito-Processual-Civil-A.pdf\">Eduardo Talamini &#8211; DC429-Direito Processual Civil A<\/a><\/p>\n<p><a href=\"https:\/\/direito.ufpr.br\/wp-content\/uploads\/2022\/05\/Eneida-Desiree-Salgado-DB435-Direito-Constitucional-A.pdf\">Eneida Desiree Salgado &#8211; DB435-Direito Constitucional A<\/a><\/p>\n<p><a href=\"https:\/\/direito.ufpr.br\/wp-content\/uploads\/2022\/06\/Eroulths-Cortiano-Junior-DC425-Direito-Civil-A.pdf\">Eroulths Cortiano J\u00fanior &#8211; DC425-Direito Civil A<\/a><\/p>\n<p><a href=\"https:\/\/direito.ufpr.br\/wp-content\/uploads\/2022\/06\/Eroulths-Cortiano-Junior-DIR029-Prerrogativas-da-Advocacia.pdf\">Eroulths Cortiano J\u00fanior &#8211; DIR029-Prerrogativas da Advocacia<\/a><\/p>\n<p><a href=\"https:\/\/direito.ufpr.br\/wp-content\/uploads\/2022\/05\/Francisco-de-Assis-do-Rego-Monteiro-Rocha-Junior-DP417-Direito-Penal-A.pdf\">Francisco de Assis do Rego Monteiro Rocha J\u00fanior &#8211; DP417-Direito Penal A<\/a><\/p>\n<p><a href=\"https:\/\/direito.ufpr.br\/wp-content\/uploads\/2022\/05\/Francisco-de-Assis-do-Rego-Monteiro-Rocha-Junior-DP418-Direito-Penal-B.pdf\">Francisco de Assis do Rego Monteiro Rocha J\u00fanior &#8211; DP418-Direito Penal B<\/a><\/p>\n<p><a href=\"https:\/\/direito.ufpr.br\/wp-content\/uploads\/2022\/06\/Guilherme-Brenner-Lucchesi-DP421-Direito-Processual-Penal-A.pdf\">Guilherme Brenner Lucchesi &#8211; DP421-Direito Processual Penal A<\/a><\/p>\n<p><a href=\"https:\/\/direito.ufpr.br\/wp-content\/uploads\/2022\/06\/Guilherme-Brenner-Lucchesi-DP061-Repercussoes-Processuais-da-Criminalidade-Economica.pdf\">Guilherme Brenner Lucchesi &#8211; DP061-Repercuss\u00f5es Processuais da Criminalidade Econ\u00f4mica<\/a><\/p>\n<p><a href=\"https:\/\/direito.ufpr.br\/wp-content\/uploads\/2022\/05\/Katie-Silene-Caceres-Arguello-DP425-Criminologia.pdf\">Katie Silene C\u00e1ceres Arguello &#8211; DP425-Criminologia<\/a><\/p>\n<p><a href=\"https:\/\/direito.ufpr.br\/wp-content\/uploads\/2022\/05\/Katie-Silene-Caceres-Arguello-DP044-Politica-Criminal-de-Drogas.pdf\">Katie Silene C\u00e1ceres Arguello &#8211; DP044-Pol\u00edtica Criminal de Drogas<\/a><\/p>\n<p><a href=\"https:\/\/direito.ufpr.br\/wp-content\/uploads\/2022\/05\/Larissa-Liz-Odreski-Ramina-DB426-Direito-Internacional-Publico.pdf\">Larissa Liz Odreski Ramina &#8211; DB426-Direito Internacional P\u00fablico<\/a><\/p>\n<p><a href=\"https:\/\/direito.ufpr.br\/wp-content\/uploads\/2022\/05\/Luis-Fernando-Lopes-Pereira-DV448-Historia-do-Direito.pdf\">Lu\u00eds Fernando Lopes Pereira &#8211; DV448-Hist\u00f3ria do Direito<\/a><\/p>\n<p><a href=\"https:\/\/direito.ufpr.br\/wp-content\/uploads\/2022\/06\/Manoel-Eduardo-Alves-Camargo-e-Gomes-DB439-Direito-e-Sociedade.pdf\">Manoel Eduardo Alves Camargo e Gomes &#8211; DB439-Direito e Sociedade<\/a><\/p>\n<p><a href=\"https:\/\/direito.ufpr.br\/wp-content\/uploads\/2022\/05\/Marcia-Carla-Pereira-Ribeiro-DV450-Direito-Empresarial-B.pdf\">Marcia Carla Pereira Ribeiro &#8211; DV450-Direito Empresarial B<\/a><\/p>\n<p><a href=\"https:\/\/direito.ufpr.br\/wp-content\/uploads\/2022\/06\/Marco-Aurelio-Serau-Junior-retificacao-DV116-Artes-e-Direito-do-Trabalho.pdf\">Marco Aur\u00e9lio Serau Junior (retifica\u00e7\u00e3o) &#8211; DV116-Artes e Direito do Trabalho<\/a><\/p>\n<p><a href=\"https:\/\/direito.ufpr.br\/wp-content\/uploads\/2022\/06\/Marco-Aurelio-Serau-Junior-retificacao-DV445-Direito-do-Trabalho.pdf\">Marco Aur\u00e9lio Serau Junior (retifica\u00e7\u00e3o) &#8211; DV445-Direito do Trabalho<\/a><\/p>\n<p><a href=\"https:\/\/direito.ufpr.br\/wp-content\/uploads\/2022\/06\/Marcos-Wachowicz-DV441-Direito-Internacional-Privado.pdf\">Marcos Wachowicz &#8211; DV441-Direito Internacional Privado<\/a><\/p>\n<p><a href=\"https:\/\/direito.ufpr.br\/wp-content\/uploads\/2022\/06\/Marcos-Wachowicz-DV449-Direito-Empresarial-A.pdf\">Marcos Wachowicz &#8211; DV449-Direito Empresarial A<\/a><\/p>\n<p><a href=\"https:\/\/direito.ufpr.br\/wp-content\/uploads\/2022\/06\/Maria-Candida-Pires-Vieira-do-Amaral-Kroetz-DC426-Direito-Civil-B.pdf\">Maria Candida Pires Vieira do Amaral Kroetz &#8211; DC426-Direito Civil B<\/a><\/p>\n<p><a href=\"https:\/\/direito.ufpr.br\/wp-content\/uploads\/2022\/05\/Marlio-Aguiar-DV452-Direito-Romano.pdf\">M\u00e1rlio Aguiar &#8211; DV452-Direito Romano<\/a><\/p>\n<p><a href=\"https:\/\/direito.ufpr.br\/wp-content\/uploads\/2022\/05\/Melina-Girardi-Fachin-DB436-Direito-Constitucional-B.pdf\">Melina Girardi Fachin &#8211; DB436-Direito Constitucional B<\/a><\/p>\n<p><a href=\"https:\/\/direito.ufpr.br\/wp-content\/uploads\/2022\/05\/Miguel-Gualano-de-Godoy-DB435-Direito-Constitucional-A-2.pdf\">Miguel Gualano de Godoy &#8211; DB435-Direito Constitucional A<\/a><\/p>\n<p><a href=\"https:\/\/direito.ufpr.br\/wp-content\/uploads\/2022\/05\/Ricardo-Prestes-Pazello-DB441-Antropologia-Juridica.pdf\">Ricardo Prestes Pazello &#8211; DB441-Antropologia Jur\u00eddica<\/a><\/p>\n<p><a href=\"https:\/\/direito.ufpr.br\/wp-content\/uploads\/2022\/06\/Rodrigo-Luis-Kanayama-DB442-Direito-Financeiro.pdf\">Rodrigo Lu\u00eds Kanayama &#8211; DB442-Direito Financeiro<\/a><\/p>\n<p><a href=\"https:\/\/direito.ufpr.br\/wp-content\/uploads\/2022\/06\/Rosalice-Fidalgo-Pinheiro-DC089-Consumidor-e-Relacoes-Interprivadas.pdf\">Rosalice Fidalgo Pinheiro &#8211; DC089-Consumidor e Rela\u00e7\u00f5es Interprivadas<\/a><\/p>\n<p><a href=\"https:\/\/direito.ufpr.br\/wp-content\/uploads\/2022\/06\/Rosalice-Fidalgo-Pinheiro-DC427-Direito-Civil-C.pdf\">Rosalice Fidalgo Pinheiro &#8211; DC427-Direito Civil C<\/a><\/p>\n<p><a href=\"https:\/\/direito.ufpr.br\/wp-content\/uploads\/2022\/06\/Rosalice-Fidalgo-Pinheiro-DC428-Direito-Civil-D.pdf\">Rosalice Fidalgo Pinheiro &#8211; DC428-Direito Civil D<\/a><\/p>\n<p><a href=\"https:\/\/direito.ufpr.br\/wp-content\/uploads\/2022\/05\/Rui-Carlo-Dissenha-DIR406-Pratica-Juridica-Penal.pdf\">Rui Carlo Dissenha &#8211; DIR406-Pr\u00e1tica Jur\u00eddica Penal<\/a><\/p>\n<p><a href=\"https:\/\/direito.ufpr.br\/wp-content\/uploads\/2022\/05\/Rui-Carlo-Dissenha-DP417-Direito-Penal-A.pdf\">Rui Carlo Dissenha &#8211; DP417-Direito Penal A<\/a><\/p>\n<p><a href=\"https:\/\/direito.ufpr.br\/wp-content\/uploads\/2022\/05\/Rui-Carlo-Dissenha-DP419-Direito-Penal-C.pdf\">Rui Carlo Dissenha &#8211; DP419-Direito Penal C<\/a><\/p>\n<p><a href=\"https:\/\/direito.ufpr.br\/wp-content\/uploads\/2022\/06\/Tatyana-Scheila-Friedrich-DV441-Direito-Internacional-Privado.pdf\">Tatyana Scheila Friedrich &#8211; DV441-Direito Internacional Privado<\/a><\/p>\n<p><a href=\"https:\/\/direito.ufpr.br\/wp-content\/uploads\/2022\/05\/Thiago-de-Azevedo-Pinheiro-Hoshino-DV437-Metodologia-do-Trabalho-Cientifico-em-Direito.pdf\">Thiago de Azevedo Pinheiro Hoshino &#8211; DV437-Metodologia do Trabalho Cient\u00edfico em Direito<\/a><\/p>\n<p><a href=\"https:\/\/direito.ufpr.br\/wp-content\/uploads\/2022\/06\/Thiago-de-Azevedo-Pinheiro-Hoshino-DV437-Metodologia-do-Trabalho-Cientifico-em-Direito-NOVO-EDITAL.pdf\">Thiago de Azevedo Pinheiro Hoshino &#8211; DV437-Metodologia do Trabalho Cient\u00edfico em Direito &#8211; NOVO EDITAL<\/a><\/p>\n<p><a href=\"https:\/\/direito.ufpr.br\/wp-content\/uploads\/2022\/06\/Thiago-Freitas-Hansen-DV447-Teoria-do-Direito.pdf\">Thiago Freitas Hansen &#8211; DV447-Teoria do Direito<\/a><\/p>\n<p><a href=\"https:\/\/direito.ufpr.br\/wp-content\/uploads\/2022\/06\/Vera-Karam-de-Chueiri-DB435-Direito-Constitucional-A.pdf\">Vera Karam de Chueiri -DB435-Direito Constitucional A<\/a><\/p>\n<p><a href=\"https:\/\/direito.ufpr.br\/wp-content\/uploads\/2022\/06\/Vicente-de-Paula-Ataide-Junior-DC429-Direito-Processual-Civil-A.pdf\">Vicente de Paula Ata\u00edde J\u00fanior &#8211; DC429-Direito Processual Civil A<\/a><\/p>\n<p><a href=\"https:\/\/direito.ufpr.br\/wp-content\/uploads\/2022\/05\/Walter-Guandalini-Junior-DV448-Historia-do-Direito.pdf\">Walter Guandalini J\u00fanior &#8211; DV448-Hist\u00f3ria do Direito<\/a><\/p>\n<p><strong>RESULTADOS DAS SELE\u00c7\u00d5ES<\/strong><\/p>\n<p><a href=\"https:\/\/direito.ufpr.br\/wp-content\/uploads\/2022\/06\/Resultado-Adriana-Espindola-Correa-DC426-Direito-Civil-B.pdf\">Resultado &#8211; Adriana Esp\u00edndola Correa &#8211; DC426-Direito Civil B<\/a><\/p>\n<p><a href=\"https:\/\/direito.ufpr.br\/wp-content\/uploads\/2022\/06\/Resultado-Angela-Couto-Machado-Fonseca-DV453-Filosofia-do-Direito.pdf\">Resultado &#8211; Angela Couto Machado Fonseca &#8211; DV453-Filosofia do Direito<\/a><\/p>\n<p><a href=\"https:\/\/direito.ufpr.br\/wp-content\/uploads\/2022\/06\/Resultado-Bernardo-Strobel-Guimaraes-DB438-Economia-Politica.pdf\">Resultado &#8211; Bernardo Strobel Guimar\u00e3es &#8211; DB438-Economia Pol\u00edtica<\/a><\/p>\n<p><a href=\"https:\/\/direito.ufpr.br\/wp-content\/uploads\/2022\/06\/Resultado-Danielle-Annoni-DIR409-Pratica-Juridica-em-Direitos-Humanos.pdf\">Resultado &#8211; Danielle Annoni &#8211; DIR409-Pr\u00e1tica Jur\u00eddica em Direitos Humanos<\/a><\/p>\n<p><a href=\"https:\/\/direito.ufpr.br\/wp-content\/uploads\/2022\/06\/Resultado-Eneida-Desiree-Salgado-DB435-Direito-Constitucional-A.pdf\">Resultado &#8211; Eneida Desiree Salgado &#8211; DB435-Direito Constitucional A<\/a><\/p>\n<p><a href=\"https:\/\/direito.ufpr.br\/wp-content\/uploads\/2022\/06\/Resultado-Eduardo-Talamini-DC068-Meios-Alternativos-de-Solucao-de-Litigios.pdf\">Resultado &#8211; Eduardo Talamini &#8211; DC068-Meios Alternativos de Solu\u00e7\u00e3o de Lit\u00edgios<\/a><\/p>\n<p><a href=\"https:\/\/direito.ufpr.br\/wp-content\/uploads\/2022\/06\/Resultado-Eduardo-Talamini-DC429-Direito-Processual-Civil-A.pdf\">Resultado &#8211; Eduardo Talamini &#8211; DC429-Direito Processual Civil A<\/a><\/p>\n<p><a href=\"https:\/\/direito.ufpr.br\/wp-content\/uploads\/2022\/06\/Resultado-Eroulths-Cortiano-Junior-DC425-Direito-Civil-A.pdf\">Resultado &#8211; Eroulths Cortiano J\u00fanior &#8211; DC425-Direito Civil A<\/a><\/p>\n<p><a href=\"https:\/\/direito.ufpr.br\/wp-content\/uploads\/2022\/06\/Resultado-Eroulths-Cortiano-Junior-DIR029-Prerrogativas-da-Advocacia.pdf\">Resultado &#8211; Eroulths Cortiano J\u00fanior &#8211; DIR029-Prerrogativas da Advocacia<\/a><\/p>\n<p><a href=\"https:\/\/direito.ufpr.br\/wp-content\/uploads\/2022\/06\/Resultado-Francisco-de-Assis-do-Rego-Monteiro-Rocha-Junior-DP417-Direito-Penal-A.pdf\">Resultado &#8211; Francisco de Assis do Rego Monteiro Rocha J\u00fanior &#8211; DP417-Direito Penal A<\/a><\/p>\n<p><a href=\"https:\/\/direito.ufpr.br\/wp-content\/uploads\/2022\/06\/Resultado-Francisco-de-Assis-do-Rego-Monteiro-Rocha-Junior-DP418-Direito-Penal-B.pdf\">Resultado &#8211; Francisco de Assis do Rego Monteiro Rocha J\u00fanior &#8211; DP418-Direito Penal B<\/a><\/p>\n<p><a href=\"https:\/\/direito.ufpr.br\/wp-content\/uploads\/2022\/06\/Resultado-Katie-Silene-Caceres-Arguello-DP044-Politica-Criminal-de-Drogas.pdf\">Resultado &#8211; Katie Silene C\u00e1ceres Arguello &#8211; DP044-Pol\u00edtica Criminal de Drogas<\/a><\/p>\n<p><a href=\"https:\/\/direito.ufpr.br\/wp-content\/uploads\/2022\/06\/Resultado-Katie-Silene-Caceres-Arguello-DP425-Criminologia.pdf\">Resultado &#8211; Katie Silene C\u00e1ceres Arguello &#8211; DP425-Criminologia<\/a><\/p>\n<p><a href=\"https:\/\/direito.ufpr.br\/wp-content\/uploads\/2022\/06\/Resultado-Larissa-Liz-Odreski-Ramina-DB426-Direito-Internacional-Publico.pdf\">Resultado &#8211; Larissa Liz Odreski Ramina &#8211; DB426-Direito Internacional P\u00fablico<\/a><\/p>\n<p><a href=\"https:\/\/direito.ufpr.br\/wp-content\/uploads\/2022\/06\/Resultado-Luis-Fernando-Lopes-Pereira-DV448-Historia-do-Direito.pdf\">Resultado &#8211; Lu\u00eds Fernando Lopes Pereira &#8211; DV448-Hist\u00f3ria do Direito<\/a><\/p>\n<p><a href=\"https:\/\/direito.ufpr.br\/wp-content\/uploads\/2022\/06\/Resultado-Manoel-Eduardo-Alves-Camargo-e-Gomes-DB439-Direito-e-Sociedade.pdf\">Resultado &#8211; Manoel Eduardo Alves Camargo e Gomes &#8211; DB439-Direito e Sociedade<\/a><\/p>\n<p><a href=\"https:\/\/direito.ufpr.br\/wp-content\/uploads\/2022\/06\/Resultado-Marcia-Carla-Pereira-Ribeiro-DV450-Direito-Empresarial-B.pdf\">Resultado &#8211; Marcia Carla Pereira Ribeiro &#8211; DV450-Direito Empresarial B<\/a><\/p>\n<p><a href=\"https:\/\/direito.ufpr.br\/wp-content\/uploads\/2022\/06\/Resultado-Marco-Aurelio-Serau-Junior-DV116-Artes-e-Direito-do-Trabalho.pdf\">Resultado &#8211; Marco Aur\u00e9lio Serau Junior &#8211; DV116-Artes e Direito do Trabalho<\/a><\/p>\n<p><a href=\"https:\/\/direito.ufpr.br\/wp-content\/uploads\/2022\/06\/Resultado-Marco-Aurelio-Serau-Junior-DV445-Direito-do-Trabalho.pdf\">Resultado &#8211; Marco Aur\u00e9lio Serau Junior &#8211; DV445-Direito do Trabalho<\/a><\/p>\n<p><a href=\"https:\/\/direito.ufpr.br\/wp-content\/uploads\/2022\/06\/Resultado-Marcos-Wachowicz-DV449-Direito-Empresarial-A.pdf\">Resultado &#8211; Marcos Wachowicz &#8211; DV449-Direito Empresarial A<\/a><\/p>\n<p><a href=\"https:\/\/direito.ufpr.br\/wp-content\/uploads\/2022\/06\/Resultado-Marcos-Wachowicz-DV441-Direito-Internacional-Privado.pdf\">Resultado &#8211; Marcos Wachowicz &#8211; DV441-Direito Internacional Privado<\/a><\/p>\n<p><a href=\"https:\/\/direito.ufpr.br\/wp-content\/uploads\/2022\/06\/Resultado-Maria-Candida-Pires-Vieira-do-Amaral-Kroetz-DC426-Direito-Civil-B.pdf\">Resultado &#8211; Maria Candida Pires Vieira do Amaral Kroetz &#8211; DC426-Direito Civil B<\/a><\/p>\n<p><a href=\"https:\/\/direito.ufpr.br\/wp-content\/uploads\/2022\/06\/Resultado-Marlio-Aguiar-DV452-Direito-Romano.pdf\">Resultado &#8211; Marlio Aguiar &#8211; DV452-Direito Romano<\/a><\/p>\n<p><a href=\"https:\/\/direito.ufpr.br\/wp-content\/uploads\/2022\/06\/Resultado-Melina-Girardi-Fachin-DB436-Direito-Constitucional-B.pdf\">Resultado &#8211; Melina Girardi Fachin &#8211; DB436-Direito Constitucional B<\/a><\/p>\n<p><a href=\"https:\/\/direito.ufpr.br\/wp-content\/uploads\/2022\/06\/Resultado-Miguel-Gualano-de-Godoy-DB435-Direito-Constitucional-A.pdf\">Resultado &#8211; Miguel Gualano de Godoy &#8211; DB435-Direito Constitucional A<\/a><\/p>\n<p><a href=\"https:\/\/direito.ufpr.br\/wp-content\/uploads\/2022\/06\/Resultado-Ricardo-Prestes-Pazello-DB441-Antropologia-Juridica.pdf\">Resultado &#8211; Ricardo Prestes Pazello &#8211; DB441-Antropologia Jur\u00eddica<\/a><\/p>\n<p><a href=\"https:\/\/direito.ufpr.br\/wp-content\/uploads\/2022\/06\/Resultado-Rodrigo-Luis-Kanayama-DB442-Direito-Financeiro.pdf\">Resultado &#8211; Rodrigo Lu\u00eds Kanayama &#8211; DB442-Direito Financeiro<\/a><\/p>\n<p><a href=\"https:\/\/direito.ufpr.br\/wp-content\/uploads\/2022\/06\/Resultado-Rosalice-Fidalgo-Pinheiro-DC089-Consumidor-e-Relacoes-Interprivadas.pdf\">Resultado &#8211; Rosalice Fidalgo Pinheiro &#8211; DC089-Consumidor e Rela\u00e7\u00f5es Interprivadas<\/a><\/p>\n<p><a href=\"https:\/\/direito.ufpr.br\/wp-content\/uploads\/2022\/06\/Resultado-Rosalice-Fidalgo-Pinheiro-DC427-Direito-Civil-C.pdf\">Resultado &#8211; Rosalice Fidalgo Pinheiro &#8211; DC427-Direito Civil C<\/a><\/p>\n<p><a href=\"https:\/\/direito.ufpr.br\/wp-content\/uploads\/2022\/06\/Resultado-Rosalice-Fidalgo-Pinheiro-DC428-Direito-Civil-D.pdf\">Resultado &#8211; Rosalice Fidalgo Pinheiro &#8211; DC428-Direito Civil D<\/a><\/p>\n<p><a href=\"https:\/\/direito.ufpr.br\/wp-content\/uploads\/2022\/06\/Resultado-Rui-Carlo-Dissenha-DP417-Direito-Penal-A.pdf\">Resultado &#8211; Rui Carlo Dissenha &#8211; DP417-Direito Penal A<\/a><\/p>\n<p><a href=\"https:\/\/direito.ufpr.br\/wp-content\/uploads\/2022\/06\/Resultado-Tatyana-Scheila-Friedrich-DV441-Direito-Internacional-Privado.pdf\">Resultado &#8211; Tatyana Scheila Friedrich &#8211; DV441-Direito Internacional Privado<\/a><\/p>\n<p><a href=\"https:\/\/direito.ufpr.br\/wp-content\/uploads\/2022\/06\/Resultado-Thiago-de-Azevedo-Pinheiro-Hoshino-DV437-Metodologia-do-Trabalho-Cientifico-em-Direito.pdf\">Resultado &#8211; Thiago de Azevedo Pinheiro Hoshino &#8211; DV437-Metodologia do Trabalho Cient\u00edfico em Direito<\/a><\/p>\n<p><a href=\"https:\/\/direito.ufpr.br\/wp-content\/uploads\/2022\/06\/Resultado-Thiago-Freitas-Hansen-DV447-Teoria-do-Direito.pdf\">Resultado &#8211; Thiago Freitas Hansen &#8211; DV447-Teoria do Direito<\/a><\/p>\n<p><a href=\"https:\/\/direito.ufpr.br\/wp-content\/uploads\/2022\/06\/Resultado-Vera-Karam-de-Chueiri-DB435-Direito-Constitucional-A.pdf\">Resultado &#8211; Vera Karam de Chueiri &#8211; DB435-Direito Constitucional A<\/a><\/p>\n<p><a href=\"https:\/\/direito.ufpr.br\/wp-content\/uploads\/2022\/06\/Resultado-Vicente-de-Paula-Ataide-Junior-DC429-Direito-Processual-Civil-A.pdf\">Resultado &#8211; Vicente de Paula Ata\u00edde J\u00fanior &#8211; DC429-Direito Processual Civil A<\/a><\/p>\n<p><a href=\"https:\/\/direito.ufpr.br\/wp-content\/uploads\/2022\/06\/Resultado-Walter-Guandalini-Junior-DV448-Historia-do-Direito.pdf\">Resultado &#8211; Walter Guandalini J\u00fanior &#8211; DV448-Hist\u00f3ria do Direito<\/a><\/p>\n","protected":false},"excerpt":{"rendered":"<p>EDITAL N\u00ba 10\/2022\/COAFE\/PROGRAD &#8211; PROGRAMA INSTITUCIONAL DE MONITORIA EDITAL 14\/2022 \u2013 COAFE\/PROGRAD\/MONITORIA &#8211; RESULTADO PRELIMINAR Res 91-99-CEPE &#8211; NORMAS Res 43-03-CEPE CRIT\u00c9RIOS EDITAIS DE SELE\u00c7\u00c3O No momento da sele\u00e7\u00e3o os alunos devem disponibilizar o hist\u00f3rico escolar com a nota da disciplina, com o IRA para casos de desempate. Adriana Esp\u00edndola Corr\u00eaa &#8211; DC426-Direito Civil B [&hellip;]<\/p>\n","protected":false},"author":11,"featured_media":0,"parent":0,"menu_order":0,"comment_status":"closed","ping_status":"closed","template":"departamento.php","meta":{"_acf_changed":false,"_eb_attr":"","footnotes":""},"class_list":["post-38259","page","type-page","status-publish","hentry"],"acf":[],"_links":{"self":[{"href":"https:\/\/direito.ufpr.br\/index.php?rest_route=\/wp\/v2\/pages\/38259","targetHints":{"allow":["GET"]}}],"collection":[{"href":"https:\/\/direito.ufpr.br\/index.php?rest_route=\/wp\/v2\/pages"}],"about":[{"href":"https:\/\/direito.ufpr.br\/index.php?rest_route=\/wp\/v2\/types\/page"}],"author":[{"embeddable":true,"href":"https:\/\/direito.ufpr.br\/index.php?rest_route=\/wp\/v2\/users\/11"}],"replies":[{"embeddable":true,"href":"https:\/\/direito.ufpr.br\/index.php?rest_route=%2Fwp%2Fv2%2Fcomments&post=38259"}],"version-history":[{"count":77,"href":"https:\/\/direito.ufpr.br\/index.php?rest_route=\/wp\/v2\/pages\/38259\/revisions"}],"predecessor-version":[{"id":40691,"href":"https:\/\/direito.ufpr.br\/index.php?rest_route=\/wp\/v2\/pages\/38259\/revisions\/40691"}],"wp:attachment":[{"href":"https:\/\/direito.ufpr.br\/index.php?rest_route=%2Fwp%2Fv2%2Fmedia&parent=38259"}],"curies":[{"name":"wp","href":"https:\/\/api.w.org\/{rel}","templated":true}]}}