{"id":39424,"date":"2022-10-03T15:11:35","date_gmt":"2022-10-03T18:11:35","guid":{"rendered":"https:\/\/direito.ufpr.br\/?page_id=39424"},"modified":"2023-02-07T09:01:50","modified_gmt":"2023-02-07T12:01:50","slug":"editais-de-selecao-para-monitoria-primeiro-semestre-do-ano-letivo-de-2022","status":"publish","type":"page","link":"https:\/\/direito.ufpr.br\/?page_id=39424","title":{"rendered":"Programa Institucional de Monitoria \u2013 Segundo Semestre do ano letivo de 2022"},"content":{"rendered":"<p><a href=\"https:\/\/direito.ufpr.br\/wp-content\/uploads\/2022\/10\/PIM_2022.2___EDITAL_N__23_2022.pdf\">EDITAL 23\/2022\/COAFE\/PROGRAD &#8211; PROGRAMA INSTITUCIONAL DE MONITORIA<\/a>&nbsp;<\/p>\n<p><a href=\"https:\/\/direito.ufpr.br\/wp-content\/uploads\/2022\/10\/PIM_2022.2___EDITAL_N__26_2022_PRELIMINAR_DE_RESULTADO_300922.pdf\">EDITAL 26\/2022-COAFE\/PROGRAD &#8211; RESULTADO PRELIMINAR<\/a>&nbsp;<\/p>\n<p><a href=\"https:\/\/direito.ufpr.br\/wp-content\/uploads\/2022\/10\/Res-91-99-CEPE-normas-para-o-Programa-de-Monitoria.pdf\">Res 91\/99-CEPE normas para o Programa de Monitoria<\/a>&nbsp;<\/p>\n<p><a href=\"https:\/\/direito.ufpr.br\/wp-content\/uploads\/2022\/10\/Res-43-03-CEPE-criterios-para-selecao-de-monitores.pdf\">Res 43\/03-CEPE crit\u00e9rios para sele\u00e7\u00e3o de monitores<\/a>&nbsp;<\/p>\n\n\n<p><strong>EDITAIS DE SELE\u00c7\u00c3O<\/strong><\/p>\n\n\n\n<p>No momento da sele\u00e7\u00e3o os alunos devem disponibilizar o hist\u00f3rico escolar com a nota da disciplina, com o IRA para casos de desempate.<\/p>\n\n\n<p><a href=\"https:\/\/direito.ufpr.br\/wp-content\/uploads\/2022\/10\/Betina-Treiger-Grupenmacher-DB060-Direito-Processual-Tributario.pdf\">Betina Treiger Grupenmacher &#8211; DB060-Direito Processual Tribut\u00e1rio<\/a>&nbsp;<\/p>\n<p><a href=\"https:\/\/direito.ufpr.br\/wp-content\/uploads\/2022\/10\/Betina-Treiger-Grupenmacher-DB060-Direito-Processual-Tributario-NOVA-DATA.pdf\">Betina Treiger Grupenmacher &#8211; DB060-Direito Processual Tribut\u00e1rio &#8211; NOVA DATA<\/a>&nbsp;<\/p>\n<p><a href=\"https:\/\/direito.ufpr.br\/wp-content\/uploads\/2022\/10\/Betina-Treiger-Grupenmacher-DB060-Direito-Processual-Tributario-NOVA-DATA-20.10.2022.pdf\">Betina Treiger Grupenmacher &#8211; DB060-Direito Processual Tribut\u00e1rio &#8211; NOVA DATA 20.10.2022<\/a>&nbsp;<\/p>\n<p><a href=\"https:\/\/direito.ufpr.br\/wp-content\/uploads\/2022\/10\/Bernardo-Strobel-Guimaraes-DB438-Economia-Politica.pdf\">Bernardo Strobel Guimar\u00e3es &#8211; DB438-Economia Pol\u00edtica<\/a>&nbsp;<\/p>\n<p><a href=\"https:\/\/direito.ufpr.br\/wp-content\/uploads\/2022\/10\/Carlos-Eduardo-Pianovski-Ruzyk-DC041-Teoria-dos-Contratos-A.pdf\">Carlos Eduardo Pianovski Ruzyk &#8211; DC041-Teoria dos Contratos A<\/a>&nbsp;<\/p>\n<p><a href=\"https:\/\/direito.ufpr.br\/wp-content\/uploads\/2022\/10\/Eduardo-Talamini-DC429-Direito-Processual-Civil-A.pdf\">Eduardo Talamini &#8211; DC429-Direito Processual Civil A<\/a>&nbsp;<\/p>\n<p><a href=\"https:\/\/direito.ufpr.br\/wp-content\/uploads\/2022\/10\/Eduardo-Talamini-DC068-Meios-Alternativos-de-Solucao-de-Litigios.pdf\">Eduardo Talamini &#8211; DC068-Meios Alternativos de Solu\u00e7\u00e3o de Lit\u00edgios<\/a>&nbsp;<\/p>\n<p><a href=\"https:\/\/direito.ufpr.br\/wp-content\/uploads\/2022\/10\/Eroulths-Cortiano-Junior-DC425-Direito-Civil-A.pdf\">Eroulths Cortiano J\u00fanior &#8211; DC425-Direito Civil A<\/a>&nbsp;<\/p>\n<p><a href=\"https:\/\/direito.ufpr.br\/wp-content\/uploads\/2022\/10\/Francisco-de-Assis-do-Rego-Monteiro-Rocha-Junior-DP417-Direito-Penal-A.pdf\">Francisco de Assis do Rego Monteiro Rocha J\u00fanior &#8211; DP417-Direito Penal A<\/a>&nbsp;<\/p>\n<p><a href=\"https:\/\/direito.ufpr.br\/wp-content\/uploads\/2022\/10\/Francisco-de-Assis-do-Rego-Monteiro-Rocha-Junior-DP418-Direito-Penal-B.pdf\">Francisco de Assis do Rego Monteiro Rocha J\u00fanior &#8211; DP418-Direito Penal B<\/a>&nbsp;<\/p>\n<p><a href=\"https:\/\/direito.ufpr.br\/wp-content\/uploads\/2022\/10\/Guilherme-Brenner-Lucchesi-DP421-Direito-Processual-Penal-A.pdf\">Guilherme Brenner Lucchesi &#8211; DP421-Direito Processual Penal A<\/a>&nbsp;<\/p>\n<p><a href=\"https:\/\/direito.ufpr.br\/wp-content\/uploads\/2022\/10\/Guilherme-Brenner-Lucchesi-DP055-Direito-Penal-Economico-parte-geral.pdf\">Guilherme Brenner Lucchesi &#8211; DP055-Direito Penal Econ\u00f4mico &#8211; parte geral<\/a>&nbsp;<\/p>\n<p><a href=\"https:\/\/direito.ufpr.br\/wp-content\/uploads\/2022\/10\/Katya-Regina-Isaguirre-Torres-DB440-Direito-Ambiental-NOVA-DATA.pdf\">Katya Regina Isaguirre Torres &#8211; DB440-Direito Ambiental &#8211; NOVA DATA<\/a>&nbsp;<\/p>\n<p><a href=\"https:\/\/direito.ufpr.br\/wp-content\/uploads\/2022\/10\/Katya-Regina-Isaguirre-Torres-DB440-Direito-Ambiental.pdf\">Katya Regina Isaguirre Torres &#8211; DB440-Direito Ambiental<\/a>&nbsp;<\/p>\n<p><a href=\"https:\/\/direito.ufpr.br\/wp-content\/uploads\/2022\/10\/Katya-Regina-Isaguirre-Torres-DB108-Direito-Agrario-Terra-e-Territorio-NOVA-DATA.pdf\">Katya Regina Isaguirre Torres &#8211; DB108-Direito Agr\u00e1rio &#8211; Terra e Territ\u00f3rio &#8211; NOVA DATA<\/a>&nbsp;<\/p>\n<p><a href=\"https:\/\/direito.ufpr.br\/wp-content\/uploads\/2022\/10\/Katya-Regina-Isaguirre-Torres-DB108-Direito-Agrario-Terra-e-Territorio.pdf\">Katya Regina Isaguirre Torres &#8211; DB108-Direito Agr\u00e1rio &#8211; Terra e Territ\u00f3rio<\/a>&nbsp;<\/p>\n<p><a href=\"https:\/\/direito.ufpr.br\/wp-content\/uploads\/2022\/10\/Larissa-Liz-Odreski-Ramina-DB426-Direito-Internacional-Publico.pdf\">Larissa Liz Odreski Ramina &#8211; DB426-Direito Internacional P\u00fablico<\/a>&nbsp;<\/p>\n<p><a href=\"https:\/\/direito.ufpr.br\/wp-content\/uploads\/2022\/10\/Larissa-Liz-Odreski-Ramina-DB426-Direito-Internacional-Publico_NOVA-DATA.pdf\">Larissa Liz Odreski Ramina &#8211; DB426-Direito Internacional P\u00fablico_NOVA DATA_21.10.2022<\/a><\/p>\n<p><a href=\"https:\/\/direito.ufpr.br\/wp-content\/uploads\/2022\/10\/Manoel-Eduardo-Alves-Camargo-e-Gomes-DB439-Direito-e-Sociedade.pdf\">Manoel Eduardo Alves Camargo e Gomes &#8211; DB439-Direito e Sociedade<\/a>&nbsp;<\/p>\n<p><a href=\"https:\/\/direito.ufpr.br\/wp-content\/uploads\/2022\/10\/Marcia-Carla-Pereira-Ribeiro-DV450-Direito-Empresarial-B.pdf\">Marcia Carla Pereira Ribeiro &#8211; DV450-Direito Empresarial B<\/a>&nbsp;<\/p>\n<p><a href=\"https:\/\/direito.ufpr.br\/wp-content\/uploads\/2022\/10\/Marco-Aurelio-Serau-Junior-DV445-Direito-do-Trabalho.pdf\">Marco Aur\u00e9lio Serau J\u00fanior &#8211; DV445-Direito do Trabalho<\/a>&nbsp;<\/p>\n<p><a href=\"https:\/\/direito.ufpr.br\/wp-content\/uploads\/2022\/10\/Marcos-Wachowicz-DV441-Direito-Internacional-Privado.pdf\">Marcos Wachowicz &#8211; DV441-Direito Internacional Privado<\/a>&nbsp;<\/p>\n<p><a href=\"https:\/\/direito.ufpr.br\/wp-content\/uploads\/2022\/10\/Marcos-Wachowicz-DV449-Direito-Empresarial-A.pdf\">Marcos Wachowicz &#8211; DV449-Direito Empresarial A<\/a>&nbsp;<\/p>\n<p><a href=\"https:\/\/direito.ufpr.br\/wp-content\/uploads\/2022\/10\/Miguel-Gualano-de-Godoy-DB435-Direito-Constitucional-A.pdf\">Miguel Gualano de Godoy &#8211; DB435-Direito Constitucional A<\/a>&nbsp;<\/p>\n<p><a href=\"https:\/\/direito.ufpr.br\/wp-content\/uploads\/2022\/10\/Ricardo-Prestes-Pazello-DB441-Antropologia-Juridica.pdf\">Ricardo Prestes Pazello &#8211; DB441-Antropologia Jur\u00eddica<\/a><\/p>\n<p><a href=\"https:\/\/direito.ufpr.br\/wp-content\/uploads\/2022\/10\/Ricardo-Prestes-Pazello-DB093-Direito-e-Marxismo.pdf\">Ricardo Prestes Pazello &#8211; DB093-Direito e Marxismo<\/a>&nbsp;<\/p>\n<p><a href=\"https:\/\/direito.ufpr.br\/wp-content\/uploads\/2022\/10\/Rosalice-Fidalgo-Pinheiro-DC427-Direito-Civil-C.pdf\">Rosalice Fidalgo Pinheiro &#8211; DC427-Direito Civil C<\/a>&nbsp;<\/p>\n<p><a href=\"https:\/\/direito.ufpr.br\/wp-content\/uploads\/2022\/10\/Rosalice-Fidalgo-Pinheiro-DC428-Direito-Civil-D.pdf\">Rosalice Fidalgo Pinheiro &#8211; DC428-Direito Civil D<\/a>&nbsp;<\/p>\n<p><a href=\"https:\/\/direito.ufpr.br\/wp-content\/uploads\/2022\/10\/Rosalice-Fidalgo-Pinheiro-DC049-Consumidor-e-Relacoes-Interprivadas.pdf\">Rosalice Fidalgo Pinheiro &#8211; DC049-Consumidor e Rela\u00e7\u00f5es Interprivadas<\/a>&nbsp;<\/p>\n<p><a href=\"https:\/\/direito.ufpr.br\/wp-content\/uploads\/2022\/10\/Tatyana-Scheila-Friedrich-DV441-Direito-Internacional-Privado.pdf\">Tatyana Scheila Friedrich &#8211; DV441-Direito Internacional Privado<\/a>&nbsp;<\/p>\n<p><a href=\"https:\/\/direito.ufpr.br\/wp-content\/uploads\/2022\/10\/Thiago-de-Azevedo-Pinheiro-Hoshino-DV437-Metodologia-do-Trabalho-Cientifico-em-Direito.pdf\">Thiago de Azevedo Pinheiro Hoshino &#8211; DV437-Metodologia do Trabalho Cient\u00edfico em Direito<\/a><\/p>\n<p><a href=\"https:\/\/direito.ufpr.br\/wp-content\/uploads\/2022\/10\/Vicente-de-Paula-Ataide-Junior-DC429-Direito-Processual-Civil-A.pdf\">Vicente de Paula Ata\u00edde J\u00fanior &#8211; DC429-Direito Processual Civil A<\/a>&nbsp;<\/p>\n<p><a href=\"https:\/\/direito.ufpr.br\/wp-content\/uploads\/2022\/10\/William-Soares-Pugliese-DC431-Direito-Processual-Civil-C.pdf\">William Soares Pugliese &#8211; DC431-Direito Processual Civil C<\/a>&nbsp;<\/p>\n<p><\/p>\n<p><strong data-rich-text-format-boundary=\"true\">RESULTADOS DAS SELE\u00c7\u00d5ES<\/strong><\/p>\n<p><a href=\"https:\/\/direito.ufpr.br\/wp-content\/uploads\/2022\/10\/Resultado-Bernardo-Strobel-Guimaraes-DB438-Economia-Politica.pdf\">Resultado &#8211; Bernardo Strobel Guimar\u00e3es &#8211; DB438-Economia Pol\u00edtica<\/a><\/p>\n<p><a href=\"https:\/\/direito.ufpr.br\/wp-content\/uploads\/2022\/10\/Resultado-Betina-Treiger-Grupenmacher-Direito-Processual-Tributario-1.pdf\">Resultado &#8211; Betina Treiger Grupenmacher &#8211; Direito Processual Tribut\u00e1rio<\/a><\/p>\n<p><a href=\"https:\/\/direito.ufpr.br\/wp-content\/uploads\/2022\/10\/Resultado-Carlos-Eduardo-Pianovski-Ruzyk-DC041-Teoria-dos-Contratos-A.pdf\">Resultado &#8211; Carlos Eduardo Pianovski Ruzyk &#8211; DC041-Teoria dos Contratos A<\/a>&nbsp;<\/p>\n<p><a href=\"https:\/\/direito.ufpr.br\/wp-content\/uploads\/2022\/10\/Resultado-Eduardo-Talamini-DC429-Direito-Processual-Civil-A.pdf\">Resultado &#8211; Eduardo Talamini &#8211; DC429-Direito Processual Civil A<\/a>&nbsp;<\/p>\n<p><a href=\"https:\/\/direito.ufpr.br\/wp-content\/uploads\/2022\/10\/Resultado-Eduardo-Talamini-DC068-Meios-Alternativos-de-Solucao-de-Litigios.pdf\">Resultado &#8211; Eduardo Talamini &#8211; DC068-Meios Alternativos de Solu\u00e7\u00e3o de Lit\u00edgios<\/a>&nbsp;<\/p>\n<p><a href=\"https:\/\/direito.ufpr.br\/wp-content\/uploads\/2022\/10\/Resultado-Eroulths-Cortiano-Junior-DC425-Direito-Civil-A.pdf\">Resultado &#8211; Eroulths Cortiano J\u00fanior &#8211; DC425-Direito Civil A<\/a>&nbsp;<\/p>\n<p><a href=\"https:\/\/direito.ufpr.br\/wp-content\/uploads\/2022\/10\/Resultado-Francisco-de-Assis-do-Rego-Monteiro-Rocha-Junior-DP417-Direito-Penal-A.pdf\">Resultado &#8211; Francisco de Assis do Rego Monteiro Rocha Junior &#8211; DP417-Direito Penal A<\/a><\/p>\n<p><a href=\"https:\/\/direito.ufpr.br\/wp-content\/uploads\/2022\/10\/Resultado-Francisco-de-Assis-do-Rego-Monteiro-Rocha-Junior-DP418-Direito-Penal-B.pdf\">Resultado &#8211; Francisco de Assis do Rego Monteiro Rocha Junior &#8211; DP418-Direito Penal B<\/a><\/p>\n<p><a href=\"https:\/\/direito.ufpr.br\/wp-content\/uploads\/2022\/10\/Resultado-Guilherme-Brenner-Lucchesi-DP055-Direito-Penal-Economico-Parte-Geral.pdf\">Resultado &#8211; Guilherme Brenner Lucchesi &#8211; DP055-Direito Penal Econ\u00f4mico &#8211; Parte Geral<\/a><\/p>\n<p><a href=\"https:\/\/direito.ufpr.br\/wp-content\/uploads\/2022\/10\/Resultado-Guilherme-Brenner-Lucchesi-DP421-Direito-Processual-Penal-A.pdf\">Resultado &#8211; Guilherme Brenner Lucchesi &#8211; DP421-Direito Processual Penal A<\/a><\/p>\n<p><a href=\"https:\/\/direito.ufpr.br\/wp-content\/uploads\/2022\/10\/Resultado-Katya-Regina-Isaguirre-Torres-DB108-Direito-Agrario-Terra-e-Territorio.pdf\">Resultado &#8211; Katya Regina Isaguirre Torres &#8211; DB108-Direito Agr\u00e1rio Terra e Territ\u00f3rio<\/a><\/p>\n<p><a href=\"https:\/\/direito.ufpr.br\/wp-content\/uploads\/2022\/10\/Resultado-Katya-Regina-Isaguirre-Torres-DB440-Direito-Ambiental.pdf\">Resultado &#8211; Katya Regina Isaguirre Torres &#8211; DB440-Direito Ambiental<\/a><\/p>\n<p><a href=\"https:\/\/direito.ufpr.br\/wp-content\/uploads\/2022\/10\/Resultado-Larissa-Liz-Odreski-Ramina-DB426-Direito-Internacional-Publico.pdf\">Resultado &#8211; Larissa Liz Odreski Ramina &#8211; DB426-Direito Internacional P\u00fablico<\/a>&nbsp;<\/p>\n<p><a href=\"https:\/\/direito.ufpr.br\/wp-content\/uploads\/2022\/10\/Resultado-Manoel-Eduardo-Alves-Camargo-e-Gomes-DB439-Direito-e-Sociedade.pdf\">Resultado &#8211; Manoel Eduardo Alves Camargo e Gomes &#8211; DB439-Direito e Sociedade<\/a>&nbsp;<\/p>\n<p><a href=\"https:\/\/direito.ufpr.br\/wp-content\/uploads\/2022\/10\/Resultado-Marcia-Carla-Pereira-Ribeiro-DV450-Direito-Empresarial-B-3.pdf\">Resultado &#8211; Marcia Carla Pereira Ribeiro &#8211; DV450-Direito Empresarial B<\/a>&nbsp;<\/p>\n<p><a href=\"https:\/\/direito.ufpr.br\/wp-content\/uploads\/2022\/10\/Resultado-Marco-Aurelio-Serau-Junior-DV445-Direito-do-Trabalho.pdf\">Resultado &#8211; Marco Aur\u00e9lio Serau Junior &#8211; DV445-Direito do Trabalho<\/a><\/p>\n<p><a href=\"https:\/\/direito.ufpr.br\/wp-content\/uploads\/2022\/10\/Resultado-Marcos-Wachowicz-DV441-Direito-Internacional-Privado.pdf\">Resultado &#8211; Marcos Wachowicz &#8211; DV441-Direito Internacional Privado<\/a>&nbsp;<\/p>\n<p><a href=\"https:\/\/direito.ufpr.br\/wp-content\/uploads\/2022\/10\/Resultado-Marcos-Wachowicz-DV449-Direito-Empresarial-A.pdf\">Resultado &#8211; Marcos Wachowicz &#8211; DV449-Direito Empresarial A<\/a>&nbsp;<\/p>\n<p><a href=\"https:\/\/direito.ufpr.br\/wp-content\/uploads\/2022\/10\/Resultado-Miguel-Gualano-de-Godoy-DB435-Direito-Constitucional-A.pdf\">Resultado &#8211; Miguel Gualano de Godoy &#8211; DB435-Direito Constitucional A<\/a>&nbsp;<\/p>\n<p><a href=\"https:\/\/direito.ufpr.br\/wp-content\/uploads\/2022\/10\/Resultado-Ricardo-Prestes-Pazello-DB093-Direito-e-Marxismo.pdf\">Resultado &#8211; Ricardo Prestes Pazello &#8211; DB093-Direito e Marxismo<\/a><\/p>\n<p><a href=\"https:\/\/direito.ufpr.br\/wp-content\/uploads\/2022\/10\/Resultado-Ricardo-Prestes-Pazello-DB441-Antropologia-Juridica.pdf\">Resultado &#8211; Ricardo Prestes Pazello &#8211; DB441-Antropologia Jur\u00eddica<\/a><\/p>\n<p><a href=\"https:\/\/direito.ufpr.br\/wp-content\/uploads\/2022\/10\/Resultado-Rosalice-Fidalgo-Pinheiro-DC049-Consumidor-e-Relacoes-Interprivadas.pdf\">Resultado &#8211; Rosalice Fidalgo Pinheiro &#8211; DC049-Consumidor e Rela\u00e7\u00f5es Interprivadas<\/a><\/p>\n<p><a href=\"https:\/\/direito.ufpr.br\/wp-content\/uploads\/2022\/10\/Resultado-Rosalice-Fidalgo-Pinheiro-DC427-Direito-Civil-B.pdf\">Resultado &#8211; Rosalice Fidalgo Pinheiro &#8211; DC427-Direito Civil B<\/a><\/p>\n<p><a href=\"https:\/\/direito.ufpr.br\/wp-content\/uploads\/2022\/10\/Resultado-Rosalice-Fidalgo-Pinheiro-DC428-Direito-Civil-D.pdf\">Resultado &#8211; Rosalice Fidalgo Pinheiro &#8211; DC428-Direito Civil D<\/a><\/p>\n<p><a href=\"https:\/\/direito.ufpr.br\/wp-content\/uploads\/2022\/10\/Resultado-Tatyana-Scheila-Friedrich-DV441-Direito-Internacional-Privado.pdf\">Resultado &#8211; Tatyana Scheila Friedrich &#8211; DV441-Direito Internacional Privado<\/a><\/p>\n<p><a href=\"https:\/\/direito.ufpr.br\/wp-content\/uploads\/2022\/10\/Resultado-Thiago-de-Azevedo-Pinheiro-Hoshino-DV437-Metodologia-do-Trabalho-Cientifico-em-Direito.pdf\">Resultado &#8211; Thiago de Azevedo Pinheiro Hoshino &#8211; DV437-Metodologia do Trabalho Cient\u00edfico em Direito<\/a>&nbsp;<\/p>\n<p><a href=\"https:\/\/direito.ufpr.br\/wp-content\/uploads\/2022\/10\/Resultado-Vicente-de-Paula-Ataide-Junior-DC429-Direito-Processual-Civil-A-2.pdf\">Resultado &#8211; Vicente de Paula Ata\u00edde J\u00fanior &#8211; DC429-Direito Processual Civil A<\/a><\/p>\n<p><\/p>","protected":false},"excerpt":{"rendered":"<p>EDITAL 23\/2022\/COAFE\/PROGRAD &#8211; PROGRAMA INSTITUCIONAL DE MONITORIA&nbsp; EDITAL 26\/2022-COAFE\/PROGRAD &#8211; RESULTADO PRELIMINAR&nbsp; Res 91\/99-CEPE normas para o Programa de Monitoria&nbsp; Res 43\/03-CEPE crit\u00e9rios para sele\u00e7\u00e3o de monitores&nbsp; EDITAIS DE SELE\u00c7\u00c3O No momento da sele\u00e7\u00e3o os alunos devem disponibilizar o hist\u00f3rico escolar com a nota da disciplina, com o IRA para casos de desempate. Betina Treiger [&hellip;]<\/p>\n","protected":false},"author":53,"featured_media":0,"parent":0,"menu_order":0,"comment_status":"closed","ping_status":"closed","template":"departamento.php","meta":{"_acf_changed":false,"_eb_attr":"","footnotes":""},"class_list":["post-39424","page","type-page","status-publish","hentry"],"acf":[],"_links":{"self":[{"href":"https:\/\/direito.ufpr.br\/index.php?rest_route=\/wp\/v2\/pages\/39424","targetHints":{"allow":["GET"]}}],"collection":[{"href":"https:\/\/direito.ufpr.br\/index.php?rest_route=\/wp\/v2\/pages"}],"about":[{"href":"https:\/\/direito.ufpr.br\/index.php?rest_route=\/wp\/v2\/types\/page"}],"author":[{"embeddable":true,"href":"https:\/\/direito.ufpr.br\/index.php?rest_route=\/wp\/v2\/users\/53"}],"replies":[{"embeddable":true,"href":"https:\/\/direito.ufpr.br\/index.php?rest_route=%2Fwp%2Fv2%2Fcomments&post=39424"}],"version-history":[{"count":60,"href":"https:\/\/direito.ufpr.br\/index.php?rest_route=\/wp\/v2\/pages\/39424\/revisions"}],"predecessor-version":[{"id":40690,"href":"https:\/\/direito.ufpr.br\/index.php?rest_route=\/wp\/v2\/pages\/39424\/revisions\/40690"}],"wp:attachment":[{"href":"https:\/\/direito.ufpr.br\/index.php?rest_route=%2Fwp%2Fv2%2Fmedia&parent=39424"}],"curies":[{"name":"wp","href":"https:\/\/api.w.org\/{rel}","templated":true}]}}