{"id":40682,"date":"2023-02-06T19:49:43","date_gmt":"2023-02-06T22:49:43","guid":{"rendered":"https:\/\/direito.ufpr.br\/?page_id=40682"},"modified":"2023-03-27T09:30:56","modified_gmt":"2023-03-27T12:30:56","slug":"editais-de-selecao-para-monitoria-primeiro-semestre-do-ano-letivo-de-2023","status":"publish","type":"page","link":"https:\/\/direito.ufpr.br\/?page_id=40682","title":{"rendered":"Programa Institucional de Monitoria \u2013 Primeiro Semestre do ano letivo de 2023"},"content":{"rendered":"<p><a href=\"https:\/\/direito.ufpr.br\/wp-content\/uploads\/2023\/02\/Edital_02_2023_monitoria.pdf\">Edital 02\/2023\/PROGRAD\/COAFE &#8211; PROGRAMA INSTITUCIONAL DE MONITORIA &#8211; abertura<\/a> &nbsp;<\/p>\n<p><a href=\"https:\/\/direito.ufpr.br\/wp-content\/uploads\/2023\/03\/Edital-03-2023-PROGRAD-COAFE-MONITORIA-Resultado-preliminar.pdf\">Edital 03\/2023\/PROGRAD\/COAFE &#8211; Resultado preliminar<\/a>&nbsp;<\/p>\n<p><a href=\"https:\/\/direito.ufpr.br\/wp-content\/uploads\/2023\/03\/Monitoria-Res-91-99-CEPE.pdf\">Resolu\u00e7\u00e3o 91\/99-CEPE &#8211; normas de monitoria<\/a>&nbsp;<\/p>\n<p><a href=\"https:\/\/direito.ufpr.br\/wp-content\/uploads\/2023\/03\/Monitoria-Res-43-03-CEPE.pdf\">Resou\u00e7\u00e3o 43\/03-CEPE &#8211; crit\u00e9rios de sele\u00e7\u00e3o de monitoria<\/a>&nbsp;<\/p>\n\n\n<p><strong>EDITAIS DE SELE\u00c7\u00c3O<\/strong><\/p>\n\n\n\n<ul class=\"wp-block-list\"><li>as inscri\u00e7\u00f5es s\u00e3o realizadas na secretaria dos departamentos do curso de Direito (sala 106) ou conforme indicado no edital de sele\u00e7\u00e3o.<\/li><li>os candidatos devem apresentar o hist\u00f3rico escolar com o IRA. <\/li><\/ul>\n\n\n<p><a href=\"https:\/\/direito.ufpr.br\/wp-content\/uploads\/2023\/03\/Adriana-Espindola-Correa-DC427-Direito-Civil-C.pdf\">Adriana Esp\u00edndola Corr\u00eaa &#8211; DC427 &#8211; Direito Civil C<\/a><\/p>\n<p><a href=\"https:\/\/direito.ufpr.br\/wp-content\/uploads\/2023\/03\/Ana-Carla-Harmatiuk-DC435-Direito-Civil-E.pdf\">Ana Carla Harmatiuk &#8211; DC435 &#8211; Direito Civil E<\/a><\/p>\n<p><a href=\"https:\/\/direito.ufpr.br\/wp-content\/uploads\/2023\/03\/Ana-Carla-Harmatiuk-DC035-Direitos-Humanos-e-Relacoes-Familiares.pdf\">Ana Carla Harmatiuk &#8211; DC035 &#8211; Direitos Humanos e Rela\u00e7\u00f5es Familiares<\/a><\/p>\n<p><a href=\"https:\/\/direito.ufpr.br\/wp-content\/uploads\/2023\/03\/Angela-Cassia-Costaldello-DB443-Direito-Administrativo-A.pdf\">Angela Cassia Costaldello &#8211; DB443 &#8211; Direito Administrativo A<\/a><\/p>\n<p><a href=\"https:\/\/direito.ufpr.br\/wp-content\/uploads\/2023\/03\/Angela-Cassia-Costaldello-DB444-Direito-Administrativo-B.pdf\">Angela Cassia Costaldello &#8211; DB444 &#8211; Direito Administrativo B<\/a><\/p>\n<p><a href=\"https:\/\/direito.ufpr.br\/wp-content\/uploads\/2023\/03\/Betina-Treiger-Grupenmacher-DB428-Direito-Tributario.pdf\">Betina Treiger Grupenmacher &#8211; DB428 &#8211; Direito Tribut\u00e1rio<\/a><\/p>\n<p><a href=\"https:\/\/direito.ufpr.br\/wp-content\/uploads\/2023\/03\/Cesar-Antonio-Serbena-DV453-Filosofia-do-Direito.pdf\">C\u00e9sar Ant\u00f4nio Serbena &#8211; DV453-Filosofia do Direito<\/a>&nbsp;<\/p>\n<p><a href=\"https:\/\/direito.ufpr.br\/wp-content\/uploads\/2023\/03\/Clayton-de-Albuquerque-Maranhao-DC431-Direito-Processual-Civil-C.pdf\">Clayton de Albuquerque Maranh\u00e3o &#8211; DC431-Direito Processual Civil C<\/a>&nbsp;<\/p>\n<p><a href=\"https:\/\/direito.ufpr.br\/wp-content\/uploads\/2023\/03\/Eduardo-Talamini-DC430-Direito-Processual-Civil-B.pdf\">Eduardo Talamini &#8211; DC430-Direito Processual Civil B<\/a>&nbsp;<\/p>\n<p><a href=\"https:\/\/direito.ufpr.br\/wp-content\/uploads\/2023\/03\/Eduardo-Talamini-DC068-Meios-Alternativos-de-Solucao-de-Litigios.pdf\">Eduardo Talamini &#8211; DC068-Meios Alternativos de Solu\u00e7\u00e3o de Lit\u00edgios<\/a>&nbsp;<\/p>\n<p><a href=\"https:\/\/direito.ufpr.br\/wp-content\/uploads\/2023\/03\/Elton-Venturi-DC431-Direito-Processual-Civil-C.pdf\">Elton Venturi &#8211; DC431 &#8211; Direito Processual Civil C<\/a><\/p>\n<p><a href=\"https:\/\/direito.ufpr.br\/wp-content\/uploads\/2023\/03\/Eneida-Desiree-Salgado-DB435-Direito-Constitucional-A.pdf\">Eneida Desiree Salgado &#8211; DB435-Direito Constitucional A<\/a>&nbsp;<\/p>\n<p><a href=\"https:\/\/direito.ufpr.br\/wp-content\/uploads\/2023\/03\/Eneida-Desiree-Salgado-DB134-Topicos-de-Teoria-do-Estado-e-Ciencia-Politica-B.pdf\">Eneida Desiree Salgado &#8211; DB134-T\u00f3picos de Teoria do Estado e Ci\u00eancia Pol\u00edtica B<\/a>&nbsp;<\/p>\n<p><a href=\"https:\/\/direito.ufpr.br\/wp-content\/uploads\/2023\/03\/Eroulths-Cortiano-Junior-DC438-Direito-Civil-A.pdf\">Eroulths Cortiano Junior &#8211; DC438 &#8211; Direito Civil A<\/a><\/p>\n<p><a href=\"https:\/\/direito.ufpr.br\/wp-content\/uploads\/2023\/03\/Estefania-Maria-de-Queiroz-Barboza-DB448-Teoria-do-Estado.pdf\">Estef\u00e2nia Maria de Queiroz Barboza &#8211; DB448 &#8211; Teoria do Estado<\/a><\/p>\n<p><a href=\"https:\/\/direito.ufpr.br\/wp-content\/uploads\/2023\/03\/Francisco-de-Assis-do-Rego-Monteiro-Rocha-Junior-DP417-Direito-Penal-A.pdf\">Francisco de Assis do Rego Monteiro Rocha J\u00fanior &#8211; DP417-Direito Penal A<\/a>&nbsp;<\/p>\n<p><a href=\"https:\/\/direito.ufpr.br\/wp-content\/uploads\/2023\/03\/Gustavo-Osna-DC429-Direito-Processual-Civil-A.pdf\">Gustavo Osna &#8211; DC429-Direito Processual Civil A<\/a>&nbsp;<\/p>\n<p><a href=\"https:\/\/direito.ufpr.br\/wp-content\/uploads\/2023\/03\/Heloisa-Fernandes-Camara-DB448-Teoria-do-Estado-e-Ciencia-Politica-1.pdf\">Heloisa Fernandes C\u00e2mara &#8211; DB448-Teoria do Estado e Ci\u00eancia Pol\u00edtica<\/a>&nbsp;<\/p>\n<p><a href=\"https:\/\/direito.ufpr.br\/wp-content\/uploads\/2023\/03\/Ilton-Norberto-Robl-Filho-DV456-Metodologia-do-Trabalho-Cientifico-em-Direito.pdf\">Ilton Norberto Robl Filho &#8211; DV456-Metodologia do Trabalho Cient\u00edfico em Direito<\/a>&nbsp;<\/p>\n<p><a href=\"https:\/\/direito.ufpr.br\/wp-content\/uploads\/2023\/03\/Jose-Antonio-Peres-Gediel-DC-427-Direito-Civil-C.pdf\">Jos\u00e9 Ant\u00f4nio Peres Gediel &#8211; DC-427-Direito Civil C<\/a><\/p>\n<p><a href=\"https:\/\/direito.ufpr.br\/wp-content\/uploads\/2023\/03\/Katie-Silene-Caceres-Arguello-DP425-Criminologia.pdf\">Katie Silene C\u00e1ceres Arguello &#8211; DP425-Criminologia<\/a>&nbsp;<\/p>\n<p><a href=\"https:\/\/direito.ufpr.br\/wp-content\/uploads\/2023\/03\/Larissa-Liz-Odreski-Ramina-DB426-Direito-Internacional-Publico.pdf\">Larissa Liz Odreski Ramina &#8211; DB426-Direito Internacional P\u00fablico<\/a>&nbsp;<\/p>\n<p><a href=\"https:\/\/direito.ufpr.br\/wp-content\/uploads\/2023\/03\/Leandro-Franklin-Gorsdorf-DIR409-Pratica-Juridica-em-Direitos-Humanos.pdf\">Leandro Franklin Gorsdorf &#8211; DIR409-Pr\u00e1tica Jur\u00eddica em Direitos Humanos<\/a><\/p>\n<p><a href=\"https:\/\/direito.ufpr.br\/wp-content\/uploads\/2023\/03\/Luis-Fernando-Lopes-Pereira-DV448-Historia-do-Direito-NOVA-DATA.pdf\">Lu\u00eds Fernando Lopes Pereira &#8211; DV448 &#8211; Hist\u00f3ria do Direito (NOVA DATA)<\/a><\/p>\n<p><a href=\"https:\/\/direito.ufpr.br\/wp-content\/uploads\/2023\/03\/Luis-Fernando-Lopes-Pereira-DV448-Historia-do-Direito.pdf\">Lu\u00eds Fernando Lopes Pereira &#8211; DV448 &#8211; Hist\u00f3ria do Direito<\/a><\/p>\n<p><a href=\"https:\/\/direito.ufpr.br\/wp-content\/uploads\/2023\/03\/Luiz-Daniel-Haj-Mussi-DV113-Topicos-Especiais-de-Direito-Empresarial-I-Sociedades-Anonimas-e-Mercado-de-Capitais.pdf\">Luiz Daniel Haj Mussi &#8211; DV113-T\u00f3picos Especiais de Direito Empresarial I &#8211; Sociedades An\u00f4nimas e Mercado de Capitais<\/a><\/p>\n<p><a href=\"https:\/\/direito.ufpr.br\/wp-content\/uploads\/2023\/03\/Luiz-Daniel-Haj-Mussi-DV449-Direito-Empresarial-A.pdf\">Luiz Daniel Haj Mussi &#8211; DV449 &#8211; Direito Empresarial A<\/a><\/p>\n<p><a href=\"https:\/\/direito.ufpr.br\/wp-content\/uploads\/2023\/03\/Manoel-Eduardo-Alves-Camargo-e-Gomes-DB450-Direito-e-Sociedade.pdf\">Manoel Eduardo Alves Camargo e Gomes &#8211; DB450-Direito e Sociedade<\/a>&nbsp;<\/p>\n<p><a href=\"https:\/\/direito.ufpr.br\/wp-content\/uploads\/2023\/03\/EDITAL-DE-SELECAO-Marcia-1.pdf\">Marcia Carla Pereira Ribeiro &#8211; DV450-Direito Empresarial B<\/a>&nbsp;<\/p>\n<p><a href=\"https:\/\/direito.ufpr.br\/wp-content\/uploads\/2023\/03\/Marco-Aurelio-Nunes-da-Silveira-DP421-Direito-Processual-Penal-A.pdf\">Marco Aur\u00e9lio Nunes da Silveira &#8211; DP421-Direito Processual Penal A<\/a>&nbsp;<\/p>\n<p><a href=\"https:\/\/direito.ufpr.br\/wp-content\/uploads\/2023\/03\/Marco-Aurelio-Serau-Jr.-DV181-Seguridade-Social.pdf\">Marco Aur\u00e9lio Serau Jr. &#8211; DV181 &#8211; Seguridade Social<\/a><\/p>\n<p><a href=\"https:\/\/direito.ufpr.br\/wp-content\/uploads\/2023\/03\/Marco-Aurelio-Serau-Jr.-DV185-Artes-e-Direito-do-Trabalho.pdf\">Marco Aur\u00e9lio Serau Jr. &#8211; DV185 &#8211; Artes e Direito do Trabalho<\/a><\/p>\n<p><a href=\"https:\/\/direito.ufpr.br\/wp-content\/uploads\/2023\/03\/Marco-Aurelio-Serau-Jr.-DV445-\u2013-Direito-do-Trabalho.pdf\">Marco Aur\u00e9lio Serau Jr. &#8211; DV445 \u2013 Direito do Trabalho<\/a><\/p>\n<p><a href=\"https:\/\/direito.ufpr.br\/wp-content\/uploads\/2023\/03\/Marcos-Wachowicz-DV441-Direito-Internacional-Privado.pdf\">Marcos Wachowicz &#8211; DV441-Direito Internacional Privado<\/a>&nbsp;<\/p>\n<p><a href=\"https:\/\/direito.ufpr.br\/wp-content\/uploads\/2023\/03\/Maria-Candida-Pires-Vieira-Amaral-Kroetz-DC426-Direito-Civil-B.pdf\">Maria Candida Pires Vieira Amaral Kroetz &#8211; DC426-Direito Civil B<\/a><\/p>\n<p><a href=\"https:\/\/direito.ufpr.br\/wp-content\/uploads\/2023\/03\/Melina-Girardi-Fachin-DB436-Direito-Constitucional-B.pdf\">Melina Girardi Fachin &#8211; DB436-Direito Constitucional B<\/a><\/p>\n<p><a href=\"https:\/\/direito.ufpr.br\/wp-content\/uploads\/2023\/03\/Ricardo-Prestes-Pazello-DB441-Antropologia-Juridica.pdf\">Ricardo Prestes Pazello &#8211; DB441-Antropologia Jur\u00eddica<\/a><\/p>\n<p><a href=\"https:\/\/direito.ufpr.br\/wp-content\/uploads\/2023\/03\/Ricardo-Rachid-de-Oliveira-DP418-Direito-Penal-B.pdf\">Ricardo Rachid de Oliveira &#8211; DP418 &#8211; Direito Penal B<\/a><\/p>\n<p><a href=\"https:\/\/direito.ufpr.br\/wp-content\/uploads\/2023\/03\/Rodrigo-Luis-Kanayama-DB442-Direito-Financeiro-e-Politicas-Publicas.pdf\">Rodrigo Lu\u00eds Kanayama &#8211; DB442-Direito Financeiro e Pol\u00edticas P\u00fablicas<\/a>&nbsp;<\/p>\n<p><a href=\"https:\/\/direito.ufpr.br\/wp-content\/uploads\/2023\/03\/Rodrigo-Xavier-Leonardo-DC426-Direito-Civil-B.pdf\">Rodrigo Xavier Leonardo &#8211; DC426-Direito Civil B<\/a>&nbsp;<\/p>\n<p><a href=\"https:\/\/direito.ufpr.br\/wp-content\/uploads\/2023\/03\/Rodrigo-Xavier-Leonardo-DC053-Analise-Critica-da-Jurisprudencia-Civil.pdf\">Rodrigo Xavier Leonardo &#8211; DC053-An\u00e1lise Cr\u00edtica da Jurisprud\u00eancia Civil<\/a>&nbsp;<\/p>\n<p><a href=\"https:\/\/direito.ufpr.br\/wp-content\/uploads\/2023\/03\/Rosalice-Fidalgo-Pinheiro-DC428-Direito-Civil-D.pdf\">Rosalice Fidalgo Pinheiro &#8211; DC428-Direito Civil D<\/a>&nbsp;<\/p>\n<p><a href=\"https:\/\/direito.ufpr.br\/wp-content\/uploads\/2023\/03\/Rosalice-Fidalgo-Pinheiro-DC049-Consumidor-e-Relacoes-Interprivadas.pdf\">Rosalice Fidalgo Pinheiro &#8211; DC049-Consumidor e Rela\u00e7\u00f5es Interprivadas<\/a>&nbsp;<\/p>\n<p><a href=\"https:\/\/direito.ufpr.br\/wp-content\/uploads\/2023\/03\/Rui-Carlo-Dissenha-DP418-Direito-Penal-B.pdf\">Rui Carlo Dissenha &#8211; DP418-Direito Penal B<\/a>&nbsp;<\/p>\n<p><a href=\"https:\/\/direito.ufpr.br\/wp-content\/uploads\/2023\/03\/Rui-Carlo-Dissenha-DP419-Direito-Penal-C.pdf\">Rui Carlo Dissenha &#8211; DP419-Direito Penal C<\/a>&nbsp;<\/p>\n<p><a href=\"https:\/\/direito.ufpr.br\/wp-content\/uploads\/2023\/03\/Sandro-Lunard-Nicoladeli-DIR407-Pratica-Juridica-Trabalhista.pdf\">Sandro Lunard Nicoladeli &#8211; DIR407-Pr\u00e1tica Jur\u00eddica Trabalhista<\/a>&nbsp;<\/p>\n<p><a href=\"https:\/\/direito.ufpr.br\/wp-content\/uploads\/2023\/03\/Sergio-Cruz-Arenhart-DC429-Direito-Processual-Civil-A.pdf\">S\u00e9rgio Cruz Arenhart &#8211; DC429 &#8211; Direito Processual Civil A<\/a><\/p>\n<p><a href=\"https:\/\/direito.ufpr.br\/wp-content\/uploads\/2023\/03\/Taysa-Schiocchet-DIR409-Pratica-Juridica-em-Direitos-Humanos-1.pdf\">Taysa Schiocchet &#8211; DIR409-Pr\u00e1tica Jur\u00eddica em Direitos Humanos<\/a>&nbsp;<\/p>\n<p><a href=\"https:\/\/direito.ufpr.br\/wp-content\/uploads\/2023\/03\/Thiago-de-Azevedo-Pinheiro-Hoshino-DV456-Metodologia-do-Trabalho-Cientifico-em-Direito.pdf\">Thiago de Azevedo Pinheiro Hoshino &#8211; DV456-Metodologia do Trabalho Cient\u00edfico em Direito<\/a>&nbsp;<\/p>\n<p><a href=\"https:\/\/direito.ufpr.br\/wp-content\/uploads\/2023\/03\/Vera-Karam-de-Chueiri-DB435-Direito-Constitucional-A-1.pdf\">Vera Karam de Chueiri &#8211; DB435 &#8211; Direito Constitucional A<\/a><\/p>\n<p><a href=\"https:\/\/direito.ufpr.br\/wp-content\/uploads\/2023\/03\/Vicente-de-Paula-Ataide-Junior-DC430-Direito-Processual-Civil-B.pdf\">Vicente de Paula Ataide Junior &#8211; DC430-Direito Processual Civil B<\/a><\/p>\n<p><a href=\"https:\/\/direito.ufpr.br\/wp-content\/uploads\/2023\/03\/Walter-Guandalini-Junior-DV458-Historia-do-Direito-A.pdf\">Walter Guandalini J\u00fanior &#8211; DV458-Hist\u00f3ria do Direito A<\/a>&nbsp;<\/p>\n<p><a href=\"https:\/\/direito.ufpr.br\/wp-content\/uploads\/2023\/03\/William-Soares-Pugliese-DC429-Direito-Processual-Civil-A.pdf\">William Soares Pugliese &#8211; DC429-Direito Processual Civil A<\/a>&nbsp;<\/p>\n\n\n<p><strong>RESULTADOS DAS SELE\u00c7\u00d5ES<\/strong><\/p>\n\n\n<p><a href=\"https:\/\/direito.ufpr.br\/wp-content\/uploads\/2023\/03\/Resultado-Adriana-Espindula-Correa-DC427-Direito-Civil-C.pdf\">Resultado &#8211; Adriana Esp\u00edndula Corr\u00eaa &#8211; DC427-Direito Civil C<\/a><\/p>\n<p><a href=\"https:\/\/direito.ufpr.br\/wp-content\/uploads\/2023\/03\/Resultado-Ana-Carla-Harmatiuk-DC435-Direito-Civil-E.pdf\">Resultado &#8211; Ana Carla Harmatiuk &#8211; DC435 &#8211; Direito Civil E<\/a>\u00a0<\/p>\n<p><a href=\"https:\/\/direito.ufpr.br\/wp-content\/uploads\/2023\/03\/Resultado-Ana-Carla-Harmatiuk-DC035-Direitos-Humanos-e-Relacoes-Familiares.pdf\">Resultado &#8211; Ana Carla Harmatiuk &#8211; DC035 &#8211; Direitos Humanos e Rela\u00e7\u00f5es Familiares<\/a>\u00a0<\/p>\n<p><a href=\"https:\/\/direito.ufpr.br\/wp-content\/uploads\/2023\/03\/Resultado-Angela-Cassia-Costaldello-DB443-Direito-Administrativo-A.pdf\">Resultado &#8211; Angela Cassia Costaldello &#8211; DB443 &#8211; Direito Administrativo A<\/a><\/p>\n<p><a href=\"https:\/\/direito.ufpr.br\/wp-content\/uploads\/2023\/03\/Resultado-Angela-Cassia-Costaldello-DB444-Direito-Administrativo-B.pdf\">Resultado &#8211; Angela Cassia Costaldello &#8211; DB444 &#8211; Direito Administrativo B<\/a><\/p>\n<p><a href=\"https:\/\/direito.ufpr.br\/wp-content\/uploads\/2023\/03\/Resultado-Betina-Treiger-Grupenmacher-DB428-Direito-Tributario.pdf\">Resultado &#8211; Betina Treiger Grupenmacher &#8211; DB428-Direito Tribut\u00e1rio<\/a>\u00a0<\/p>\n<p><a href=\"https:\/\/direito.ufpr.br\/wp-content\/uploads\/2023\/03\/Resultado-Cesar-Antonio-Serbena-DV453-Filosofia-do-Direito.pdf\">Resultado &#8211; C\u00e9sar Ant\u00f4nio Serbena &#8211; DV453-Filosofia do Direito<\/a>\u00a0<\/p>\n<p><a href=\"https:\/\/direito.ufpr.br\/wp-content\/uploads\/2023\/03\/Resultado-Clayton-de-Albuquerque-Maranhao-DC431-Direito-Processual-Civil-C.pdf\">Resultado &#8211; Clayton de Albuquerque Maranh\u00e3o &#8211; DC431-Direito Processual Civil C<\/a>\u00a0<\/p>\n<p><a href=\"https:\/\/direito.ufpr.br\/wp-content\/uploads\/2023\/03\/Resultado-Eduardo-Talamini-Direito-Processual-Civil-B.pdf\">Resultado &#8211; Eduardo Talamini &#8211; DC430-Direito Processual Civil B<\/a><\/p>\n<p><a href=\"https:\/\/direito.ufpr.br\/wp-content\/uploads\/2023\/03\/Resultado-Elton-Venturi-DC431-Direito-Processual-Civil-C.pdf\">Resultado &#8211; Elton Venturi &#8211; DC431 &#8211; Direito Processual Civil C<\/a><\/p>\n<p><a href=\"https:\/\/direito.ufpr.br\/wp-content\/uploads\/2023\/03\/Resultado-Eneida-Desiree-Salgado-\u2013-DB435-Direito-Constitucional-A.pdf\">Resultado &#8211; Eneida Desiree Salgado \u2013 DB435-Direito Constitucional A<\/a><\/p>\n<p><a href=\"https:\/\/direito.ufpr.br\/wp-content\/uploads\/2023\/03\/Resultado-Eneida-Desiree-Salgado-\u2013-DB134-Topicos-de-Teoria-do-Estado-e-Ciencia-Politica-B.pdf\">Resultado &#8211; Eneida Desiree Salgado \u2013 DB134-T\u00f3picos de Teoria do Estado e Ci\u00eancia Pol\u00edtica B<\/a><\/p>\n<p><a href=\"https:\/\/direito.ufpr.br\/wp-content\/uploads\/2023\/03\/Resultado-Eroulths-Cortiano-Junior-DC438-Direito-Civil-A.pdf\">Resultado &#8211; Eroulths Cortiano J\u00fanior &#8211; DC438-Direito Civil A<\/a>\u00a0<\/p>\n<p><a href=\"https:\/\/direito.ufpr.br\/wp-content\/uploads\/2023\/03\/Resultado-Estefania-Maria-de-Queiroz-Barboza-DB448-Teoria-do-Estado.pdf\">Resultado &#8211; Estef\u00e2nia Maria de Queiroz Barboza &#8211; DB448 &#8211; Teoria do Estado<\/a><\/p>\n<p><a href=\"https:\/\/direito.ufpr.br\/wp-content\/uploads\/2023\/03\/Resultado-Francisco-de-Assis-do-Rego-Monteiro-Rocha-DP417-Direito-Penal-A.pdf\">Resultado &#8211; Francisco de Assis do Rego Monteiro Rocha &#8211; DP417-Direito Penal A<\/a><\/p>\n<p><a href=\"https:\/\/direito.ufpr.br\/wp-content\/uploads\/2023\/03\/Resultado-Gustavo-Osna-DC429-Direito-Processual-Civil-A.pdf\">Resultado &#8211; Gustavo Osna &#8211; DC429-Direito Processual Civil A<\/a><\/p>\n<p><a href=\"https:\/\/direito.ufpr.br\/wp-content\/uploads\/2023\/03\/Resultado-Heloisa-Fernandes-Camara-DB448-Teoria-do-Estado-e-Ciencia-Politica.pdf\">Resultado &#8211; Heloisa Fernandes C\u00e2mara &#8211; DB448-Teoria do Estado e Ci\u00eancia Pol\u00edtica<\/a><\/p>\n<p><a href=\"https:\/\/direito.ufpr.br\/wp-content\/uploads\/2023\/03\/Resultado-Ilton-Norberto-Robl-Filho-DV456-Metodologia-do-Trabalho-Cientifico-em-Direito.pdf\">Resultado &#8211; Ilton Norberto Robl Filho &#8211; DV456-Metodologia do Trabalho Cient\u00edfico em Direito<\/a><\/p>\n<p><a href=\"https:\/\/direito.ufpr.br\/wp-content\/uploads\/2023\/03\/Resultado-Jose-Antonio-Peres-Gediel-DC-427-Direito-Civil-C.pdf\">Resultado &#8211; Jos\u00e9 Ant\u00f4nio Peres Gediel &#8211; DC-427-Direito Civil C<\/a>\u00a0<\/p>\n<p><a href=\"https:\/\/direito.ufpr.br\/wp-content\/uploads\/2023\/03\/Resultado-Katie-Silene-Caceres-Arguello-DP425-Criminologia.pdf\">Resultado &#8211; Katie Silene C\u00e1ceres Arguello &#8211; DP425-Criminologia<\/a><\/p>\n<p><a href=\"https:\/\/direito.ufpr.br\/wp-content\/uploads\/2023\/03\/Resultado-Larissa-Liz-Odreski-Ramina-DB426-Direito-Internacional-Publico-1.pdf\">Resultado &#8211; Larissa Liz Odreski Ramina &#8211; DB426-Direito Internacional P\u00fablico<\/a><\/p>\n<p><a href=\"https:\/\/direito.ufpr.br\/wp-content\/uploads\/2023\/03\/Resultado-Leandro-Franklin-Gorsdorf-DIR409-Pratica-Juridica-em-Direitos-Humanos.pdf\">Resultado &#8211; Leandro Franklin Gorsdorf &#8211; DIR409-Pr\u00e1tica Jur\u00eddica em Direitos Humanos<\/a>\u00a0<\/p>\n<p><a href=\"https:\/\/direito.ufpr.br\/wp-content\/uploads\/2023\/03\/Resultado-Luis-Fernando-Lopes-Pereira-DV448-Historia-do-Direito.pdf\">Resultado &#8211; Lu\u00eds Fernando Lopes Pereira &#8211; DV448 &#8211; Hist\u00f3ria do Direito<\/a>\u00a0<\/p>\n<p><a href=\"https:\/\/direito.ufpr.br\/wp-content\/uploads\/2023\/03\/Resultado-Luiz-Daniel-Haj-Mussi-DV449-Direito-Empresarial-A.pdf\">Resultado &#8211; Luiz Daniel Haj Mussi &#8211; DV449 &#8211; Direito Empresarial A<\/a>\u00a0<\/p>\n<p><a href=\"https:\/\/direito.ufpr.br\/wp-content\/uploads\/2023\/03\/Resultado-Luiz-Daniel-Haj-Mussi-DV113-Topicos-Especiais-de-Direito-Empresarial-I-Sociedades-Anonimas-e-Mercado-de-Capitais.pdf\">Resultado &#8211; Luiz Daniel Haj Mussi &#8211; DV113-T\u00f3picos Especiais de Direito Empresarial I &#8211; Sociedades An\u00f4nimas e Mercado de Capitais<\/a>\u00a0<\/p>\n<p><a href=\"https:\/\/direito.ufpr.br\/wp-content\/uploads\/2023\/03\/Resultado-Manoel-Eduardo-Alves-Camargo-e-Gomes-DB450-Direito-e-Sociedade-1.pdf\">Resultado &#8211; Manoel Eduardo Alves Camargo e Gomes &#8211; DB450-Direito e Sociedade<\/a><\/p>\n<p><a href=\"https:\/\/direito.ufpr.br\/wp-content\/uploads\/2023\/03\/Resultado-Marcia-Carla-Pereira-Ribeiro-\u2013-DV450-Direito-Empresarial-B.pdf\">Resultado &#8211; Marcia Carla Pereira Ribeiro \u2013 DV450-Direito Empresarial B<\/a>\u00a0<\/p>\n<p><a href=\"https:\/\/direito.ufpr.br\/wp-content\/uploads\/2023\/03\/Resultado-Marco-Aurelio-Nunes-da-Silveira-DP421-Direito-Penal-e-Processual-Penal.pdf\">Resultado &#8211; Marco Aur\u00e9lio Nunes da Silveira &#8211; DP421-Direito Penal e Processual Penal<\/a><\/p>\n<p><a href=\"https:\/\/direito.ufpr.br\/wp-content\/uploads\/2023\/03\/Resultado-Marco-Aurelio-Serau-Jr.-DV445-\u2013-Direito-do-Trabalho.pdf\">Resultado &#8211; Marco Aur\u00e9lio Serau Jr. &#8211; DV445 \u2013 Direito do Trabalho<\/a>\u00a0<\/p>\n<p><a href=\"https:\/\/direito.ufpr.br\/wp-content\/uploads\/2023\/03\/Resultado-Marco-Aurelio-Serau-Jr.-DV181-Seguridade-Social.pdf\">Resultado &#8211; Marco Aur\u00e9lio Serau Jr. &#8211; DV181 &#8211; Seguridade Social<\/a><\/p>\n<p><a href=\"https:\/\/direito.ufpr.br\/wp-content\/uploads\/2023\/03\/Resultado-Marco-Aurelio-Serau-Jr.-DV185-Artes-e-Direito-do-Trabalho.pdf\">Resultado &#8211; Marco Aur\u00e9lio Serau Jr. &#8211; DV185 &#8211; Artes e Direito do Trabalho<\/a><\/p>\n<p><a href=\"https:\/\/direito.ufpr.br\/wp-content\/uploads\/2023\/03\/Resultado-Marcos-Wachowicz-DV441-Direito-Internacional-Privado.pdf\">Resultado &#8211; Marcos Wachowicz &#8211; DV441-Direito Internacional Privado<\/a>\u00a0<\/p>\n<p><a href=\"https:\/\/direito.ufpr.br\/wp-content\/uploads\/2023\/03\/Resultado-Maria-Candida-Pires-Vieira-Amaral-Kroetz-DC426-Direito-Civil-B.pdf\">Resultado &#8211; Maria Candida Pires Vieira Amaral Kroetz &#8211; DC426-Direito Civil B<\/a>\u00a0<\/p>\n<p><a href=\"https:\/\/direito.ufpr.br\/wp-content\/uploads\/2023\/03\/Resultado-Melina-Girardi-Fachin-DB436-Direito-Constitucional-A.pdf\">Resultado &#8211; Melina Girardi Fachin -DB436-Direito Constitucional B<\/a><\/p>\n<p><a href=\"https:\/\/direito.ufpr.br\/wp-content\/uploads\/2023\/03\/Resultado-Ricardo-Prestes-Pazello-DB441-Antropologia-Juridica.pdf\">Resultado &#8211; Ricardo Prestes Pazello &#8211; DB441-Antropologia Jur\u00eddica<\/a><\/p>\n<p><a href=\"https:\/\/direito.ufpr.br\/wp-content\/uploads\/2023\/03\/Resultado-Ricardo-Rachid-de-Oliveira-DP418-Direito-Penal-B-1.pdf\">Resultado &#8211; Ricardo Rachid de Oliveira &#8211; DP418 &#8211; Direito Penal B<\/a><\/p>\n<p><a href=\"https:\/\/direito.ufpr.br\/wp-content\/uploads\/2023\/03\/Resultado-Rodrigo-Luis-Kanayama-DB442-Direito-Financeiro-e-Politicas-Publicas.pdf\">Resultado &#8211; Rodrigo Lu\u00eds Kanayama &#8211; DB442-Direito Financeiro e Pol\u00edticas P\u00fablicas<\/a><\/p>\n<p><a href=\"https:\/\/direito.ufpr.br\/wp-content\/uploads\/2023\/03\/Resultado-Rodrigo-Xavier-Leonardo-DC426-Direito-Civil-B.pdf\">Resultado &#8211; Rodrigo Xavier Leonardo &#8211; DC426-Direito Civil B<\/a>\u00a0<\/p>\n<p><a href=\"https:\/\/direito.ufpr.br\/wp-content\/uploads\/2023\/03\/Resultado-Rodrigo-Xavier-Leonardo-DC053-Analise-Critica-da-Jurisprudencia-Civil.pdf\">Resultado &#8211; Rodrigo Xavier Leonardo &#8211; DC053-An\u00e1lise Cr\u00edtica da Jurisprud\u00eancia Civil<\/a>\u00a0<\/p>\n<p><a href=\"https:\/\/direito.ufpr.br\/wp-content\/uploads\/2023\/03\/Resultado-Rosalice-Fidalgo-Pinheiro-DC428-Direito-Civil-D.pdf\">Resultado &#8211; Rosalice Fidalgo Pinheiro &#8211; DC428-Direito Civil D<\/a><\/p>\n<p><a href=\"https:\/\/direito.ufpr.br\/wp-content\/uploads\/2023\/03\/Resultado-Rosalice-Fidalgo-Pinheiro-DC049-Consumidor-e-Relacoes-Interprivadas-1.pdf\">Resultado &#8211; Rosalice Fidalgo Pinheiro &#8211; DC049-Consumidor e Rela\u00e7\u00f5es Interprivadas<\/a><\/p>\n<p><a href=\"https:\/\/direito.ufpr.br\/wp-content\/uploads\/2023\/03\/Resultado-Rui-Carlo-Dissenha-DP418-Direito-Penal-B-1.pdf\">Resultado &#8211; Rui Carlo Dissenha &#8211; DP418-Direito Penal B<\/a>\u00a0<\/p>\n<p><a href=\"https:\/\/direito.ufpr.br\/wp-content\/uploads\/2023\/03\/Resultado-Rui-Carlo-Dissenha-DP419-Direito-Penal-C-1.pdf\">Resultado &#8211; Rui Carlo Dissenha &#8211; DP419-Direito Penal C<\/a>\u00a0<\/p>\n<p><a href=\"https:\/\/direito.ufpr.br\/wp-content\/uploads\/2023\/03\/Resultado-Sergio-Cruz-Arenhart-DC429-Direito-Processual-Civil-A.pdf\">Resultado &#8211; S\u00e9rgio Cruz Arenhart &#8211; DC429 &#8211; Direito Processual Civil A<\/a>\u00a0<\/p>\n<p><a href=\"https:\/\/direito.ufpr.br\/wp-content\/uploads\/2023\/03\/Resultado-Taysa-Schiocchet-DIR409-Pratica-Juridica-em-Direitos-Humanos.pdf\">Resultado &#8211; Taysa Schiocchet &#8211; DIR409-Pr\u00e1tica Jur\u00eddica em Direitos Humanos<\/a>\u00a0<\/p>\n<p><a href=\"https:\/\/direito.ufpr.br\/wp-content\/uploads\/2023\/03\/Resultado-Thiago-de-Azevedo-Pinheiro-Hoshino-DV456-Metodologia-do-Trabalho-Cientifico-em-Direito.pdf\">Resultado &#8211; Thiago de Azevedo Pinheiro Hoshino &#8211; DV456-Metodologia do Trabalho Cient\u00edfico em Direito<\/a><\/p>\n<p><a href=\"https:\/\/direito.ufpr.br\/wp-content\/uploads\/2023\/03\/Resultado-Vera-Karam-de-Chueiri-DB435-Direito-Constitucional-A.pdf\">Resultado &#8211; Vera Karam de Chueiri &#8211; DB435-Direito Constitucional A<\/a><\/p>\n<p><a href=\"https:\/\/direito.ufpr.br\/wp-content\/uploads\/2023\/03\/Resultado-Walter-Guandalini-Junior-DV458-Historia-do-Direito-A.pdf\">Resultado &#8211; Walter Guandalini J\u00fanior &#8211; DV458-Hist\u00f3ria do Direito A<\/a><\/p>\n<p><a href=\"https:\/\/direito.ufpr.br\/wp-content\/uploads\/2023\/03\/Resultado-William-Soares-Pugliese-DC429-Direito-Processual-Civil-A.pdf\">Resultado &#8211; William Soares Pugliese &#8211; DC429-Direito Processual Civil A<\/a><\/p>\n<p>\u00a0<\/p>","protected":false},"excerpt":{"rendered":"<p>Edital 02\/2023\/PROGRAD\/COAFE &#8211; PROGRAMA INSTITUCIONAL DE MONITORIA &#8211; abertura &nbsp; Edital 03\/2023\/PROGRAD\/COAFE &#8211; Resultado preliminar&nbsp; Resolu\u00e7\u00e3o 91\/99-CEPE &#8211; normas de monitoria&nbsp; Resou\u00e7\u00e3o 43\/03-CEPE &#8211; crit\u00e9rios de sele\u00e7\u00e3o de monitoria&nbsp; EDITAIS DE SELE\u00c7\u00c3O as inscri\u00e7\u00f5es s\u00e3o realizadas na secretaria dos departamentos do curso de Direito (sala 106) ou conforme indicado no edital de sele\u00e7\u00e3o. os candidatos [&hellip;]<\/p>\n","protected":false},"author":53,"featured_media":0,"parent":0,"menu_order":0,"comment_status":"closed","ping_status":"closed","template":"departamento.php","meta":{"_acf_changed":false,"_eb_attr":"","footnotes":""},"class_list":["post-40682","page","type-page","status-publish","hentry"],"acf":[],"_links":{"self":[{"href":"https:\/\/direito.ufpr.br\/index.php?rest_route=\/wp\/v2\/pages\/40682","targetHints":{"allow":["GET"]}}],"collection":[{"href":"https:\/\/direito.ufpr.br\/index.php?rest_route=\/wp\/v2\/pages"}],"about":[{"href":"https:\/\/direito.ufpr.br\/index.php?rest_route=\/wp\/v2\/types\/page"}],"author":[{"embeddable":true,"href":"https:\/\/direito.ufpr.br\/index.php?rest_route=\/wp\/v2\/users\/53"}],"replies":[{"embeddable":true,"href":"https:\/\/direito.ufpr.br\/index.php?rest_route=%2Fwp%2Fv2%2Fcomments&post=40682"}],"version-history":[{"count":133,"href":"https:\/\/direito.ufpr.br\/index.php?rest_route=\/wp\/v2\/pages\/40682\/revisions"}],"predecessor-version":[{"id":41781,"href":"https:\/\/direito.ufpr.br\/index.php?rest_route=\/wp\/v2\/pages\/40682\/revisions\/41781"}],"wp:attachment":[{"href":"https:\/\/direito.ufpr.br\/index.php?rest_route=%2Fwp%2Fv2%2Fmedia&parent=40682"}],"curies":[{"name":"wp","href":"https:\/\/api.w.org\/{rel}","templated":true}]}}