{"id":42826,"date":"2023-05-24T16:10:34","date_gmt":"2023-05-24T19:10:34","guid":{"rendered":"https:\/\/direito.ufpr.br\/?page_id=42826"},"modified":"2023-05-30T09:57:59","modified_gmt":"2023-05-30T12:57:59","slug":"42826-2","status":"publish","type":"page","link":"https:\/\/direito.ufpr.br\/?page_id=42826","title":{"rendered":""},"content":{"rendered":"\n<figure class=\"wp-block-image size-large is-resized\"><img loading=\"lazy\" decoding=\"async\" src=\"https:\/\/direito.ufpr.br\/wp-content\/uploads\/2022\/01\/Barra-superior_certificados.jpg\" alt=\"\" class=\"wp-image-34611\" width=\"1065\" height=\"207\" srcset=\"https:\/\/direito.ufpr.br\/wp-content\/uploads\/2022\/01\/Barra-superior_certificados.jpg 1024w, https:\/\/direito.ufpr.br\/wp-content\/uploads\/2022\/01\/Barra-superior_certificados-300x59.jpg 300w, https:\/\/direito.ufpr.br\/wp-content\/uploads\/2022\/01\/Barra-superior_certificados-768x150.jpg 768w\" sizes=\"auto, (max-width: 1065px) 100vw, 1065px\" \/><\/figure>\n\n\n\n<p> Certificados de atividades extensionistas realizadas a partir de 01\/01\/2020 ser\u00e3o enviados automaticamente pelo Sistema SIGA\/SISPRO\/UFPR ao endere\u00e7o de e-mail informado pelo participante e cadastrado pelo(a) coordenador(a) da atividade, ap\u00f3s aprova\u00e7\u00e3o do relat\u00f3rio final.<\/p>\n\n\n\n<p>Membros de equipe tamb\u00e9m poder\u00e3o acessar o certificado no pr\u00f3prio Sistema &#8211; SIGA\/SISPRO\/UFPR no perfil \u201c<strong><em>Membro de Equipe<\/em><\/strong>&#8220;.<\/p>\n\n\n\n<p>Mais informa\u00e7\u00f5es via consulta por e-mail ao endere\u00e7o: extensaojuridicas@ufpr.br <\/p>\n\n\n\n<p><\/p>\n","protected":false},"excerpt":{"rendered":"<p>Certificados de atividades extensionistas realizadas a partir de 01\/01\/2020 ser\u00e3o enviados automaticamente pelo Sistema SIGA\/SISPRO\/UFPR ao endere\u00e7o de e-mail informado pelo participante e cadastrado pelo(a) coordenador(a) da atividade, ap\u00f3s aprova\u00e7\u00e3o do relat\u00f3rio final. Membros de equipe tamb\u00e9m poder\u00e3o acessar o certificado no pr\u00f3prio Sistema &#8211; SIGA\/SISPRO\/UFPR no perfil \u201cMembro de Equipe&#8220;. Mais informa\u00e7\u00f5es via consulta [&hellip;]<\/p>\n","protected":false},"author":52,"featured_media":0,"parent":0,"menu_order":0,"comment_status":"closed","ping_status":"closed","template":"","meta":{"_acf_changed":false,"_eb_attr":"","footnotes":""},"class_list":["post-42826","page","type-page","status-publish","hentry"],"acf":[],"_links":{"self":[{"href":"https:\/\/direito.ufpr.br\/index.php?rest_route=\/wp\/v2\/pages\/42826","targetHints":{"allow":["GET"]}}],"collection":[{"href":"https:\/\/direito.ufpr.br\/index.php?rest_route=\/wp\/v2\/pages"}],"about":[{"href":"https:\/\/direito.ufpr.br\/index.php?rest_route=\/wp\/v2\/types\/page"}],"author":[{"embeddable":true,"href":"https:\/\/direito.ufpr.br\/index.php?rest_route=\/wp\/v2\/users\/52"}],"replies":[{"embeddable":true,"href":"https:\/\/direito.ufpr.br\/index.php?rest_route=%2Fwp%2Fv2%2Fcomments&post=42826"}],"version-history":[{"count":5,"href":"https:\/\/direito.ufpr.br\/index.php?rest_route=\/wp\/v2\/pages\/42826\/revisions"}],"predecessor-version":[{"id":42891,"href":"https:\/\/direito.ufpr.br\/index.php?rest_route=\/wp\/v2\/pages\/42826\/revisions\/42891"}],"wp:attachment":[{"href":"https:\/\/direito.ufpr.br\/index.php?rest_route=%2Fwp%2Fv2%2Fmedia&parent=42826"}],"curies":[{"name":"wp","href":"https:\/\/api.w.org\/{rel}","templated":true}]}}