{"id":43030,"date":"2023-06-01T12:04:10","date_gmt":"2023-06-01T15:04:10","guid":{"rendered":"https:\/\/direito.ufpr.br\/?page_id=43030"},"modified":"2023-06-02T15:22:43","modified_gmt":"2023-06-02T18:22:43","slug":"43030-2","status":"publish","type":"page","link":"https:\/\/direito.ufpr.br\/?page_id=43030","title":{"rendered":""},"content":{"rendered":"\n<figure class=\"wp-block-image size-large\"><img loading=\"lazy\" decoding=\"async\" width=\"1024\" height=\"200\" src=\"https:\/\/direito.ufpr.br\/wp-content\/uploads\/2022\/01\/Barra-superior_atividades-2.jpg\" alt=\"\" class=\"wp-image-34674\" srcset=\"https:\/\/direito.ufpr.br\/wp-content\/uploads\/2022\/01\/Barra-superior_atividades-2.jpg 1024w, https:\/\/direito.ufpr.br\/wp-content\/uploads\/2022\/01\/Barra-superior_atividades-2-300x59.jpg 300w, https:\/\/direito.ufpr.br\/wp-content\/uploads\/2022\/01\/Barra-superior_atividades-2-768x150.jpg 768w\" sizes=\"auto, (max-width: 1024px) 100vw, 1024px\" \/><\/figure>\n\n\n\n<p class=\"has-text-align-center has-white-color has-text-color has-background has-normal-font-size\" style=\"background-color:#440001\"><strong>PROGRAMAS ENCERRADOS<\/strong><\/p>\n\n\n\n<p class=\"has-text-align-center\"><strong>2017<\/strong><\/p>\n\n\n\n<figure class=\"wp-block-table is-style-stripes\"><table><tbody><tr><td><strong><em>Politicas P\u00fablicas e Direitos Humanos<\/em><\/strong><br><br><strong>Resumo:<\/strong> O programa tem a inten\u00e7\u00e3o de colaborar na constru\u00e7\u00e3o de pol\u00edticas p\u00fablicas para garantir direitos humanos para determinados grupos mais vulner\u00e1veis na nossa sociedade. O espa\u00e7o por excel\u00eancia para a elabora\u00e7\u00e3o e monitoramento destas pol\u00edticas p\u00fablica s\u00e3o os conselhos , onde participam agentes do Estado e membros de organiza\u00e7\u00f5es da sociedade civil. A assessoria jur\u00eddica busca contribuir para qualificar a a\u00e7\u00e3o dos conselheiros. O Conselho Permanente de Direitos Humanos do Paran\u00e1 \u00e9 um dos lugares privilegiados da a\u00e7\u00e3o extesionista por agregar os mais diversos atores vinculados a discuss\u00e3o dos Direitos Humanos. Para o desenvolvimento do Programa a parceria esta estabelecida com a Secretaria de Direitos Humanos, Justi\u00e7a e Cidadania do Governo do estado do Paran\u00e1. Os projetos vinculados ao programa tem a sua liga\u00e7\u00e3o estreita com o programa, por estar voltado aos Conselhos Setoriais de Direitos Humanos e as politicas p\u00fablicas especificas. Um dos impactos a serem produzidos pelo Programa \u00e9 garantir instrumentos de monitoramento de efetiva\u00e7\u00e3o dos Direitos Humanos no estado do Paran\u00e1. Este projeto esta em conson\u00e2ncia com o projeto pedag\u00f3gico do curso, principalmente dentro da \u00e1rea de habilita\u00e7\u00e3o de Direitos Humanos, e tem repercutido em cria\u00e7\u00e3o de novas t\u00f3picas.<br><br><strong>Coordenador:<\/strong> Prof.\u00aa Dr.\u00aa Adriana Espindola Correa<br><br><strong>In\u00edcio:<\/strong> 01\/04\/2013<br><br><strong>T\u00e9rmino:<\/strong> 31\/03\/2017<\/td><\/tr><\/tbody><\/table><\/figure>\n\n\n\n<p class=\"has-text-align-center\"><strong>2016<\/strong><\/p>\n\n\n\n<figure class=\"wp-block-table is-style-stripes\"><table><tbody><tr><td><strong><em>Direitos Humanos em a\u00e7\u00e3o: Concretizando Direitos<\/em><\/strong><br><br><strong>Resumo:<\/strong> O programa &#8220;Direitos Humanos em A\u00e7\u00e3o: concretizando direitos&#8221; tem por objetivo garantir a determinados grupos sociais vulner\u00e1veis de Curitiba o apoio atrav\u00e9s de assessoria jur\u00eddica, promovendo e protegendo os Direitos Humanos na sua integralidade.<br><br><strong>Coordenadores:<\/strong> Prof. Dr. Leandro Franklin Gorsdorf e Prof.\u00aa Dr.\u00aa Maria C\u00e2ndida Pires Vieira do Amaral Kroetz<br><br><strong>In\u00edcio:<\/strong> 01\/04\/2012<br><br><strong>T\u00e9rmino:<\/strong>01\/4\/2016<\/td><\/tr><\/tbody><\/table><\/figure>\n\n\n\n<p class=\"has-text-align-center\"><strong>2015<\/strong><\/p>\n\n\n\n<figure class=\"wp-block-table is-style-stripes\"><table><tbody><tr><td><strong><em>Direito e Cidadania: Pesquisa e Pr\u00e1tica<\/em><\/strong><br><br><strong>Coordenador:<\/strong> Prof. Dr. Leandro Franklin Gorsdorf<br><br><strong>In\u00edcio:<\/strong> 15\/12\/2011<br><br><strong>T\u00e9rmino:<\/strong>15\/12\/2015<br><\/td><\/tr><\/tbody><\/table><\/figure>\n\n\n\n<figure class=\"wp-block-table is-style-regular\"><table><tbody><tr><td><\/td><\/tr><\/tbody><\/table><\/figure>\n","protected":false},"excerpt":{"rendered":"<p>PROGRAMAS ENCERRADOS 2017 Politicas P\u00fablicas e Direitos Humanos Resumo: O programa tem a inten\u00e7\u00e3o de colaborar na constru\u00e7\u00e3o de pol\u00edticas p\u00fablicas para garantir direitos humanos para determinados grupos mais vulner\u00e1veis na nossa sociedade. O espa\u00e7o por excel\u00eancia para a elabora\u00e7\u00e3o e monitoramento destas pol\u00edticas p\u00fablica s\u00e3o os conselhos , onde participam agentes do Estado e [&hellip;]<\/p>\n","protected":false},"author":52,"featured_media":0,"parent":0,"menu_order":0,"comment_status":"closed","ping_status":"closed","template":"","meta":{"_acf_changed":false,"_eb_attr":"","footnotes":""},"class_list":["post-43030","page","type-page","status-publish","hentry"],"acf":[],"_links":{"self":[{"href":"https:\/\/direito.ufpr.br\/index.php?rest_route=\/wp\/v2\/pages\/43030","targetHints":{"allow":["GET"]}}],"collection":[{"href":"https:\/\/direito.ufpr.br\/index.php?rest_route=\/wp\/v2\/pages"}],"about":[{"href":"https:\/\/direito.ufpr.br\/index.php?rest_route=\/wp\/v2\/types\/page"}],"author":[{"embeddable":true,"href":"https:\/\/direito.ufpr.br\/index.php?rest_route=\/wp\/v2\/users\/52"}],"replies":[{"embeddable":true,"href":"https:\/\/direito.ufpr.br\/index.php?rest_route=%2Fwp%2Fv2%2Fcomments&post=43030"}],"version-history":[{"count":16,"href":"https:\/\/direito.ufpr.br\/index.php?rest_route=\/wp\/v2\/pages\/43030\/revisions"}],"predecessor-version":[{"id":43111,"href":"https:\/\/direito.ufpr.br\/index.php?rest_route=\/wp\/v2\/pages\/43030\/revisions\/43111"}],"wp:attachment":[{"href":"https:\/\/direito.ufpr.br\/index.php?rest_route=%2Fwp%2Fv2%2Fmedia&parent=43030"}],"curies":[{"name":"wp","href":"https:\/\/api.w.org\/{rel}","templated":true}]}}