{"id":43243,"date":"2023-06-05T11:21:31","date_gmt":"2023-06-05T14:21:31","guid":{"rendered":"https:\/\/direito.ufpr.br\/?page_id=43243"},"modified":"2025-09-09T11:30:07","modified_gmt":"2025-09-09T14:30:07","slug":"43243-2","status":"publish","type":"page","link":"https:\/\/direito.ufpr.br\/?page_id=43243","title":{"rendered":""},"content":{"rendered":"\n<figure class=\"wp-block-image size-large\"><img loading=\"lazy\" decoding=\"async\" width=\"1024\" height=\"200\" src=\"https:\/\/direito.ufpr.br\/wp-content\/uploads\/2022\/01\/Barra-superior-editais_ext.jpg\" alt=\"\" class=\"wp-image-34413\" srcset=\"https:\/\/direito.ufpr.br\/wp-content\/uploads\/2022\/01\/Barra-superior-editais_ext.jpg 1024w, https:\/\/direito.ufpr.br\/wp-content\/uploads\/2022\/01\/Barra-superior-editais_ext-300x59.jpg 300w, https:\/\/direito.ufpr.br\/wp-content\/uploads\/2022\/01\/Barra-superior-editais_ext-768x150.jpg 768w\" sizes=\"auto, (max-width: 1024px) 100vw, 1024px\" \/><\/figure>\n\n\n\n<div class=\"wp-block-buttons is-layout-flex wp-block-buttons-is-layout-flex\">\n<div class=\"wp-block-button\"><a class=\"wp-block-button__link has-background wp-element-button\" href=\"https:\/\/direito.ufpr.br\/?page_id=43665\" style=\"background-color:#570001\">Sele\u00e7\u00e3o de extensionistas<\/a><\/div>\n<\/div>\n\n\n\n<p><\/p>\n\n\n\n<div class=\"wp-block-buttons is-layout-flex wp-block-buttons-is-layout-flex\">\n<div class=\"wp-block-button\"><a class=\"wp-block-button__link has-background wp-element-button\" href=\"https:\/\/direito.ufpr.br\/?page_id=43676\" style=\"background-color:#530001\">Editais de apoio \u00e0 extens\u00e3o<\/a><\/div>\n<\/div>\n\n\n\n<p><\/p>\n\n\n\n<div class=\"wp-block-buttons is-layout-flex wp-block-buttons-is-layout-flex\">\n<div class=\"wp-block-button\"><a class=\"wp-block-button__link has-background wp-element-button\" href=\"https:\/\/direito.ufpr.br\/?page_id=53311\" style=\"background-color:#530001\">Chamadas Internas &#8211; Curriculariza\u00e7\u00e3o da Extens\u00e3o<\/a><\/div>\n<\/div>\n\n\n\n<p><\/p>\n","protected":false},"excerpt":{"rendered":"","protected":false},"author":52,"featured_media":0,"parent":0,"menu_order":0,"comment_status":"closed","ping_status":"closed","template":"","meta":{"_acf_changed":false,"_eb_attr":"","footnotes":""},"class_list":["post-43243","page","type-page","status-publish","hentry"],"acf":[],"_links":{"self":[{"href":"https:\/\/direito.ufpr.br\/index.php?rest_route=\/wp\/v2\/pages\/43243","targetHints":{"allow":["GET"]}}],"collection":[{"href":"https:\/\/direito.ufpr.br\/index.php?rest_route=\/wp\/v2\/pages"}],"about":[{"href":"https:\/\/direito.ufpr.br\/index.php?rest_route=\/wp\/v2\/types\/page"}],"author":[{"embeddable":true,"href":"https:\/\/direito.ufpr.br\/index.php?rest_route=\/wp\/v2\/users\/52"}],"replies":[{"embeddable":true,"href":"https:\/\/direito.ufpr.br\/index.php?rest_route=%2Fwp%2Fv2%2Fcomments&post=43243"}],"version-history":[{"count":29,"href":"https:\/\/direito.ufpr.br\/index.php?rest_route=\/wp\/v2\/pages\/43243\/revisions"}],"predecessor-version":[{"id":53315,"href":"https:\/\/direito.ufpr.br\/index.php?rest_route=\/wp\/v2\/pages\/43243\/revisions\/53315"}],"wp:attachment":[{"href":"https:\/\/direito.ufpr.br\/index.php?rest_route=%2Fwp%2Fv2%2Fmedia&parent=43243"}],"curies":[{"name":"wp","href":"https:\/\/api.w.org\/{rel}","templated":true}]}}