{"id":43245,"date":"2023-06-05T11:31:29","date_gmt":"2023-06-05T14:31:29","guid":{"rendered":"https:\/\/direito.ufpr.br\/?page_id=43245"},"modified":"2023-10-20T16:11:12","modified_gmt":"2023-10-20T19:11:12","slug":"43245-2","status":"publish","type":"page","link":"https:\/\/direito.ufpr.br\/?page_id=43245","title":{"rendered":""},"content":{"rendered":"\n<figure class=\"wp-block-image size-large\"><img loading=\"lazy\" decoding=\"async\" width=\"1024\" height=\"200\" src=\"https:\/\/direito.ufpr.br\/wp-content\/uploads\/2022\/01\/Barra-superior-editais_ext.jpg\" alt=\"\" class=\"wp-image-34413\" srcset=\"https:\/\/direito.ufpr.br\/wp-content\/uploads\/2022\/01\/Barra-superior-editais_ext.jpg 1024w, https:\/\/direito.ufpr.br\/wp-content\/uploads\/2022\/01\/Barra-superior-editais_ext-300x59.jpg 300w, https:\/\/direito.ufpr.br\/wp-content\/uploads\/2022\/01\/Barra-superior-editais_ext-768x150.jpg 768w\" sizes=\"auto, (max-width: 1024px) 100vw, 1024px\" \/><\/figure>\n\n\n\n<div class=\"wp-block-columns is-layout-flex wp-container-core-columns-is-layout-9d6595d7 wp-block-columns-is-layout-flex\">\n<div class=\"wp-block-column is-layout-flow wp-block-column-is-layout-flow\">\n<figure class=\"wp-block-image size-large\"><img loading=\"lazy\" decoding=\"async\" width=\"724\" height=\"1024\" src=\"https:\/\/direito.ufpr.br\/wp-content\/uploads\/2023\/10\/Refugio-Migracoes-e-Hospitalidade-724x1024.png\" alt=\"\" class=\"wp-image-45062\" srcset=\"https:\/\/direito.ufpr.br\/wp-content\/uploads\/2023\/10\/Refugio-Migracoes-e-Hospitalidade-724x1024.png 724w, https:\/\/direito.ufpr.br\/wp-content\/uploads\/2023\/10\/Refugio-Migracoes-e-Hospitalidade-212x300.png 212w, https:\/\/direito.ufpr.br\/wp-content\/uploads\/2023\/10\/Refugio-Migracoes-e-Hospitalidade-768x1086.png 768w, https:\/\/direito.ufpr.br\/wp-content\/uploads\/2023\/10\/Refugio-Migracoes-e-Hospitalidade-1086x1536.png 1086w, https:\/\/direito.ufpr.br\/wp-content\/uploads\/2023\/10\/Refugio-Migracoes-e-Hospitalidade-1448x2048.png 1448w, https:\/\/direito.ufpr.br\/wp-content\/uploads\/2023\/10\/Refugio-Migracoes-e-Hospitalidade.png 1587w\" sizes=\"auto, (max-width: 724px) 100vw, 724px\" \/><\/figure>\n<\/div>\n\n\n\n<div class=\"wp-block-column is-vertically-aligned-center is-layout-flow wp-block-column-is-layout-flow\">\n<p class=\"has-medium-font-size\"><strong><em>OBSERVAT\u00d3RIO PARA A LIBERDADE SINDICAL <\/em><\/strong><\/p>\n\n\n\n<p><strong>Sele\u00e7\u00e3o de Estudantes de Direito da UFPR<\/strong><\/p>\n\n\n\n<p><strong>COORDENADOR: <\/strong>Prof. Dr. Sandro Lunard Nicoladeli<\/p>\n\n\n\n<p><strong>INSCRI\u00c7\u00d5ES:<\/strong> De 23\/10\/2023 a 25\/10\/2023<\/p>\n\n\n\n<p><a href=\"https:\/\/direito.ufpr.br\/wp-content\/uploads\/2023\/10\/EDITAL_NPJ_PROF_SANDRO_LUNARD.pdf\">Edital de sele\u00e7\u00e3o<\/a><\/p>\n\n\n\n<p>Inscri\u00e7\u00f5es por e-mail: sandrolunard@plcv.adv.br<\/p>\n<\/div>\n<\/div>\n\n\n\n<div class=\"wp-block-columns is-layout-flex wp-container-core-columns-is-layout-9d6595d7 wp-block-columns-is-layout-flex\">\n<div class=\"wp-block-column is-layout-flow wp-block-column-is-layout-flow\">\n<figure class=\"wp-block-image size-large\"><a href=\"https:\/\/direito.ufpr.br\/wp-content\/uploads\/2023\/07\/Processo-Seletivo-Projeto-Hospitalidade-2-2023-1.pdf\"><img loading=\"lazy\" decoding=\"async\" width=\"724\" height=\"1024\" src=\"https:\/\/direito.ufpr.br\/wp-content\/uploads\/2023\/07\/Refugio-Migracoes-e-Hospitalidade-724x1024.png\" alt=\"\" class=\"wp-image-44266\" srcset=\"https:\/\/direito.ufpr.br\/wp-content\/uploads\/2023\/07\/Refugio-Migracoes-e-Hospitalidade-724x1024.png 724w, https:\/\/direito.ufpr.br\/wp-content\/uploads\/2023\/07\/Refugio-Migracoes-e-Hospitalidade-212x300.png 212w, https:\/\/direito.ufpr.br\/wp-content\/uploads\/2023\/07\/Refugio-Migracoes-e-Hospitalidade-768x1086.png 768w, https:\/\/direito.ufpr.br\/wp-content\/uploads\/2023\/07\/Refugio-Migracoes-e-Hospitalidade-1086x1536.png 1086w, https:\/\/direito.ufpr.br\/wp-content\/uploads\/2023\/07\/Refugio-Migracoes-e-Hospitalidade-1448x2048.png 1448w, https:\/\/direito.ufpr.br\/wp-content\/uploads\/2023\/07\/Refugio-Migracoes-e-Hospitalidade.png 1587w\" sizes=\"auto, (max-width: 724px) 100vw, 724px\" \/><\/a><\/figure>\n<\/div>\n\n\n\n<div class=\"wp-block-column is-vertically-aligned-center is-layout-flow wp-block-column-is-layout-flow\">\n<p class=\"has-medium-font-size\"><strong><em>REF\u00daGIO, MIGRA\u00c7\u00d5ES E HOSPITALIDADE<\/em><\/strong><\/p>\n\n\n\n<p><strong>Sele\u00e7\u00e3o de Estudantes de Direito da UFPR<\/strong><\/p>\n\n\n\n<p><strong>COORDENADOR: <\/strong>Prof. Dr. Rui Carlo Dissenha<\/p>\n\n\n\n<p><strong>INSCRI\u00c7\u00d5ES:<\/strong> De 31\/07\/2023 at\u00e9 \u00e0s 23h59 do dia 04\/08\/2023<\/p>\n\n\n\n<p><a href=\"https:\/\/direito.ufpr.br\/wp-content\/uploads\/2023\/07\/Processo-Seletivo-Projeto-Hospitalidade-2-2023-1.pdf\">Edital de sele\u00e7\u00e3o<\/a><\/p>\n\n\n\n<p><a href=\"https:\/\/forms.gle\/45QCYUPpwcBqv9kt8\">Formul\u00e1rio Eletr\u00f4nico<\/a> <\/p>\n<\/div>\n<\/div>\n\n\n\n<div class=\"wp-block-columns is-layout-flex wp-container-core-columns-is-layout-9d6595d7 wp-block-columns-is-layout-flex\">\n<div class=\"wp-block-column is-vertically-aligned-center is-layout-flow wp-block-column-is-layout-flow\">\n<figure class=\"wp-block-image size-large\"><a href=\"https:\/\/direito.ufpr.br\/wp-content\/uploads\/2023\/01\/Edital-de-selecao-de-bolsistas-2023.pdf\"><img loading=\"lazy\" decoding=\"async\" width=\"724\" height=\"1024\" src=\"https:\/\/direito.ufpr.br\/wp-content\/uploads\/2023\/06\/CENTRO-DE-MEMORIA-DA-FACULDADE-DE-DIREITO-DA-UFPR-5-724x1024.png\" alt=\"\" class=\"wp-image-43589\" srcset=\"https:\/\/direito.ufpr.br\/wp-content\/uploads\/2023\/06\/CENTRO-DE-MEMORIA-DA-FACULDADE-DE-DIREITO-DA-UFPR-5-724x1024.png 724w, https:\/\/direito.ufpr.br\/wp-content\/uploads\/2023\/06\/CENTRO-DE-MEMORIA-DA-FACULDADE-DE-DIREITO-DA-UFPR-5-212x300.png 212w, https:\/\/direito.ufpr.br\/wp-content\/uploads\/2023\/06\/CENTRO-DE-MEMORIA-DA-FACULDADE-DE-DIREITO-DA-UFPR-5-768x1086.png 768w, https:\/\/direito.ufpr.br\/wp-content\/uploads\/2023\/06\/CENTRO-DE-MEMORIA-DA-FACULDADE-DE-DIREITO-DA-UFPR-5-1086x1536.png 1086w, https:\/\/direito.ufpr.br\/wp-content\/uploads\/2023\/06\/CENTRO-DE-MEMORIA-DA-FACULDADE-DE-DIREITO-DA-UFPR-5-1448x2048.png 1448w, https:\/\/direito.ufpr.br\/wp-content\/uploads\/2023\/06\/CENTRO-DE-MEMORIA-DA-FACULDADE-DE-DIREITO-DA-UFPR-5.png 1587w\" sizes=\"auto, (max-width: 724px) 100vw, 724px\" \/><\/a><\/figure>\n<\/div>\n\n\n\n<div class=\"wp-block-column is-vertically-aligned-center is-layout-flow wp-block-column-is-layout-flow\">\n<p class=\"has-medium-font-size\"><em><strong><strong><em>MOVIMENTO DE ASSESSORIA JUR\u00cdDICA POPULAR<\/em><\/strong><\/strong><\/em><\/p>\n\n\n\n<p><strong>COORDENADOR: <\/strong>Prof. Dr. Ricardo Prestes Pazello<\/p>\n\n\n\n<p><strong>INSCRI\u00c7\u00d5ES:<\/strong> 18\/04\/23 a 24\/04\/2023<\/p>\n\n\n\n<p><strong>INSCRI\u00c7\u00d5ES POR E-MAIL:<\/strong> ricardo2p@yahoo.com.br<\/p>\n<\/div>\n<\/div>\n\n\n\n<p><\/p>\n\n\n\n<div class=\"wp-block-columns is-layout-flex wp-container-core-columns-is-layout-9d6595d7 wp-block-columns-is-layout-flex\">\n<div class=\"wp-block-column is-layout-flow wp-block-column-is-layout-flow\">\n<figure class=\"wp-block-image size-large\"><a href=\"https:\/\/direito.ufpr.br\/wp-content\/uploads\/2023\/04\/Edital-Estudantes-2023.pdf\"><img loading=\"lazy\" decoding=\"async\" width=\"724\" height=\"1024\" src=\"https:\/\/direito.ufpr.br\/wp-content\/uploads\/2023\/06\/CENTRO-DE-MEMORIA-DA-FACULDADE-DE-DIREITO-DA-UFPR-4-724x1024.png\" alt=\"\" class=\"wp-image-43585\" srcset=\"https:\/\/direito.ufpr.br\/wp-content\/uploads\/2023\/06\/CENTRO-DE-MEMORIA-DA-FACULDADE-DE-DIREITO-DA-UFPR-4-724x1024.png 724w, https:\/\/direito.ufpr.br\/wp-content\/uploads\/2023\/06\/CENTRO-DE-MEMORIA-DA-FACULDADE-DE-DIREITO-DA-UFPR-4-212x300.png 212w, https:\/\/direito.ufpr.br\/wp-content\/uploads\/2023\/06\/CENTRO-DE-MEMORIA-DA-FACULDADE-DE-DIREITO-DA-UFPR-4-768x1086.png 768w, https:\/\/direito.ufpr.br\/wp-content\/uploads\/2023\/06\/CENTRO-DE-MEMORIA-DA-FACULDADE-DE-DIREITO-DA-UFPR-4-1086x1536.png 1086w, https:\/\/direito.ufpr.br\/wp-content\/uploads\/2023\/06\/CENTRO-DE-MEMORIA-DA-FACULDADE-DE-DIREITO-DA-UFPR-4-1448x2048.png 1448w, https:\/\/direito.ufpr.br\/wp-content\/uploads\/2023\/06\/CENTRO-DE-MEMORIA-DA-FACULDADE-DE-DIREITO-DA-UFPR-4.png 1587w\" sizes=\"auto, (max-width: 724px) 100vw, 724px\" \/><\/a><\/figure>\n<\/div>\n\n\n\n<div class=\"wp-block-column is-vertically-aligned-center is-layout-flow wp-block-column-is-layout-flow\">\n<p class=\"has-medium-font-size\"><em><strong><strong><em>DIREITOS EM MOVIMENTO<\/em><\/strong><\/strong><\/em><\/p>\n\n\n\n<p><strong>COORDENADORES(AS): <\/strong>Prof.\u00aa Dr.\u00aa Adriana Espindola Correa, Prof. Dr. Francisco Monteiro Rocha, Prof.\u00aa Dr.\u00aa Heloisa C\u00e2mara, PRof.\u00aa Dr.\u00aa Katya Isaguirre Torres e Prof. Dr. Leandro Franklin Gorsdorf<\/p>\n\n\n\n<p><strong>INSCRI\u00c7\u00d5ES:<\/strong> 19\/04\/23 a 25\/04\/2023<\/p>\n\n\n\n<p><a href=\"https:\/\/docs.google.com\/forms\/d\/1v0jNaUPESDoXz8MMgqc%206_vbtyae4A-V9xQOlsTcXYFY\/edit\">Formul\u00e1rio Eletr\u00f4nico<\/a><\/p>\n<\/div>\n<\/div>\n\n\n\n<div class=\"wp-block-columns is-layout-flex wp-container-core-columns-is-layout-9d6595d7 wp-block-columns-is-layout-flex\">\n<div class=\"wp-block-column is-layout-flow wp-block-column-is-layout-flow\">\n<figure class=\"wp-block-image size-large\"><a href=\"https:\/\/direito.ufpr.br\/wp-content\/uploads\/2023\/04\/Edital-Selec%CC%A7a%CC%83o-Bolsista-Projeto-de-Extensa%CC%83o-CAJEP.pdf\"><img loading=\"lazy\" decoding=\"async\" width=\"724\" height=\"1024\" src=\"https:\/\/direito.ufpr.br\/wp-content\/uploads\/2023\/06\/CENTRO-DE-MEMORIA-DA-FACULDADE-DE-DIREITO-DA-UFPR-3-724x1024.png\" alt=\"\" class=\"wp-image-43582\" srcset=\"https:\/\/direito.ufpr.br\/wp-content\/uploads\/2023\/06\/CENTRO-DE-MEMORIA-DA-FACULDADE-DE-DIREITO-DA-UFPR-3-724x1024.png 724w, https:\/\/direito.ufpr.br\/wp-content\/uploads\/2023\/06\/CENTRO-DE-MEMORIA-DA-FACULDADE-DE-DIREITO-DA-UFPR-3-212x300.png 212w, https:\/\/direito.ufpr.br\/wp-content\/uploads\/2023\/06\/CENTRO-DE-MEMORIA-DA-FACULDADE-DE-DIREITO-DA-UFPR-3-768x1086.png 768w, https:\/\/direito.ufpr.br\/wp-content\/uploads\/2023\/06\/CENTRO-DE-MEMORIA-DA-FACULDADE-DE-DIREITO-DA-UFPR-3-1086x1536.png 1086w, https:\/\/direito.ufpr.br\/wp-content\/uploads\/2023\/06\/CENTRO-DE-MEMORIA-DA-FACULDADE-DE-DIREITO-DA-UFPR-3-1448x2048.png 1448w, https:\/\/direito.ufpr.br\/wp-content\/uploads\/2023\/06\/CENTRO-DE-MEMORIA-DA-FACULDADE-DE-DIREITO-DA-UFPR-3.png 1587w\" sizes=\"auto, (max-width: 724px) 100vw, 724px\" \/><\/a><\/figure>\n<\/div>\n\n\n\n<div class=\"wp-block-column is-vertically-aligned-center is-layout-flow wp-block-column-is-layout-flow\">\n<p class=\"has-medium-font-size\"><strong><strong><em>CL\u00cdNICA DE ACESSO \u00c0 JUSTI\u00c7A E EDUCA\u00c7\u00c3O NAS PRIS\u00d5E<\/em><\/strong>S<\/strong><\/p>\n\n\n\n<p><strong>COORDENADOR: <\/strong>Prof. Dr. Andr\u00e9 Giamberardino<\/p>\n\n\n\n<p><strong>INSCRI\u00c7\u00d5ES:<\/strong> 18\/04\/23 a 23\/04\/2023<\/p>\n\n\n\n<p><strong>INSCRI\u00c7\u00d5ES POR E-MAIL:<\/strong> cajep.direitoufpr@gmail.com<\/p>\n<\/div>\n<\/div>\n\n\n\n<div class=\"wp-block-columns is-layout-flex wp-container-core-columns-is-layout-9d6595d7 wp-block-columns-is-layout-flex\">\n<div class=\"wp-block-column is-layout-flow wp-block-column-is-layout-flow\">\n<figure class=\"wp-block-image size-large is-style-default\"><a href=\"https:\/\/direito.ufpr.br\/wp-content\/uploads\/2023\/01\/Edital-Selecao-Bolsista-Projeto-de-Extensao-002.pdf\"><img loading=\"lazy\" decoding=\"async\" width=\"724\" height=\"1024\" src=\"https:\/\/direito.ufpr.br\/wp-content\/uploads\/2023\/06\/CENTRO-DE-MEMORIA-DA-FACULDADE-DE-DIREITO-DA-UFPR-1-724x1024.png\" alt=\"\" class=\"wp-image-43574\" srcset=\"https:\/\/direito.ufpr.br\/wp-content\/uploads\/2023\/06\/CENTRO-DE-MEMORIA-DA-FACULDADE-DE-DIREITO-DA-UFPR-1-724x1024.png 724w, https:\/\/direito.ufpr.br\/wp-content\/uploads\/2023\/06\/CENTRO-DE-MEMORIA-DA-FACULDADE-DE-DIREITO-DA-UFPR-1-212x300.png 212w, https:\/\/direito.ufpr.br\/wp-content\/uploads\/2023\/06\/CENTRO-DE-MEMORIA-DA-FACULDADE-DE-DIREITO-DA-UFPR-1-768x1086.png 768w, https:\/\/direito.ufpr.br\/wp-content\/uploads\/2023\/06\/CENTRO-DE-MEMORIA-DA-FACULDADE-DE-DIREITO-DA-UFPR-1-1086x1536.png 1086w, https:\/\/direito.ufpr.br\/wp-content\/uploads\/2023\/06\/CENTRO-DE-MEMORIA-DA-FACULDADE-DE-DIREITO-DA-UFPR-1-1448x2048.png 1448w, https:\/\/direito.ufpr.br\/wp-content\/uploads\/2023\/06\/CENTRO-DE-MEMORIA-DA-FACULDADE-DE-DIREITO-DA-UFPR-1.png 1587w\" sizes=\"auto, (max-width: 724px) 100vw, 724px\" \/><\/a><\/figure>\n<\/div>\n\n\n\n<div class=\"wp-block-column is-vertically-aligned-center is-layout-flow wp-block-column-is-layout-flow\">\n<p class=\"has-medium-font-size\"><strong><strong><em>DIREITO PENAL ECON\u00d4MICO APLICADO: DI\u00c1LOGOS ENTRE A UNIVERSIDADE, O JUDICI\u00c1RIO E A SOCIEDADE<\/em><\/strong><\/strong><\/p>\n\n\n\n<p><strong>COORDENADOR: <\/strong>Prof. Dr. Guilherme Brenner Lucchesi<\/p>\n\n\n\n<p><strong>INSCRI\u00c7\u00d5ES:<\/strong> 18\/04\/23 a 23\/04\/2023<\/p>\n\n\n\n<p><strong>INSCRI\u00c7\u00d5ES POR E-MAIL:<\/strong> nuppeps@gmail.com<\/p>\n<\/div>\n<\/div>\n\n\n\n<div class=\"wp-block-columns is-layout-flex wp-container-core-columns-is-layout-9d6595d7 wp-block-columns-is-layout-flex\">\n<div class=\"wp-block-column is-layout-flow wp-block-column-is-layout-flow\">\n<figure class=\"wp-block-image size-large\"><a href=\"https:\/\/direito.ufpr.br\/wp-content\/uploads\/2023\/04\/Edital-de-Selec%CC%A7a%CC%83o-Projeto-Centro-de-Memo%CC%81ria.pdf\"><img loading=\"lazy\" decoding=\"async\" width=\"724\" height=\"1024\" src=\"https:\/\/direito.ufpr.br\/wp-content\/uploads\/2023\/06\/CENTRO-DE-MEMORIA-DA-FACULDADE-DE-DIREITO-DA-UFPR-724x1024.png\" alt=\"\" class=\"wp-image-43570\" srcset=\"https:\/\/direito.ufpr.br\/wp-content\/uploads\/2023\/06\/CENTRO-DE-MEMORIA-DA-FACULDADE-DE-DIREITO-DA-UFPR-724x1024.png 724w, https:\/\/direito.ufpr.br\/wp-content\/uploads\/2023\/06\/CENTRO-DE-MEMORIA-DA-FACULDADE-DE-DIREITO-DA-UFPR-212x300.png 212w, https:\/\/direito.ufpr.br\/wp-content\/uploads\/2023\/06\/CENTRO-DE-MEMORIA-DA-FACULDADE-DE-DIREITO-DA-UFPR-768x1086.png 768w, https:\/\/direito.ufpr.br\/wp-content\/uploads\/2023\/06\/CENTRO-DE-MEMORIA-DA-FACULDADE-DE-DIREITO-DA-UFPR-1086x1536.png 1086w, https:\/\/direito.ufpr.br\/wp-content\/uploads\/2023\/06\/CENTRO-DE-MEMORIA-DA-FACULDADE-DE-DIREITO-DA-UFPR-1448x2048.png 1448w, https:\/\/direito.ufpr.br\/wp-content\/uploads\/2023\/06\/CENTRO-DE-MEMORIA-DA-FACULDADE-DE-DIREITO-DA-UFPR.png 1587w\" sizes=\"auto, (max-width: 724px) 100vw, 724px\" \/><\/a><\/figure>\n<\/div>\n\n\n\n<div class=\"wp-block-column is-vertically-aligned-center is-layout-flow wp-block-column-is-layout-flow\">\n<p class=\"has-medium-font-size\"><em><strong><strong><em>CENTRO DA MEM\u00d3RIA E DOCUMENTA\u00c7\u00c3O DA FACULDADE DE DIREITO DA UFPR<\/em><\/strong><\/strong><\/em><\/p>\n\n\n\n<p><strong>COORDENADORES: <\/strong>Prof. Dr. Thiago Freitas Hansen e Prof. Dr. Lu\u00eds Fernando Lopes Pereira<\/p>\n\n\n\n<p><strong>INSCRI\u00c7\u00d5ES:<\/strong> Prazo indeterminado<\/p>\n\n\n\n<p><a href=\"https:\/\/forms.office.com\/r\/teLUjSVM07\">Formul\u00e1rio Eletr\u00f4nico<\/a><\/p>\n<\/div>\n<\/div>\n\n\n\n<div class=\"wp-block-columns is-layout-flex wp-container-core-columns-is-layout-9d6595d7 wp-block-columns-is-layout-flex\">\n<div class=\"wp-block-column is-layout-flow wp-block-column-is-layout-flow\">\n<figure class=\"wp-block-image size-large\"><a href=\"https:\/\/direito.ufpr.br\/wp-content\/uploads\/2023\/01\/Edital-PROMOTORAS-LEGAIS-POPULARES-%E2%80%93-PLPs.pdf\"><img loading=\"lazy\" decoding=\"async\" width=\"724\" height=\"1024\" src=\"https:\/\/direito.ufpr.br\/wp-content\/uploads\/2023\/06\/Design-sem-nome-3-724x1024.png\" alt=\"\" class=\"wp-image-43566\" srcset=\"https:\/\/direito.ufpr.br\/wp-content\/uploads\/2023\/06\/Design-sem-nome-3-724x1024.png 724w, https:\/\/direito.ufpr.br\/wp-content\/uploads\/2023\/06\/Design-sem-nome-3-212x300.png 212w, https:\/\/direito.ufpr.br\/wp-content\/uploads\/2023\/06\/Design-sem-nome-3-768x1086.png 768w, https:\/\/direito.ufpr.br\/wp-content\/uploads\/2023\/06\/Design-sem-nome-3-1086x1536.png 1086w, https:\/\/direito.ufpr.br\/wp-content\/uploads\/2023\/06\/Design-sem-nome-3-1448x2048.png 1448w, https:\/\/direito.ufpr.br\/wp-content\/uploads\/2023\/06\/Design-sem-nome-3.png 1587w\" sizes=\"auto, (max-width: 724px) 100vw, 724px\" \/><\/a><\/figure>\n<\/div>\n\n\n\n<div class=\"wp-block-column is-vertically-aligned-center is-layout-flow wp-block-column-is-layout-flow\">\n<p class=\"has-medium-font-size\"><em><strong><strong><em>PROMOTORAS LEGAIS POPULARES<\/em><\/strong><\/strong><\/em><\/p>\n\n\n\n<p class=\"has-medium-font-size\"><em><strong><strong><em>PLP&#8217;S &#8211; 2023<\/em><\/strong><\/strong><\/em><\/p>\n\n\n\n<p><strong>COORDENADORA:<\/strong> Prof.\u00aa Dr.\u00aa Clara Maria Roman Borges<\/p>\n\n\n\n<p><strong>INSCRI\u00c7\u00d5ES:<\/strong> 25\/01\/23 a 10\/02\/23<\/p>\n\n\n\n<p><a href=\"https:\/\/docs.google.com\/forms\/d\/1PTWR2dhjIdn6sIXtXHO3EyBbUF3RLOiY%2080UWpWxDi-Y\/edit\">Formul\u00e1rio Eletr\u00f4nico<\/a><\/p>\n<\/div>\n<\/div>\n","protected":false},"excerpt":{"rendered":"<p>OBSERVAT\u00d3RIO PARA A LIBERDADE SINDICAL Sele\u00e7\u00e3o de Estudantes de Direito da UFPR COORDENADOR: Prof. Dr. Sandro Lunard Nicoladeli INSCRI\u00c7\u00d5ES: De 23\/10\/2023 a 25\/10\/2023 Edital de sele\u00e7\u00e3o Inscri\u00e7\u00f5es por e-mail: sandrolunard@plcv.adv.br REF\u00daGIO, MIGRA\u00c7\u00d5ES E HOSPITALIDADE Sele\u00e7\u00e3o de Estudantes de Direito da UFPR COORDENADOR: Prof. Dr. Rui Carlo Dissenha INSCRI\u00c7\u00d5ES: De 31\/07\/2023 at\u00e9 \u00e0s 23h59 do dia [&hellip;]<\/p>\n","protected":false},"author":52,"featured_media":0,"parent":0,"menu_order":0,"comment_status":"closed","ping_status":"closed","template":"","meta":{"_acf_changed":false,"_eb_attr":"","footnotes":""},"class_list":["post-43245","page","type-page","status-publish","hentry"],"acf":[],"_links":{"self":[{"href":"https:\/\/direito.ufpr.br\/index.php?rest_route=\/wp\/v2\/pages\/43245","targetHints":{"allow":["GET"]}}],"collection":[{"href":"https:\/\/direito.ufpr.br\/index.php?rest_route=\/wp\/v2\/pages"}],"about":[{"href":"https:\/\/direito.ufpr.br\/index.php?rest_route=\/wp\/v2\/types\/page"}],"author":[{"embeddable":true,"href":"https:\/\/direito.ufpr.br\/index.php?rest_route=\/wp\/v2\/users\/52"}],"replies":[{"embeddable":true,"href":"https:\/\/direito.ufpr.br\/index.php?rest_route=%2Fwp%2Fv2%2Fcomments&post=43245"}],"version-history":[{"count":109,"href":"https:\/\/direito.ufpr.br\/index.php?rest_route=\/wp\/v2\/pages\/43245\/revisions"}],"predecessor-version":[{"id":45074,"href":"https:\/\/direito.ufpr.br\/index.php?rest_route=\/wp\/v2\/pages\/43245\/revisions\/45074"}],"wp:attachment":[{"href":"https:\/\/direito.ufpr.br\/index.php?rest_route=%2Fwp%2Fv2%2Fmedia&parent=43245"}],"curies":[{"name":"wp","href":"https:\/\/api.w.org\/{rel}","templated":true}]}}