{"id":43522,"date":"2023-06-13T13:39:30","date_gmt":"2023-06-13T16:39:30","guid":{"rendered":"https:\/\/direito.ufpr.br\/?page_id=43522"},"modified":"2023-06-13T13:39:30","modified_gmt":"2023-06-13T16:39:30","slug":"43522-2","status":"publish","type":"page","link":"https:\/\/direito.ufpr.br\/?page_id=43522","title":{"rendered":""},"content":{"rendered":"\n<p><strong><a href=\"http:\/\/www.soc.ufpr.br\/portal\/wp-content\/uploads\/2020\/03\/Resolu%C3%A7%C3%A3o-n%C2%BA-57.19-CEPE.pdf\">RESOLU\u00c7\u00c3O N\u00ba 57\/19 \u2013 CEPE\/UFPR<\/a><\/strong> (Disp\u00f5e sobre as atividades de Extens\u00e3o na Universidade Federal do Paran\u00e1).<\/p>\n\n\n\n<p><br><\/p>\n\n\n\n<p><\/p>\n","protected":false},"excerpt":{"rendered":"<p>RESOLU\u00c7\u00c3O N\u00ba 57\/19 \u2013 CEPE\/UFPR (Disp\u00f5e sobre as atividades de Extens\u00e3o na Universidade Federal do Paran\u00e1).<\/p>\n","protected":false},"author":52,"featured_media":0,"parent":0,"menu_order":0,"comment_status":"closed","ping_status":"closed","template":"","meta":{"_acf_changed":false,"_eb_attr":"","footnotes":""},"class_list":["post-43522","page","type-page","status-publish","hentry"],"acf":[],"_links":{"self":[{"href":"https:\/\/direito.ufpr.br\/index.php?rest_route=\/wp\/v2\/pages\/43522","targetHints":{"allow":["GET"]}}],"collection":[{"href":"https:\/\/direito.ufpr.br\/index.php?rest_route=\/wp\/v2\/pages"}],"about":[{"href":"https:\/\/direito.ufpr.br\/index.php?rest_route=\/wp\/v2\/types\/page"}],"author":[{"embeddable":true,"href":"https:\/\/direito.ufpr.br\/index.php?rest_route=\/wp\/v2\/users\/52"}],"replies":[{"embeddable":true,"href":"https:\/\/direito.ufpr.br\/index.php?rest_route=%2Fwp%2Fv2%2Fcomments&post=43522"}],"version-history":[{"count":1,"href":"https:\/\/direito.ufpr.br\/index.php?rest_route=\/wp\/v2\/pages\/43522\/revisions"}],"predecessor-version":[{"id":43523,"href":"https:\/\/direito.ufpr.br\/index.php?rest_route=\/wp\/v2\/pages\/43522\/revisions\/43523"}],"wp:attachment":[{"href":"https:\/\/direito.ufpr.br\/index.php?rest_route=%2Fwp%2Fv2%2Fmedia&parent=43522"}],"curies":[{"name":"wp","href":"https:\/\/api.w.org\/{rel}","templated":true}]}}