{"id":44199,"date":"2023-07-25T08:43:58","date_gmt":"2023-07-25T11:43:58","guid":{"rendered":"\/?page_id=44199"},"modified":"2024-08-05T19:45:23","modified_gmt":"2024-08-05T22:45:23","slug":"programa-institucional-de-monitoria-segundo-semestre-do-ano-letivo-de-2023","status":"publish","type":"page","link":"https:\/\/direito.ufpr.br\/?page_id=44199","title":{"rendered":"Programa Institucional de Monitoria \u2013 Segundo Semestre do ano letivo de 2023"},"content":{"rendered":"<p><a href=\"https:\/\/direito.ufpr.br\/wp-content\/uploads\/2023\/07\/EDITAL-11-2023-PROGRAD-COAFE-Abertura-Monitoria.pdf\">Edital 11\/2023-PROGRAD-COAFE Abertura Monitoria<\/a><\/p>\n<p><a href=\"https:\/\/direito.ufpr.br\/wp-content\/uploads\/2023\/07\/EDITAL-12-2023-PROGRAD-PIM2023_2_EDITAL_DE_RESULTADO_PRELIMINAR.pdf\">Edital 12\/2023-PROGRAD-COAFE Resultado Preliminar<\/a><\/p>\n<p><a href=\"https:\/\/direito.ufpr.br\/wp-content\/uploads\/2023\/07\/Res-91-99-CEPE-normas-para-o-Programa-de-Monitoria.pdf\">Res 91\/99-CEPE normas para o Programa de Monitoria<\/a><\/p>\n<p><a href=\"https:\/\/direito.ufpr.br\/wp-content\/uploads\/2023\/07\/Res-43-03-CEPE-criterios-para-selecao-de-monitores.pdf\">Res 43\/03-CEPE crit\u00e9rios para sele\u00e7\u00e3o de monitores<\/a><\/p>\n<p><strong>EDITAIS DE SELE\u00c7\u00c3O<\/strong><\/p>\n<ul>\n<li>as inscri\u00e7\u00f5es s\u00e3o realizadas na secretaria dos departamentos do curso de Direito (sala 106) ou conforme indicado no edital de sele\u00e7\u00e3o, no caso de avalia\u00e7\u00e3o na modalidade remota.<\/li>\n<li>os candidatos devem apresentar o hist\u00f3rico escolar com o IRA no momento da avalia\u00e7\u00e3o.<\/li>\n<\/ul>\n<p><a href=\"https:\/\/direito.ufpr.br\/wp-content\/uploads\/2023\/07\/Ana-Carla-Harmatiuk-Matos-DC435-Direito-Civil-E.pdf\">Ana Carla Harmatiuk Matos &#8211; DC435 Direito Civil E<\/a><\/p>\n<p><a href=\"https:\/\/direito.ufpr.br\/wp-content\/uploads\/2023\/07\/Angela-Cassia-Costaldello-DB443-Direito-Administrativo-A.pdf\">Angela C\u00e1ssia Costaldello &#8211; DB443-Direito Administrativo A<\/a><\/p>\n<p><a href=\"https:\/\/direito.ufpr.br\/wp-content\/uploads\/2023\/07\/Angela-Cassia-Costaldello-DB444-Direito-Administrativo-B.pdf\">Angela C\u00e1ssia Costaldello &#8211; DB444-Direito Administrativo B<\/a><\/p>\n<p><a href=\"https:\/\/direito.ufpr.br\/wp-content\/uploads\/2023\/07\/Betina-Treiger-Grupenmacher-DB428-Direito-Tributario.pdf\">Betina Treiger Grupenmacher &#8211; DB428-Direito Tribut\u00e1rio<\/a><\/p>\n<p><a href=\"https:\/\/direito.ufpr.br\/wp-content\/uploads\/2023\/07\/Betina-Treiger-Grupenmacher-DB151-Direito-Processual-Tributario.pdf\">Betina Treiger Grupenmacher &#8211; DB151-Direito Processual Tribut\u00e1rio<\/a><\/p>\n<p><a href=\"https:\/\/direito.ufpr.br\/wp-content\/uploads\/2023\/08\/Cesar-Antonio-Serbena-DV453-Filosofia-do-Direito.pdf\">Cesar Antonio Serbena &#8211; DV453-Filosofia do Direito<\/a><\/p>\n<p><a href=\"https:\/\/direito.ufpr.br\/wp-content\/uploads\/2023\/07\/Eduardo-Talamini-DC430-Direito-Processual-Civil-B.pdf\">Eduardo Talamini &#8211; DC430-Direito Processual Civil B<\/a><\/p>\n<p><a href=\"https:\/\/direito.ufpr.br\/wp-content\/uploads\/2023\/07\/Eduardo-Talamini-DC068-Meios-Alternativos-de-Solucao-de-Litigios.pdf\">Eduardo Talamini &#8211; DC068-Meios Alternativos de Solu\u00e7\u00e3o de Lit\u00edgios<\/a><\/p>\n<p><a href=\"https:\/\/direito.ufpr.br\/wp-content\/uploads\/2023\/07\/Eneida-Desiree-Salgado-DB435-Direito-Constitucional-A.pdf\">Eneida Desiree Salgado &#8211; DB435-Direito Constitucional A<\/a><\/p>\n<p><a href=\"https:\/\/direito.ufpr.br\/wp-content\/uploads\/2023\/07\/Eneida-Desiree-Salgado-DB071-Direito-Eleitoral.pdf\">Eneida Desiree Salgado &#8211; DB071-Direito Eleitoral<\/a><\/p>\n<p><a href=\"https:\/\/direito.ufpr.br\/wp-content\/uploads\/2023\/07\/Eroulths-Cortiano-Junior-DC438-Direito-Civil-A.pdf\">Eroulths Cortiano J\u00fanior &#8211; DC438-Direito Civil A<\/a><\/p>\n<p><a href=\"https:\/\/direito.ufpr.br\/wp-content\/uploads\/2023\/07\/Francisco-de-Assis-do-Rego-Monteiro-Rocha-Junior-DP417-Direito-Penal-A.pdf\">Francisco de Assis do Rego Monteiro Rocha J\u00fanior &#8211; DP417-Direito Penal A<\/a><\/p>\n<p><a href=\"https:\/\/direito.ufpr.br\/wp-content\/uploads\/2023\/07\/Gustavo-Osna-DC429-Direito-Processual-Civil-A.pdf\">Gustavo Osna &#8211; DC429-Direito Processual Civil A<\/a><\/p>\n<p><a href=\"https:\/\/direito.ufpr.br\/wp-content\/uploads\/2023\/07\/Ilton-Norberto-Robl-Filho-DV456-Metodologia-do-Trabalho-Cientifico-em-Direito.pdf\">Ilton Norberto Robl Filho &#8211; DV456-Metodologia do Trabalho Cient\u00edfico em Direito<\/a><\/p>\n<p><a href=\"https:\/\/direito.ufpr.br\/wp-content\/uploads\/2023\/07\/Katie-Silene-Caceres-Arguello-DP425-Criminologia.pdf\">Katie Silene C\u00e1ceres Arguello &#8211; DP425-Criminologia<\/a><\/p>\n<p><a href=\"https:\/\/direito.ufpr.br\/wp-content\/uploads\/2023\/07\/Larissa-Liz-Odreski-Ramina-DB426-Direito-Internacional-Publico.pdf\">Larissa Liz Odreski Ramina &#8211; DB426-Direito Internacional P\u00fablico<\/a>&nbsp;<\/p>\n<p><a href=\"https:\/\/direito.ufpr.br\/wp-content\/uploads\/2023\/07\/Luis-Fernando-Lopes-Pereira-DV458-Historia-do-Direito-A.pdf\">Lu\u00eds Fernando Lopes Pereira &#8211; DV458-Hist\u00f3ria do Direito A<\/a><\/p>\n<p><a href=\"https:\/\/direito.ufpr.br\/wp-content\/uploads\/2023\/08\/Luis-Fernando-Lopes-Pereira-DV458-Historia-do-Direito-A-RETIFICADO.pdf\">Lu\u00eds Fernando Lopes Pereira &#8211; DV458-Hist\u00f3ria do Direito A &#8211; RETIFICADO<\/a>&nbsp;<\/p>\n<p><a href=\"https:\/\/direito.ufpr.br\/wp-content\/uploads\/2023\/08\/Luiz-Daniel-Rodrigues-Haj-Mussi-DV449-Direito-Empresarial-A.pdf\">Luiz Daniel Rodrigues Haj Mussi &#8211; DV449-Direito Empresarial A<\/a>&nbsp;<\/p>\n<p><a href=\"https:\/\/direito.ufpr.br\/wp-content\/uploads\/2023\/08\/Luiz-Daniel-Rodrigues-Haj-Mussi-DV097-Topica-de-Direito-Empresarial-G-Arbitragem.pdf\">Luiz Daniel Rodrigues Haj Mussi &#8211; DV097-T\u00f3pica de Direito Empresarial G (Arbitragem)<\/a>&nbsp;<\/p>\n<p><a href=\"https:\/\/direito.ufpr.br\/wp-content\/uploads\/2023\/07\/Manoel-Eduardo-Alves-Camargo-e-Gomes-DB450-Direito-e-Sociedade.pdf\">Manoel Eduardo Alves Camargo e Gomes &#8211; DB450-Direito e Sociedade<\/a>&nbsp;<\/p>\n<p><a href=\"https:\/\/direito.ufpr.br\/wp-content\/uploads\/2023\/07\/Marcia-Carla-Pereira-Ribeiro-DV450-Direito-Empresarial-B-1.pdf\">Marcia Carla Pereira Ribeiro &#8211; DV450-Direito Empresarial B<\/a><\/p>\n<p><a href=\"https:\/\/direito.ufpr.br\/wp-content\/uploads\/2023\/07\/Marco-Aurelio-Nunes-da-Silveira-DP421-Direito-Processual-Penal-A.pdf\">Marco Aur\u00e9lio Nunes da Silveira &#8211; DP421-Direito Processual Penal A<\/a><\/p>\n<p><a href=\"https:\/\/direito.ufpr.br\/wp-content\/uploads\/2023\/07\/Melina-Girardi-Fachin-DB436-Direito-Constitucional-B.pdf\">Melina Girardi Fachin &#8211; DB436-Direito Constitucional B<\/a><\/p>\n<p><a href=\"https:\/\/direito.ufpr.br\/wp-content\/uploads\/2023\/07\/Paulo-Cesar-Busato-DP418-Direito-Penal-B.pdf\">Paulo C\u00e9sar Busato &#8211; DP418-Direito Penal B<\/a><\/p>\n<p><a href=\"https:\/\/direito.ufpr.br\/wp-content\/uploads\/2023\/07\/Paulo-Cesar-Busato-DP048-Fundamentos-do-Sistema-Penal.pdf\">Paulo C\u00e9sar Busato &#8211; DP048-Fundamentos do Sistema Penal<\/a><\/p>\n<p><a href=\"https:\/\/direito.ufpr.br\/wp-content\/uploads\/2023\/07\/Ricardo-Prestes-Pazello-DB441-Antropologia-Juridica.pdf\">Ricardo Prestes Pazello &#8211; DB441-Antropologia Jur\u00eddica<\/a><\/p>\n<p><a href=\"https:\/\/direito.ufpr.br\/wp-content\/uploads\/2023\/07\/Ricardo-Rachid-de-Oliveira-DP418-Direito-Penal-B-1.pdf\">Ricardo Rachid de Oliveira &#8211; DP418-Direito Penal B<\/a><\/p>\n<p><a href=\"https:\/\/direito.ufpr.br\/wp-content\/uploads\/2023\/07\/Rodrigo-Luis-Kanayama-DB442-Direito-Financeiro.pdf\">Rodrigo Lu\u00eds Kanayama &#8211; DB442-Direito Financeiro<\/a><\/p>\n<p><a href=\"https:\/\/direito.ufpr.br\/wp-content\/uploads\/2023\/08\/Rodrigo-Luis-Kanayama-DB118-Direito-Notarial-e-Registral.pdf\">Rodrigo Lu\u00eds Kanayama &#8211; DB118-Direito Notarial e Registral<\/a><\/p>\n<p><a href=\"https:\/\/direito.ufpr.br\/wp-content\/uploads\/2023\/07\/Rosalice-Fidalgo-Pinheiro-DC428-Direito-Civil-D.pdf\">Rosalice Fidalgo Pinheiro &#8211; DC428-Direito Civil D<\/a><\/p>\n<p><a href=\"https:\/\/direito.ufpr.br\/wp-content\/uploads\/2023\/07\/Rosalice-Fidalgo-Pinheiro-DC049-Consumidor-e-Relacoes-Interprivadas.pdf\">Rosalice Fidalgo Pinheiro &#8211; DC049-Consumidor e Rela\u00e7\u00f5es Interprivadas<\/a><\/p>\n<p><a href=\"https:\/\/direito.ufpr.br\/wp-content\/uploads\/2023\/07\/Rui-Carlo-Dissenha-DP419-Direito-Penal-C.pdf\">Rui Carlo Dissenha &#8211; DP419-Direito Penal C<\/a><\/p>\n<p><a href=\"https:\/\/direito.ufpr.br\/wp-content\/uploads\/2023\/07\/Thiago-de-Azevedo-Pinheiro-Hoshino-DV456-Metodologia-do-Trabalho-Cientifico-em-Direito.pdf\">Thiago de Azevedo Pinheiro Hoshino &#8211; DV456-Metodologia do Trabalho Cient\u00edfico em Direito<\/a><\/p>\n<p><a href=\"https:\/\/direito.ufpr.br\/wp-content\/uploads\/2023\/07\/Vera-Karam-de-Chueiri-DB453-Direito-Constitucional-A.pdf\">Vera Karam de Chueiri &#8211; DB453-Direito Constitucional A<\/a><\/p>\n<p><a href=\"https:\/\/direito.ufpr.br\/wp-content\/uploads\/2023\/07\/Walter-Guandalini-Junior-DV458-Historia-do-Direito-A.pdf\">Walter Guandalini Junior &#8211; DV458-Hist\u00f3ria do Direito A<\/a><\/p>\n<p><a href=\"https:\/\/direito.ufpr.br\/wp-content\/uploads\/2023\/07\/William-Soares-Pugliese-DC429-Direito-Processual-Civil-A.pdf\">William Soares Pugliese &#8211; DC429-Direito Processual Civil A<\/a><\/p>\n\n\n<p><strong>RESULTADOS DAS SELE\u00c7\u00d5ES<\/strong><\/p>\n\n\n<p><a href=\"https:\/\/direito.ufpr.br\/wp-content\/uploads\/2023\/08\/Resultado-Ana-Carla-Harmatiuk-Matos-DC435-Direito-Civil-E.pdf\">Resultado &#8211; Ana Carla Harmatiuk Matos &#8211; DC435-Direito Civil E<\/a>\u00a0<\/p>\n<p><a href=\"https:\/\/direito.ufpr.br\/wp-content\/uploads\/2023\/08\/Resultado-Angela-Cassia-Costaldello-DB443-Direito-Administrativo-A.pdf\">Resultado &#8211; Angela C\u00e1ssia Costaldello &#8211; DB443-Direito Administrativo A<\/a><\/p>\n<p><a href=\"https:\/\/direito.ufpr.br\/wp-content\/uploads\/2023\/08\/Resultado-Angela-Cassia-Costaldello-DB444-Direito-Administrativo-B.pdf\">Resultado &#8211; Angela Cassia Costaldello &#8211; DB444-Direito Administrativo B<\/a><\/p>\n<p><a href=\"https:\/\/direito.ufpr.br\/wp-content\/uploads\/2023\/08\/Resultado-Betina-Treiger-Grupenmacher-DB428-Direito-Tributario.pdf\">Resultado &#8211; Betina Treiger Grupenmacher &#8211; DB428-Direito Tribut\u00e1rio<\/a><\/p>\n<p><a href=\"https:\/\/direito.ufpr.br\/wp-content\/uploads\/2023\/08\/Resultado-Betina-Treiger-Grupenmacher-DB151-Direito-Processual-Tributario.pdf\">Resultado &#8211; Betina Treiger Grupenmacher &#8211; DB151-Direito Processual Tribut\u00e1rio<\/a><\/p>\n<p><a href=\"https:\/\/direito.ufpr.br\/wp-content\/uploads\/2023\/08\/Resultado-Cesar-Antonio-Serbena-DV453-Filosofia-do-Direito.pdf\">Resultado &#8211; Cesar Antonio Serbena &#8211; DV453-Filosofia do Direito<\/a><\/p>\n<p><a href=\"https:\/\/direito.ufpr.br\/wp-content\/uploads\/2023\/08\/Resultado-Eduardo-Talamini-DC430-Direito-Processual-Civil-B.pdf\">Resultado &#8211; Eduardo Talamini &#8211; DC430-Direito Processual Civil B<\/a>\u00a0<\/p>\n<p><a href=\"https:\/\/direito.ufpr.br\/wp-content\/uploads\/2023\/08\/Resultado-Eduardo-Talamini-DC068-Meios-Alternativos-de-Solucao-de-Litigios.pdf\">Resultado &#8211; Eduardo Talamini &#8211; DC068-Meios Alternativos de Solu\u00e7\u00e3o de Lit\u00edgios<\/a>\u00a0<\/p>\n<p><a href=\"https:\/\/direito.ufpr.br\/wp-content\/uploads\/2023\/08\/Resultado-Eroulths-Cortiano-Junior-DC438-Direito-Civil-A.pdf\">Resultado &#8211; Eroulths Cortiano Junior &#8211; DC438-Direito Civil A<\/a><\/p>\n<p><a href=\"https:\/\/direito.ufpr.br\/wp-content\/uploads\/2023\/08\/Resultado-Gustavo-Osna-DC429-Direito-Processual-Civil-A.pdf\">Resultado &#8211; Gustavo Osna &#8211; DC429-Direito Processual Civil A<\/a>\u00a0<\/p>\n<p><a href=\"https:\/\/direito.ufpr.br\/wp-content\/uploads\/2023\/08\/Resultado-Francisco-de-Assis-do-Rego-Monteiro-Rocha-Junior-DP417-Direito-Penal-A.pdf\">Resultado &#8211; Francisco de Assis do Rego Monteiro Rocha Junior &#8211; DP417-Direito Penal A<\/a><\/p>\n<p><a href=\"https:\/\/direito.ufpr.br\/wp-content\/uploads\/2023\/08\/Resultado-Ilton-Norberto-Robl-Filho-DV456-Metodologia-do-Trabalho-Cientifico-em-Direito.pdf\">Resultado &#8211; Ilton Norberto Robl Filho &#8211; DV456-Metodologia do Trabalho Cient\u00edfico em Direito<\/a><\/p>\n<p><a href=\"https:\/\/direito.ufpr.br\/wp-content\/uploads\/2023\/08\/Resultado-Katie-Silene-Caceres-Arguello-DP425-Criminologia.pdf\">Resultado &#8211; Katie Silene Caceres Arguello &#8211; DP425-Criminologia<\/a><\/p>\n<p><a href=\"https:\/\/direito.ufpr.br\/wp-content\/uploads\/2023\/08\/Resultado-Larissa-Liz-Odreski-Ramina-DP426-Direito-Internacional-Publico.pdf\">Resultado &#8211; Larissa Liz Odreski Ramina &#8211; DP426-Direito Internacional P\u00fablico<\/a><\/p>\n<p><a href=\"https:\/\/direito.ufpr.br\/wp-content\/uploads\/2023\/08\/Resultado-Luis-Fernando-Lopes-Pereira-DV458-Historia-do-Direito-A.pdf\">Resultado &#8211; Lu\u00eds Fernando Lopes Pereira &#8211; DV458-Hist\u00f3ria do Direito A<\/a>\u00a0<\/p>\n<p><a href=\"https:\/\/direito.ufpr.br\/wp-content\/uploads\/2023\/08\/Resultado-Luiz-Daniel-Rodrigues-Haj-Mussi-DV449-Direito-Empresarial-A.pdf\">Resultado &#8211; Luiz Daniel Rodrigues Haj Mussi &#8211; DV449-Direito Empresarial A<\/a><\/p>\n<p><a href=\"https:\/\/direito.ufpr.br\/wp-content\/uploads\/2023\/08\/Resultado-Manoel-Eduardo-Alves-Camargo-e-Gomes-DB450-Direito-e-Sociedade.pdf\">Resultado &#8211; Manoel Eduardo Alves Camargo e Gomes &#8211; DB450-Direito e Sociedade<\/a><\/p>\n<p><a href=\"https:\/\/direito.ufpr.br\/wp-content\/uploads\/2023\/08\/Resultado-Marcia-Carla-Pereira-Ribeiro-DV450-Direito-Empresarial-B.pdf\">Resultado &#8211; Marcia Carla Pereira Ribeiro &#8211; DV450-Direito Empresarial B<\/a>\u00a0<\/p>\n<p><a href=\"https:\/\/direito.ufpr.br\/wp-content\/uploads\/2023\/08\/Resultado-Marco-Aurelio-Nunes-da-Silveira-DP421-Direito-Processual-Penal-A.pdf\">Resultado &#8211; Marco Aur\u00e9lio Nunes da Silveira &#8211; DP421-Direito Processual Penal A<\/a><\/p>\n<p><a href=\"https:\/\/direito.ufpr.br\/wp-content\/uploads\/2023\/07\/Resultado-Melina-Girardi-Fachin-DB436-Direito-Constitucional-B.pdf\">Resultado &#8211; Melina Girardi Fachin &#8211; DB436-Direito Constitucional B<\/a>\u00a0<\/p>\n<p><a href=\"https:\/\/direito.ufpr.br\/wp-content\/uploads\/2023\/07\/Resultado-Paulo-Cesar-Busato-DP418-Direito-Penal-B.pdf\">Resultado &#8211; Paulo C\u00e9sar Busato &#8211; DP418-Direito Penal B<\/a>\u00a0<\/p>\n<p><a href=\"https:\/\/direito.ufpr.br\/wp-content\/uploads\/2023\/08\/Resultado-Ricardo-Prestes-Pazello-DB441-Antropologia-Juridica.pdf\">Resultado &#8211; Ricardo Prestes Pazello &#8211; DB441-Antropologia Jur\u00eddica<\/a><\/p>\n<p><a href=\"https:\/\/direito.ufpr.br\/wp-content\/uploads\/2023\/08\/Resultado-Ricardo-Rachid-de-Oliveira-DP418-Direito-Penal-B.pdf\">Resultado &#8211; Ricardo Rachid de Oliveira &#8211; DP418-Direito Penal B<\/a><\/p>\n<p><a href=\"https:\/\/direito.ufpr.br\/wp-content\/uploads\/2023\/08\/Resultado-Rodrigo-Luis-Kanayama-DB442-Direito-Financeiro.pdf\">Resultado &#8211; Rodrigo Lu\u00eds Kanayama &#8211; DB442-Direito Financeiro<\/a><\/p>\n<p><a href=\"https:\/\/direito.ufpr.br\/wp-content\/uploads\/2023\/08\/Resultado-Rosalice-Fidalgo-Pinheiro-DC049-Consumidor-e-Relacoes-Interprivadas.pdf\">Resultado &#8211; Rosalice Fidalgo Pinheiro &#8211; DC049-Consumidor e Rela\u00e7\u00f5es Interprivadas<\/a><\/p>\n<p><a href=\"https:\/\/direito.ufpr.br\/wp-content\/uploads\/2023\/08\/Resultado-Rosalice-Fidalgo-Pinheiro-DC428-Direito-Civil-D.pdf\">Resultado &#8211; Rosalice Fidalgo Pinheiro &#8211; DC428-Direito Civil D<\/a><\/p>\n<p><a href=\"https:\/\/direito.ufpr.br\/wp-content\/uploads\/2023\/08\/Resultado-Rui-Carlo-Dissenha-DP419-Direito-Penal-C.pdf\">Resultado &#8211; Rui Carlo Dissenha &#8211; DP419-Direito Penal C<\/a><\/p>\n<p><a href=\"https:\/\/direito.ufpr.br\/wp-content\/uploads\/2023\/08\/Resultado-Thiago-de-Azevedo-Pinheiro-Hoshino-DV456-Metodologia-do-Trabalho-Cientifico-em-Direito.pdf\">Resultado &#8211; Thiago de Azevedo Pinheiro Hoshino &#8211; DV456-Metodologia do Trabalho Cient\u00edfico em Direito<\/a><\/p>\n<p><a href=\"https:\/\/direito.ufpr.br\/wp-content\/uploads\/2023\/08\/Resultado-Vera-Karam-de-Chueiri-DB453-Direito-Constitucional-A.pdf\">Resultado &#8211; Vera Karam de Chueiri &#8211; DB453-Direito Constitucional A<\/a>\u00a0<\/p>\n<p><a href=\"https:\/\/direito.ufpr.br\/wp-content\/uploads\/2023\/08\/Resultado-Walter-Guandalini-Junior-DV458-Historia-do-Direito-A.pdf\">Resultado &#8211; Walter Guandalini Junior &#8211; DV458-Hist\u00f3ria do Direito A<\/a><\/p>\n<p><a href=\"https:\/\/direito.ufpr.br\/wp-content\/uploads\/2023\/08\/Resultado-William-Soares-Pugliese-DC429-Direito-Processual-Civil-A.pdf\">Resultado &#8211; William Soares Pugliese &#8211; DC429-Direito Processual Civil A<\/a>\u00a0<\/p>","protected":false},"excerpt":{"rendered":"<p>Edital 11\/2023-PROGRAD-COAFE Abertura Monitoria Edital 12\/2023-PROGRAD-COAFE Resultado Preliminar Res 91\/99-CEPE normas para o Programa de Monitoria Res 43\/03-CEPE crit\u00e9rios para sele\u00e7\u00e3o de monitores EDITAIS DE SELE\u00c7\u00c3O as inscri\u00e7\u00f5es s\u00e3o realizadas na secretaria dos departamentos do curso de Direito (sala 106) ou conforme indicado no edital de sele\u00e7\u00e3o, no caso de avalia\u00e7\u00e3o na modalidade remota. os [&hellip;]<\/p>\n","protected":false},"author":54,"featured_media":0,"parent":0,"menu_order":0,"comment_status":"closed","ping_status":"closed","template":"departamento.php","meta":{"_acf_changed":false,"_eb_attr":"","footnotes":""},"class_list":["post-44199","page","type-page","status-publish","hentry"],"acf":[],"_links":{"self":[{"href":"https:\/\/direito.ufpr.br\/index.php?rest_route=\/wp\/v2\/pages\/44199","targetHints":{"allow":["GET"]}}],"collection":[{"href":"https:\/\/direito.ufpr.br\/index.php?rest_route=\/wp\/v2\/pages"}],"about":[{"href":"https:\/\/direito.ufpr.br\/index.php?rest_route=\/wp\/v2\/types\/page"}],"author":[{"embeddable":true,"href":"https:\/\/direito.ufpr.br\/index.php?rest_route=\/wp\/v2\/users\/54"}],"replies":[{"embeddable":true,"href":"https:\/\/direito.ufpr.br\/index.php?rest_route=%2Fwp%2Fv2%2Fcomments&post=44199"}],"version-history":[{"count":64,"href":"https:\/\/direito.ufpr.br\/index.php?rest_route=\/wp\/v2\/pages\/44199\/revisions"}],"predecessor-version":[{"id":44551,"href":"https:\/\/direito.ufpr.br\/index.php?rest_route=\/wp\/v2\/pages\/44199\/revisions\/44551"}],"wp:attachment":[{"href":"https:\/\/direito.ufpr.br\/index.php?rest_route=%2Fwp%2Fv2%2Fmedia&parent=44199"}],"curies":[{"name":"wp","href":"https:\/\/api.w.org\/{rel}","templated":true}]}}