{"id":44686,"date":"2023-08-23T15:34:50","date_gmt":"2023-08-23T18:34:50","guid":{"rendered":"\/?page_id=44686"},"modified":"2023-08-23T15:49:12","modified_gmt":"2023-08-23T18:49:12","slug":"44686-2","status":"publish","type":"page","link":"https:\/\/direito.ufpr.br\/?page_id=44686","title":{"rendered":""},"content":{"rendered":"\n<figure class=\"wp-block-image size-full\"><img loading=\"lazy\" decoding=\"async\" width=\"1024\" height=\"200\" src=\"https:\/\/direito.ufpr.br\/wp-content\/uploads\/2023\/08\/Reunioes-Ordinarias-\u2013-CSEJDUFPR.png\" alt=\"\" class=\"wp-image-44687\" srcset=\"https:\/\/direito.ufpr.br\/wp-content\/uploads\/2023\/08\/Reunioes-Ordinarias-\u2013-CSEJDUFPR.png 1024w, https:\/\/direito.ufpr.br\/wp-content\/uploads\/2023\/08\/Reunioes-Ordinarias-\u2013-CSEJDUFPR-300x59.png 300w, https:\/\/direito.ufpr.br\/wp-content\/uploads\/2023\/08\/Reunioes-Ordinarias-\u2013-CSEJDUFPR-768x150.png 768w\" sizes=\"auto, (max-width: 1024px) 100vw, 1024px\" \/><\/figure>\n\n\n\n<div class=\"wp-block-group\"><div class=\"wp-block-group__inner-container is-layout-constrained wp-block-group-is-layout-constrained\">\n<figure class=\"wp-block-table is-style-stripes\"><table><tbody><tr><td><strong>N\u00facleo de Pesquisa em Direito P\u00fablico do Mercosul \u2013 NUPESUL \u2013&nbsp; 1998<\/strong><br><br>Coordenador: Prof. Dr. Romeu Felipe Bacellar Filho<\/td><\/tr><\/tbody><\/table><\/figure>\n\n\n\n<figure class=\"wp-block-table is-style-stripes\"><table><tbody><tr><td><strong>N\u00facleo de Estudos em Direito Civil \u2013 \u201cVirada de Cop\u00e9rnico\u201d \u2013 1998<\/strong><br><br>Coordenador: Prof. Dr. Titular Luiz Edson Fachin<\/td><\/tr><\/tbody><\/table><\/figure>\n\n\n\n<figure class=\"wp-block-table is-style-stripes\"><table><tbody><tr><td><strong>N\u00facleo de Direito Cooperativo e Cidadania \u2013 2000<\/strong><br><br>Coordenador: Prof. Dr. Titular Jos\u00e9 Ant\u00f4nio Peres Gediel<\/td><\/tr><\/tbody><\/table><\/figure>\n\n\n\n<figure class=\"wp-block-table is-style-stripes\"><table><tbody><tr><td><strong>N\u00facleo de Estudos Criminais \u2013 NEC \u2013 2001<\/strong><br><br>Coordenador: Prof. Dr. Jo\u00e3o Gualberto Garcez Ramos<\/td><\/tr><\/tbody><\/table><\/figure>\n\n\n\n<figure class=\"wp-block-table is-style-stripes\"><table><tbody><tr><td><strong>N\u00facleo de Direito do Trabalho Trabalho Vivo \u2013 2001<\/strong><br><br>Coordenadora: Prof.\u00aa Dr.\u00aa Aldacy Rachid Coutinho<\/td><\/tr><\/tbody><\/table><\/figure>\n\n\n\n<figure class=\"wp-block-table is-style-stripes\"><table><tbody><tr><td><strong>N\u00facleo de Pesquisa em Direitos Humanos e Desenvolvimento \u2013 2002<\/strong><br><br>Coordenador: Prof. Dr. Titular Jos\u00e9 Ant\u00f4nio Peres Gediel<\/td><\/tr><\/tbody><\/table><\/figure>\n\n\n\n<figure class=\"wp-block-table is-style-stripes\"><table><tbody><tr><td><strong>N\u00facleo de Pesquisa de Direito Processual Civil Comparado \u2013 2002<\/strong><br><br>Coordenador: Prof. Dr. Titular Luiz Guilherme Bittencourt Marinoni<\/td><\/tr><\/tbody><\/table><\/figure>\n\n\n\n<figure class=\"wp-block-table is-style-stripes\"><table><tbody><tr><td><strong>N\u00facleo de Direito e Psican\u00e1lise \u2013 2002<\/strong><br><br>Coordenador: Prof. Dr. Titular Jacinto Nelson de Miranda Coutinho<\/td><\/tr><\/tbody><\/table><\/figure>\n\n\n\n<figure class=\"wp-block-table is-style-stripes\"><table><tbody><tr><td><strong>N\u00facleo de Pesquisa Hist\u00f3ria, Direito e Subjetividade \u2013 2002<\/strong><br><br>Coordenador: Prof. Dr. Ricardo Marcelo Fonseca<\/td><\/tr><\/tbody><\/table><\/figure>\n\n\n\n<figure class=\"wp-block-table is-style-stripes\"><table><tbody><tr><td><strong>N\u00facleo de Estudos de Direito Administrativo, Urban\u00edstico, Ambiental e Desenvolvimento \u2013 PROPOLIS \u2013 2004<\/strong><br><br>Coordenadora: Prof.\u00aa Dr.\u00aa Angela Cassia Costaldello<\/td><\/tr><\/tbody><\/table><\/figure>\n\n\n\n<figure class=\"wp-block-table is-style-stripes\"><table><tbody><tr><td><strong>N\u00facleo De Estudo Filos\u00f3ficos \u2013 \u201cNefil\u201d \u2013 2004<\/strong><br><br>Coordenador: Prof. Dr. Celso Luiz Ludwig<\/td><\/tr><\/tbody><\/table><\/figure>\n\n\n\n<figure class=\"wp-block-table is-style-stripes\"><table><tbody><tr><td><strong>N\u00facleo de Pesquisa em Direito Econ\u00f4mico \u2013 2004<\/strong><br><br>Coordenador: Prof. Dr. Egon Bockman Moreira<\/td><\/tr><\/tbody><\/table><\/figure>\n\n\n\n<figure class=\"wp-block-table is-style-stripes\"><table><tbody><tr><td><strong>N\u00facleo de Pesquisa em Direito Empresarial Comparado \u2013 2008<\/strong><br><br>Coordenadora: Prof.\u00aa Dr.\u00aa Marcia Carla Pereira Ribeiro<\/td><\/tr><\/tbody><\/table><\/figure>\n\n\n\n<figure class=\"wp-block-table is-style-stripes\"><table><tbody><tr><td><strong>N\u00facleo de Pesquisa Constitucionalismo e Democracia Filosofia e Dogm\u00e1tica<\/strong> <strong>Constitucional Contempor\u00e2nea \u2013 2009<\/strong><br><br>Coordenadora: Prof.\u00aa Dr.\u00aa Vera Karam de Chueiri<\/td><\/tr><\/tbody><\/table><\/figure>\n\n\n\n<figure class=\"wp-block-table is-style-stripes\"><table><tbody><tr><td><strong>N\u00facleo de Criminologia e Pol\u00edtica&nbsp; Criminal \u2013 NCPC \u2013 2009<\/strong><br><br>Coordenadores: Prof. Dr. Juarez Cirino dos Santos e Prof.\u00aa Dr.\u00aa Katie Silene C. Arg\u00fcello<\/td><\/tr><\/tbody><\/table><\/figure>\n\n\n\n<figure class=\"wp-block-table is-style-stripes\"><table><tbody><tr><td><strong>N\u00facleo de Pesquisa Direito do Terceiro Setor \u2013 2010<\/strong><br><br>Coordenador: Prof. Dr. Manoel Eduardo Alves de Camargo e Gomes<\/td><\/tr><\/tbody><\/table><\/figure>\n\n\n\n<figure class=\"wp-block-table is-style-stripes\"><table><tbody><tr><td><strong>N\u00facleo de Pesquisa em Fundamentos do Direito \u2013 2010<\/strong><br><br>Coordenador: Prof. Dr. Cesar Antonio Serbena<\/td><\/tr><\/tbody><\/table><\/figure>\n\n\n\n<figure class=\"wp-block-table is-style-stripes\"><table><tbody><tr><td><strong>N\u00facleo de Direito Privado Comparado \u2013 DPC \u2013 2011<\/strong><br><br>Coordenador: Prof. Dr. Rodrigo Xavier Leonardo<\/td><\/tr><\/tbody><\/table><\/figure>\n\n\n\n<figure class=\"wp-block-table is-style-stripes\"><table><tbody><tr><td><strong>N\u00facleo de Investiga\u00e7\u00f5es Constitucionais em&nbsp; Teoria da Justi\u00e7a, Democracia e Interven\u00e7\u00e3o \u2013 NINC \u2013 2011<\/strong><br><br>Coordenador: Prof. Dr. Titular Cl\u00e9merson Merlin Cl\u00e8ve<\/td><\/tr><\/tbody><\/table><\/figure>\n\n\n\n<figure class=\"wp-block-table is-style-stripes\"><table><tbody><tr><td><strong>N\u00facleo de Pesquisa Fundamentos do Sistema Criminal \u2013 NFSC \u2013 2011<\/strong><br><br>Coordenador: Prof. Dr. Ivan Gu\u00e9rios Curi<\/td><\/tr><\/tbody><\/table><\/figure>\n\n\n\n<figure class=\"wp-block-table is-style-stripes\"><table><tbody><tr><td><strong>N\u00facleo de Direito Processual Penal \u2013 NPP \u2013 2011<\/strong><br><br>Coordenadora: Prof.\u00aa Dr.\u00aa Clara Maria Roman Borges<\/td><\/tr><\/tbody><\/table><\/figure>\n<\/div><\/div>\n\n\n\n<p><\/p>\n","protected":false},"excerpt":{"rendered":"<p>N\u00facleo de Pesquisa em Direito P\u00fablico do Mercosul \u2013 NUPESUL \u2013&nbsp; 1998 Coordenador: Prof. Dr. Romeu Felipe Bacellar Filho N\u00facleo de Estudos em Direito Civil \u2013 \u201cVirada de Cop\u00e9rnico\u201d \u2013 1998 Coordenador: Prof. Dr. Titular Luiz Edson Fachin N\u00facleo de Direito Cooperativo e Cidadania \u2013 2000 Coordenador: Prof. Dr. Titular Jos\u00e9 Ant\u00f4nio Peres Gediel N\u00facleo [&hellip;]<\/p>\n","protected":false},"author":52,"featured_media":0,"parent":0,"menu_order":0,"comment_status":"closed","ping_status":"closed","template":"","meta":{"_acf_changed":false,"_eb_attr":"","footnotes":""},"class_list":["post-44686","page","type-page","status-publish","hentry"],"acf":[],"_links":{"self":[{"href":"https:\/\/direito.ufpr.br\/index.php?rest_route=\/wp\/v2\/pages\/44686","targetHints":{"allow":["GET"]}}],"collection":[{"href":"https:\/\/direito.ufpr.br\/index.php?rest_route=\/wp\/v2\/pages"}],"about":[{"href":"https:\/\/direito.ufpr.br\/index.php?rest_route=\/wp\/v2\/types\/page"}],"author":[{"embeddable":true,"href":"https:\/\/direito.ufpr.br\/index.php?rest_route=\/wp\/v2\/users\/52"}],"replies":[{"embeddable":true,"href":"https:\/\/direito.ufpr.br\/index.php?rest_route=%2Fwp%2Fv2%2Fcomments&post=44686"}],"version-history":[{"count":6,"href":"https:\/\/direito.ufpr.br\/index.php?rest_route=\/wp\/v2\/pages\/44686\/revisions"}],"predecessor-version":[{"id":44698,"href":"https:\/\/direito.ufpr.br\/index.php?rest_route=\/wp\/v2\/pages\/44686\/revisions\/44698"}],"wp:attachment":[{"href":"https:\/\/direito.ufpr.br\/index.php?rest_route=%2Fwp%2Fv2%2Fmedia&parent=44686"}],"curies":[{"name":"wp","href":"https:\/\/api.w.org\/{rel}","templated":true}]}}