{"id":46155,"date":"2024-02-21T11:58:21","date_gmt":"2024-02-21T14:58:21","guid":{"rendered":"\/?page_id=46155"},"modified":"2024-08-05T19:45:23","modified_gmt":"2024-08-05T22:45:23","slug":"programa-institucional-de-monitoria-primeiro-semestre-do-ano-letivo-de-2024","status":"publish","type":"page","link":"https:\/\/direito.ufpr.br\/?page_id=46155","title":{"rendered":"Programa Institucional de Monitoria \u2013 Primeiro Semestre do ano letivo de 2024"},"content":{"rendered":"<p><a href=\"https:\/\/direito.ufpr.br\/wp-content\/uploads\/2024\/02\/EDITAL_n__14_2023_MONITORIA_2024_1.pdf\">Edital 14\/2023\/PROGRAD\/COAFE &#8211; Abertura do Programa de Monitoria<\/a><\/p>\n<p><a href=\"https:\/\/direito.ufpr.br\/wp-content\/uploads\/2024\/02\/Res-91-99-CEPE-normas-para-o-Programa-de-Monitoria.pdf\">Res 91\/99-CEPE &#8211; normas para o Programa de Monitoria<\/a><\/p>\n<p><a href=\"https:\/\/direito.ufpr.br\/wp-content\/uploads\/2024\/02\/Res-43-03-CEPE-criterios-para-selecao-de-monitores.pdf\">Res 43\/03-CEPE &#8211; crit\u00e9rios para sele\u00e7\u00e3o de monitores<\/a><\/p>\n<p><a href=\"https:\/\/direito.ufpr.br\/wp-content\/uploads\/2024\/02\/Tabela-de-planos-aprovados.pdf\">Quadro de vagas de monitoria &#8211; 2024\/1\u00ba semestre<\/a><\/p>\n<p><strong>EDITAIS DE SELE\u00c7\u00c3O<\/strong><\/p>\n<ul>\n<li>as inscri\u00e7\u00f5es s\u00e3o realizadas na secretaria dos departamentos do curso de Direito (sala 106) ou conforme indicado no edital de sele\u00e7\u00e3o, no caso de avalia\u00e7\u00e3o na modalidade remota.<\/li>\n<li>os candidatos devem apresentar o hist\u00f3rico escolar com o IRA no momento da avalia\u00e7\u00e3o.<\/li>\n<\/ul>\n<p><a href=\"https:\/\/direito.ufpr.br\/wp-content\/uploads\/2024\/02\/Adriana-Espindola-Correa-DC438-Direito-Civil-A.pdf\">Adriana Esp\u00edndola Corr\u00eaa &#8211; DC438-Direito Civil A<\/a><\/p>\n<p><a href=\"https:\/\/direito.ufpr.br\/wp-content\/uploads\/2024\/02\/Ana-Carla-Harmatiuk-Matos-DC435-Direito-Civil-E.pdf\">Ana Carla Harmatiuk Matos &#8211; DC435-Direito Civil E<\/a><\/p>\n<p><a href=\"https:\/\/direito.ufpr.br\/wp-content\/uploads\/2024\/02\/Ana-Carla-Harmatiuk-Matos-DC035-Direitos-Humanos-e-Relacoes-Familiares.pdf\">Ana Carla Harmatiuk Matos &#8211; DC035-Direitos Humanos e Rela\u00e7\u00f5es Familiares<\/a><\/p>\n<p><a href=\"https:\/\/direito.ufpr.br\/wp-content\/uploads\/2024\/02\/Angela-Cassia-Costaldello-DB443-Direito-Administrativo-A.pdf\">Angela Cassia Costaldello &#8211; DB443-Direito Administrativo A<\/a><\/p>\n<p><a href=\"https:\/\/direito.ufpr.br\/wp-content\/uploads\/2024\/02\/Angela-Cassia-Costaldello-DB444-Direito-Administrativo-B.pdf\">Angela Cassia Costaldello &#8211; DB444-Direito Administrativo B<\/a><\/p>\n<p><a href=\"https:\/\/direito.ufpr.br\/wp-content\/uploads\/2024\/02\/Betina-Treiger-Grupenmacher-DB428-Direito-Tributario-1.pdf\">Betina Treiger Grupenmacher &#8211; DB428-Direito Tribut\u00e1rio<\/a><\/p>\n<p><a href=\"https:\/\/direito.ufpr.br\/wp-content\/uploads\/2024\/02\/Eduardo-Talamini-DC068-Meios-Alternativos-de-Solucao-de-Litigios.pdf\">Eduardo Talamini &#8211; DC068-Meios Alternativos de Solu\u00e7\u00e3o de Lit\u00edgios<\/a><\/p>\n<p><a href=\"https:\/\/direito.ufpr.br\/wp-content\/uploads\/2024\/02\/Eduardo-Talamini-DC431-Direito-Processual-Civil-C.pdf\">Eduardo Talamini &#8211; DC431-Direito Processual Civil C<\/a><\/p>\n<p><a href=\"https:\/\/direito.ufpr.br\/wp-content\/uploads\/2024\/02\/Eneida-Desiree-Salgado-DB453-Direito-Constitucional-A.pdf\">Eneida Desiree Salgado &#8211; DB453-Direito Constitucional A<\/a><\/p>\n<p><a href=\"https:\/\/direito.ufpr.br\/wp-content\/uploads\/2024\/02\/Eroulths-Cortiano-Junior-DC438-Direito-Civil-A.pdf\">Eroulths Cortiano Junior &#8211; DC438-Direito Civil A<\/a><\/p>\n<p><a href=\"https:\/\/direito.ufpr.br\/wp-content\/uploads\/2024\/02\/Francisco-de-Assis-do-Rego-Rocha-Junior-DP418-Direito-Penal-B-2.pdf\">Francisco de Assis do Rego Rocha Junior &#8211; DP418-Direito Penal B<\/a><\/p>\n<p><a href=\"https:\/\/direito.ufpr.br\/wp-content\/uploads\/2024\/02\/Francisco-de-Assis-do-Rego-Rocha-Junior-DB058-Direito-Penal-Tributario-1.pdf\">Francisco de Assis do Rego Rocha Junior &#8211; DB058-Direito Penal Tribut\u00e1rio<\/a><\/p>\n<p><a href=\"https:\/\/direito.ufpr.br\/wp-content\/uploads\/2024\/02\/Francisco-de-Assis-do-Rego-Rocha-Junior-DIR001-Aplicacao-da-Pena-1.pdf\">Francisco de Assis do Rego Rocha Junior &#8211; DIR001-Aplica\u00e7\u00e3o da Pena<\/a><\/p>\n<p><a href=\"https:\/\/direito.ufpr.br\/wp-content\/uploads\/2024\/02\/Frederico-Eduardo-Zenedin-Glitz-DC439-Direito-Civil-B.pdf\">Frederico Eduardo Zenedin Glitz &#8211; DC439-Direito Civil B<\/a><\/p>\n<p><a href=\"https:\/\/direito.ufpr.br\/wp-content\/uploads\/2024\/02\/Gustavo-Osna-DC074-Acesso-a-Justica.pdf\">Gustavo Osna &#8211; DC074-Acesso \u00e0 Justi\u00e7a<\/a><\/p>\n<p><a href=\"https:\/\/direito.ufpr.br\/wp-content\/uploads\/2024\/02\/Gustavo-Osna-DC430-Direito-Processual-Civil-B.pdf\">Gustavo Osna &#8211; DC430-Direito Processual Civil B<\/a><\/p>\n<p><a href=\"https:\/\/direito.ufpr.br\/wp-content\/uploads\/2024\/03\/Ilton-Norberto-Robl-Filho-DV456-Metodologia-do-Trabalho-Cientifico-em-Direito.pdf\">Ilton Norberto Robl Filho &#8211; DV456-Metodologia do Trabalho Cient\u00edfico em Direito<\/a><\/p>\n<p><a href=\"https:\/\/direito.ufpr.br\/wp-content\/uploads\/2024\/02\/Jose-Antonio-Peres-Gediel-DC438-Direito-Civil-A.pdf\">Jos\u00e9 Antonio Peres Gediel &#8211; DC438-Direito Civil A<\/a><\/p>\n<p><a href=\"https:\/\/direito.ufpr.br\/wp-content\/uploads\/2024\/02\/Katya-Regina-Isaguirre-Torres-DB440-Direito-Ambiental.pdf\">Katya Regina Isaguirre Torres &#8211; DB440-Direito Ambiental<\/a><\/p>\n<p><a href=\"https:\/\/direito.ufpr.br\/wp-content\/uploads\/2024\/02\/Larissa-Liz-Odreski-Ramina-DB426-Direito-Internacional-Publico.pdf\">Larissa Liz Odreski Ramina &#8211; DB426-Direito Internacional P\u00fablico<\/a><\/p>\n<p><a href=\"https:\/\/direito.ufpr.br\/wp-content\/uploads\/2024\/03\/Larissa-Liz-Odreski-Ramina-DB426-Direito-Internacional-Publico-NOVA-DATA.pdf\">Larissa Liz Odreski Ramina &#8211; DB426-Direito Internacional P\u00fablico &#8211; NOVA DATA<\/a><\/p>\n<p><a href=\"https:\/\/direito.ufpr.br\/wp-content\/uploads\/2024\/02\/Leticia-Regina-Camargo-Kreuz-DB448-Teoria-do-Estado.pdf\">Let\u00edcia Regina Camargo Kreuz &#8211; DB448-Teoria do Estado<\/a><\/p>\n<p><a href=\"https:\/\/direito.ufpr.br\/wp-content\/uploads\/2024\/02\/Leticia-Regina-Camargo-Kreuz-DB453-Direito-Constitucional-A.pdf\">Let\u00edcia Regina Camargo Kreuz &#8211; DB453-Direito Constitucional A<\/a><\/p>\n<p><a href=\"https:\/\/direito.ufpr.br\/wp-content\/uploads\/2024\/03\/Leticia-Regina-Camargo-Kreuz-DB448-Teoria-do-Estado-NOVA-DATA.pdf\">Let\u00edcia Regina Camargo Kreuz &#8211; DB448-Teoria do Estado &#8211; NOVA DATA<\/a><\/p>\n<p><a href=\"https:\/\/direito.ufpr.br\/wp-content\/uploads\/2024\/02\/Luis-Fernando-Lopes-Pereira-DV458-Historia-do-Direito-A.pdf\">Luis Fernando Lopes Pereira &#8211; DV458-Hist\u00f3ria do Direito A<\/a><\/p>\n<p><a href=\"https:\/\/direito.ufpr.br\/wp-content\/uploads\/2024\/02\/Luiz-Daniel-Rodrigues-Haj-Mussi-DV450-Direito-Empresarial-B-2.pdf\">Luiz Daniel Rodrigues Haj Mussi &#8211; DV450-Direito Empresarial B<\/a><\/p>\n<p><a href=\"https:\/\/direito.ufpr.br\/wp-content\/uploads\/2024\/02\/Luiz-Daniel-Rodrigues-Haj-Mussi-DV091-Topicos-de-Direito-Empresarial-A-Financiamento-da-Atividade-Empresarial-2.pdf\">Luiz Daniel Rodrigues Haj Mussi &#8211; DV091-T\u00f3picos de Direito Empresarial A &#8211; Financiamento da Atividade Empresarial<\/a><\/p>\n<p><a href=\"https:\/\/direito.ufpr.br\/wp-content\/uploads\/2024\/02\/Luiz-Daniel-Rodrigues-Haj-Mussi-DV097-Topicos-de-Direito-Empresarial-G-Arbitragem-Emprsarial-2.pdf\">Luiz Daniel Rodrigues Haj Mussi &#8211; DV097-T\u00f3picos de Direito Empresarial G &#8211; Arbitragem Empresarial<\/a><\/p>\n<p><a href=\"https:\/\/direito.ufpr.br\/wp-content\/uploads\/2024\/02\/Marcia-Carla-Pereira-Ribeiro-DV449-Direito-Empresarial-A.pdf\">Marcia Carla Pereira Ribeiro &#8211; DV449-Direito Empresarial A<\/a><\/p>\n<p><a href=\"https:\/\/direito.ufpr.br\/wp-content\/uploads\/2024\/03\/Maria-Candida-Pires-Vieira-do-Amaral-Kroetz-DC439-Direito-Civil-B.pdf\">Maria Candida Pires Vieira do Amaral Kroetz &#8211; DC439-Direito Civil B<\/a><\/p>\n<p><a href=\"https:\/\/direito.ufpr.br\/wp-content\/uploads\/2024\/02\/Marilia-Pedroso-Xavier-DIR405-Pratica-Juridica-Civel.pdf\">Mari\u0301lia Pedroso Xavier &#8211; DIR405-Pr\u00e1tica Jur\u00eddica C\u00edvel<\/a><\/p>\n<p><a href=\"https:\/\/direito.ufpr.br\/wp-content\/uploads\/2024\/02\/Marilia-Pedroso-Xavier-DIR410-Introducao-as-Praticas-Extensionistas.pdf\">Mari\u0301lia Pedroso Xavier &#8211; DIR410-Introdu\u00e7\u00e3o \u00e0s Pr\u00e1ticas Extensionistas<\/a><\/p>\n<p><a href=\"https:\/\/direito.ufpr.br\/wp-content\/uploads\/2024\/02\/Melina-Girardi-Fachin-DB436-Direito-Constitucional-B.pdf\">Melina Girardi Fachin &#8211; DB436-Direito Constitucional B<\/a><\/p>\n<p><a href=\"https:\/\/direito.ufpr.br\/wp-content\/uploads\/2024\/03\/Paulo-Roberto-Ribeiro-Nalin-DC073-Arbitragem-Concretizada.pdf\">Paulo Roberto Ribeiro Nalin &#8211; DC073-Arbitragem Concretizada<\/a><\/p>\n<p><a href=\"https:\/\/direito.ufpr.br\/wp-content\/uploads\/2024\/03\/Paulo-Roberto-Ribeiro-Nalin-DC439-Direito-Civil-B.pdf\">Paulo Roberto Ribeiro Nalin &#8211; DC439-Direito Civil B<\/a><\/p>\n<p><a href=\"https:\/\/direito.ufpr.br\/wp-content\/uploads\/2024\/02\/EDITAL-DE-SELECAO-AJ-2024.pdf\">Ricardo Prestes Pazello &#8211; DB454 &#8211; Antropologia Jur\u00eddica<\/a><\/p>\n<p><a href=\"https:\/\/direito.ufpr.br\/wp-content\/uploads\/2024\/03\/Rodrigo-Luis-Kanayama-DB442-Direito-Financeiro.pdf\">Rodrigo Luis Kanayama &#8211; DB442-Direito Financeiro<\/a><\/p>\n<p><a href=\"https:\/\/direito.ufpr.br\/wp-content\/uploads\/2024\/02\/Rui-Carlo-Dissenha-DP417-Direito-Penal-A.pdf\">Rui Carlo Dissenha &#8211; DP417-Direito Penal A<\/a><\/p>\n<p><a href=\"https:\/\/direito.ufpr.br\/wp-content\/uploads\/2024\/03\/Taysa-Monitoria.pdf\">Taysa Schiocchet &#8211; DIR409 &#8211; Pr\u00e1tica Jur\u00eddica em Direitos Humanos<\/a><\/p>\n<p><a href=\"https:\/\/direito.ufpr.br\/wp-content\/uploads\/2024\/02\/Thiago-Freitas-Hansen-DV457-Teoria-do-Direito.pdf\">Thiago Freitas Hansen &#8211; DV457-Teoria do Direito<\/a><\/p>\n<p><a href=\"https:\/\/direito.ufpr.br\/wp-content\/uploads\/2024\/02\/MODELO-DE-EDITAL-DE-SELECAO-bolsistas-metodologia-2024.1.pdf\">Thiago Hoshino &#8211; DV456 Metodologia do Trabalho Cient\u00edfico em Direito (Matutino)<\/a><\/p>\n<p><a href=\"https:\/\/direito.ufpr.br\/wp-content\/uploads\/2024\/02\/Vera-Karam-de-Chueiri-DB453-Direito-Constitucional-A.pdf\">Vera Karam de Chueiri &#8211; DB453-Direito Constitucional A<\/a><\/p>\n<p><a href=\"https:\/\/direito.ufpr.br\/wp-content\/uploads\/2024\/02\/Vinicius-Klein-DV204-Empresas-Estatais-1.pdf\">Vin\u00edcius Klein &#8211; DV204-Empresas Estatais<\/a><\/p>\n<p><a href=\"https:\/\/direito.ufpr.br\/wp-content\/uploads\/2024\/03\/Vinicius-Klein-DV204-Empresas-Estatais-NOVA-DATA.pdf\">Vin\u00edcius Klein &#8211; DV204-Empresas Estatais &#8211; NOVA DATA<\/a><\/p>\n<p><a href=\"https:\/\/direito.ufpr.br\/wp-content\/uploads\/2024\/02\/Vinicius-Klein-DV450-Direito-Empresarial-B-1.pdf\">Vin\u00edcius Klein &#8211; DV450-Direito Empresarial B<\/a><\/p>\n<p><a href=\"https:\/\/direito.ufpr.br\/wp-content\/uploads\/2024\/03\/Vinicius-Klein-DV450-Direito-Empresarial-B-NOVA-DATA.pdf\">Vin\u00edcius Klein &#8211; DV450-Direito Empresarial B &#8211; NOVA DATA<\/a><\/p>\n<p><a href=\"https:\/\/direito.ufpr.br\/wp-content\/uploads\/2024\/02\/William-Soares-Pugliese-DC443-Direito-Processual-Civil-A.pdf\">William Soares Pugliese &#8211; DC443-Direito Processual Civil A<\/a><\/p>\n<p><strong>RESULTADOS DAS SELE\u00c7\u00d5ES<\/strong><\/p>\n<p><a href=\"https:\/\/direito.ufpr.br\/wp-content\/uploads\/2024\/03\/Resultado-Adriana-Espindola-Correa-DC438-Direito-Civil-A.pdf\">Resultado &#8211; Adriana Esp\u00edndola Corr\u00eaa &#8211; DC438-Direito Civil A<\/a><\/p>\n<p><a href=\"https:\/\/direito.ufpr.br\/wp-content\/uploads\/2024\/03\/Resultado-Ana-Carla-Harmatiuk-Matos-DC435-Direito-Civil-E.pdf\">Resultado &#8211; Ana Carla Harmatiuk Matos &#8211; DC435-Direito Civil E<\/a><\/p>\n<p><a href=\"https:\/\/direito.ufpr.br\/wp-content\/uploads\/2024\/03\/Resultado-Ana-Carla-Harmatiuk-Matos-DC035-Direitos-Humanos-e-Relacoes-Familiares.pdf\">Resultado &#8211; Ana Carla Harmatiuk Matos &#8211; DC035-Direitos Humanos e Rela\u00e7\u00f5es Familiares<\/a><\/p>\n<p><a href=\"https:\/\/direito.ufpr.br\/wp-content\/uploads\/2024\/03\/Resultado-Angela-Cassia-Costaldello-DB443-Direito-Administratio-A.pdf\">Resultado &#8211; Angela C\u00e1ssia Costaldello &#8211; DB443-Direito Administrativo A<\/a><\/p>\n<p><a href=\"https:\/\/direito.ufpr.br\/wp-content\/uploads\/2024\/03\/Resultado-Betina-Treiger-Grupenmacher-DB428-Direito-Tributario-1.pdf\">Resultado &#8211; Betina Treiger Grupenmacher &#8211; DB428-Direito Tribut\u00e1rio<\/a><\/p>\n<p><a href=\"https:\/\/direito.ufpr.br\/wp-content\/uploads\/2024\/03\/Resultado-Eduardo-Talamini-DC431-Direito-Processual-Civil-C.pdf\">Resultado &#8211; Eduardo Talamini &#8211; DC431-Direito Processual Civil C<\/a><\/p>\n<p><a href=\"https:\/\/direito.ufpr.br\/wp-content\/uploads\/2024\/03\/Resultado-Eneida-Desiree-Salgado-DB453-Direito-Constitucional-A-1.pdf\">Resultado &#8211; Eneida Desiree Salgado &#8211; DB453-Direito Constitucional A<\/a><\/p>\n<p><a href=\"https:\/\/direito.ufpr.br\/wp-content\/uploads\/2024\/03\/Resultado-Eroulths-Cortiano-Junior-DC438-Direito-Civil-A.pdf\">Resultado &#8211; Eroulths Cortiano Junior &#8211; DC438 &#8211; Direito Civil A<\/a><\/p>\n<p><a href=\"https:\/\/direito.ufpr.br\/wp-content\/uploads\/2024\/03\/Resultado-Francisco-de-Assis-do-Rego-Rocha-Junior-DIR001-Aplicacao-da-Pena.pdf\">Resultado &#8211; Francisco de Assis do Rego Rocha Junior &#8211; DIR001-Aplica\u00e7\u00e3o da Pena<\/a><\/p>\n<p><a href=\"https:\/\/direito.ufpr.br\/wp-content\/uploads\/2024\/03\/Resultado-Francisco-de-Assis-do-Rego-Rocha-Junior-DP418-Direito-Penal-B.pdf\">Resultado &#8211; Francisco de Assis do Rego Rocha Junior &#8211; DP418-Direito Penal B<\/a><\/p>\n<p><a href=\"https:\/\/direito.ufpr.br\/wp-content\/uploads\/2024\/03\/Resultado-Frederico-Eduardo-Zenedin-Glitz-DC439-Direito-Civil-B.pdf\">Resultado &#8211; Frederico Eduardo Zenedin Glitz &#8211; DC439-Direito Civil B<\/a><\/p>\n<p><a href=\"https:\/\/direito.ufpr.br\/wp-content\/uploads\/2024\/03\/Resultado-Gustavo-Osna-DC074-Acesso-a-Justica.pdf\">Resultado &#8211; Gustavo Osna &#8211; DC074-Acesso \u00e0 Justi\u00e7a<\/a><\/p>\n<p><a href=\"https:\/\/direito.ufpr.br\/wp-content\/uploads\/2024\/03\/Resultado-Gustavo-Osna-DC430-Direito-Processual-Civil-B-1.pdf\">Resultado &#8211; Gustavo Osna &#8211; DC430-Direito Processual Civil B<\/a><\/p>\n<p><a href=\"https:\/\/direito.ufpr.br\/wp-content\/uploads\/2024\/03\/Resultado-Ilton-Norberto-Robl-Filho-DV456-Metodologia-do-Trabalho-Cientifico-em-Direito.pdf\">Resultado &#8211; Ilton Norberto Robl Filho &#8211; DV456-Metodologia do Trabalho Cient\u00edfico em Direito<\/a><\/p>\n<p><a href=\"https:\/\/direito.ufpr.br\/wp-content\/uploads\/2024\/03\/Resultado-Jose-Antonio-Peres-Gediel-DC438-Direito-Civil-A.pdf\">Resultado &#8211; Jos\u00e9 Antonio Peres Gediel &#8211; DC438-Direito Civil A<\/a><\/p>\n<p><a href=\"https:\/\/direito.ufpr.br\/wp-content\/uploads\/2024\/03\/Resultado-Katya-Regina-Isaguirre-Torres-DB440-Direito-Ambiental-1.pdf\">Resultado &#8211; Katya Regina Isaguirre Torres &#8211; DB440-Direito Ambiental<\/a><\/p>\n<p><a href=\"https:\/\/direito.ufpr.br\/wp-content\/uploads\/2024\/03\/Resultado-Larissa-Liz-Odreski-Ramina-DB452-Direito-Internacional-Publico-1.pdf\">Resultado &#8211; Larissa Liz Odreski Ramina &#8211; DB452-Direito Internacional P\u00fablico<\/a><\/p>\n<p><a href=\"https:\/\/direito.ufpr.br\/wp-content\/uploads\/2024\/03\/Resultado-Leticia-Regina-Camargo-Kreuz-DB448-Teoria-do-Estado-NOVA-DATA.pdf\">Resultado &#8211; Let\u00edcia Regina Camargo Kreuz &#8211; DB448-Teoria do Estado &#8211; NOVA DATA<\/a><\/p>\n<p><a href=\"https:\/\/direito.ufpr.br\/wp-content\/uploads\/2024\/03\/Resultado-Leticia-Regina-Camargo-Kreuz-DB453-Direito-Constitucional-A.pdf\">Resultado &#8211; Let\u00edcia Regina Camargo Kreuz &#8211; DB453-Direito Constitucional A<\/a><\/p>\n<p><a href=\"https:\/\/direito.ufpr.br\/wp-content\/uploads\/2024\/03\/Resultado-Luis-Fernando-Lopes-Pereira-DV458-Historia-do-Direito-A.pdf\">Resultado &#8211; Luis Fernando Lopes Pereira &#8211; DV458-Hist\u00f3ria do Direito A<\/a><\/p>\n<p><a href=\"https:\/\/direito.ufpr.br\/wp-content\/uploads\/2024\/03\/Resultado-Luiz-Daniel-Rodrigues-Haj-Mussi-DV450-Direito-Empresarial-B.pdf\">Resultado &#8211; Luiz Daniel Rodrigues Haj Mussi &#8211; DV450-Direito Empresarial B<\/a><\/p>\n<p><a href=\"https:\/\/direito.ufpr.br\/wp-content\/uploads\/2024\/03\/Resultado-Luiz-Daniel-Rodrigues-Haj-Mussi-DV091-Topicos-de-Direito-Empresarial-A-Financiamento-da-Atividade-Empresarial.pdf\">Resultado &#8211; Luiz Daniel Rodrigues Haj Mussi &#8211; DV091-T\u00f3picos de Direito Empresarial A &#8211; Financiamento da Atividade Empresarial<\/a><\/p>\n<p><a href=\"https:\/\/direito.ufpr.br\/wp-content\/uploads\/2024\/03\/Resultado-Luiz-Daniel-Rodrigues-Haj-Mussi-DV097-Topicos-de-Direito-Empresarial-G-Arbitragem-Emprsarial.pdf\">Resultado &#8211; Luiz Daniel Rodrigues Haj Mussi &#8211; DV097-T\u00f3picos de Direito Empresarial G &#8211; Arbitragem Empresarial<\/a><\/p>\n<p><a href=\"https:\/\/direito.ufpr.br\/wp-content\/uploads\/2024\/03\/Resultado-Marcia-Carla-Pereira-Ribeiro-DV449-Direito-Empresarial-A.pdf\">Resultado &#8211; Marcia Carla Pereira Ribeiro &#8211; DV449-Direito Empresarial A<\/a><\/p>\n<p><a href=\"https:\/\/direito.ufpr.br\/wp-content\/uploads\/2024\/03\/Resultado-Marilia-Pedroso-Xavier-DIR405-Pratica-Juridica-Civil.pdf\">Resultado &#8211; Mar\u00edlia Pedroso Xavier &#8211; DIR405-Pr\u00e1tica Jur\u00eddica Civil<\/a><\/p>\n<p><a href=\"https:\/\/direito.ufpr.br\/wp-content\/uploads\/2024\/03\/Resultado-Marilia-Pedroso-Xavier-DIR410-Introducao-as-Praticas-Extensionistas.pdf\">Resultado &#8211; Mar\u00edlia Pedroso Xavier &#8211; DIR410-Introdu\u00e7\u00e3o \u00e0s Pr\u00e1ticas Extensionistas<\/a><\/p>\n<p><a href=\"https:\/\/direito.ufpr.br\/wp-content\/uploads\/2024\/03\/Resultado-Maria-Candida-Pires-Vieira-do-Amaral-Kroetz-DC439-Direito-Civil-B.pdf\">Resultado &#8211; Maria Candida Pires Vieira do Amaral Kroetz &#8211; DC439-Direito Civil B<\/a><\/p>\n<p><a href=\"https:\/\/direito.ufpr.br\/wp-content\/uploads\/2024\/03\/Resultado-Melina-Girardi-Fachin-DB436-Direito-Constitucional-B.pdf\">Resultado &#8211; Melina Girardi Fachin &#8211; DB436-Direito Constitucional B<\/a><\/p>\n<p><a href=\"https:\/\/direito.ufpr.br\/wp-content\/uploads\/2024\/03\/Resultado-Paulo-Roberto-Ribeiro-Nalin-DC439-Direito-Civil-B.pdf\">Resultado &#8211; Paulo Roberto Ribeiro Nalin &#8211; DC439-Direito Civil B<\/a><\/p>\n<p><a href=\"https:\/\/direito.ufpr.br\/wp-content\/uploads\/2024\/03\/Resultado-Paulo-Roberto-Ribeiro-Nalin-DC073-Arbitragem-Concretizada.pdf\">Resultado &#8211; Paulo Roberto Ribeiro Nalin &#8211; DC073-Arbitragem Concretizada<\/a><\/p>\n<p><a href=\"https:\/\/direito.ufpr.br\/wp-content\/uploads\/2024\/03\/Resultado-Ricardo-Prestes-Pazello-DB454-Antropologia-Juridica.pdf\">Resultado &#8211; Ricardo Prestes Pazello &#8211; DB454-Antropologia Jur\u00eddica<\/a><\/p>\n<p><a href=\"https:\/\/direito.ufpr.br\/wp-content\/uploads\/2024\/03\/Resultado-Rodrigo-Luis-Kanayama-DB442-Direito-Financeiro-1.pdf\">Resultado &#8211; Rodrigo Luis Kanayama &#8211; DB442-Direito Financeiro<\/a><\/p>\n<p><a href=\"https:\/\/direito.ufpr.br\/wp-content\/uploads\/2024\/03\/Resultado-Rui-Carlo-Dissenha-DP428-Direito-Penal-A.pdf\">Resultado &#8211; Rui Carlo Dissenha &#8211; DP428-Direito Penal A<\/a><\/p>\n<p><a href=\"https:\/\/direito.ufpr.br\/wp-content\/uploads\/2024\/03\/Resultado-Taysa-Schiocchet-\u2013-DIR409-\u2013-Pratica-Juridica-em-Direitos-Humanos.pdf\">Resultado &#8211; Taysa Schiocchet \u2013 DIR409 \u2013 Pr\u00e1tica Jur\u00eddica em Direitos Humanos<\/a><\/p>\n<p><a href=\"https:\/\/direito.ufpr.br\/wp-content\/uploads\/2024\/03\/Resultado-Thiago-Freitas-Hansen-DV457-Teoria-do-Direito.pdf\">Resultado &#8211; Thiago Freitas Hansen &#8211; DV457-Teoria do Direito<\/a><\/p>\n<p><a href=\"https:\/\/direito.ufpr.br\/wp-content\/uploads\/2024\/03\/Resultado-Thiago-Hoshino-DV456-Metodologia.pdf\">Resultado &#8211; Thiago Hoshino &#8211; DV456-Metodologia<\/a><\/p>\n<p><a href=\"https:\/\/direito.ufpr.br\/wp-content\/uploads\/2024\/03\/Resultado-Vera-Karam-de-Chueiri-DB453-Direito-Constitucional-A.pdf\">Resultado &#8211; Vera Karam de Chueiri &#8211; DB453-Direito Constitucional A<\/a><\/p>\n<p><a href=\"https:\/\/direito.ufpr.br\/wp-content\/uploads\/2024\/03\/Resultado-Vinicius-Klein-DV450-Direito-Empresarial-B.pdf\">Resultado &#8211; Vin\u00edcius Klein &#8211; DV450-Direito Empresarial B<\/a><\/p>\n<p><a href=\"https:\/\/direito.ufpr.br\/wp-content\/uploads\/2024\/03\/Resultado-William-Soares-Pugliese-DC443-Direito-Processual-Civil-A.pdf\">Resultado &#8211; William Soares Pugliese &#8211; DC443 -Direito Processual Civil A<\/a><\/p>\n","protected":false},"excerpt":{"rendered":"<p>Edital 14\/2023\/PROGRAD\/COAFE &#8211; Abertura do Programa de Monitoria Res 91\/99-CEPE &#8211; normas para o Programa de Monitoria Res 43\/03-CEPE &#8211; crit\u00e9rios para sele\u00e7\u00e3o de monitores Quadro de vagas de monitoria &#8211; 2024\/1\u00ba semestre EDITAIS DE SELE\u00c7\u00c3O as inscri\u00e7\u00f5es s\u00e3o realizadas na secretaria dos departamentos do curso de Direito (sala 106) ou conforme indicado no edital [&hellip;]<\/p>\n","protected":false},"author":54,"featured_media":0,"parent":0,"menu_order":0,"comment_status":"closed","ping_status":"closed","template":"departamento.php","meta":{"_acf_changed":false,"_eb_attr":"","footnotes":""},"class_list":["post-46155","page","type-page","status-publish","hentry"],"acf":[],"_links":{"self":[{"href":"https:\/\/direito.ufpr.br\/index.php?rest_route=\/wp\/v2\/pages\/46155","targetHints":{"allow":["GET"]}}],"collection":[{"href":"https:\/\/direito.ufpr.br\/index.php?rest_route=\/wp\/v2\/pages"}],"about":[{"href":"https:\/\/direito.ufpr.br\/index.php?rest_route=\/wp\/v2\/types\/page"}],"author":[{"embeddable":true,"href":"https:\/\/direito.ufpr.br\/index.php?rest_route=\/wp\/v2\/users\/54"}],"replies":[{"embeddable":true,"href":"https:\/\/direito.ufpr.br\/index.php?rest_route=%2Fwp%2Fv2%2Fcomments&post=46155"}],"version-history":[{"count":89,"href":"https:\/\/direito.ufpr.br\/index.php?rest_route=\/wp\/v2\/pages\/46155\/revisions"}],"predecessor-version":[{"id":46710,"href":"https:\/\/direito.ufpr.br\/index.php?rest_route=\/wp\/v2\/pages\/46155\/revisions\/46710"}],"wp:attachment":[{"href":"https:\/\/direito.ufpr.br\/index.php?rest_route=%2Fwp%2Fv2%2Fmedia&parent=46155"}],"curies":[{"name":"wp","href":"https:\/\/api.w.org\/{rel}","templated":true}]}}