{"id":46218,"date":"2024-02-26T09:35:33","date_gmt":"2024-02-26T12:35:33","guid":{"rendered":"\/?page_id=46218"},"modified":"2024-10-09T11:03:54","modified_gmt":"2024-10-09T14:03:54","slug":"46218-2","status":"publish","type":"page","link":"https:\/\/direito.ufpr.br\/?page_id=46218","title":{"rendered":""},"content":{"rendered":"\n<p class=\"has-text-align-center has-white-background-color has-text-color has-background has-large-font-size\" style=\"color:#510000\"><strong>SELE\u00c7\u00c3O DE PESQUISADORES(AS)<\/strong> &#8211; <strong>2024<\/strong><\/p>\n\n\n\n<div class=\"wp-block-columns is-layout-flex wp-container-core-columns-is-layout-9d6595d7 wp-block-columns-is-layout-flex\">\n<div class=\"wp-block-column is-layout-flow wp-block-column-is-layout-flow\">\n<figure class=\"wp-block-image size-large\"><img loading=\"lazy\" decoding=\"async\" width=\"724\" height=\"1024\" src=\"https:\/\/direito.ufpr.br\/wp-content\/uploads\/2024\/10\/A-INTERNACIONALIZACAO-DO-PODER-PUNITIVO-E-AS-PERSPECTIVAS-MODIFICADORAS-DO-DIREITO-PENAL-724x1024.png\" alt=\"\" class=\"wp-image-49620\" srcset=\"https:\/\/direito.ufpr.br\/wp-content\/uploads\/2024\/10\/A-INTERNACIONALIZACAO-DO-PODER-PUNITIVO-E-AS-PERSPECTIVAS-MODIFICADORAS-DO-DIREITO-PENAL-724x1024.png 724w, https:\/\/direito.ufpr.br\/wp-content\/uploads\/2024\/10\/A-INTERNACIONALIZACAO-DO-PODER-PUNITIVO-E-AS-PERSPECTIVAS-MODIFICADORAS-DO-DIREITO-PENAL-212x300.png 212w, https:\/\/direito.ufpr.br\/wp-content\/uploads\/2024\/10\/A-INTERNACIONALIZACAO-DO-PODER-PUNITIVO-E-AS-PERSPECTIVAS-MODIFICADORAS-DO-DIREITO-PENAL-768x1086.png 768w, https:\/\/direito.ufpr.br\/wp-content\/uploads\/2024\/10\/A-INTERNACIONALIZACAO-DO-PODER-PUNITIVO-E-AS-PERSPECTIVAS-MODIFICADORAS-DO-DIREITO-PENAL-1086x1536.png 1086w, https:\/\/direito.ufpr.br\/wp-content\/uploads\/2024\/10\/A-INTERNACIONALIZACAO-DO-PODER-PUNITIVO-E-AS-PERSPECTIVAS-MODIFICADORAS-DO-DIREITO-PENAL-1448x2048.png 1448w, https:\/\/direito.ufpr.br\/wp-content\/uploads\/2024\/10\/A-INTERNACIONALIZACAO-DO-PODER-PUNITIVO-E-AS-PERSPECTIVAS-MODIFICADORAS-DO-DIREITO-PENAL.png 1587w\" sizes=\"auto, (max-width: 724px) 100vw, 724px\" \/><\/figure>\n<\/div>\n\n\n\n<div class=\"wp-block-column is-vertically-aligned-center is-layout-flow wp-block-column-is-layout-flow\">\n<p><strong>EDITAL DE SELE\u00c7\u00c3O DE ESTUDANTES &#8211; PROJETO M\u00c1QUINA DE ATIVISMOS EM DIREITOS HUMANOS (UFPR) E PROJETO LIBERTE NOSSO SAGRADO (PIBIC\/UFPR)<\/strong><\/p>\n\n\n\n<p>Processo seletivo de estudantes de gradua\u00e7\u00e3o<\/p>\n\n\n\n<p><strong><a href=\"https:\/\/direito.ufpr.br\/wp-content\/uploads\/2024\/10\/Edital_de_selecao_de_estudantes_-_PROJETO_OJUS_2024_assinado.pdf\">Edital<\/a><\/strong><\/p>\n\n\n\n<p>Inscri\u00e7\u00f5es por e-mail: hoshino.thiago@ufpr.br <\/p>\n\n\n\n<p><strong>PRAZOS:<\/strong><\/p>\n\n\n\n<p><strong>Inscri\u00e7\u00f5es:<\/strong> At\u00e9 o dia 22\/10\/2024<\/p>\n\n\n\n<p><strong>Entrevistas: <\/strong>25\/10\/2024<\/p>\n\n\n\n<p><\/p>\n\n\n\n<p><\/p>\n<\/div>\n<\/div>\n\n\n\n<div class=\"wp-block-columns is-layout-flex wp-container-core-columns-is-layout-9d6595d7 wp-block-columns-is-layout-flex\">\n<div class=\"wp-block-column is-layout-flow wp-block-column-is-layout-flow\">\n<figure class=\"wp-block-image size-large\"><img loading=\"lazy\" decoding=\"async\" width=\"724\" height=\"1024\" src=\"https:\/\/direito.ufpr.br\/wp-content\/uploads\/2024\/02\/Refugio-Migracoes-e-Hospitalidade-1-724x1024.png\" alt=\"\" class=\"wp-image-46179\" srcset=\"https:\/\/direito.ufpr.br\/wp-content\/uploads\/2024\/02\/Refugio-Migracoes-e-Hospitalidade-1-724x1024.png 724w, https:\/\/direito.ufpr.br\/wp-content\/uploads\/2024\/02\/Refugio-Migracoes-e-Hospitalidade-1-212x300.png 212w, https:\/\/direito.ufpr.br\/wp-content\/uploads\/2024\/02\/Refugio-Migracoes-e-Hospitalidade-1-768x1086.png 768w, https:\/\/direito.ufpr.br\/wp-content\/uploads\/2024\/02\/Refugio-Migracoes-e-Hospitalidade-1-1086x1536.png 1086w, https:\/\/direito.ufpr.br\/wp-content\/uploads\/2024\/02\/Refugio-Migracoes-e-Hospitalidade-1-1448x2048.png 1448w, https:\/\/direito.ufpr.br\/wp-content\/uploads\/2024\/02\/Refugio-Migracoes-e-Hospitalidade-1.png 1587w\" sizes=\"auto, (max-width: 724px) 100vw, 724px\" \/><\/figure>\n<\/div>\n\n\n\n<div class=\"wp-block-column is-vertically-aligned-center is-layout-flow wp-block-column-is-layout-flow\">\n<p><strong>EDITAL NEIPP n.\u00ba 02\/2024 \u2013 N\u00daCLEO DE ESTUDOS SOBRE A INTERNACIONALIZA\u00c7\u00c3O DO PODER PUNITIVO<\/strong><\/p>\n\n\n\n<p>Processo seletivo e cadastro de membros(as) pesquisadores(as) graduandos(as), mestrandos(as) e doutorandos(as)<\/p>\n\n\n\n<p><strong><a href=\"https:\/\/direito.ufpr.br\/wp-content\/uploads\/2024\/02\/Edital-NEIPP-02.2024-Selecao-2024-2025-Final.pdf\">Edital<\/a><\/strong><\/p>\n\n\n\n<p><a href=\"https:\/\/forms.gle\/tapNKYiR9hQZEzmb6\"><strong>Formul\u00e1rio eletr\u00f4nico de inscri\u00e7\u00e3o<\/strong><\/a><\/p>\n\n\n\n<p><strong>PRAZOS:<\/strong><\/p>\n\n\n\n<p><strong>Inscri\u00e7\u00f5es:<\/strong> 26\/02\/2024 a 15\/03\/2024<\/p>\n\n\n\n<p><strong>Avalia\u00e7\u00e3o das inscri\u00e7\u00f5es: <\/strong>28\/03\/2024<\/p>\n\n\n\n<p><strong>Publica\u00e7\u00e3o do Edital de Resultado: <\/strong>29\/03\/2024<\/p>\n\n\n\n<p><strong>Reuni\u00e3o inagural do n\u00facleo:<\/strong> 05\/04\/2024<\/p>\n<\/div>\n<\/div>\n\n\n\n<p><\/p>\n","protected":false},"excerpt":{"rendered":"<p>SELE\u00c7\u00c3O DE PESQUISADORES(AS) &#8211; 2024 EDITAL DE SELE\u00c7\u00c3O DE ESTUDANTES &#8211; PROJETO M\u00c1QUINA DE ATIVISMOS EM DIREITOS HUMANOS (UFPR) E PROJETO LIBERTE NOSSO SAGRADO (PIBIC\/UFPR) Processo seletivo de estudantes de gradua\u00e7\u00e3o Edital Inscri\u00e7\u00f5es por e-mail: hoshino.thiago@ufpr.br PRAZOS: Inscri\u00e7\u00f5es: At\u00e9 o dia 22\/10\/2024 Entrevistas: 25\/10\/2024 EDITAL NEIPP n.\u00ba 02\/2024 \u2013 N\u00daCLEO DE ESTUDOS SOBRE A INTERNACIONALIZA\u00c7\u00c3O [&hellip;]<\/p>\n","protected":false},"author":52,"featured_media":0,"parent":0,"menu_order":0,"comment_status":"closed","ping_status":"closed","template":"","meta":{"_acf_changed":false,"_eb_attr":"","footnotes":""},"class_list":["post-46218","page","type-page","status-publish","hentry"],"acf":[],"_links":{"self":[{"href":"https:\/\/direito.ufpr.br\/index.php?rest_route=\/wp\/v2\/pages\/46218","targetHints":{"allow":["GET"]}}],"collection":[{"href":"https:\/\/direito.ufpr.br\/index.php?rest_route=\/wp\/v2\/pages"}],"about":[{"href":"https:\/\/direito.ufpr.br\/index.php?rest_route=\/wp\/v2\/types\/page"}],"author":[{"embeddable":true,"href":"https:\/\/direito.ufpr.br\/index.php?rest_route=\/wp\/v2\/users\/52"}],"replies":[{"embeddable":true,"href":"https:\/\/direito.ufpr.br\/index.php?rest_route=%2Fwp%2Fv2%2Fcomments&post=46218"}],"version-history":[{"count":13,"href":"https:\/\/direito.ufpr.br\/index.php?rest_route=\/wp\/v2\/pages\/46218\/revisions"}],"predecessor-version":[{"id":49629,"href":"https:\/\/direito.ufpr.br\/index.php?rest_route=\/wp\/v2\/pages\/46218\/revisions\/49629"}],"wp:attachment":[{"href":"https:\/\/direito.ufpr.br\/index.php?rest_route=%2Fwp%2Fv2%2Fmedia&parent=46218"}],"curies":[{"name":"wp","href":"https:\/\/api.w.org\/{rel}","templated":true}]}}