{"id":46223,"date":"2024-02-26T09:39:28","date_gmt":"2024-02-26T12:39:28","guid":{"rendered":"\/?page_id=46223"},"modified":"2024-02-26T11:28:33","modified_gmt":"2024-02-26T14:28:33","slug":"46223-2","status":"publish","type":"page","link":"https:\/\/direito.ufpr.br\/?page_id=46223","title":{"rendered":""},"content":{"rendered":"\n<div class=\"wp-block-columns is-layout-flex wp-container-core-columns-is-layout-9d6595d7 wp-block-columns-is-layout-flex\">\n<div class=\"wp-block-column is-layout-flow wp-block-column-is-layout-flow\">\n<p class=\"has-text-align-center has-text-color has-large-font-size\" style=\"color:#420000\"><strong>EDITAIS DE APOIO \u00c0 PESQUISA &#8211; 2023<\/strong><\/p>\n<\/div>\n<\/div>\n\n\n\n<div class=\"wp-block-columns is-layout-flex wp-container-core-columns-is-layout-9d6595d7 wp-block-columns-is-layout-flex\">\n<div class=\"wp-block-column is-vertically-aligned-center is-layout-flow wp-block-column-is-layout-flow\">\n<figure class=\"wp-block-image size-large\"><img loading=\"lazy\" decoding=\"async\" width=\"724\" height=\"1024\" src=\"https:\/\/direito.ufpr.br\/wp-content\/uploads\/2024\/02\/Edital-de-Apoio-a-Publicacao-Cientifica-Internacional-3-724x1024.png\" alt=\"\" class=\"wp-image-46272\" srcset=\"https:\/\/direito.ufpr.br\/wp-content\/uploads\/2024\/02\/Edital-de-Apoio-a-Publicacao-Cientifica-Internacional-3-724x1024.png 724w, https:\/\/direito.ufpr.br\/wp-content\/uploads\/2024\/02\/Edital-de-Apoio-a-Publicacao-Cientifica-Internacional-3-212x300.png 212w, https:\/\/direito.ufpr.br\/wp-content\/uploads\/2024\/02\/Edital-de-Apoio-a-Publicacao-Cientifica-Internacional-3-768x1086.png 768w, https:\/\/direito.ufpr.br\/wp-content\/uploads\/2024\/02\/Edital-de-Apoio-a-Publicacao-Cientifica-Internacional-3-1086x1536.png 1086w, https:\/\/direito.ufpr.br\/wp-content\/uploads\/2024\/02\/Edital-de-Apoio-a-Publicacao-Cientifica-Internacional-3-1448x2048.png 1448w, https:\/\/direito.ufpr.br\/wp-content\/uploads\/2024\/02\/Edital-de-Apoio-a-Publicacao-Cientifica-Internacional-3.png 1587w\" sizes=\"auto, (max-width: 724px) 100vw, 724px\" \/><\/figure>\n<\/div>\n\n\n\n<div class=\"wp-block-column is-vertically-aligned-center is-layout-flow wp-block-column-is-layout-flow\">\n<p><strong>EDITAL N\u00ba 12\/2023 \u2013 PESQUISA\/PRPPG\/UFPR<br>INCENTIVO \u00c0 APRESENTA\u00c7\u00c3O DE TRABALHOS EM EVENTOS CIENT\u00cdFICOS<\/strong><\/p>\n\n\n\n<p>A Pr\u00f3-Reitoria de Pesquisa e P\u00f3s-Gradua\u00e7\u00e3o (PRPPG) da Universidade Federal do Paran\u00e1 (UFPR), atrav\u00e9s da Coordenadoria de Pesquisa Cient\u00edfica e Desenvolvimento da Tecnologia, torna p\u00fablico este edital para a submiss\u00e3o de propostas para a complementa\u00e7\u00e3o a participa\u00e7\u00e3o em eventos.<\/p>\n\n\n\n<p><strong><a href=\"https:\/\/direito.ufpr.br\/wp-content\/uploads\/2024\/02\/edital-12-2023-incentivo-participacao-eventos.pdf\">Edital<\/a><\/strong><\/p>\n\n\n\n<p><\/p>\n<\/div>\n<\/div>\n\n\n\n<div class=\"wp-block-columns are-vertically-aligned-center is-layout-flex wp-container-core-columns-is-layout-9d6595d7 wp-block-columns-is-layout-flex\">\n<div class=\"wp-block-column is-vertically-aligned-center is-layout-flow wp-block-column-is-layout-flow\">\n<figure class=\"wp-block-image size-large\"><img loading=\"lazy\" decoding=\"async\" width=\"724\" height=\"1024\" src=\"https:\/\/direito.ufpr.br\/wp-content\/uploads\/2023\/09\/Edital-de-Apoio-a-Publicacao-Cientifica-Internacional-724x1024.png\" alt=\"\" class=\"wp-image-44842\" srcset=\"https:\/\/direito.ufpr.br\/wp-content\/uploads\/2023\/09\/Edital-de-Apoio-a-Publicacao-Cientifica-Internacional-724x1024.png 724w, https:\/\/direito.ufpr.br\/wp-content\/uploads\/2023\/09\/Edital-de-Apoio-a-Publicacao-Cientifica-Internacional-212x300.png 212w, https:\/\/direito.ufpr.br\/wp-content\/uploads\/2023\/09\/Edital-de-Apoio-a-Publicacao-Cientifica-Internacional-768x1086.png 768w, https:\/\/direito.ufpr.br\/wp-content\/uploads\/2023\/09\/Edital-de-Apoio-a-Publicacao-Cientifica-Internacional-1086x1536.png 1086w, https:\/\/direito.ufpr.br\/wp-content\/uploads\/2023\/09\/Edital-de-Apoio-a-Publicacao-Cientifica-Internacional-1448x2048.png 1448w, https:\/\/direito.ufpr.br\/wp-content\/uploads\/2023\/09\/Edital-de-Apoio-a-Publicacao-Cientifica-Internacional.png 1587w\" sizes=\"auto, (max-width: 724px) 100vw, 724px\" \/><\/figure>\n<\/div>\n\n\n\n<div class=\"wp-block-column is-vertically-aligned-center is-layout-flow wp-block-column-is-layout-flow\">\n<p><strong>EDITAL DE APOIO \u00c0 PUBLICA\u00c7\u00c3O CIENT\u00cdFICA INTERNACIONAL<\/strong>&nbsp;\u2013&nbsp;<strong>PRPPG\/UFPR<\/strong><\/p>\n\n\n\n<p>Edital de Apoio a Publica\u00e7\u00e3o Cientifica Internacional, que visa apoiar publica\u00e7\u00f5es de alta qualidade oriundas de atividades de Pesquisa, Desenvolvimento e Inova\u00e7\u00e3o de autores da Universidade Federal do Paran\u00e1 em peri\u00f3dicos cient\u00edficos de circula\u00e7\u00e3o internacional altamente qualificados.<\/p>\n\n\n\n<p><strong><a href=\"https:\/\/www.prppg.ufpr.br\/site\/en\/editais-2023\/edital-09-2023\/\">Edital<\/a><\/strong><\/p>\n<\/div>\n<\/div>\n\n\n\n<div class=\"wp-block-columns is-layout-flex wp-container-core-columns-is-layout-9d6595d7 wp-block-columns-is-layout-flex\">\n<div class=\"wp-block-column is-layout-flow wp-block-column-is-layout-flow\">\n<figure class=\"wp-block-image size-large\"><img loading=\"lazy\" decoding=\"async\" width=\"724\" height=\"1024\" src=\"https:\/\/direito.ufpr.br\/wp-content\/uploads\/2023\/09\/Edital-de-Apoio-a-Publicacao-Cientifica-Internacional-1-724x1024.png\" alt=\"\" class=\"wp-image-44846\" srcset=\"https:\/\/direito.ufpr.br\/wp-content\/uploads\/2023\/09\/Edital-de-Apoio-a-Publicacao-Cientifica-Internacional-1-724x1024.png 724w, https:\/\/direito.ufpr.br\/wp-content\/uploads\/2023\/09\/Edital-de-Apoio-a-Publicacao-Cientifica-Internacional-1-212x300.png 212w, https:\/\/direito.ufpr.br\/wp-content\/uploads\/2023\/09\/Edital-de-Apoio-a-Publicacao-Cientifica-Internacional-1-768x1086.png 768w, https:\/\/direito.ufpr.br\/wp-content\/uploads\/2023\/09\/Edital-de-Apoio-a-Publicacao-Cientifica-Internacional-1-1086x1536.png 1086w, https:\/\/direito.ufpr.br\/wp-content\/uploads\/2023\/09\/Edital-de-Apoio-a-Publicacao-Cientifica-Internacional-1-1448x2048.png 1448w, https:\/\/direito.ufpr.br\/wp-content\/uploads\/2023\/09\/Edital-de-Apoio-a-Publicacao-Cientifica-Internacional-1.png 1587w\" sizes=\"auto, (max-width: 724px) 100vw, 724px\" \/><\/figure>\n<\/div>\n\n\n\n<div class=\"wp-block-column is-vertically-aligned-center is-layout-flow wp-block-column-is-layout-flow\">\n<p><strong>EDITAL DE APOIO \u00c0 PARTICIPA\u00c7\u00c3O EM EVENTOS NACIONAIS E INTERNACIONAIS<\/strong> <strong>\u2013 PRPPG\/UFPR<\/strong><\/p>\n\n\n\n<p>Edital de Apoio \u00e0 Participa\u00e7\u00e3o em Eventos cient\u00edficos internacionais e nacionais, nas diversas \u00e1reas de conhecimento, para que possam apresentar seus trabalhos de pesquisa.<\/p>\n\n\n\n<p><a href=\"https:\/\/www.prppg.ufpr.br\/site\/en\/editais-2023\/edital-08-2023\/\"><strong>Edital<\/strong><\/a><\/p>\n<\/div>\n<\/div>\n\n\n\n<div class=\"wp-block-columns are-vertically-aligned-center is-layout-flex wp-container-core-columns-is-layout-9d6595d7 wp-block-columns-is-layout-flex\">\n<div class=\"wp-block-column is-vertically-aligned-center is-layout-flow wp-block-column-is-layout-flow\">\n<figure class=\"wp-block-image size-large\"><img loading=\"lazy\" decoding=\"async\" width=\"724\" height=\"1024\" src=\"https:\/\/direito.ufpr.br\/wp-content\/uploads\/2023\/06\/FLUXO-CONTINUO-724x1024.png\" alt=\"\" class=\"wp-image-43888\" srcset=\"https:\/\/direito.ufpr.br\/wp-content\/uploads\/2023\/06\/FLUXO-CONTINUO-724x1024.png 724w, https:\/\/direito.ufpr.br\/wp-content\/uploads\/2023\/06\/FLUXO-CONTINUO-212x300.png 212w, https:\/\/direito.ufpr.br\/wp-content\/uploads\/2023\/06\/FLUXO-CONTINUO-768x1086.png 768w, https:\/\/direito.ufpr.br\/wp-content\/uploads\/2023\/06\/FLUXO-CONTINUO-1086x1536.png 1086w, https:\/\/direito.ufpr.br\/wp-content\/uploads\/2023\/06\/FLUXO-CONTINUO-1448x2048.png 1448w, https:\/\/direito.ufpr.br\/wp-content\/uploads\/2023\/06\/FLUXO-CONTINUO.png 1587w\" sizes=\"auto, (max-width: 724px) 100vw, 724px\" \/><\/figure>\n<\/div>\n\n\n\n<div class=\"wp-block-column is-vertically-aligned-center is-layout-flow wp-block-column-is-layout-flow\">\n<p><strong>EDITAL DE APOIO \u00c0 MANUTEN\u00c7\u00c3O DE EQUIPAMENTOS DE PESQUISA NO \u00c2MBITO DA UFPR<\/strong><\/p>\n\n\n\n<p><strong>FLUXO CONT\u00cdNUO<\/strong> \u2013 <strong>PRPPG\/UFPR<\/strong><\/p>\n\n\n\n<p>Referido edital objetiva propiciar a manuten\u00e7\u00e3o corretiva e preventiva de equipamentos e laborat\u00f3rios com caracter\u00edstica multiusu\u00e1ria, renova\u00e7\u00e3o de licen\u00e7a de&nbsp;<em>software<\/em>&nbsp;de apoio \u00e0 pesquisa visando apoiar atividades de pesquisa e o desenvolvimento de Teses e Disserta\u00e7\u00f5es dos Programas de P\u00f3s-Gradua\u00e7\u00e3o da UFPR.<\/p>\n\n\n\n<p><strong><a href=\"http:\/\/www.prppg.ufpr.br\/site\/en\/edital-03-2023-apoio-a-manutencao-de-equipamentos-de-pesquisa-2\/\">Edital<\/a><\/strong><\/p>\n<\/div>\n<\/div>\n\n\n\n<div class=\"wp-block-columns are-vertically-aligned-center is-layout-flex wp-container-core-columns-is-layout-9d6595d7 wp-block-columns-is-layout-flex\">\n<div class=\"wp-block-column is-vertically-aligned-center is-layout-flow wp-block-column-is-layout-flow\">\n<figure class=\"wp-block-image size-large\"><img loading=\"lazy\" decoding=\"async\" width=\"724\" height=\"1024\" src=\"https:\/\/direito.ufpr.br\/wp-content\/uploads\/2023\/07\/Edital-de-Apoio-a-Publicacao-Cientifica-Internacional-2-724x1024.png\" alt=\"\" class=\"wp-image-44146\" srcset=\"https:\/\/direito.ufpr.br\/wp-content\/uploads\/2023\/07\/Edital-de-Apoio-a-Publicacao-Cientifica-Internacional-2-724x1024.png 724w, https:\/\/direito.ufpr.br\/wp-content\/uploads\/2023\/07\/Edital-de-Apoio-a-Publicacao-Cientifica-Internacional-2-212x300.png 212w, https:\/\/direito.ufpr.br\/wp-content\/uploads\/2023\/07\/Edital-de-Apoio-a-Publicacao-Cientifica-Internacional-2-768x1086.png 768w, https:\/\/direito.ufpr.br\/wp-content\/uploads\/2023\/07\/Edital-de-Apoio-a-Publicacao-Cientifica-Internacional-2-1086x1536.png 1086w, https:\/\/direito.ufpr.br\/wp-content\/uploads\/2023\/07\/Edital-de-Apoio-a-Publicacao-Cientifica-Internacional-2-1448x2048.png 1448w, https:\/\/direito.ufpr.br\/wp-content\/uploads\/2023\/07\/Edital-de-Apoio-a-Publicacao-Cientifica-Internacional-2.png 1587w\" sizes=\"auto, (max-width: 724px) 100vw, 724px\" \/><\/figure>\n<\/div>\n\n\n\n<div class=\"wp-block-column is-vertically-aligned-center is-layout-flow wp-block-column-is-layout-flow\">\n<p><strong>EDITAL DE APOIO \u00c0 PUBLICA\u00c7\u00c3O CIENT\u00cdFICA INTERNACIONAL<\/strong><\/p>\n\n\n\n<p>Apoio \u00e0 Publica\u00e7\u00e3o Cientifica Internacional, que visa apoiar publica\u00e7\u00f5es de alta qualidade oriundas de atividades de Pesquisa, Desenvolvimento e Inova\u00e7\u00e3o de autores da Universidade Federal do Paran\u00e1 em peri\u00f3dicos cient\u00edficos de circula\u00e7\u00e3o internacional altamente qualificados<\/p>\n\n\n\n<p>Prazo para submiss\u00e3o de propostas (via proc. SEI\/UFPR): <strong>31\/10\/2023<\/strong><\/p>\n\n\n\n<p><strong><a href=\"https:\/\/www.prppg.ufpr.br\/site\/wp-content\/uploads\/2023\/01\/edital-005-2022.pdf\">Edital<\/a><\/strong><\/p>\n<\/div>\n<\/div>\n\n\n\n<div class=\"wp-block-columns are-vertically-aligned-center is-layout-flex wp-container-core-columns-is-layout-9d6595d7 wp-block-columns-is-layout-flex\">\n<div class=\"wp-block-column is-vertically-aligned-center is-layout-flow wp-block-column-is-layout-flow\">\n<figure class=\"wp-block-image size-large\"><img loading=\"lazy\" decoding=\"async\" width=\"724\" height=\"1024\" src=\"https:\/\/direito.ufpr.br\/wp-content\/uploads\/2023\/07\/CHAMADA-CNPq-n.o-142023-724x1024.png\" alt=\"\" class=\"wp-image-44150\" srcset=\"https:\/\/direito.ufpr.br\/wp-content\/uploads\/2023\/07\/CHAMADA-CNPq-n.o-142023-724x1024.png 724w, https:\/\/direito.ufpr.br\/wp-content\/uploads\/2023\/07\/CHAMADA-CNPq-n.o-142023-212x300.png 212w, https:\/\/direito.ufpr.br\/wp-content\/uploads\/2023\/07\/CHAMADA-CNPq-n.o-142023-768x1086.png 768w, https:\/\/direito.ufpr.br\/wp-content\/uploads\/2023\/07\/CHAMADA-CNPq-n.o-142023-1086x1536.png 1086w, https:\/\/direito.ufpr.br\/wp-content\/uploads\/2023\/07\/CHAMADA-CNPq-n.o-142023-1448x2048.png 1448w, https:\/\/direito.ufpr.br\/wp-content\/uploads\/2023\/07\/CHAMADA-CNPq-n.o-142023.png 1587w\" sizes=\"auto, (max-width: 724px) 100vw, 724px\" \/><\/figure>\n<\/div>\n\n\n\n<div class=\"wp-block-column is-vertically-aligned-center is-layout-flow wp-block-column-is-layout-flow\">\n<p><strong>CHAMADA CNPq n.\u00ba 14\/2023 \u2013 APOIO A PROJETOS INTERNACIONAIS DE PESQUISA CIENT\u00cdFICA, TECNOL\u00d3GICA E DE INOVA\u00c7\u00c3O<\/strong><\/p>\n\n\n\n<p>Fomentar propostas de projetos internacionais de pesquisa que visem contribuir para o desenvolvimento cient\u00edfico, tecnol\u00f3gico e a inova\u00e7\u00e3o do pa\u00eds, por meio da concess\u00e3o de bolsas no exterior e recursos de custeio, em todas as \u00e1reas do conhecimento.<\/p>\n\n\n\n<p>Inscri\u00e7\u00f5es: <strong>07\/07\/2023 a 01\/09\/2023<\/strong><\/p>\n\n\n\n<p><a href=\"http:\/\/memoria2.cnpq.br\/web\/guest\/chamadas-publicas?p_p_id=resultadosportlet_WAR_resultadoscnpqportlet_INSTANCE_0ZaM&amp;filtro=abertas&amp;detalha=chamadaDivulgada&amp;idDivulgacao=11525\"><strong>Edital<\/strong><\/a><\/p>\n<\/div>\n<\/div>\n\n\n\n<div class=\"wp-block-columns are-vertically-aligned-center is-layout-flex wp-container-core-columns-is-layout-9d6595d7 wp-block-columns-is-layout-flex\">\n<div class=\"wp-block-column is-vertically-aligned-center is-layout-flow wp-block-column-is-layout-flow\">\n<figure class=\"wp-block-image size-large\"><img loading=\"lazy\" decoding=\"async\" width=\"724\" height=\"1024\" src=\"https:\/\/direito.ufpr.br\/wp-content\/uploads\/2023\/06\/FLUXO-CONTINUO-6-724x1024.png\" alt=\"\" class=\"wp-image-43914\" srcset=\"https:\/\/direito.ufpr.br\/wp-content\/uploads\/2023\/06\/FLUXO-CONTINUO-6-724x1024.png 724w, https:\/\/direito.ufpr.br\/wp-content\/uploads\/2023\/06\/FLUXO-CONTINUO-6-212x300.png 212w, https:\/\/direito.ufpr.br\/wp-content\/uploads\/2023\/06\/FLUXO-CONTINUO-6-768x1086.png 768w, https:\/\/direito.ufpr.br\/wp-content\/uploads\/2023\/06\/FLUXO-CONTINUO-6-1086x1536.png 1086w, https:\/\/direito.ufpr.br\/wp-content\/uploads\/2023\/06\/FLUXO-CONTINUO-6-1448x2048.png 1448w, https:\/\/direito.ufpr.br\/wp-content\/uploads\/2023\/06\/FLUXO-CONTINUO-6.png 1587w\" sizes=\"auto, (max-width: 724px) 100vw, 724px\" \/><\/figure>\n<\/div>\n\n\n\n<div class=\"wp-block-column is-vertically-aligned-center is-layout-flow wp-block-column-is-layout-flow\">\n<p><strong>CHAMADA DE BOLSAS DE PRODUTIVIDADE EM PESQUISA E PRODUTIVIDADE EM PESQUISA S\u00caNIOR \u2013 CNPq N\u00ba 09\/2023<\/strong><\/p>\n\n\n\n<p>Referida chamada almeja conceder bolsas nas modalidades Produtividade em Pesquisa (PQ) e Produtividade em<br>Pesquisa S\u00eanior (PQ-Sr)<\/p>\n\n\n\n<p><strong>Submiss\u00e3o de propostas:<\/strong> <strong>26\/06\/2023 a 11\/08\/2023<\/strong><\/p>\n\n\n\n<p><strong><a href=\"https:\/\/direito.ufpr.br\/wp-content\/uploads\/2023\/06\/Chamada-PQ-2023-1.pdf\">Edital<\/a><\/strong><\/p>\n<\/div>\n<\/div>\n\n\n\n<div class=\"wp-block-columns are-vertically-aligned-center is-layout-flex wp-container-core-columns-is-layout-9d6595d7 wp-block-columns-is-layout-flex\">\n<div class=\"wp-block-column is-vertically-aligned-center is-layout-flow wp-block-column-is-layout-flow\">\n<figure class=\"wp-block-image size-large\"><img loading=\"lazy\" decoding=\"async\" width=\"724\" height=\"1024\" src=\"https:\/\/direito.ufpr.br\/wp-content\/uploads\/2023\/06\/FLUXO-CONTINUO-5-724x1024.png\" alt=\"\" class=\"wp-image-43911\" srcset=\"https:\/\/direito.ufpr.br\/wp-content\/uploads\/2023\/06\/FLUXO-CONTINUO-5-724x1024.png 724w, https:\/\/direito.ufpr.br\/wp-content\/uploads\/2023\/06\/FLUXO-CONTINUO-5-212x300.png 212w, https:\/\/direito.ufpr.br\/wp-content\/uploads\/2023\/06\/FLUXO-CONTINUO-5-768x1086.png 768w, https:\/\/direito.ufpr.br\/wp-content\/uploads\/2023\/06\/FLUXO-CONTINUO-5-1086x1536.png 1086w, https:\/\/direito.ufpr.br\/wp-content\/uploads\/2023\/06\/FLUXO-CONTINUO-5-1448x2048.png 1448w, https:\/\/direito.ufpr.br\/wp-content\/uploads\/2023\/06\/FLUXO-CONTINUO-5.png 1587w\" sizes=\"auto, (max-width: 724px) 100vw, 724px\" \/><\/figure>\n<\/div>\n\n\n\n<div class=\"wp-block-column is-vertically-aligned-center is-layout-flow wp-block-column-is-layout-flow\">\n<p><strong>CHAMADA UNIVERSAL DESTINADA A PROJETOS DE GRUPOS EMERGENTES<\/strong> <strong>E GRUPOS CONSOLIDADOS \u2013 CNPq\/MCTI N\u00ba 10\/2023<\/strong><\/p>\n\n\n\n<p>Referida chamada almeja apoiar projetos de pesquisa que visem contribuir significativamente para o desenvolvimento cient\u00edfico e tecnol\u00f3gico e a inova\u00e7\u00e3o do Pa\u00eds, em qualquer \u00e1rea do conhecimento.<\/p>\n\n\n\n<p><strong>Submiss\u00e3o de propostas:<\/strong> <strong>at\u00e9 o dia 07\/08\/2023<\/strong><\/p>\n\n\n\n<p><strong><a href=\"https:\/\/direito.ufpr.br\/wp-content\/uploads\/2023\/06\/Chamada-Universal-2023-1-1.pdf\">Edital<\/a><\/strong><\/p>\n<\/div>\n<\/div>\n\n\n\n<div class=\"wp-block-columns are-vertically-aligned-center is-layout-flex wp-container-core-columns-is-layout-9d6595d7 wp-block-columns-is-layout-flex\">\n<div class=\"wp-block-column is-vertically-aligned-center is-layout-flow wp-block-column-is-layout-flow\">\n<figure class=\"wp-block-image size-large\"><img loading=\"lazy\" decoding=\"async\" width=\"724\" height=\"1024\" src=\"https:\/\/direito.ufpr.br\/wp-content\/uploads\/2023\/07\/Inserir-um-titulo-3-724x1024.png\" alt=\"\" class=\"wp-image-44133\" srcset=\"https:\/\/direito.ufpr.br\/wp-content\/uploads\/2023\/07\/Inserir-um-titulo-3-724x1024.png 724w, https:\/\/direito.ufpr.br\/wp-content\/uploads\/2023\/07\/Inserir-um-titulo-3-212x300.png 212w, https:\/\/direito.ufpr.br\/wp-content\/uploads\/2023\/07\/Inserir-um-titulo-3-768x1086.png 768w, https:\/\/direito.ufpr.br\/wp-content\/uploads\/2023\/07\/Inserir-um-titulo-3-1086x1536.png 1086w, https:\/\/direito.ufpr.br\/wp-content\/uploads\/2023\/07\/Inserir-um-titulo-3-1448x2048.png 1448w, https:\/\/direito.ufpr.br\/wp-content\/uploads\/2023\/07\/Inserir-um-titulo-3.png 1587w\" sizes=\"auto, (max-width: 724px) 100vw, 724px\" \/><\/figure>\n<\/div>\n\n\n\n<div class=\"wp-block-column is-vertically-aligned-center is-layout-flow wp-block-column-is-layout-flow\">\n<p><strong>PROGRAMA MULHERES INOVADORAS<br>EDITAL PR\u00caMIO MULHERES INOVADORAS<br>4\u00aa EDI\u00c7\u00c3O \u2013 2023<\/strong><\/p>\n\n\n\n<p>O Programa Mulheres Inovadoras \u00e9 uma iniciativa da Finep e do Minist\u00e9rio da Ci\u00eancia, Tecnologia e Inova\u00e7\u00e3o (MCTI) para estimular startups lideradas por mulheres, de forma a contribuir para o aumento da representatividade feminina no cen\u00e1rio empreendedor nacional, por meio da capacita\u00e7\u00e3o e do reconhecimento de empreendimentos que possam favorecer o incremento da competitividade brasileira.<\/p>\n\n\n\n<p><strong>Submiss\u00e3o de propostas<\/strong> <strong>at\u00e9 o dia 04\/08\/2023<\/strong><\/p>\n\n\n\n<p><a href=\"http:\/\/www.finep.gov.br\/chamadas-publicas\/chamadapublica\/716\">Edital<\/a><\/p>\n<\/div>\n<\/div>\n\n\n\n<p><\/p>\n","protected":false},"excerpt":{"rendered":"<p>EDITAIS DE APOIO \u00c0 PESQUISA &#8211; 2023 EDITAL N\u00ba 12\/2023 \u2013 PESQUISA\/PRPPG\/UFPRINCENTIVO \u00c0 APRESENTA\u00c7\u00c3O DE TRABALHOS EM EVENTOS CIENT\u00cdFICOS A Pr\u00f3-Reitoria de Pesquisa e P\u00f3s-Gradua\u00e7\u00e3o (PRPPG) da Universidade Federal do Paran\u00e1 (UFPR), atrav\u00e9s da Coordenadoria de Pesquisa Cient\u00edfica e Desenvolvimento da Tecnologia, torna p\u00fablico este edital para a submiss\u00e3o de propostas para a complementa\u00e7\u00e3o a [&hellip;]<\/p>\n","protected":false},"author":52,"featured_media":0,"parent":0,"menu_order":0,"comment_status":"closed","ping_status":"closed","template":"","meta":{"_acf_changed":false,"_eb_attr":"","footnotes":""},"class_list":["post-46223","page","type-page","status-publish","hentry"],"acf":[],"_links":{"self":[{"href":"https:\/\/direito.ufpr.br\/index.php?rest_route=\/wp\/v2\/pages\/46223","targetHints":{"allow":["GET"]}}],"collection":[{"href":"https:\/\/direito.ufpr.br\/index.php?rest_route=\/wp\/v2\/pages"}],"about":[{"href":"https:\/\/direito.ufpr.br\/index.php?rest_route=\/wp\/v2\/types\/page"}],"author":[{"embeddable":true,"href":"https:\/\/direito.ufpr.br\/index.php?rest_route=\/wp\/v2\/users\/52"}],"replies":[{"embeddable":true,"href":"https:\/\/direito.ufpr.br\/index.php?rest_route=%2Fwp%2Fv2%2Fcomments&post=46223"}],"version-history":[{"count":12,"href":"https:\/\/direito.ufpr.br\/index.php?rest_route=\/wp\/v2\/pages\/46223\/revisions"}],"predecessor-version":[{"id":46274,"href":"https:\/\/direito.ufpr.br\/index.php?rest_route=\/wp\/v2\/pages\/46223\/revisions\/46274"}],"wp:attachment":[{"href":"https:\/\/direito.ufpr.br\/index.php?rest_route=%2Fwp%2Fv2%2Fmedia&parent=46223"}],"curies":[{"name":"wp","href":"https:\/\/api.w.org\/{rel}","templated":true}]}}