{"id":46703,"date":"2024-03-08T14:51:27","date_gmt":"2024-03-08T17:51:27","guid":{"rendered":"\/?page_id=46703"},"modified":"2024-08-05T19:45:22","modified_gmt":"2024-08-05T22:45:22","slug":"perguntas-frequentes-faq-pesquisa","status":"publish","type":"page","link":"https:\/\/direito.ufpr.br\/?page_id=46703","title":{"rendered":"Perguntas Frequentes &#8211; FAQ &#8211; Pesquisa"},"content":{"rendered":"\n<div class=\"wp-block-group\"><div class=\"wp-block-group__inner-container is-layout-constrained wp-block-group-is-layout-constrained\">\n<div class=\"wp-block-columns is-layout-flex wp-container-core-columns-is-layout-9d6595d7 wp-block-columns-is-layout-flex\">\n<div class=\"wp-block-column is-vertically-aligned-center has-background is-layout-flow wp-block-column-is-layout-flow\" style=\"background-color:#ebebeb\">\n<p style=\"font-size:15px\"><strong>1. QUEM PODE COORDENAR PROJETOS DE PESQUISA NA UFPR?<\/strong><\/p>\n\n\n\n<p style=\"font-size:15px\"><em>Servidoras e servidores docentes e t\u00e9cnicos(as) podem atuar como coordenadoras e coordenadores de projetos de pesquisa no \u00e2mbito da UFPR, nos termos da <a href=\"http:\/\/www.soc.ufpr.br\/portal\/wp-content\/uploads\/2016\/07\/resolucao_cepe_20042001-56.pdf\">Resolu\u00e7\u00e3o n.\u00ba 01\/2023 &#8211; CEPE\/UFPR;<\/a><\/em><\/p>\n<\/div>\n<\/div>\n<\/div><\/div>\n\n\n\n<div class=\"wp-block-columns is-layout-flex wp-container-core-columns-is-layout-9d6595d7 wp-block-columns-is-layout-flex\">\n<div class=\"wp-block-column has-background is-layout-flow wp-block-column-is-layout-flow\" style=\"background-color:#eaeaea\">\n<p style=\"font-size:14px\"><strong>2. QUAL SISTEMA DEVE SER USADO PARA TRAMITA\u00c7\u00c3O DE PROPOSTAS DE PROJETOS DE PESQUISA?<\/strong><\/p>\n\n\n\n<p style=\"font-size:14px\"><em>O projeto de pesquisa dever\u00e1 ser formalizado e tramitado atrav\u00e9s do <a href=\"https:\/\/cgr.ufpr.br\/portal\/sei\/\">Sistema SEI\/UFPR<\/a> na categoria \u201cPesquisa: Projeto de pesquisa\u201d.<\/em><\/p>\n<\/div>\n<\/div>\n\n\n\n<div class=\"wp-block-columns is-layout-flex wp-container-core-columns-is-layout-9d6595d7 wp-block-columns-is-layout-flex\">\n<div class=\"wp-block-column has-background is-layout-flow wp-block-column-is-layout-flow\" style=\"background-color:#ececec\">\n<p style=\"font-size:15px\"><strong>3. QUAL O PRAZO DE DURA\u00c7\u00c3O DE PROJETOS DE PESQUISA?<\/strong><\/p>\n\n\n\n<p style=\"font-size:15px\"><em>Os projetos ter\u00e3o vig\u00eancia de at\u00e9 5 (cinco) anos.<\/em><\/p>\n<\/div>\n<\/div>\n\n\n\n<div class=\"wp-block-columns is-layout-flex wp-container-core-columns-is-layout-9d6595d7 wp-block-columns-is-layout-flex\">\n<div class=\"wp-block-column is-layout-flow wp-block-column-is-layout-flow\">\n<div class=\"wp-block-columns is-layout-flex wp-container-core-columns-is-layout-9d6595d7 wp-block-columns-is-layout-flex\">\n<div class=\"wp-block-column has-background is-layout-flow wp-block-column-is-layout-flow\" style=\"background-color:#e7e7e7\">\n<div class=\"wp-block-columns is-layout-flex wp-container-core-columns-is-layout-9d6595d7 wp-block-columns-is-layout-flex\">\n<div class=\"wp-block-column has-background is-layout-flow wp-block-column-is-layout-flow\" style=\"background-color:#e7e7e7\">\n<p style=\"font-size:15px\"><strong>4. \u00c9 POSS\u00cdVEL SOLICITAR PRORROGA\u00c7\u00c3O DE PRAZO DE PROJETO DE PESQUISA NA UFPR?<\/strong><\/p>\n\n\n\n<p style=\"font-size:15px\"><em>Sim. Os projetos poder\u00e3o ser prorrogados uma vez por um per\u00edodo n\u00e3o superior \u00e0 sua dura\u00e7\u00e3o inicial<\/em>.<\/p>\n\n\n\n<p style=\"font-size:15px\"><em>A renova\u00e7\u00e3o da aprova\u00e7\u00e3o do projeto \u00e9 condicionada \u00e0 apresenta\u00e7\u00e3o dos produtos de pesquisa gerados e dever\u00e1 ser submetida e analisada pelo CSPq do proponente, antes do encerramento do per\u00edodo de vig\u00eancia do projeto.<\/em><\/p>\n\n\n\n<p style=\"font-size:15px\"><em>Para efeitos de renova\u00e7\u00e3o, os projetos de pesquisa dever\u00e3o apresentar pelo menos 5 (cinco) produtos gerados relacionados \u00e0 pesquisa, sendo pelo menos 3 (tr\u00eas) deles obrigatoriamente referentes a atividades de orienta\u00e7\u00e3o para docentes e produ\u00e7\u00e3o intelectual para docentes e t\u00e9cnicos administrativos(as) em educa\u00e7\u00e3o (artigo indexado em base cient\u00edfica, livro ou cap\u00edtulo publicado por editora com ISBN, registro ou dep\u00f3sito de patente ou produto art\u00edstico). Excepcionalmente, o projeto de pesquisa poder\u00e1 ser prorrogado uma segunda vez, por um per\u00edodo n\u00e3o superior \u00e0 sua dura\u00e7\u00e3o inicial. Para isso, o(a) coordenador(a) dever\u00e1 apresentar justificativa na inst\u00e2ncia de origem. Ap\u00f3s aprovado, o pedido dever\u00e1 ser apreciado pelo CSPq, que emitir\u00e1 a ata de aprova\u00e7\u00e3o final para a prorroga\u00e7\u00e3o do projeto.<\/em><\/p>\n<\/div>\n<\/div>\n<\/div>\n<\/div>\n\n\n\n<div class=\"wp-block-columns is-layout-flex wp-container-core-columns-is-layout-9d6595d7 wp-block-columns-is-layout-flex\">\n<div class=\"wp-block-column has-background is-layout-flow wp-block-column-is-layout-flow\" style=\"background-color:#e0e0e0\">\n<p style=\"font-size:15px\"><strong>5. QUAIS ITENS DEVEM CONSTAR OBRIGATORIAMENTE NA PROPOSTA DE PROJETO DE PESQUISA?<\/strong><\/p>\n\n\n\n<p style=\"font-size:15px\"><em>I &#8211; identifica\u00e7\u00e3o do projeto, incluindo t\u00edtulo, palavras-chave e resumo;<\/em><\/p>\n\n\n\n<p style=\"font-size:15px\"><em>II &#8211; objetivos geral e espec\u00edficos;<\/em><\/p>\n\n\n\n<p style=\"font-size:15px\"><em>III &#8211; introdu\u00e7\u00e3o com fundamenta\u00e7\u00e3o te\u00f3rica que contextualiza e justifica os objetivos propostos e caracteriza seu car\u00e1ter t\u00e9cnico-cient\u00edfico;<\/em><\/p>\n\n\n\n<p style=\"font-size:15px\"><em>IV &#8211; metodologias, procedimentos e materiais a serem utilizados;<\/em><\/p>\n\n\n\n<p style=\"font-size:15px\"><em>V &#8211; equipe, indicando o(a) coordenador(a) e demais participantes;<\/em><\/p>\n\n\n\n<p style=\"font-size:15px\"><em>VI &#8211; cronograma de desenvolvimento; e<\/em><\/p>\n\n\n\n<p style=\"font-size:15px\"><em> VII &#8211; produtos e impactos esperados.<\/em><\/p>\n<\/div>\n<\/div>\n<\/div>\n<\/div>\n\n\n\n<div class=\"wp-block-columns is-layout-flex wp-container-core-columns-is-layout-9d6595d7 wp-block-columns-is-layout-flex\">\n<div class=\"wp-block-column is-vertically-aligned-center has-background is-layout-flow wp-block-column-is-layout-flow\" style=\"background-color:#e6e6e6\">\n<p style=\"font-size:15px\"><strong>6. COMO CADASTRAR PROJETOS DE PESQUISA J\u00c1 APROVADOS NO BANCO DE PROJETOS DA PRPPG\/UFPR?<\/strong><\/p>\n\n\n\n<p style=\"font-size:15px\">I &#8211; Primeiro, o(a) coordenador(a) deve cadastrar\/registrar o projeto de pesquisa em seu curr\u00edculo <em>lattes<\/em> (produ\u00e7\u00f5es\/projetos\/projetos de pesquisa\/incluir novo item\/salvar\/voltar \u00e0 p\u00e1gina inicial e enviar o curr\u00edculo);<\/p>\n\n\n\n<p style=\"font-size:15px\">II &#8211; Na sequ\u00eancia, \u00e9 necess\u00e1rio acessar o Novo Portal de Sistemas da UFPR (https:\/\/sistemas.ufpr.br) e realizar o seguinte procedimento:<\/p>\n\n\n\n<p style=\"font-size:15px\">II.i &#8211; Acessar o link Docente\/Pesquisador (na \u00e1rea de gradua\u00e7\u00e3o ou p\u00f3s-gradua\u00e7\u00e3o);<\/p>\n\n\n\n<p style=\"font-size:15px\">II.ii &#8211; Acionar o bot\u00e3o projetos (no campo superior esquerdo da tela);<\/p>\n\n\n\n<p style=\"font-size:15px\">II.iii &#8211; Acionar o bot\u00e3o pesquisa;<\/p>\n\n\n\n<p style=\"font-size:15px\">II.iv &#8211; Acionar no bot\u00e3o SINCRONIZAR COM LATTES;<\/p>\n\n\n\n<p style=\"font-size:15px\">II.iv.i &#8211; Assim que o sistema sincronizar com o curr\u00edculo <em>lattes<\/em>, o projeto de pesquisa ser\u00e1 incorporado \u00e0 plataforma de sistemas da UFPR;<\/p>\n\n\n\n<p style=\"font-size:15px\">II.iv.ii &#8211; Para realizar <em>upload <\/em>do extrato de ata de aprova\u00e7\u00e3o do projeto, basta selecionar o novo projeto j\u00e1 importado, selecionar o bot\u00e3o APROVA\u00c7\u00c3O, registrar a data de realiza\u00e7\u00e3o da reuni\u00e3o do Comit\u00ea Setorial de Pesquisa que aprovou o projeto, indicar como \u00f3rg\u00e3o julgado o Comit\u00ea Setorial de Pesquisa (CSPq\/JD\/UFPR), realizar o upload do extrato de ata de aprova\u00e7\u00e3o e acionar o bot\u00e3o SALVAR;<\/p>\n<\/div>\n<\/div>\n\n\n\n<div class=\"wp-block-columns is-layout-flex wp-container-core-columns-is-layout-9d6595d7 wp-block-columns-is-layout-flex\">\n<div class=\"wp-block-column is-vertically-aligned-center is-layout-flow wp-block-column-is-layout-flow\">\n<div class=\"wp-block-group has-background\" style=\"background-color:#eaeaea\"><div class=\"wp-block-group__inner-container is-layout-constrained wp-block-group-is-layout-constrained\">\n<p style=\"font-size:15px\"><strong>7. QUAIS ATIVIDADES S\u00c3O CONSIDERADAS COMO PRODUTOS DE PESQUISA PARA FINS DE PRORROGA\u00c7\u00c3O DE PROJETOS DE PESQUISA?<\/strong><\/p>\n\n\n\n<p style=\"font-size:15px\"><em>I &#8211; orienta\u00e7\u00e3o, em andamento ou conclu\u00edda, de inicia\u00e7\u00e3o cient\u00edfica, inicia\u00e7\u00e3o em desenvolvimento tecnol\u00f3gico e inova\u00e7\u00e3o, voluntariado acad\u00eamico e outros programas institucionais de pesquisa;<\/em><\/p>\n\n\n\n<p style=\"font-size:15px\"><em>II &#8211; orienta\u00e7\u00e3o, em andamento ou conclu\u00edda, de mestrado, doutorado, p\u00f3s-doutorado, resid\u00eancia e lato sensu;<\/em><\/p>\n\n\n\n<p style=\"font-size:15px\"><em>III &#8211; publica\u00e7\u00e3o de artigos em peri\u00f3dicos indexados em bases nacionais ou internacionais, classificados pelo sistema nacional vigente estabelecido pela Coordena\u00e7\u00e3o de Aperfei\u00e7oamento de Pessoal de N\u00edvel Superior (CAPES);<\/em><\/p>\n\n\n\n<p style=\"font-size:15px\"><em>IV &#8211; livro com ISBN (m\u00ednimo de 50 p\u00e1ginas) publicados por editoras que adotem pr\u00e1tica de revis\u00e3o por pares;<\/em><\/p>\n\n\n\n<p style=\"font-size:15px\"><em>V &#8211; cap\u00edtulo de Livro com ISBN publicados por editoras que adotem a pr\u00e1tica de revis\u00e3o por pares;<\/em><\/p>\n\n\n\n<p style=\"font-size:15px\"><em>VI &#8211; dep\u00f3sito\/registro de Propriedade intelectual (Direito Autoral, Propriedade Industrial e\/ou Prote\u00e7\u00e3o Sui Generis) devidamente registrada\/depositada na respectiva base de prote\u00e7\u00e3o legal;<\/em><\/p>\n\n\n\n<p style=\"font-size:15px\"><em>VII &#8211; registro de programa ou software; e<\/em><\/p>\n\n\n\n<p style=\"font-size:15px\"><em>VIII &#8211; produ\u00e7\u00e3o art\u00edstica e curadoria art\u00edstica e\/ou educativa.<\/em><\/p>\n\n\n\n<p style=\"font-size:15px\"><em>\u00a7 1\u00ba Os produtos de pesquisa devem ser vinculados a um projeto de pesquisa, no curr\u00edculo Lattes do(a) pesquisador(a), respeitando a tem\u00e1tica do projeto.<\/em><\/p>\n<\/div><\/div>\n<\/div>\n<\/div>\n","protected":false},"excerpt":{"rendered":"<p>1. QUEM PODE COORDENAR PROJETOS DE PESQUISA NA UFPR? Servidoras e servidores docentes e t\u00e9cnicos(as) podem atuar como coordenadoras e coordenadores de projetos de pesquisa no \u00e2mbito da UFPR, nos termos da Resolu\u00e7\u00e3o n.\u00ba 01\/2023 &#8211; CEPE\/UFPR; 2. QUAL SISTEMA DEVE SER USADO PARA TRAMITA\u00c7\u00c3O DE PROPOSTAS DE PROJETOS DE PESQUISA? O projeto de pesquisa [&hellip;]<\/p>\n","protected":false},"author":54,"featured_media":0,"parent":0,"menu_order":0,"comment_status":"closed","ping_status":"closed","template":"pesquisa.php","meta":{"_acf_changed":false,"_eb_attr":"","footnotes":""},"class_list":["post-46703","page","type-page","status-publish","hentry"],"acf":[],"_links":{"self":[{"href":"https:\/\/direito.ufpr.br\/index.php?rest_route=\/wp\/v2\/pages\/46703","targetHints":{"allow":["GET"]}}],"collection":[{"href":"https:\/\/direito.ufpr.br\/index.php?rest_route=\/wp\/v2\/pages"}],"about":[{"href":"https:\/\/direito.ufpr.br\/index.php?rest_route=\/wp\/v2\/types\/page"}],"author":[{"embeddable":true,"href":"https:\/\/direito.ufpr.br\/index.php?rest_route=\/wp\/v2\/users\/54"}],"replies":[{"embeddable":true,"href":"https:\/\/direito.ufpr.br\/index.php?rest_route=%2Fwp%2Fv2%2Fcomments&post=46703"}],"version-history":[{"count":20,"href":"https:\/\/direito.ufpr.br\/index.php?rest_route=\/wp\/v2\/pages\/46703\/revisions"}],"predecessor-version":[{"id":46760,"href":"https:\/\/direito.ufpr.br\/index.php?rest_route=\/wp\/v2\/pages\/46703\/revisions\/46760"}],"wp:attachment":[{"href":"https:\/\/direito.ufpr.br\/index.php?rest_route=%2Fwp%2Fv2%2Fmedia&parent=46703"}],"curies":[{"name":"wp","href":"https:\/\/api.w.org\/{rel}","templated":true}]}}