{"id":47511,"date":"2024-05-07T08:30:58","date_gmt":"2024-05-07T11:30:58","guid":{"rendered":"https:\/\/direito.ufpr.br\/?page_id=47511"},"modified":"2024-07-12T10:54:48","modified_gmt":"2024-07-12T13:54:48","slug":"47511-2","status":"publish","type":"page","link":"https:\/\/direito.ufpr.br\/?page_id=47511","title":{"rendered":""},"content":{"rendered":"\n<figure class=\"wp-block-image size-full\"><img loading=\"lazy\" decoding=\"async\" width=\"1024\" height=\"200\" src=\"https:\/\/direito.ufpr.br\/wp-content\/uploads\/2024\/06\/Reunioes-Ordinarias-\u2013-CSEJDUFPR1.png\" alt=\"\" class=\"wp-image-47692\" srcset=\"https:\/\/direito.ufpr.br\/wp-content\/uploads\/2024\/06\/Reunioes-Ordinarias-\u2013-CSEJDUFPR1.png 1024w, https:\/\/direito.ufpr.br\/wp-content\/uploads\/2024\/06\/Reunioes-Ordinarias-\u2013-CSEJDUFPR1-300x59.png 300w, https:\/\/direito.ufpr.br\/wp-content\/uploads\/2024\/06\/Reunioes-Ordinarias-\u2013-CSEJDUFPR1-768x150.png 768w\" sizes=\"auto, (max-width: 1024px) 100vw, 1024px\" \/><\/figure>\n\n\n\n<div class=\"wp-block-columns is-layout-flex wp-container-core-columns-is-layout-9d6595d7 wp-block-columns-is-layout-flex\">\n<div class=\"wp-block-column is-layout-flow wp-block-column-is-layout-flow\">\n<figure class=\"wp-block-image size-large\"><a href=\"https:\/\/direito.ufpr.br\/wp-content\/uploads\/2024\/07\/Edital-de-selecao-2024-2025.pdf\"><img loading=\"lazy\" decoding=\"async\" width=\"724\" height=\"1024\" src=\"https:\/\/direito.ufpr.br\/wp-content\/uploads\/2024\/07\/DIREITO-HISTORIA-E-SUBJETIVIDADE-4-724x1024.png\" alt=\"\" class=\"wp-image-47924\" srcset=\"https:\/\/direito.ufpr.br\/wp-content\/uploads\/2024\/07\/DIREITO-HISTORIA-E-SUBJETIVIDADE-4-724x1024.png 724w, https:\/\/direito.ufpr.br\/wp-content\/uploads\/2024\/07\/DIREITO-HISTORIA-E-SUBJETIVIDADE-4-212x300.png 212w, https:\/\/direito.ufpr.br\/wp-content\/uploads\/2024\/07\/DIREITO-HISTORIA-E-SUBJETIVIDADE-4-768x1086.png 768w, https:\/\/direito.ufpr.br\/wp-content\/uploads\/2024\/07\/DIREITO-HISTORIA-E-SUBJETIVIDADE-4-1086x1536.png 1086w, https:\/\/direito.ufpr.br\/wp-content\/uploads\/2024\/07\/DIREITO-HISTORIA-E-SUBJETIVIDADE-4-1448x2048.png 1448w, https:\/\/direito.ufpr.br\/wp-content\/uploads\/2024\/07\/DIREITO-HISTORIA-E-SUBJETIVIDADE-4.png 1587w\" sizes=\"auto, (max-width: 724px) 100vw, 724px\" \/><\/a><\/figure>\n<\/div>\n\n\n\n<div class=\"wp-block-column is-vertically-aligned-center is-layout-flow wp-block-column-is-layout-flow\">\n<p><strong>EDITAL DE SELE\u00c7\u00c3O DE GRADUANDAS\/OS PARA O PROGRAMA DE INICIA\u00c7\u00c3O CIENT\u00cdFICA 2024-2025<\/strong><\/p>\n\n\n\n<p><strong>COORDENADOR:\u00a0<\/strong>Prof. Dr. Ricardo Prestes Pazello<\/p>\n\n\n\n<p><strong>PER\u00cdODO DE INSCRI\u00c7\u00c3O:<\/strong>&nbsp;At\u00e9 \u00e0s 23h59 do dia 14\/07\/2024<\/p>\n\n\n\n<div class=\"wp-block-group\"><div class=\"wp-block-group__inner-container is-layout-constrained wp-block-group-is-layout-constrained\">\n<p><strong>INSCRI\u00c7\u00d5ES POR E-MAIL:&nbsp;<\/strong>ricardo2p@yahoo.com.br<\/p>\n\n\n\n<p class=\"has-vivid-cyan-blue-color has-text-color has-link-color wp-elements-e8f0be0fee35db92687d359c3b544ab8\"><strong><a href=\"https:\/\/direito.ufpr.br\/wp-content\/uploads\/2024\/07\/Edital-de-selecao-2024-2025.pdf\">Edital<\/a><\/strong><\/p>\n\n\n\n<p><\/p>\n<\/div><\/div>\n<\/div>\n<\/div>\n\n\n\n<div class=\"wp-block-columns is-layout-flex wp-container-core-columns-is-layout-9d6595d7 wp-block-columns-is-layout-flex\">\n<div class=\"wp-block-column is-layout-flow wp-block-column-is-layout-flow\">\n<figure class=\"wp-block-image size-large\"><img loading=\"lazy\" decoding=\"async\" width=\"724\" height=\"1024\" src=\"https:\/\/direito.ufpr.br\/wp-content\/uploads\/2024\/06\/DIREITO-HISTORIA-E-SUBJETIVIDADE-3-724x1024.png\" alt=\"\" class=\"wp-image-47766\" srcset=\"https:\/\/direito.ufpr.br\/wp-content\/uploads\/2024\/06\/DIREITO-HISTORIA-E-SUBJETIVIDADE-3-724x1024.png 724w, https:\/\/direito.ufpr.br\/wp-content\/uploads\/2024\/06\/DIREITO-HISTORIA-E-SUBJETIVIDADE-3-212x300.png 212w, https:\/\/direito.ufpr.br\/wp-content\/uploads\/2024\/06\/DIREITO-HISTORIA-E-SUBJETIVIDADE-3-768x1086.png 768w, https:\/\/direito.ufpr.br\/wp-content\/uploads\/2024\/06\/DIREITO-HISTORIA-E-SUBJETIVIDADE-3-1086x1536.png 1086w, https:\/\/direito.ufpr.br\/wp-content\/uploads\/2024\/06\/DIREITO-HISTORIA-E-SUBJETIVIDADE-3-1448x2048.png 1448w, https:\/\/direito.ufpr.br\/wp-content\/uploads\/2024\/06\/DIREITO-HISTORIA-E-SUBJETIVIDADE-3.png 1587w\" sizes=\"auto, (max-width: 724px) 100vw, 724px\" \/><\/figure>\n<\/div>\n\n\n\n<div class=\"wp-block-column is-vertically-aligned-center is-layout-flow wp-block-column-is-layout-flow\">\n<p><strong>CL\u00cdNICA DE DIREITO E ARTE DA UFPR<\/strong><\/p>\n\n\n\n<p><strong>SELE\u00c7\u00c3O DE PESQUISADORAS(ES) <\/strong><\/p>\n\n\n\n<p><strong>COORDENADOR:&nbsp;<\/strong>Prof. Dr. Marcelo Miguel Conrado<\/p>\n\n\n\n<div class=\"wp-block-group\"><div class=\"wp-block-group__inner-container is-layout-constrained wp-block-group-is-layout-constrained\">\n<p><strong>PER\u00cdODO DE INSCRI\u00c7\u00c3O:<\/strong>&nbsp;At\u00e9 \u00e0s 23h59 do dia 18\/06\/2024<\/p>\n\n\n\n<p><strong>INSCRI\u00c7\u00c3O POR E-MAIL:&nbsp;<\/strong>marceloconrado@hotmail.com<\/p>\n\n\n\n<p class=\"has-vivid-cyan-blue-color has-text-color has-link-color wp-elements-a02a4f9a9aeb76ffed7435859eb9a29c\"><a href=\"https:\/\/direito.ufpr.br\/wp-content\/uploads\/2024\/06\/EDITAL-IC-2024-CLINICA-DE-DIREITO-E-ARTE.pdf\">Edital<\/a><\/p>\n<\/div><\/div>\n<\/div>\n<\/div>\n\n\n\n<div class=\"wp-block-columns is-layout-flex wp-container-core-columns-is-layout-9d6595d7 wp-block-columns-is-layout-flex\">\n<div class=\"wp-block-column is-layout-flow wp-block-column-is-layout-flow\">\n<figure class=\"wp-block-image size-large\"><img loading=\"lazy\" decoding=\"async\" width=\"724\" height=\"1024\" src=\"https:\/\/direito.ufpr.br\/wp-content\/uploads\/2024\/06\/DIREITO-HISTORIA-E-SUBJETIVIDADE2-724x1024.png\" alt=\"\" class=\"wp-image-47739\" srcset=\"https:\/\/direito.ufpr.br\/wp-content\/uploads\/2024\/06\/DIREITO-HISTORIA-E-SUBJETIVIDADE2-724x1024.png 724w, https:\/\/direito.ufpr.br\/wp-content\/uploads\/2024\/06\/DIREITO-HISTORIA-E-SUBJETIVIDADE2-212x300.png 212w, https:\/\/direito.ufpr.br\/wp-content\/uploads\/2024\/06\/DIREITO-HISTORIA-E-SUBJETIVIDADE2-768x1086.png 768w, https:\/\/direito.ufpr.br\/wp-content\/uploads\/2024\/06\/DIREITO-HISTORIA-E-SUBJETIVIDADE2-1086x1536.png 1086w, https:\/\/direito.ufpr.br\/wp-content\/uploads\/2024\/06\/DIREITO-HISTORIA-E-SUBJETIVIDADE2-1448x2048.png 1448w, https:\/\/direito.ufpr.br\/wp-content\/uploads\/2024\/06\/DIREITO-HISTORIA-E-SUBJETIVIDADE2.png 1587w\" sizes=\"auto, (max-width: 724px) 100vw, 724px\" \/><\/figure>\n<\/div>\n\n\n\n<div class=\"wp-block-column is-vertically-aligned-center is-layout-flow wp-block-column-is-layout-flow\">\n<p><strong>CONSTITUCIONALISMO MULTIN\u00cdVEL, DEMOCRACIA E DIREITOS HUMANOS<\/strong><\/p>\n\n\n\n<p><strong>SELE\u00c7\u00c3O DE PESQUISADORAS(ES) <\/strong><\/p>\n\n\n\n<p><strong>COORDENADORAS:&nbsp;<\/strong>Prof.\u00aa Dr.\u00aa Melina Girardi Fachin<\/p>\n\n\n\n<p>Profa. Dra. Vera Karam de Chueiri<\/p>\n\n\n\n<div class=\"wp-block-group\"><div class=\"wp-block-group__inner-container is-layout-constrained wp-block-group-is-layout-constrained\">\n<p><strong>PER\u00cdODO DE INSCRI\u00c7\u00c3O:<\/strong>&nbsp;At\u00e9 \u00e0s 23h59 do dia 14\/06\/2024<\/p>\n\n\n\n<p><strong>INSCRI\u00c7\u00d5ES POR E-MAIL:&nbsp;<\/strong>melinafachin@gmail.com \/ vkchueiri@ufpr.br<\/p>\n\n\n\n<p class=\"has-vivid-cyan-blue-color has-text-color has-link-color wp-elements-27063688519255ca7ebb145cac929f8e\"><a href=\"https:\/\/direito.ufpr.br\/wp-content\/uploads\/2024\/06\/WhatsApp-Image-2024-06-12-at-14.19.41.jpeg\"><strong>Cartaz 1 &#8211; Profa. Melina Girardi Fachin<\/strong><\/a><\/p>\n\n\n\n<p><strong><a href=\"https:\/\/direito.ufpr.br\/wp-content\/uploads\/2024\/06\/WhatsApp-Image-2024-06-14-at-12.20.40.jpeg\">Cartaz 2 &#8211; Profa. Vera Karam de Chueri<\/a><\/strong><\/p>\n<\/div><\/div>\n<\/div>\n<\/div>\n\n\n\n<div class=\"wp-block-columns is-layout-flex wp-container-core-columns-is-layout-9d6595d7 wp-block-columns-is-layout-flex\">\n<div class=\"wp-block-column is-layout-flow wp-block-column-is-layout-flow\">\n<figure class=\"wp-block-image size-large\"><img loading=\"lazy\" decoding=\"async\" width=\"724\" height=\"1024\" src=\"https:\/\/direito.ufpr.br\/wp-content\/uploads\/2024\/06\/DIREITO-HISTORIA-E-SUBJETIVIDADE1-724x1024.png\" alt=\"\" class=\"wp-image-47686\" srcset=\"https:\/\/direito.ufpr.br\/wp-content\/uploads\/2024\/06\/DIREITO-HISTORIA-E-SUBJETIVIDADE1-724x1024.png 724w, https:\/\/direito.ufpr.br\/wp-content\/uploads\/2024\/06\/DIREITO-HISTORIA-E-SUBJETIVIDADE1-212x300.png 212w, https:\/\/direito.ufpr.br\/wp-content\/uploads\/2024\/06\/DIREITO-HISTORIA-E-SUBJETIVIDADE1-768x1086.png 768w, https:\/\/direito.ufpr.br\/wp-content\/uploads\/2024\/06\/DIREITO-HISTORIA-E-SUBJETIVIDADE1-1086x1536.png 1086w, https:\/\/direito.ufpr.br\/wp-content\/uploads\/2024\/06\/DIREITO-HISTORIA-E-SUBJETIVIDADE1-1448x2048.png 1448w, https:\/\/direito.ufpr.br\/wp-content\/uploads\/2024\/06\/DIREITO-HISTORIA-E-SUBJETIVIDADE1.png 1587w\" sizes=\"auto, (max-width: 724px) 100vw, 724px\" \/><\/figure>\n<\/div>\n\n\n\n<div class=\"wp-block-column is-vertically-aligned-center is-layout-flow wp-block-column-is-layout-flow\">\n<p class=\"has-text-align-left has-white-background-color has-background\"><\/p>\n\n\n\n<p><strong>GUERRA \u00c0S DROGAS COMO NECROPOL\u00cdTICA DE SEGURAN\u00c7A P\u00daBLICA<\/strong><\/p>\n\n\n\n<p><strong>SELE\u00c7\u00c3O DE ESTUDANTE(S) <\/strong><\/p>\n\n\n\n<p><strong>COORDENADORA:&nbsp;<\/strong>Prof.\u00aa Dr.\u00aa Katie Silene C\u00e1ceres Arguello<\/p>\n\n\n\n<div class=\"wp-block-group\"><div class=\"wp-block-group__inner-container is-layout-constrained wp-block-group-is-layout-constrained\">\n<p><strong>PER\u00cdODO DE INSCRI\u00c7\u00c3O:<\/strong>&nbsp;At\u00e9 \u00e0s 23h59 do dia 13\/06\/2024<\/p>\n\n\n\n<p><strong>ENTREVISTA:<\/strong> 19\/06\/2024<\/p>\n\n\n\n<p><strong>INSCRI\u00c7\u00c3O POR E-MAIL:&nbsp;<\/strong>arguellokatie@gmail.com<\/p>\n\n\n\n<p class=\"has-vivid-cyan-blue-color has-text-color has-link-color wp-elements-152d2210acea0f4fdb4f0212348ef0d8\"><strong><a href=\"https:\/\/direito.ufpr.br\/wp-content\/uploads\/2024\/06\/Edital-IC-Katie-Arguello.pdf\">Edital de Sele\u00e7\u00e3o<\/a><\/strong><\/p>\n<\/div><\/div>\n<\/div>\n<\/div>\n\n\n\n<div class=\"wp-block-columns are-vertically-aligned-center is-layout-flex wp-container-core-columns-is-layout-9d6595d7 wp-block-columns-is-layout-flex\">\n<div class=\"wp-block-column is-vertically-aligned-center is-layout-flow wp-block-column-is-layout-flow\">\n<figure class=\"wp-block-image size-large\"><img loading=\"lazy\" decoding=\"async\" width=\"724\" height=\"1024\" src=\"https:\/\/direito.ufpr.br\/wp-content\/uploads\/2024\/05\/DIREITO-HISTORIA-E-SUBJETIVIDADE-1-1-724x1024.png\" alt=\"\" class=\"wp-image-47599\" srcset=\"https:\/\/direito.ufpr.br\/wp-content\/uploads\/2024\/05\/DIREITO-HISTORIA-E-SUBJETIVIDADE-1-1-724x1024.png 724w, https:\/\/direito.ufpr.br\/wp-content\/uploads\/2024\/05\/DIREITO-HISTORIA-E-SUBJETIVIDADE-1-1-212x300.png 212w, https:\/\/direito.ufpr.br\/wp-content\/uploads\/2024\/05\/DIREITO-HISTORIA-E-SUBJETIVIDADE-1-1-768x1086.png 768w, https:\/\/direito.ufpr.br\/wp-content\/uploads\/2024\/05\/DIREITO-HISTORIA-E-SUBJETIVIDADE-1-1-1086x1536.png 1086w, https:\/\/direito.ufpr.br\/wp-content\/uploads\/2024\/05\/DIREITO-HISTORIA-E-SUBJETIVIDADE-1-1-1448x2048.png 1448w, https:\/\/direito.ufpr.br\/wp-content\/uploads\/2024\/05\/DIREITO-HISTORIA-E-SUBJETIVIDADE-1-1.png 1587w\" sizes=\"auto, (max-width: 724px) 100vw, 724px\" \/><\/figure>\n<\/div>\n\n\n\n<div class=\"wp-block-column is-vertically-aligned-center is-layout-flow wp-block-column-is-layout-flow\">\n<p><strong>CULTURA JUR\u00cdDICA DA AM\u00c9RICA PORTUGUESA: CIRCULARIDADE ENTRE R\u00daSTICOS E LETRADOS<\/strong><\/p>\n\n\n\n<p><strong>SELE\u00c7\u00c3O DE ESTUDANTE(S)<\/strong><\/p>\n\n\n\n<p><strong>COORDENADOR:&nbsp;<\/strong>Prof. Dr. Lu\u00eds Fernando Lopes Pereira<\/p>\n\n\n\n<p><strong>PER\u00cdODO DE INSCRI\u00c7\u00c3O:<\/strong>&nbsp;at\u00e9 \u00e1s 23h59 do dia 20\/05\/24<\/p>\n\n\n\n<p><strong>INSCRI\u00c7\u00c3O POR E-MAIL:&nbsp;<\/strong>luisferlopes@ufpr.br<\/p>\n\n\n\n<p><strong>ENTREVISTA:&nbsp;<\/strong>23\/05\/2024, em hor\u00e1rio agendado com os(as) candidatos(as)<\/p>\n\n\n\n<p><strong><a href=\"https:\/\/direito.ufpr.br\/wp-content\/uploads\/2024\/05\/Edital-PIBIC.pdf\">Edital de Sele\u00e7\u00e3o<\/a><\/strong><\/p>\n<\/div>\n<\/div>\n\n\n\n<div class=\"wp-block-columns is-layout-flex wp-container-core-columns-is-layout-9d6595d7 wp-block-columns-is-layout-flex\">\n<div class=\"wp-block-column is-layout-flow wp-block-column-is-layout-flow\">\n<figure class=\"wp-block-image size-large\"><img loading=\"lazy\" decoding=\"async\" width=\"724\" height=\"1024\" src=\"https:\/\/direito.ufpr.br\/wp-content\/uploads\/2024\/05\/DIREITO-HISTORIA-E-SUBJETIVIDADE-1-724x1024.png\" alt=\"\" class=\"wp-image-47569\" srcset=\"https:\/\/direito.ufpr.br\/wp-content\/uploads\/2024\/05\/DIREITO-HISTORIA-E-SUBJETIVIDADE-1-724x1024.png 724w, https:\/\/direito.ufpr.br\/wp-content\/uploads\/2024\/05\/DIREITO-HISTORIA-E-SUBJETIVIDADE-1-212x300.png 212w, https:\/\/direito.ufpr.br\/wp-content\/uploads\/2024\/05\/DIREITO-HISTORIA-E-SUBJETIVIDADE-1-768x1086.png 768w, https:\/\/direito.ufpr.br\/wp-content\/uploads\/2024\/05\/DIREITO-HISTORIA-E-SUBJETIVIDADE-1-1086x1536.png 1086w, https:\/\/direito.ufpr.br\/wp-content\/uploads\/2024\/05\/DIREITO-HISTORIA-E-SUBJETIVIDADE-1-1448x2048.png 1448w, https:\/\/direito.ufpr.br\/wp-content\/uploads\/2024\/05\/DIREITO-HISTORIA-E-SUBJETIVIDADE-1.png 1587w\" sizes=\"auto, (max-width: 724px) 100vw, 724px\" \/><\/figure>\n<\/div>\n\n\n\n<div class=\"wp-block-column is-vertically-aligned-center is-layout-flow wp-block-column-is-layout-flow\">\n<p><strong>RECURSOS CRIMINAIS DIRIGIDOS AOS TRIBUNAIS<\/strong><\/p>\n\n\n\n<p><strong>SUPERIORES<\/strong><\/p>\n\n\n\n<p><strong>SELE\u00c7\u00c3O DE ESTUDANTE(S) <\/strong><\/p>\n\n\n\n<p><strong>COORDENADOR:&nbsp;<\/strong>Prof. Dr. Francisco Monteiro Rocha Jr<\/p>\n\n\n\n<p><strong>PER\u00cdODO DE INSCRI\u00c7\u00c3O:<\/strong>&nbsp;At\u00e9 \u00e0s 23h59 do dia 31\/05\/2024<\/p>\n\n\n\n<p><strong>INSCRI\u00c7\u00c3O POR E-MAIL:&nbsp;<\/strong>francisco@monteirorocha.com<\/p>\n\n\n\n<p><a href=\"https:\/\/direito.ufpr.br\/wp-content\/uploads\/2024\/05\/EDITAL_IC_PROF_FRANCISCO.pdf\"><strong>Edital de Sele\u00e7\u00e3o<\/strong><\/a><\/p>\n<\/div>\n<\/div>\n\n\n\n<div class=\"wp-block-columns is-layout-flex wp-container-core-columns-is-layout-9d6595d7 wp-block-columns-is-layout-flex\">\n<div class=\"wp-block-column is-vertically-aligned-center is-layout-flow wp-block-column-is-layout-flow\">\n<figure class=\"wp-block-image size-large\"><img loading=\"lazy\" decoding=\"async\" width=\"724\" height=\"1024\" src=\"https:\/\/direito.ufpr.br\/wp-content\/uploads\/2024\/05\/DIREITO-HISTORIA-E-SUBJETIVIDADE-724x1024.png\" alt=\"\" class=\"wp-image-47521\" srcset=\"https:\/\/direito.ufpr.br\/wp-content\/uploads\/2024\/05\/DIREITO-HISTORIA-E-SUBJETIVIDADE-724x1024.png 724w, https:\/\/direito.ufpr.br\/wp-content\/uploads\/2024\/05\/DIREITO-HISTORIA-E-SUBJETIVIDADE-212x300.png 212w, https:\/\/direito.ufpr.br\/wp-content\/uploads\/2024\/05\/DIREITO-HISTORIA-E-SUBJETIVIDADE-768x1086.png 768w, https:\/\/direito.ufpr.br\/wp-content\/uploads\/2024\/05\/DIREITO-HISTORIA-E-SUBJETIVIDADE-1086x1536.png 1086w, https:\/\/direito.ufpr.br\/wp-content\/uploads\/2024\/05\/DIREITO-HISTORIA-E-SUBJETIVIDADE-1448x2048.png 1448w, https:\/\/direito.ufpr.br\/wp-content\/uploads\/2024\/05\/DIREITO-HISTORIA-E-SUBJETIVIDADE.png 1587w\" sizes=\"auto, (max-width: 724px) 100vw, 724px\" \/><\/figure>\n<\/div>\n\n\n\n<div class=\"wp-block-column is-vertically-aligned-center is-layout-flow wp-block-column-is-layout-flow\">\n<p><strong><br><\/strong><\/p>\n\n\n\n<p><strong>\u201cLIBERTE NOSSO SAGRADO\u201d: desarquivando mem\u00f3rias da repress\u00e3o e da resist\u00eancia das comunidades tradicionais de terreiros no Rio de Janeiro republicano (1889-1945)<\/strong><\/p>\n\n\n\n<p><strong>SELE\u00c7\u00c3O DE ESTUDANTE<\/strong>(<strong>S)<\/strong><\/p>\n\n\n\n<p><strong>COORDENADOR:<\/strong>&nbsp;Prof. Dr. Thiago de Azevedo Pinheiro Hoshino<\/p>\n\n\n\n<p><strong>INSCRI\u00c7\u00d5ES:<\/strong>&nbsp;Envio de carta de inten\u00e7\u00e3o at\u00e9 \u00e0s 23h59 do dia 20\/05\/2024<\/p>\n\n\n\n<p><strong>INSCRI\u00c7\u00c3O POR E-MAIL:<\/strong>&nbsp;hoshino.thiago@ufpr.br<\/p>\n\n\n\n<p><strong><a href=\"https:\/\/direito.ufpr.br\/wp-content\/uploads\/2024\/05\/PIBIC-SELECAO-edital-2024-Nosso-Sagrado.pdf\">Edital<\/a><\/strong><\/p>\n<\/div>\n<\/div>\n\n\n\n<div class=\"wp-block-columns is-layout-flex wp-container-core-columns-is-layout-9d6595d7 wp-block-columns-is-layout-flex\">\n<div class=\"wp-block-column is-layout-flow wp-block-column-is-layout-flow\">\n<figure class=\"wp-block-image size-large\"><img loading=\"lazy\" decoding=\"async\" width=\"724\" height=\"1024\" src=\"https:\/\/direito.ufpr.br\/wp-content\/uploads\/2023\/06\/LEGALISMO-AUTOCRATICO-E-EROSAO-DEMOCRATICA-NO-BRASIL-DESIGN-DO-PRESIDENCIALISMO-BRASILEIRO-1-724x1024.png\" alt=\"\" class=\"wp-image-43476\" srcset=\"https:\/\/direito.ufpr.br\/wp-content\/uploads\/2023\/06\/LEGALISMO-AUTOCRATICO-E-EROSAO-DEMOCRATICA-NO-BRASIL-DESIGN-DO-PRESIDENCIALISMO-BRASILEIRO-1-724x1024.png 724w, https:\/\/direito.ufpr.br\/wp-content\/uploads\/2023\/06\/LEGALISMO-AUTOCRATICO-E-EROSAO-DEMOCRATICA-NO-BRASIL-DESIGN-DO-PRESIDENCIALISMO-BRASILEIRO-1-212x300.png 212w, https:\/\/direito.ufpr.br\/wp-content\/uploads\/2023\/06\/LEGALISMO-AUTOCRATICO-E-EROSAO-DEMOCRATICA-NO-BRASIL-DESIGN-DO-PRESIDENCIALISMO-BRASILEIRO-1-768x1086.png 768w, https:\/\/direito.ufpr.br\/wp-content\/uploads\/2023\/06\/LEGALISMO-AUTOCRATICO-E-EROSAO-DEMOCRATICA-NO-BRASIL-DESIGN-DO-PRESIDENCIALISMO-BRASILEIRO-1-1086x1536.png 1086w, https:\/\/direito.ufpr.br\/wp-content\/uploads\/2023\/06\/LEGALISMO-AUTOCRATICO-E-EROSAO-DEMOCRATICA-NO-BRASIL-DESIGN-DO-PRESIDENCIALISMO-BRASILEIRO-1-1448x2048.png 1448w, https:\/\/direito.ufpr.br\/wp-content\/uploads\/2023\/06\/LEGALISMO-AUTOCRATICO-E-EROSAO-DEMOCRATICA-NO-BRASIL-DESIGN-DO-PRESIDENCIALISMO-BRASILEIRO-1.png 1587w\" sizes=\"auto, (max-width: 724px) 100vw, 724px\" \/><\/figure>\n<\/div>\n\n\n\n<div class=\"wp-block-column is-vertically-aligned-center is-layout-flow wp-block-column-is-layout-flow\">\n<p><strong>DIREITOS AQUILOMBADOS: PERSPECTIVAS SITUADAS SOBRE O DIREITO E A JUSTI\u00c7A NAS LUTAS DOS POVOS TRADICIONAIS NO BRASIL<\/strong><\/p>\n\n\n\n<p><strong>SELE\u00c7\u00c3O DE ESTUDANTE<\/strong>(<strong>S)<\/strong> &#8211; PIBIC<\/p>\n\n\n\n<p><strong>COORDENADOR:<\/strong>&nbsp;Prof. Dr. Thiago de Azevedo Pinheiro Hoshino<\/p>\n\n\n\n<p><strong>INSCRI\u00c7\u00d5ES:<\/strong>&nbsp;Envio de carta de inten\u00e7\u00e3o at\u00e9 \u00e0s 23h59 do dia 20\/05\/2024<\/p>\n\n\n\n<p><strong>INSCRI\u00c7\u00c3O POR E-MAIL:<\/strong>&nbsp;hoshino.thiago@ufpr.br<\/p>\n\n\n\n<p><strong><a href=\"https:\/\/direito.ufpr.br\/wp-content\/uploads\/2024\/05\/Edital-de-selecao-2024-DIREITOS-AQUILOMBADOS.pdf\">Edital<\/a><\/strong><\/p>\n<\/div>\n<\/div>\n\n\n\n<div class=\"wp-block-columns is-layout-flex wp-container-core-columns-is-layout-9d6595d7 wp-block-columns-is-layout-flex\">\n<div class=\"wp-block-column is-vertically-aligned-center is-layout-flow wp-block-column-is-layout-flow\">\n<figure class=\"wp-block-image size-large\"><img loading=\"lazy\" decoding=\"async\" width=\"724\" height=\"1024\" src=\"https:\/\/direito.ufpr.br\/wp-content\/uploads\/2023\/06\/Design-sem-nome-724x1024.png\" alt=\"\" class=\"wp-image-43510\" srcset=\"https:\/\/direito.ufpr.br\/wp-content\/uploads\/2023\/06\/Design-sem-nome-724x1024.png 724w, https:\/\/direito.ufpr.br\/wp-content\/uploads\/2023\/06\/Design-sem-nome-212x300.png 212w, https:\/\/direito.ufpr.br\/wp-content\/uploads\/2023\/06\/Design-sem-nome-768x1086.png 768w, https:\/\/direito.ufpr.br\/wp-content\/uploads\/2023\/06\/Design-sem-nome-1086x1536.png 1086w, https:\/\/direito.ufpr.br\/wp-content\/uploads\/2023\/06\/Design-sem-nome-1448x2048.png 1448w, https:\/\/direito.ufpr.br\/wp-content\/uploads\/2023\/06\/Design-sem-nome.png 1587w\" sizes=\"auto, (max-width: 724px) 100vw, 724px\" \/><\/figure>\n<\/div>\n\n\n\n<div class=\"wp-block-column is-vertically-aligned-center is-layout-flow wp-block-column-is-layout-flow\">\n<p><strong>N\u00daCLEO DE PESQUISA E EXTENS\u00c3O EM DIREITO SOCIOAMBIENTAL \u2013 EKOA<\/strong><\/p>\n\n\n\n<p><strong>SELE\u00c7\u00c3O DE ESTUDANTE(S) BOLSISTA(S)<\/strong><\/p>\n\n\n\n<p><strong>VAGAS:<\/strong>&nbsp;02 (duas) \u2013 PIBIC e 02 (duas) PIBIC \u2013 AF<\/p>\n\n\n\n<p><strong>COORDENADORA:&nbsp;<\/strong>Prof.\u00aa Dr.\u00aa Katya Regina Isaguirre Torres<\/p>\n\n\n\n<p><strong>PER\u00cdODO DE INSCRI\u00c7\u00c3O:<\/strong>&nbsp;06\/05\/2024 a 10\/05\/2024<\/p>\n\n\n\n<p><strong>INSCRI\u00c7\u00c3O POR E-MAIL:&nbsp;<\/strong>grupoekoa@gmail.com<\/p>\n\n\n\n<p><strong>ENTREVISTA:&nbsp;<\/strong>13\/05\/2024, \u00e0s 9h (modalidade virtual)<\/p>\n\n\n\n<p><strong><a href=\"https:\/\/direito.ufpr.br\/wp-content\/uploads\/2024\/05\/EDITAL-DE-SELECAO-EKOA-1.pdf\">Edital<\/a><\/strong><\/p>\n<\/div>\n<\/div>\n","protected":false},"excerpt":{"rendered":"<p>EDITAL DE SELE\u00c7\u00c3O DE GRADUANDAS\/OS PARA O PROGRAMA DE INICIA\u00c7\u00c3O CIENT\u00cdFICA 2024-2025 COORDENADOR:\u00a0Prof. Dr. Ricardo Prestes Pazello PER\u00cdODO DE INSCRI\u00c7\u00c3O:&nbsp;At\u00e9 \u00e0s 23h59 do dia 14\/07\/2024 INSCRI\u00c7\u00d5ES POR E-MAIL:&nbsp;ricardo2p@yahoo.com.br Edital CL\u00cdNICA DE DIREITO E ARTE DA UFPR SELE\u00c7\u00c3O DE PESQUISADORAS(ES) COORDENADOR:&nbsp;Prof. Dr. Marcelo Miguel Conrado PER\u00cdODO DE INSCRI\u00c7\u00c3O:&nbsp;At\u00e9 \u00e0s 23h59 do dia 18\/06\/2024 INSCRI\u00c7\u00c3O POR E-MAIL:&nbsp;marceloconrado@hotmail.com [&hellip;]<\/p>\n","protected":false},"author":52,"featured_media":0,"parent":0,"menu_order":0,"comment_status":"closed","ping_status":"closed","template":"","meta":{"_acf_changed":false,"_eb_attr":"","footnotes":""},"class_list":["post-47511","page","type-page","status-publish","hentry"],"acf":[],"_links":{"self":[{"href":"https:\/\/direito.ufpr.br\/index.php?rest_route=\/wp\/v2\/pages\/47511","targetHints":{"allow":["GET"]}}],"collection":[{"href":"https:\/\/direito.ufpr.br\/index.php?rest_route=\/wp\/v2\/pages"}],"about":[{"href":"https:\/\/direito.ufpr.br\/index.php?rest_route=\/wp\/v2\/types\/page"}],"author":[{"embeddable":true,"href":"https:\/\/direito.ufpr.br\/index.php?rest_route=\/wp\/v2\/users\/52"}],"replies":[{"embeddable":true,"href":"https:\/\/direito.ufpr.br\/index.php?rest_route=%2Fwp%2Fv2%2Fcomments&post=47511"}],"version-history":[{"count":38,"href":"https:\/\/direito.ufpr.br\/index.php?rest_route=\/wp\/v2\/pages\/47511\/revisions"}],"predecessor-version":[{"id":47929,"href":"https:\/\/direito.ufpr.br\/index.php?rest_route=\/wp\/v2\/pages\/47511\/revisions\/47929"}],"wp:attachment":[{"href":"https:\/\/direito.ufpr.br\/index.php?rest_route=%2Fwp%2Fv2%2Fmedia&parent=47511"}],"curies":[{"name":"wp","href":"https:\/\/api.w.org\/{rel}","templated":true}]}}