{"id":47964,"date":"2024-08-01T08:16:49","date_gmt":"2024-08-01T11:16:49","guid":{"rendered":"https:\/\/direito.ufpr.br\/?page_id=47964"},"modified":"2024-09-06T14:10:53","modified_gmt":"2024-09-06T17:10:53","slug":"programa-institucional-de-monitoria-segundo-semestre-do-ano-letivo-de-2024","status":"publish","type":"page","link":"https:\/\/direito.ufpr.br\/?page_id=47964","title":{"rendered":"Programa Institucional de Monitoria \u2013 Segundo Semestre do ano letivo de 2024"},"content":{"rendered":"<p><a href=\"https:\/\/direito.ufpr.br\/wp-content\/uploads\/2024\/08\/Edital-19-2024-PROGRAD.pdf\">Edital 19\/2024-PROGRAD\/COAFE &#8211; Abertura do Programa de Monitoria<\/a><\/p>\n<p><a href=\"https:\/\/direito.ufpr.br\/wp-content\/uploads\/2024\/08\/Edital-25-2024-PROGRAD-COAFE-MONITORIA-Resultado-preliminar.pdf\">Edital 25\/2024-PROGRAD\/COAFE\/MONITORIA Resultado preliminar<\/a>\u00a0<\/p>\n<p><a href=\"https:\/\/direito.ufpr.br\/wp-content\/uploads\/2024\/08\/Edital-26-2024-PROGRAD-COAFE-MONITORIA-Fluxo-Academico.pdf\">Edital 26\/2024-PROGRAD\/COAFE\/MONITORIA Fluxo Acad\u00eamico<\/a>\u00a0<\/p>\n<p><a href=\"https:\/\/direito.ufpr.br\/wp-content\/uploads\/2024\/08\/Res-91-99-CEPE-normas-para-o-Programa-de-Monitoria.pdf\">Res 91\/99-CEPE &#8211; Normas para o Programa de Monitoria<\/a><\/p>\n<p><a href=\"https:\/\/direito.ufpr.br\/wp-content\/uploads\/2024\/08\/Res-43-03-CEPE-criterios-para-selecao-de-monitores-1.pdf\">Res 43\/03-CEPE &#8211; Crit\u00e9rios para sele\u00e7\u00e3o de monitores<\/a><\/p>\n<p><a href=\"https:\/\/direito.ufpr.br\/wp-content\/uploads\/2024\/08\/Quadro-de-vagas-de-monitoria-2024-2o-semestre.pdf\">Quadro de vagas de monitoria &#8211; 2024\/2\u00ba semestre<\/a><\/p>\n<p><a href=\"https:\/\/direito.ufpr.br\/wp-content\/uploads\/2024\/08\/REQUERIMENTO-INSCRICAO.pdf\">Requerimento &#8211; Inscri\u00e7\u00e3o<\/a><\/p>\n<p><strong>EDITAIS DE SELE\u00c7\u00c3O<\/strong><\/p>\n<ul>\n<li>as inscri\u00e7\u00f5es s\u00e3o realizadas na secretaria dos departamentos do curso de Direito (sala 106) ou conforme indicado no edital de sele\u00e7\u00e3o, no caso de avalia\u00e7\u00e3o na modalidade remota.<\/li>\n<li>os candidatos devem apresentar o hist\u00f3rico escolar com o IRA no momento da avalia\u00e7\u00e3o.<\/li>\n<\/ul>\n<p><a href=\"https:\/\/direito.ufpr.br\/wp-content\/uploads\/2024\/08\/Dc438-Direito-Civil-A-Adriana-Espindola-Correa.pdf\">Adriana Esp\u00edndola Corr\u00eaa &#8211; DC438-Direito Civil A<\/a><\/p>\n<p><a href=\"https:\/\/direito.ufpr.br\/wp-content\/uploads\/2024\/08\/Ana-Carla-Harmatiuk-Matos-DC435-Direito-Civil-E.pdf\">Ana Carla Harmatiuk Matos &#8211; DC435-Direito Civil E<\/a><\/p>\n<p><a href=\"https:\/\/direito.ufpr.br\/wp-content\/uploads\/2024\/09\/Angela-Costaldello-DB443-Direito-Administrativo-A.pdf\">Angela Costaldello &#8211; DB443-Direito Administrativo A<\/a>\u00a0<\/p>\n<p><a href=\"https:\/\/direito.ufpr.br\/wp-content\/uploads\/2024\/09\/Angela-Costaldello-DB444-Direito-Administrativo-B.pdf\">Angela Costaldello &#8211; DB444-Direito Administrativo B<\/a>\u00a0<\/p>\n<p><a href=\"https:\/\/direito.ufpr.br\/wp-content\/uploads\/2024\/08\/Betina-Treiger-Grupenmacher-DB060-Direito-Processual-Tributario.pdf\">Betina Treiger Grupenmacher &#8211; DB060-Direito Processual Tribut\u00e1rio<\/a><\/p>\n<p><a href=\"https:\/\/direito.ufpr.br\/wp-content\/uploads\/2024\/08\/Betina-Treiger-Grupenmacher-DB428-Direito-Tributario.pdf\">Betina Treiger Grupenmacher &#8211; DB428-Direito Tribut\u00e1rio<\/a><\/p>\n<p><a href=\"https:\/\/direito.ufpr.br\/wp-content\/uploads\/2024\/08\/Cesar-Antonio-Serbena-DV460-Filosofia-do-Direito.pdf\">Cesar Antonio Serbena &#8211; DV460-Filosofia do Direito<\/a><\/p>\n<p><a href=\"https:\/\/direito.ufpr.br\/wp-content\/uploads\/2024\/08\/Eduardo-Talamini-DC068-Meios-Alternativos-de-Solucao-de-Litigios-1.pdf\">Eduardo Talamini &#8211; DC068-Meios Alternativos de Solu\u00e7\u00e3o de Lit\u00edgios<\/a><\/p>\n<p><a href=\"https:\/\/direito.ufpr.br\/wp-content\/uploads\/2024\/08\/Eduardo-Talamini-DC431-Direito-Processual-Civil-C-1.pdf\">Eduardo Talamini &#8211; DC431-Direito Processual Civil C<\/a><\/p>\n<p><a href=\"https:\/\/direito.ufpr.br\/wp-content\/uploads\/2024\/08\/Eroulths-Cortiano-Junior-DC438-Direito-Civil-A.pdf\">Eroulths Cortiano Junior &#8211; DC438-Direito Civil A<\/a><\/p>\n<p><a href=\"https:\/\/direito.ufpr.br\/wp-content\/uploads\/2024\/08\/Francisco-de-Assis-do-Rego-Monteiro-Rocha-Junior-DP418-Direito-Penal-B.pdf\">Francisco de Assis do Rego Monteiro Rocha Junior &#8211; DP418-Direito Penal B<\/a><\/p>\n<p><a href=\"https:\/\/direito.ufpr.br\/wp-content\/uploads\/2024\/08\/Frederico-Eduardo-Zenedin-Glitz-DC439-Direito-Civil-B.pdf\">Frederico Eduardo Zenedin Glitz &#8211; DC439-Direito Civil B<\/a><\/p>\n<p><a href=\"https:\/\/direito.ufpr.br\/wp-content\/uploads\/2024\/08\/Gustavo-Osna-DC430-Direito-Processual-Civil-B.pdf\">Gustavo Osna &#8211; DC430-Direito Processual Civil B<\/a><\/p>\n<p><a href=\"https:\/\/direito.ufpr.br\/wp-content\/uploads\/2024\/08\/Heloisa-Fernandes-Camara-DB451-Vivencias-em-Direitos-Humanos.pdf\">Heloisa Fernandes C\u00e2mara &#8211; DB451-Viv\u00eancias em Direitos Humanos<\/a><\/p>\n<p><a href=\"https:\/\/direito.ufpr.br\/wp-content\/uploads\/2024\/08\/Larissa-Liz-Odreski-Ramina-DB452-Direito-Internacional-Publico.pdf\">Larissa Liz Odreski Ramina &#8211; DB452-Direito Internacional P\u00fablico<\/a><\/p>\n<p><a href=\"https:\/\/direito.ufpr.br\/wp-content\/uploads\/2024\/08\/Leticia-Regina-Camargo-Kreuz-DB448-Teoria-do-Estado.pdf\">Let\u00edcia Regina Camargo Kreuz &#8211; DB448-Teoria do Estado<\/a><\/p>\n<p><a href=\"https:\/\/direito.ufpr.br\/wp-content\/uploads\/2024\/08\/Leticia-Regina-Camargo-Kreuz-DB453-Direito-Constitucional-A.pdf\">Let\u00edcia Regina Camargo Kreuz &#8211; DB453-Direito Constitucional A<\/a><\/p>\n<p><a href=\"https:\/\/direito.ufpr.br\/wp-content\/uploads\/2024\/08\/Luis-Fernando-Lopes-Pereira-DV458-Historia-do-Direito-A-e-DV459-Historia-do-Direito-B.pdf\">Lu\u00eds Fernando Lopes Pereira &#8211; DV458-Hist\u00f3ria do Direito A e DV459-Hist\u00f3ria do Direito B<\/a><\/p>\n<p><a href=\"https:\/\/direito.ufpr.br\/wp-content\/uploads\/2024\/08\/Marcia-Carla-Pereira-Ribeiro-e-Luiz-Daniel-Haj-Mussi-DV449-Direito-Empresarial-A.pdf\">Marcia Carla Pereira Ribeiro e Luiz Daniel Haj Mussi &#8211; DV449-Direito Empresarial A<\/a><\/p>\n<p><a href=\"https:\/\/direito.ufpr.br\/wp-content\/uploads\/2024\/08\/Melina-Girardi-Fachin-DB436-Direito-Constiucional-B.pdf\">Melina Girardi Fachin &#8211; DB436-Direito Constiucional B<\/a><\/p>\n<p><a href=\"https:\/\/direito.ufpr.br\/wp-content\/uploads\/2024\/08\/Paulo-Roberto-Ribeiro-Nalin-DC439-Direito-Civil-B.pdf\">Paulo Roberto Ribeiro Nalin &#8211; DC439-Direito Civil B<\/a><\/p>\n<p><a href=\"https:\/\/direito.ufpr.br\/wp-content\/uploads\/2024\/09\/Ricardo-Prestes-Pazello-DB454-Antropologia-Juridica.pdf\">Ricardo Prestes Pazello &#8211; DB454-Antropologia Jur\u00eddica<\/a><\/p>\n<p><a href=\"https:\/\/direito.ufpr.br\/wp-content\/uploads\/2024\/08\/Ricardo-Rachid-DP428-Direito-Penal-A.pdf\">Ricardo Rachid &#8211; DP428-Direito Penal A<\/a>\u00a0<\/p>\n<p><a href=\"https:\/\/direito.ufpr.br\/wp-content\/uploads\/2024\/08\/Rosalice-Fidalgo-Pinheiro-DC049-Consumidor-e-Relacoes-Intrerprivadas-1.pdf\">Rosalice Fidalgo Pinheiro &#8211; DC049-Consumidor e Rela\u00e7\u00f5es Intrerprivadas<\/a><\/p>\n<p><a href=\"https:\/\/direito.ufpr.br\/wp-content\/uploads\/2024\/08\/Rosalice-Fidalgo-Pinheiro-DC428-Direito-Civil-D-1.pdf\">Rosalice Fidalgo Pinheiro &#8211; DC428-Direito Civil D<\/a><\/p>\n<p><a href=\"https:\/\/direito.ufpr.br\/wp-content\/uploads\/2024\/08\/Rui-Carlo-Dissenha-DP428-Direito-Penal-A.pdf\">Rui Carlo Dissenha &#8211; DP428-Direito Penal A<\/a><\/p>\n<p><a href=\"https:\/\/direito.ufpr.br\/wp-content\/uploads\/2024\/08\/Tatyana-Scheila-Friedrich-DB452-Direito-Internacional-Publico.pdf\">Tatyana Scheila Friedrich &#8211; DB452-Direito Internacional P\u00fablico<\/a><\/p>\n<p><a href=\"https:\/\/direito.ufpr.br\/wp-content\/uploads\/2024\/08\/Tatyana-Scheila-Friedrich-DV441-Direito-Internacional-Privado.pdf\">Tatyana Scheila Friedrich &#8211; DV441-Direito Internacional Privado<\/a><\/p>\n<p><a href=\"https:\/\/direito.ufpr.br\/wp-content\/uploads\/2024\/09\/Taysa-Schiocchet-DIR409-Pratica-Juridica-em-Direitos-Humanos.pdf\">Taysa Schiocchet &#8211; DIR409-Pr\u00e1tica Jur\u00eddica em Direitos Humanos<\/a><\/p>\n<p><a href=\"https:\/\/direito.ufpr.br\/wp-content\/uploads\/2024\/08\/Thiago-de-Azevedo-Pinheiro-Hoshino-DV456-Metodologia-do-Trabalho-Cientifico-em-Direito.pdf\">Thiago de Azevedo Pinheiro Hoshino &#8211; DV456-Metodologia do Trabalho Cient\u00edfico em Direito<\/a><\/p>\n<p><a href=\"https:\/\/direito.ufpr.br\/wp-content\/uploads\/2024\/08\/Walter-Guandalini-Junior-DV458-Historia-do-Direito-A.pdf\">Walter Guandalini Junior &#8211; DV458-Hist\u00f3ria do Direito A<\/a><\/p>\n\n\n<p><strong>RESULTADOS<\/strong><\/p>\n\n\n<p><a href=\"https:\/\/direito.ufpr.br\/wp-content\/uploads\/2024\/09\/Resultado-Adriana-Espindola-Correa-DC438-Direito-Civil-A.pdf\">Resultado &#8211; Adriana Esp\u00edndola Corr\u00eaa &#8211; DC438-Direito Civil A<\/a><\/p>\n<p><a href=\"https:\/\/direito.ufpr.br\/wp-content\/uploads\/2024\/09\/Resultado-Ana-Carla-Harmatiuk-Matos-DC435-Direito-Civil-E.pdf\">Resultado &#8211; Ana Carla Harmatiuk Matos &#8211; DC435-Direito Civil E<\/a>\u00a0<\/p>\n<p><a href=\"https:\/\/direito.ufpr.br\/wp-content\/uploads\/2024\/09\/Resultado-Angela-Cassia-Costaldello-DB443-Direito-Administrativo-A.pdf\">Resultado &#8211; Angela Cassia Costaldello &#8211; DB443-Direito Administrativo A<\/a><\/p>\n<p><a href=\"https:\/\/direito.ufpr.br\/wp-content\/uploads\/2024\/09\/Resultado-Angela-Cassia-Costaldello-DB444-Direito-Administrativo-B.pdf\">Resultado &#8211; Angela Cassia Costaldello &#8211; DB444-Direito Administrativo B<\/a><\/p>\n<p><a href=\"https:\/\/direito.ufpr.br\/wp-content\/uploads\/2024\/08\/Resultado-Betina-Treiger-Grupenmacher-DB060-Direito-Tributario.pdf\">Resultado &#8211; Betina Treiger Grupenmacher &#8211; DB060-Direito Processual Tribut\u00e1rio<\/a><\/p>\n<p><a href=\"https:\/\/direito.ufpr.br\/wp-content\/uploads\/2024\/08\/Resultado-Betina-Treiger-Grupenmacher-DB428-Direito-Tributario.pdf\">Resultado &#8211; Betina Treiger Grupenmacher &#8211; DB428-Direito Tribut\u00e1rio<\/a><\/p>\n<p><a href=\"https:\/\/direito.ufpr.br\/wp-content\/uploads\/2024\/09\/Resultado-Cesar-Antonio-Serbena-DV460-Filosofia-do-Direito.pdf\">Resultado &#8211; Cesar Antonio Serbena &#8211; DV460-Filosofia do Direito<\/a><\/p>\n<p><a href=\"https:\/\/direito.ufpr.br\/wp-content\/uploads\/2024\/09\/Meios-Alternativos-de-sol.-de-litigios.pdf\">Resultado &#8211; Eduardo Talamini &#8211; DC068-Meios Alternativos de Solu\u00e7\u00e3o de Lit\u00edgios<\/a><\/p>\n<p><a href=\"https:\/\/direito.ufpr.br\/wp-content\/uploads\/2024\/09\/Direito-Proc.-Civil-C.pdf\">Resultado &#8211; Eduardo Talamini &#8211; DC431-Direito Processual Civil C<\/a><\/p>\n<p><a href=\"https:\/\/direito.ufpr.br\/wp-content\/uploads\/2024\/09\/Resultado-Eroulths-Cortiano-Junior-DC438-Direito-Civil-A.pdf\">Resultado &#8211; Eroulths Cortiano Junior &#8211; DC438-Direito Civil A<\/a><\/p>\n<p><a href=\"https:\/\/direito.ufpr.br\/wp-content\/uploads\/2024\/08\/Resultado-Francisco-de-Assis-do-Rego-Monteiro-Rocha-Junior-DP418-Direito-Penal-B.pdf\">Resultado &#8211; Francisco de Assis do Rego Monteiro Rocha Junior &#8211; DP418-Direito Penal B<\/a>\u00a0<\/p>\n<p><a href=\"https:\/\/direito.ufpr.br\/wp-content\/uploads\/2024\/08\/Resultado-Frederico-Eduardo-Zenedin-Glitz-DC439-Direito-Civil-B.pdf\">Resultado &#8211; Frederico Eduardo Zenedin Glitz &#8211; DC439-Direito Civil B<\/a><\/p>\n<p><a href=\"https:\/\/direito.ufpr.br\/wp-content\/uploads\/2024\/09\/Resultado-Gustavo-Osna-DC430-Direito-Processual-Civil-B.pdf\">Resultado &#8211; Gustavo Osna &#8211; DC430-Direito Processual Civil B<\/a><\/p>\n<p><a href=\"https:\/\/direito.ufpr.br\/wp-content\/uploads\/2024\/08\/Resultado-Heloisa-Fernandes-Camara-DB451-Vivencias-em-Direitos-Humanos.pdf\">Resultado &#8211; Heloisa Fernandes C\u00e2mara &#8211; DB451-Viv\u00eancias em Direitos Humanos<\/a><\/p>\n<p><a href=\"https:\/\/direito.ufpr.br\/wp-content\/uploads\/2024\/08\/Resultado-Larissa-Liz-Odreski-Ramina-DB452-Direito-Internacional-Publico.pdf\">Resultado &#8211; Larissa Liz Odreski Ramina &#8211; DB452-Direito Internacional P\u00fablico<\/a><\/p>\n<p><a href=\"https:\/\/direito.ufpr.br\/wp-content\/uploads\/2024\/09\/Resultado-Leticia-Regina-Camargo-Kreuz-DB453-Direito-Constitucional-A.pdf\">Resultado &#8211; Let\u00edcia Regina Camargo Kreuz &#8211; DB453-Direito Constitucional A<\/a>\u00a0<\/p>\n<p><a href=\"https:\/\/direito.ufpr.br\/wp-content\/uploads\/2024\/09\/Resultado-Leticia-Regina-Camargo-Kreuz-DB448-Teoria-do-Estado.pdf\">Resultado &#8211; Let\u00edcia Regina Camargo Kreuz &#8211; DB448-Teoria do Estado<\/a>\u00a0<\/p>\n<p><a href=\"https:\/\/direito.ufpr.br\/wp-content\/uploads\/2024\/09\/Resultado-Luis-Fernando-Lopes-Pereira-DV458-Historia-do-Direito-A-e-DV459-Historia-do-Direito-B.pdf\">Resultado &#8211; Lu\u00eds Fernando Lopes Pereira &#8211; DV458-Hist\u00f3ria do Direito A e DV459-Hist\u00f3ria do Direito B<\/a><\/p>\n<p><a href=\"https:\/\/direito.ufpr.br\/wp-content\/uploads\/2024\/08\/Resultado-Marcia-Carla-Pereira-Ribeiro-e-Luiz-Daniel-Haj-Mussi-DV449-Direito-Empresarial-A.pdf\">Resultado &#8211; Marcia Carla Pereira Ribeiro e Luiz Daniel Haj Mussi &#8211; DV449-Direito Empresarial A<\/a><\/p>\n<p><a href=\"https:\/\/direito.ufpr.br\/wp-content\/uploads\/2024\/08\/Resultado-Melina-Girardi-Fachin-DB436-Direito-Constiucional-B.pdf\">Resultado &#8211; Melina Girardi Fachin &#8211; DB436-Direito Constitucional B<\/a>\u00a0<\/p>\n<p><a href=\"https:\/\/direito.ufpr.br\/wp-content\/uploads\/2024\/09\/Resultado-Paulo-Roberto-Ribeiro-Nalin-DC439-Direito-Civil-B.pdf\">Resultado &#8211; Paulo Roberto Ribeiro Nalin &#8211; DC439-Direito Civil B<\/a>\u00a0<\/p>\n<p><a href=\"https:\/\/direito.ufpr.br\/wp-content\/uploads\/2024\/09\/Resultado-Ricardo-Prestes-Pazello-DB454-Antropologia-Juridica.pdf\">Resultado &#8211; Ricardo Prestes Pazello &#8211; DB454-Antropologia Jur\u00eddica<\/a><\/p>\n<p><a href=\"https:\/\/direito.ufpr.br\/wp-content\/uploads\/2024\/09\/Resultado-Ricardo-Rachid-de-Oliveira-DP428-Direito-Penal-A.pdf\">Resultado &#8211; Ricardo Rachid de Oliveira &#8211; DP428-Direito Penal A<\/a><\/p>\n<p><a href=\"https:\/\/direito.ufpr.br\/wp-content\/uploads\/2024\/09\/Resultado-Rosalice-Fidalgo-Pinheiro-DC049-Consumidor-e-Relacoes-Interprivadas.pdf\">Resultado &#8211; Rosalice Fidalgo Pinheiro &#8211; DC049-Consumidor e Rela\u00e7\u00f5es Interprivadas<\/a><\/p>\n<p><a href=\"https:\/\/direito.ufpr.br\/wp-content\/uploads\/2024\/09\/Resultado-Rosalice-Fidalgo-Pinheiro-DC428-Direito-Civil-D.pdf\">Resultado &#8211; Rosalice Fidalgo Pinheiro &#8211; DC428-Direito Civil D<\/a><\/p>\n<p><a href=\"https:\/\/direito.ufpr.br\/wp-content\/uploads\/2024\/09\/Rui-ultima-versao.pdf\">Resultado &#8211; Rui Carlo Dissenha \u2013 DP428-Direito Penal A<\/a><\/p>\n<p><a href=\"https:\/\/direito.ufpr.br\/wp-content\/uploads\/2024\/08\/Resultado-Tatyana-Scheila-Friedrich-DB452-Direito-Internacional-Publico.pdf\">Resultado &#8211; Tatyana Scheila Friedrich &#8211; DB452-Direito Internacional P\u00fablico<\/a><\/p>\n<p><a href=\"https:\/\/direito.ufpr.br\/wp-content\/uploads\/2024\/08\/Resultado-Tatyana-Scheila-Friedrich-DV441-Direito-Internacional-Privado.pdf\">Resultado &#8211; Tatyana Scheila Friedrich &#8211; DV441-Direito Internacional Privado<\/a><\/p>\n<p><a href=\"https:\/\/direito.ufpr.br\/wp-content\/uploads\/2024\/09\/Resultado-Taysa-Schiocchet-DIR409-Pratica-Juridica-em-Direitos-Humanos.pdf\">Resultado &#8211; Taysa Schiocchet &#8211; DIR409-Pr\u00e1tica Jur\u00eddica em Direitos Humanos<\/a>\u00a0<\/p>\n<p><a href=\"https:\/\/direito.ufpr.br\/wp-content\/uploads\/2024\/09\/Resultado-Thiago-de-Azevedo-Pinheiro-Hoshino-DV456-Metodologia-do-Trabalho-Cientifico-em-Direito.pdf\">Resultado &#8211; Thiago de Azevedo Pinheiro Hoshino &#8211; DV456-Metodologia do Trabalho Cient\u00edfico em Direito<\/a>\u00a0<\/p>\n<p><a href=\"https:\/\/direito.ufpr.br\/wp-content\/uploads\/2024\/08\/Resultado-Walter-Guandalini-Junior-DV458-Historia-do-Direito-A.pdf\">Resultado &#8211; Walter Guandalini Junior &#8211; DV458-Hist\u00f3ria do Direito A<\/a><\/p>","protected":false},"excerpt":{"rendered":"<p>Edital 19\/2024-PROGRAD\/COAFE &#8211; Abertura do Programa de Monitoria Edital 25\/2024-PROGRAD\/COAFE\/MONITORIA Resultado preliminar\u00a0 Edital 26\/2024-PROGRAD\/COAFE\/MONITORIA Fluxo Acad\u00eamico\u00a0 Res 91\/99-CEPE &#8211; Normas para o Programa de Monitoria Res 43\/03-CEPE &#8211; Crit\u00e9rios para sele\u00e7\u00e3o de monitores Quadro de vagas de monitoria &#8211; 2024\/2\u00ba semestre Requerimento &#8211; Inscri\u00e7\u00e3o EDITAIS DE SELE\u00c7\u00c3O as inscri\u00e7\u00f5es s\u00e3o realizadas na secretaria dos departamentos [&hellip;]<\/p>\n","protected":false},"author":54,"featured_media":0,"parent":0,"menu_order":0,"comment_status":"closed","ping_status":"closed","template":"departamento.php","meta":{"_acf_changed":false,"_eb_attr":"","footnotes":""},"class_list":["post-47964","page","type-page","status-publish","hentry"],"acf":[],"_links":{"self":[{"href":"https:\/\/direito.ufpr.br\/index.php?rest_route=\/wp\/v2\/pages\/47964","targetHints":{"allow":["GET"]}}],"collection":[{"href":"https:\/\/direito.ufpr.br\/index.php?rest_route=\/wp\/v2\/pages"}],"about":[{"href":"https:\/\/direito.ufpr.br\/index.php?rest_route=\/wp\/v2\/types\/page"}],"author":[{"embeddable":true,"href":"https:\/\/direito.ufpr.br\/index.php?rest_route=\/wp\/v2\/users\/54"}],"replies":[{"embeddable":true,"href":"https:\/\/direito.ufpr.br\/index.php?rest_route=%2Fwp%2Fv2%2Fcomments&post=47964"}],"version-history":[{"count":65,"href":"https:\/\/direito.ufpr.br\/index.php?rest_route=\/wp\/v2\/pages\/47964\/revisions"}],"predecessor-version":[{"id":48822,"href":"https:\/\/direito.ufpr.br\/index.php?rest_route=\/wp\/v2\/pages\/47964\/revisions\/48822"}],"wp:attachment":[{"href":"https:\/\/direito.ufpr.br\/index.php?rest_route=%2Fwp%2Fv2%2Fmedia&parent=47964"}],"curies":[{"name":"wp","href":"https:\/\/api.w.org\/{rel}","templated":true}]}}