{"id":54855,"date":"2026-03-03T11:31:50","date_gmt":"2026-03-03T14:31:50","guid":{"rendered":"https:\/\/direito.ufpr.br\/?page_id=54855"},"modified":"2026-04-24T11:18:17","modified_gmt":"2026-04-24T14:18:17","slug":"editais-de-selecao-de-extensionistas-2026","status":"publish","type":"page","link":"https:\/\/direito.ufpr.br\/?page_id=54855","title":{"rendered":"EDITAIS DE SELE\u00c7\u00c3O DE EXTENSIONISTAS \u2013 2026"},"content":{"rendered":"\n<div class=\"wp-block-columns is-layout-flex wp-container-core-columns-is-layout-9d6595d7 wp-block-columns-is-layout-flex\">\n<div class=\"wp-block-column is-layout-flow wp-block-column-is-layout-flow\">\n<figure class=\"wp-block-image size-large\"><img loading=\"lazy\" decoding=\"async\" width=\"819\" height=\"1024\" src=\"https:\/\/direito.ufpr.br\/wp-content\/uploads\/2026\/04\/NESIDH-ADVOCACY-NESIDH-COMPETITIONS-3-819x1024.png\" alt=\"\" class=\"wp-image-55453\" srcset=\"https:\/\/direito.ufpr.br\/wp-content\/uploads\/2026\/04\/NESIDH-ADVOCACY-NESIDH-COMPETITIONS-3-819x1024.png 819w, https:\/\/direito.ufpr.br\/wp-content\/uploads\/2026\/04\/NESIDH-ADVOCACY-NESIDH-COMPETITIONS-3-240x300.png 240w, https:\/\/direito.ufpr.br\/wp-content\/uploads\/2026\/04\/NESIDH-ADVOCACY-NESIDH-COMPETITIONS-3-768x960.png 768w, https:\/\/direito.ufpr.br\/wp-content\/uploads\/2026\/04\/NESIDH-ADVOCACY-NESIDH-COMPETITIONS-3.png 1080w\" sizes=\"auto, (max-width: 819px) 100vw, 819px\" \/><\/figure>\n<\/div>\n\n\n\n<div class=\"wp-block-column is-vertically-aligned-center is-layout-flow wp-block-column-is-layout-flow\">\n<p><strong>PROJETO: N\u00daCLEO DE EMPREENDEDORISMO E ADVOCACIA<\/strong> <strong>&#8211; NEA<\/strong><\/p>\n\n\n\n<p><strong>INSCRI\u00c7\u00d5ES: At\u00e9 \u00e0s 23h59 do dia 27\/04\/2026<\/strong><\/p>\n\n\n\n<p><strong><a href=\"https:\/\/direito.ufpr.br\/wp-content\/uploads\/2026\/04\/Edital-de-Selecao-NEA-2026.docx.pdf\" target=\"_blank\" rel=\"noreferrer noopener\">EDITAL DE INSCRI\u00c7\u00d5ES<\/a><\/strong><\/p>\n\n\n\n<p><strong><a href=\"http:\/\/docs.google.com\/forms\/d\/e\/1FAIpQLScB6b9X8eRmpPpRQbhYebqAeDzdg-0RDo3PFU6drksxcA8sGQ\/viewform\" data-type=\"link\" data-id=\"docs.google.com\/forms\/d\/e\/1FAIpQLScB6b9X8eRmpPpRQbhYebqAeDzdg-0RDo3PFU6drksxcA8sGQ\/viewform\" target=\"_blank\" rel=\"noreferrer noopener\">FORMUL\u00c1RIO ELETR\u00d4NICO DE INSCRI\u00c7\u00c3O<\/a><\/strong><\/p>\n<\/div>\n<\/div>\n\n\n\n<hr class=\"wp-block-separator has-alpha-channel-opacity\"\/>\n\n\n\n<div class=\"wp-block-columns is-layout-flex wp-container-core-columns-is-layout-9d6595d7 wp-block-columns-is-layout-flex\">\n<div class=\"wp-block-column is-layout-flow wp-block-column-is-layout-flow\">\n<figure class=\"wp-block-image size-full\"><img loading=\"lazy\" decoding=\"async\" width=\"638\" height=\"798\" src=\"https:\/\/direito.ufpr.br\/wp-content\/uploads\/2026\/04\/Captura-de-tela-2026-04-14-145502.png\" alt=\"\" class=\"wp-image-55437\" srcset=\"https:\/\/direito.ufpr.br\/wp-content\/uploads\/2026\/04\/Captura-de-tela-2026-04-14-145502.png 638w, https:\/\/direito.ufpr.br\/wp-content\/uploads\/2026\/04\/Captura-de-tela-2026-04-14-145502-240x300.png 240w\" sizes=\"auto, (max-width: 638px) 100vw, 638px\" \/><\/figure>\n<\/div>\n\n\n\n<div class=\"wp-block-column is-vertically-aligned-center is-layout-flow wp-block-column-is-layout-flow\">\n<p><strong>PROJETO: INCID\u00caNCIA EM STANDARDS INTERAMERICANOS E G\u00caNERO<\/strong><\/p>\n\n\n\n<p><strong>INSCRI\u00c7\u00d5ES: At\u00e9 \u00e0s 23h50 do dia 20\/04\/2026<\/strong><\/p>\n\n\n\n<p><strong><a href=\"https:\/\/direito.ufpr.br\/wp-content\/uploads\/2026\/04\/EDITAL-Processo-Seletivo-1-1.pdf\" target=\"_blank\" rel=\"noreferrer noopener\">EDITAL DE INSCRI\u00c7\u00d5ES<\/a><\/strong><\/p>\n\n\n\n<p><strong><a href=\"https:\/\/direito.ufpr.br\/wp-content\/uploads\/2026\/04\/EDITAL-aprovadas-processo-seletivo-1.pdf\">EDITAL DE RESULTADO DE SELE\u00c7\u00c3O<\/a><\/strong><\/p>\n\n\n\n<p><strong>INSCRI\u00c7\u00d5ES VIA E-MAIL: olsen.carolina@ufpr.br<\/strong> <\/p>\n<\/div>\n<\/div>\n\n\n\n<hr class=\"wp-block-separator has-alpha-channel-opacity\"\/>\n\n\n\n<div class=\"wp-block-columns is-layout-flex wp-container-core-columns-is-layout-9d6595d7 wp-block-columns-is-layout-flex\">\n<div class=\"wp-block-column is-layout-flow wp-block-column-is-layout-flow\">\n<figure class=\"wp-block-image size-large\"><img loading=\"lazy\" decoding=\"async\" width=\"819\" height=\"1024\" src=\"https:\/\/direito.ufpr.br\/wp-content\/uploads\/2026\/03\/NESIDH-ADVOCACY-NESIDH-COMPETITIONS-1-2-819x1024.png\" alt=\"\" class=\"wp-image-55112\" srcset=\"https:\/\/direito.ufpr.br\/wp-content\/uploads\/2026\/03\/NESIDH-ADVOCACY-NESIDH-COMPETITIONS-1-2-819x1024.png 819w, https:\/\/direito.ufpr.br\/wp-content\/uploads\/2026\/03\/NESIDH-ADVOCACY-NESIDH-COMPETITIONS-1-2-240x300.png 240w, https:\/\/direito.ufpr.br\/wp-content\/uploads\/2026\/03\/NESIDH-ADVOCACY-NESIDH-COMPETITIONS-1-2-768x960.png 768w, https:\/\/direito.ufpr.br\/wp-content\/uploads\/2026\/03\/NESIDH-ADVOCACY-NESIDH-COMPETITIONS-1-2.png 1080w\" sizes=\"auto, (max-width: 819px) 100vw, 819px\" \/><\/figure>\n<\/div>\n\n\n\n<div class=\"wp-block-column is-vertically-aligned-center is-layout-flow wp-block-column-is-layout-flow\">\n<p><strong>PROJETO: ACERVO DE MEM\u00d3RIA E CULTURA<\/strong><\/p>\n\n\n\n<p><strong>INSCRI\u00c7\u00d5ES: AT\u00c9 O DIA 20\/03\/2026<\/strong><\/p>\n\n\n\n<p><strong><a href=\"https:\/\/direito.ufpr.br\/wp-content\/uploads\/2026\/03\/Edital-de-Selecao-AMEC-2026.pdf\">EDITAL DE INSCRI\u00c7\u00d5ES<\/a><\/strong><\/p>\n\n\n\n<p><strong><a href=\"https:\/\/forms.office.com\/r\/teLUjSVM07\">FORMUL\u00c1RIO ELETR\u00d4NICO DE INSCRI\u00c7\u00c3O<\/a><\/strong><\/p>\n<\/div>\n<\/div>\n\n\n\n<hr class=\"wp-block-separator has-alpha-channel-opacity\"\/>\n\n\n\n<div class=\"wp-block-columns is-layout-flex wp-container-core-columns-is-layout-9d6595d7 wp-block-columns-is-layout-flex\">\n<div class=\"wp-block-column is-layout-flow wp-block-column-is-layout-flow\">\n<figure class=\"wp-block-image size-large\"><img loading=\"lazy\" decoding=\"async\" width=\"819\" height=\"1024\" src=\"https:\/\/direito.ufpr.br\/wp-content\/uploads\/2026\/03\/NESIDH-ADVOCACY-NESIDH-COMPETITIONS-5-819x1024.png\" alt=\"\" class=\"wp-image-55075\" srcset=\"https:\/\/direito.ufpr.br\/wp-content\/uploads\/2026\/03\/NESIDH-ADVOCACY-NESIDH-COMPETITIONS-5-819x1024.png 819w, https:\/\/direito.ufpr.br\/wp-content\/uploads\/2026\/03\/NESIDH-ADVOCACY-NESIDH-COMPETITIONS-5-240x300.png 240w, https:\/\/direito.ufpr.br\/wp-content\/uploads\/2026\/03\/NESIDH-ADVOCACY-NESIDH-COMPETITIONS-5-768x960.png 768w, https:\/\/direito.ufpr.br\/wp-content\/uploads\/2026\/03\/NESIDH-ADVOCACY-NESIDH-COMPETITIONS-5.png 1080w\" sizes=\"auto, (max-width: 819px) 100vw, 819px\" \/><\/figure>\n<\/div>\n\n\n\n<div class=\"wp-block-column is-vertically-aligned-center is-layout-flow wp-block-column-is-layout-flow\">\n<p><strong>PROJETO: EKOA<\/strong><\/p>\n\n\n\n<p><strong>INSCRI\u00c7\u00d5ES: AT\u00c9 \u00c0S 18H DO DIA 17\/03\/2026<\/strong><\/p>\n\n\n\n<p><strong><a href=\"https:\/\/direito.ufpr.br\/wp-content\/uploads\/2026\/03\/EKOA-Nucleo-de-Pesquisa-e-Extensao-em-Direito-Socioambiental.pdf\" target=\"_blank\" rel=\"noreferrer noopener\">EDITAL DE INSCRI\u00c7\u00d5ES<\/a><\/strong><\/p>\n\n\n\n<p><strong>INSCRI\u00c7\u00c3O: grupoekoa@gmail.com<\/strong><\/p>\n<\/div>\n<\/div>\n\n\n\n<hr class=\"wp-block-separator has-alpha-channel-opacity\"\/>\n\n\n\n<div class=\"wp-block-columns is-layout-flex wp-container-core-columns-is-layout-9d6595d7 wp-block-columns-is-layout-flex\">\n<div class=\"wp-block-column is-layout-flow wp-block-column-is-layout-flow\">\n<figure class=\"wp-block-image size-large\"><img loading=\"lazy\" decoding=\"async\" width=\"819\" height=\"1024\" src=\"https:\/\/direito.ufpr.br\/wp-content\/uploads\/2026\/03\/NESIDH-ADVOCACY-NESIDH-COMPETITIONS-3-819x1024.png\" alt=\"\" class=\"wp-image-55054\" srcset=\"https:\/\/direito.ufpr.br\/wp-content\/uploads\/2026\/03\/NESIDH-ADVOCACY-NESIDH-COMPETITIONS-3-819x1024.png 819w, https:\/\/direito.ufpr.br\/wp-content\/uploads\/2026\/03\/NESIDH-ADVOCACY-NESIDH-COMPETITIONS-3-240x300.png 240w, https:\/\/direito.ufpr.br\/wp-content\/uploads\/2026\/03\/NESIDH-ADVOCACY-NESIDH-COMPETITIONS-3-768x960.png 768w, https:\/\/direito.ufpr.br\/wp-content\/uploads\/2026\/03\/NESIDH-ADVOCACY-NESIDH-COMPETITIONS-3.png 1080w\" sizes=\"auto, (max-width: 819px) 100vw, 819px\" \/><\/figure>\n<\/div>\n\n\n\n<div class=\"wp-block-column is-vertically-aligned-center is-layout-flow wp-block-column-is-layout-flow\">\n<p><strong>PROJETO DE EXTENS\u00c3O: M\u00c1QUINA DE ATIVISMOS EM DIREITOS HUMANOS<\/strong><\/p>\n\n\n\n<p><strong>INSCRI\u00c7\u00d5ES: AT\u00c9 \u00c0S 23H59 DO DIA 25\/03\/2026<\/strong><\/p>\n\n\n\n<p><strong><a href=\"https:\/\/direito.ufpr.br\/wp-content\/uploads\/2026\/03\/Edital-de-selecao-2026.docx.pdf\" target=\"_blank\" rel=\"noreferrer noopener\">EDITAL DE INSCRI\u00c7\u00d5ES<\/a><\/strong><\/p>\n\n\n\n<p><strong><a href=\"https:\/\/docs.google.com\/forms\/d\/e\/1FAIpQLSetx0ncfcdfDg7k03AVbtjm7Hr5a6SYvNqiz_Md0FJLZFVRow\/viewform?usp=sharing&amp;ouid=111745574255238968501\">FORMUL\u00c1RIO ELETR\u00d4NICO DE INSCRI\u00c7\u00c3O<\/a><\/strong><\/p>\n<\/div>\n<\/div>\n\n\n\n<hr class=\"wp-block-separator has-alpha-channel-opacity\"\/>\n\n\n\n<div class=\"wp-block-columns is-layout-flex wp-container-core-columns-is-layout-9d6595d7 wp-block-columns-is-layout-flex\">\n<div class=\"wp-block-column is-layout-flow wp-block-column-is-layout-flow\">\n<figure class=\"wp-block-image size-large\"><img loading=\"lazy\" decoding=\"async\" width=\"819\" height=\"1024\" src=\"https:\/\/direito.ufpr.br\/wp-content\/uploads\/2026\/03\/NESIDH-ADVOCACY-NESIDH-COMPETITIONS-2-819x1024.png\" alt=\"\" class=\"wp-image-55025\" srcset=\"https:\/\/direito.ufpr.br\/wp-content\/uploads\/2026\/03\/NESIDH-ADVOCACY-NESIDH-COMPETITIONS-2-819x1024.png 819w, https:\/\/direito.ufpr.br\/wp-content\/uploads\/2026\/03\/NESIDH-ADVOCACY-NESIDH-COMPETITIONS-2-240x300.png 240w, https:\/\/direito.ufpr.br\/wp-content\/uploads\/2026\/03\/NESIDH-ADVOCACY-NESIDH-COMPETITIONS-2-768x960.png 768w, https:\/\/direito.ufpr.br\/wp-content\/uploads\/2026\/03\/NESIDH-ADVOCACY-NESIDH-COMPETITIONS-2.png 1080w\" sizes=\"auto, (max-width: 819px) 100vw, 819px\" \/><\/figure>\n<\/div>\n\n\n\n<div class=\"wp-block-column is-vertically-aligned-center is-layout-flow wp-block-column-is-layout-flow\">\n<p><strong>PROJETO DE EXTENS\u00c3O: OBSERVAT\u00d3RIO JUDICIAL DE DIREITO DE FAM\u00cdLIA E SUCESS\u00d5ES<\/strong><\/p>\n\n\n\n<p><strong>INSCRI\u00c7\u00d5ES: AT\u00c9 \u00c0S 23H59 DO DIA 31\/03\/2026<\/strong><\/p>\n\n\n\n<p><strong><a href=\"https:\/\/direito.ufpr.br\/wp-content\/uploads\/2026\/03\/Edital_-_Observatorio_Judicial_de_Direito_de_Familia_e_Sucessoes_assinado.pdf\" target=\"_blank\" rel=\"noreferrer noopener\">EDITAL DE INSCRI\u00c7\u00d5ES<\/a><\/strong><\/p>\n\n\n\n<p><strong><a href=\"https:\/\/direito.ufpr.br\/wp-content\/uploads\/2026\/04\/Edital_-_Observatorio_Judicial_de_Direito_de_Familia_e_Sucessoes.docx_assinado.pdf\" target=\"_blank\" rel=\"noreferrer noopener\">EDITAL DE RESULTADO DE SELE\u00c7\u00c3O<\/a><\/strong><\/p>\n\n\n\n<p><a href=\"https:\/\/docs.google.com\/forms\/d\/e\/1FAIpQLSdNHs7tPNSI-aU3oNXJ0uJpyf7g5IUXZECDdR-C9wCLUb5RvQ\/viewform?usp=sharing&amp;ouid=106987310891408675705\"><strong>FORMUL\u00c1RIO ELETR\u00d4NICO DE INSCRI\u00c7\u00c3O<\/strong><\/a><\/p>\n<\/div>\n<\/div>\n\n\n\n<hr class=\"wp-block-separator has-alpha-channel-opacity\"\/>\n\n\n\n<div class=\"wp-block-columns is-layout-flex wp-container-core-columns-is-layout-9d6595d7 wp-block-columns-is-layout-flex\">\n<div class=\"wp-block-column is-layout-flow wp-block-column-is-layout-flow\">\n<figure class=\"wp-block-image size-large\"><img loading=\"lazy\" decoding=\"async\" width=\"819\" height=\"1024\" src=\"https:\/\/direito.ufpr.br\/wp-content\/uploads\/2026\/03\/NESIDH-ADVOCACY-NESIDH-COMPETITIONS-1-1-819x1024.png\" alt=\"\" class=\"wp-image-55000\" srcset=\"https:\/\/direito.ufpr.br\/wp-content\/uploads\/2026\/03\/NESIDH-ADVOCACY-NESIDH-COMPETITIONS-1-1-819x1024.png 819w, https:\/\/direito.ufpr.br\/wp-content\/uploads\/2026\/03\/NESIDH-ADVOCACY-NESIDH-COMPETITIONS-1-1-240x300.png 240w, https:\/\/direito.ufpr.br\/wp-content\/uploads\/2026\/03\/NESIDH-ADVOCACY-NESIDH-COMPETITIONS-1-1-768x960.png 768w, https:\/\/direito.ufpr.br\/wp-content\/uploads\/2026\/03\/NESIDH-ADVOCACY-NESIDH-COMPETITIONS-1-1.png 1080w\" sizes=\"auto, (max-width: 819px) 100vw, 819px\" \/><\/figure>\n<\/div>\n\n\n\n<div class=\"wp-block-column is-vertically-aligned-center is-layout-flow wp-block-column-is-layout-flow\">\n<p><strong>PROJETO DE EXTENS\u00c3O: OBSERVAT\u00d3RIO EXTRAJUDICIAL DE DIREITO DE FAM\u00cdLIA E SUCESS\u00d5ES<\/strong><\/p>\n\n\n\n<p><strong>INSCRI\u00c7\u00d5ES: AT\u00c9 \u00c0S 23H59 DO DIA 31\/03\/2026<\/strong><\/p>\n\n\n\n<p><a href=\"https:\/\/direito.ufpr.br\/wp-content\/uploads\/2026\/03\/Edital-Observatorio-Extrajudicial-de-Direito-de-Familia-e-Sucessoes.pdf\" target=\"_blank\" rel=\"noreferrer noopener\"><strong>EDITAL DE INSCRI\u00c7\u00d5ES<\/strong><\/a><\/p>\n\n\n\n<p><strong><a href=\"https:\/\/direito.ufpr.br\/wp-content\/uploads\/2026\/04\/Edital-Marilia-Retificado.pdf\" target=\"_blank\" rel=\"noreferrer noopener\">EDITAL DE RESULTADO DE SELE\u00c7\u00c3O<\/a><\/strong><\/p>\n\n\n\n<p><a href=\"https:\/\/docs.google.com\/forms\/d\/e\/1FAIpQLSdNHs7tPNSI-aU3oNXJ0uJpyf7g5IUXZECDdR-C9wCLUb5RvQ\/viewform?usp=sharing&amp;ouid=106987310891408675705\"><strong>FORMUL\u00c1RIO ELETR\u00d4NICO DE INSCRI\u00c7\u00c3O<\/strong><\/a><\/p>\n<\/div>\n<\/div>\n\n\n\n<hr class=\"wp-block-separator has-alpha-channel-opacity\"\/>\n\n\n\n<div class=\"wp-block-columns is-layout-flex wp-container-core-columns-is-layout-9d6595d7 wp-block-columns-is-layout-flex\">\n<div class=\"wp-block-column is-layout-flow wp-block-column-is-layout-flow\">\n<figure class=\"wp-block-image size-large\"><img loading=\"lazy\" decoding=\"async\" width=\"819\" height=\"1024\" src=\"https:\/\/direito.ufpr.br\/wp-content\/uploads\/2026\/03\/NESIDH-ADVOCACY-NESIDH-COMPETITIONS-1-819x1024.png\" alt=\"\" class=\"wp-image-54976\" srcset=\"https:\/\/direito.ufpr.br\/wp-content\/uploads\/2026\/03\/NESIDH-ADVOCACY-NESIDH-COMPETITIONS-1-819x1024.png 819w, https:\/\/direito.ufpr.br\/wp-content\/uploads\/2026\/03\/NESIDH-ADVOCACY-NESIDH-COMPETITIONS-1-240x300.png 240w, https:\/\/direito.ufpr.br\/wp-content\/uploads\/2026\/03\/NESIDH-ADVOCACY-NESIDH-COMPETITIONS-1-768x960.png 768w, https:\/\/direito.ufpr.br\/wp-content\/uploads\/2026\/03\/NESIDH-ADVOCACY-NESIDH-COMPETITIONS-1.png 1080w\" sizes=\"auto, (max-width: 819px) 100vw, 819px\" \/><\/figure>\n<\/div>\n\n\n\n<div class=\"wp-block-column is-vertically-aligned-center is-layout-flow wp-block-column-is-layout-flow\">\n<p><\/p>\n\n\n\n<p><\/p>\n\n\n\n<p><\/p>\n\n\n\n<p><strong>PROJETO DE EXTENS\u00c3O:<\/strong> <strong>CL\u00cdNICA DE DIREITO DO TRABALHO DA UFPR<\/strong><\/p>\n\n\n\n<p><strong>INSCRI\u00c7\u00d5ES: At\u00e9 \u00e0s 23h59 do dia 13\/03\/2026<\/strong><\/p>\n\n\n\n<p><strong><a href=\"https:\/\/direito.ufpr.br\/wp-content\/uploads\/2026\/03\/Edital-CDT-2026-1.pdf\" target=\"_blank\" rel=\"noreferrer noopener\">EDITAL DE INSCRI\u00c7\u00d5ES<\/a><\/strong><\/p>\n\n\n\n<p><strong><a href=\"https:\/\/forms.gle\/vhUoCCAcH1Fe6zXu8\">FORMUL\u00c1RIO ELETR\u00d4NICO DE INSCRI\u00c7\u00c3O<\/a><\/strong><\/p>\n\n\n\n<p><\/p>\n<\/div>\n<\/div>\n\n\n\n<hr class=\"wp-block-separator has-alpha-channel-opacity\"\/>\n\n\n\n<div class=\"wp-block-columns is-layout-flex wp-container-core-columns-is-layout-9d6595d7 wp-block-columns-is-layout-flex\">\n<div class=\"wp-block-column is-layout-flow wp-block-column-is-layout-flow\">\n<figure class=\"wp-block-image size-large\"><img loading=\"lazy\" decoding=\"async\" width=\"819\" height=\"1024\" src=\"https:\/\/direito.ufpr.br\/wp-content\/uploads\/2026\/03\/PROJETO-DE-EXTENSAO-1-819x1024.png\" alt=\"\" class=\"wp-image-54866\" srcset=\"https:\/\/direito.ufpr.br\/wp-content\/uploads\/2026\/03\/PROJETO-DE-EXTENSAO-1-819x1024.png 819w, https:\/\/direito.ufpr.br\/wp-content\/uploads\/2026\/03\/PROJETO-DE-EXTENSAO-1-240x300.png 240w, https:\/\/direito.ufpr.br\/wp-content\/uploads\/2026\/03\/PROJETO-DE-EXTENSAO-1-768x960.png 768w, https:\/\/direito.ufpr.br\/wp-content\/uploads\/2026\/03\/PROJETO-DE-EXTENSAO-1.png 1080w\" sizes=\"auto, (max-width: 819px) 100vw, 819px\" \/><\/figure>\n<\/div>\n\n\n\n<div class=\"wp-block-column is-vertically-aligned-center is-layout-flow wp-block-column-is-layout-flow\">\n<p class=\"has-text-align-left\"><strong>PROJETO DE EXTENS\u00c3O:<\/strong> <strong>REF\u00daGIO, MIGRA\u00c7\u00d5ES E HOSPITALIDADE<\/strong><\/p>\n\n\n\n<p><strong>INSCRI\u00c7\u00d5ES: At\u00e9 \u00e0s 23h59 do dia 15\/03\/2025<\/strong><\/p>\n\n\n\n<p><strong><a href=\"https:\/\/direito.ufpr.br\/wp-content\/uploads\/2026\/03\/REFUGIO_MIGRACOES_E_HOSPITALIDADES.pdf\" target=\"_blank\" rel=\"noreferrer noopener\">EDITAL DE INSCRI\u00c7\u00d5ES<\/a><\/strong><\/p>\n\n\n\n<p><strong><a href=\"https:\/\/forms.gle\/CTMjKtjjrcxeakEFA\">FORMUL\u00c1RIO ELETR\u00d4NICO DE INSCRI\u00c7\u00c3O<\/a><\/strong><\/p>\n<\/div>\n<\/div>\n\n\n\n<hr class=\"wp-block-separator has-alpha-channel-opacity\"\/>\n\n\n\n<div class=\"wp-block-columns is-layout-flex wp-container-core-columns-is-layout-9d6595d7 wp-block-columns-is-layout-flex\">\n<div class=\"wp-block-column is-layout-flow wp-block-column-is-layout-flow\">\n<figure class=\"wp-block-image size-large\"><img loading=\"lazy\" decoding=\"async\" width=\"819\" height=\"1024\" src=\"https:\/\/direito.ufpr.br\/wp-content\/uploads\/2026\/03\/NESIDH-ADVOCACY-NESIDH-COMPETITIONS-819x1024.png\" alt=\"\" class=\"wp-image-54879\" srcset=\"https:\/\/direito.ufpr.br\/wp-content\/uploads\/2026\/03\/NESIDH-ADVOCACY-NESIDH-COMPETITIONS-819x1024.png 819w, https:\/\/direito.ufpr.br\/wp-content\/uploads\/2026\/03\/NESIDH-ADVOCACY-NESIDH-COMPETITIONS-240x300.png 240w, https:\/\/direito.ufpr.br\/wp-content\/uploads\/2026\/03\/NESIDH-ADVOCACY-NESIDH-COMPETITIONS-768x960.png 768w, https:\/\/direito.ufpr.br\/wp-content\/uploads\/2026\/03\/NESIDH-ADVOCACY-NESIDH-COMPETITIONS.png 1080w\" sizes=\"auto, (max-width: 819px) 100vw, 819px\" \/><\/figure>\n<\/div>\n\n\n\n<div class=\"wp-block-column is-vertically-aligned-center is-layout-flow wp-block-column-is-layout-flow\">\n<p class=\"has-text-align-left\"><strong>PROJETOS DE EXTENS\u00c3O:<\/strong> <strong>NESIDH &#8211; ADVOCACY e NESIDH COMPETI\u00c7\u00d5ES<\/strong><\/p>\n\n\n\n<p><strong>INSCRI\u00c7\u00d5ES: At\u00e9 \u00e0s 23h59 do dia 06\/03\/2025<\/strong><\/p>\n\n\n\n<p><strong><a href=\"https:\/\/direito.ufpr.br\/wp-content\/uploads\/2026\/03\/Edital-Publico-no-01_2026-de-Abertura-e-Normas-do-Processo-Seletivo-NESIDH-2026.pdf\" target=\"_blank\" rel=\"noreferrer noopener\">EDITAL DE INSCRI\u00c7\u00d5ES<\/a><\/strong><\/p>\n\n\n\n<p><strong><a href=\"https:\/\/docs.google.com\/forms\/d\/e\/1FAIpQLSdcIT4o7RvjSOOYEaqhWM5PIU4hEEDuewnkoG_nAb6FVJgJFA\/viewform\">FORMUL\u00c1RIO ELETR\u00d4NICO DE INSCRI\u00c7\u00c3O<\/a><\/strong><\/p>\n<\/div>\n<\/div>\n\n\n\n<hr class=\"wp-block-separator has-alpha-channel-opacity\"\/>\n","protected":false},"excerpt":{"rendered":"<p>PROJETO: N\u00daCLEO DE EMPREENDEDORISMO E ADVOCACIA &#8211; NEA INSCRI\u00c7\u00d5ES: At\u00e9 \u00e0s 23h59 do dia 27\/04\/2026 EDITAL DE INSCRI\u00c7\u00d5ES FORMUL\u00c1RIO ELETR\u00d4NICO DE INSCRI\u00c7\u00c3O PROJETO: INCID\u00caNCIA EM STANDARDS INTERAMERICANOS E G\u00caNERO INSCRI\u00c7\u00d5ES: At\u00e9 \u00e0s 23h50 do dia 20\/04\/2026 EDITAL DE INSCRI\u00c7\u00d5ES EDITAL DE RESULTADO DE SELE\u00c7\u00c3O INSCRI\u00c7\u00d5ES VIA E-MAIL: olsen.carolina@ufpr.br PROJETO: ACERVO DE MEM\u00d3RIA E CULTURA INSCRI\u00c7\u00d5ES: [&hellip;]<\/p>\n","protected":false},"author":52,"featured_media":0,"parent":0,"menu_order":0,"comment_status":"closed","ping_status":"closed","template":"","meta":{"_acf_changed":false,"_eb_attr":"","footnotes":""},"class_list":["post-54855","page","type-page","status-publish","hentry"],"acf":[],"_links":{"self":[{"href":"https:\/\/direito.ufpr.br\/index.php?rest_route=\/wp\/v2\/pages\/54855","targetHints":{"allow":["GET"]}}],"collection":[{"href":"https:\/\/direito.ufpr.br\/index.php?rest_route=\/wp\/v2\/pages"}],"about":[{"href":"https:\/\/direito.ufpr.br\/index.php?rest_route=\/wp\/v2\/types\/page"}],"author":[{"embeddable":true,"href":"https:\/\/direito.ufpr.br\/index.php?rest_route=\/wp\/v2\/users\/52"}],"replies":[{"embeddable":true,"href":"https:\/\/direito.ufpr.br\/index.php?rest_route=%2Fwp%2Fv2%2Fcomments&post=54855"}],"version-history":[{"count":45,"href":"https:\/\/direito.ufpr.br\/index.php?rest_route=\/wp\/v2\/pages\/54855\/revisions"}],"predecessor-version":[{"id":55506,"href":"https:\/\/direito.ufpr.br\/index.php?rest_route=\/wp\/v2\/pages\/54855\/revisions\/55506"}],"wp:attachment":[{"href":"https:\/\/direito.ufpr.br\/index.php?rest_route=%2Fwp%2Fv2%2Fmedia&parent=54855"}],"curies":[{"name":"wp","href":"https:\/\/api.w.org\/{rel}","templated":true}]}}