{"id":670,"date":"2013-08-19T17:02:06","date_gmt":"2013-08-19T20:02:06","guid":{"rendered":"https:\/\/direito.ufpr.br\/?page_id=670"},"modified":"2024-08-22T08:38:50","modified_gmt":"2024-08-22T11:38:50","slug":"requerimentos","status":"publish","type":"page","link":"https:\/\/direito.ufpr.br\/?page_id=670","title":{"rendered":"Requerimentos na Faculdade de Direito da UFPR"},"content":{"rendered":"<h4><strong><u>Reserva de Espa\u00e7os<\/u><\/strong><\/h4>\n<p>Os espa\u00e7os da Faculdade de Direito da UFPR s\u00e3o reservados prioritariamente para atividades acad\u00eamicas do Setor de Ci\u00eancias Jur\u00eddicas e eventos institucionais, garantindo um ambiente adequado para o ensino e a pesquisa. Para uma utiliza\u00e7\u00e3o eficiente e organizada, \u00e9 essencial que todos os usu\u00e1rios sigam as diretrizes estabelecidas.<\/p>\n<p>Para conhecer mais sobre a estrutura e capacidade dos espa\u00e7os, acesse este <a href=\"https:\/\/direito.ufpr.br\/?page_id=48333\" target=\"_blank\" rel=\"noopener\">LINK<\/a>.<\/p>\n<p><strong>&#8211; Procedimentos para Solicita\u00e7\u00e3o de Reserva:<\/strong> Para solicitar a reserva de um espa\u00e7o, siga os passos abaixo:<\/p>\n<ol>\n<li><strong>Preencha e assine<\/strong> o <a href=\"https:\/\/direito.ufpr.br\/wp-content\/uploads\/2023\/04\/Formulario_Reserva_Salas_2.pdf\" target=\"_blank\" rel=\"noopener\">Formul\u00e1rio de Solicita\u00e7\u00e3o de Reserva<\/a>.<\/li>\n<li><strong>Leia, preencha e assine<\/strong> o <a href=\"https:\/\/direito.ufpr.br\/wp-content\/uploads\/2024\/08\/Orientacoes-Espacos-SCJ-UFPR.pdf\" target=\"_blank\" rel=\"noopener\">Termo de Ci\u00eancia e Responsabilidade<\/a> disposto no ANEXO I do documento &#8220;Orienta\u00e7\u00f5es para Utiliza\u00e7\u00e3o dos Espa\u00e7os do Setor de Ci\u00eancias Jur\u00eddicas da UFPR.&#8221;<\/li>\n<li><strong>Envie<\/strong> ambos os documentos para o e-mail <u>eventojd@ufpr.br<\/u>.<\/li>\n<\/ol>\n<p>A Dire\u00e7\u00e3o do Setor de Ci\u00eancias Jur\u00eddicas ir\u00e1 verificar a disponibilidade do local e a viabilidade da realiza\u00e7\u00e3o do evento na Faculdade de Direito da UFPR. Uma vez autorizada a reserva, o solicitante ser\u00e1 informado por e-mail.<\/p>\n<p><strong>&#8211; Aten\u00e7\u00e3o:<\/strong><\/p>\n<ul>\n<li>Os requerimentos de reserva de salas devem ser feitos com, no m\u00ednimo, <strong>7 (sete) dias<\/strong> de anteced\u00eancia \u00e0 data do evento. Solicita\u00e7\u00f5es feitas fora desse prazo podem n\u00e3o ser atendidas.<\/li>\n<li>Todo requerimento deve ser <strong>assinado<\/strong> pelo professor ou servidor da UFPR respons\u00e1vel ou encaminhado diretamente do e-mail institucional do respons\u00e1vel, com anu\u00eancia expressa sobre a reserva.<\/li>\n<li>O requerimento deve ser <strong>acompanhado da programa\u00e7\u00e3o<\/strong> e, quando aplic\u00e1vel, das informa\u00e7\u00f5es sobre os palestrantes.<\/li>\n<li>As demandas de reserva de salas e espa\u00e7os (exceto Sal\u00e3o Nobre) para o <strong>1\u00ba semestre letivo<\/strong> s\u00f3 ser\u00e3o analisadas ap\u00f3s a disponibiliza\u00e7\u00e3o definitiva do ensalamento das disciplinas t\u00f3picas pela Coordena\u00e7\u00e3o do Curso de Direito na primeira semana de aula do 1\u00ba semestre letivo.<\/li>\n<li>As demandas de reserva de salas e espa\u00e7os (exceto Sal\u00e3o Nobre) para o <strong>2\u00ba semestre letivo<\/strong> s\u00f3 ser\u00e3o confirmadas ap\u00f3s a disponibiliza\u00e7\u00e3o definitiva do ensalamento das t\u00f3picas pela Coordena\u00e7\u00e3o do Curso de Direito na primeira semana de aula do 2\u00ba semestre letivo.<\/li>\n<li>Para reservas das <strong style=\"font-size: revert; color: initial;\">Salas da P\u00f3s-Gradua\u00e7\u00e3o em Direito<\/strong><span style=\"font-size: revert; color: initial;\">, localizada no 3\u00ba andar da Faculdade, entre em contato com a Secretaria da PPGD por meio do telefone (41) 3310-2685 ou pelo e-mail <\/span><u style=\"font-size: revert; color: initial;\">ppgdufpr@gmail.com.<\/u><\/li>\n<\/ul>\n<hr \/>\n<h4><strong><u>Servi\u00e7os de Envio de Correspond\u00eancias e Encomendas pela UFPR<\/u><\/strong><\/h4>\n<p>Para mais informa\u00e7\u00f5es sobre os servi\u00e7os de envio de correspond\u00eancias e encomendas, acesse este <a href=\"https:\/\/pra.ufpr.br\/delog\/unidade_de_arquivo_uarq\/servicosdepostagem\/\" target=\"_blank\" rel=\"noopener\">LINK<\/a>.<\/p>\n<hr \/>\n<h4><strong><u>Solicita\u00e7\u00e3o de Transporte<\/u><\/strong><\/h4>\n<p>Para detalhes sobre a solicita\u00e7\u00e3o de transporte, consulte este <a href=\"https:\/\/pra.ufpr.br\/centran\/sobre\/solicitacoes-de-veiculos\/\" target=\"_blank\" rel=\"noopener\">LINK<\/a>.<\/p>\n","protected":false},"excerpt":{"rendered":"<p>Reserva de Espa\u00e7os Os espa\u00e7os da Faculdade de Direito da UFPR s\u00e3o reservados prioritariamente para atividades acad\u00eamicas do Setor de Ci\u00eancias Jur\u00eddicas e eventos institucionais, garantindo um ambiente adequado para o ensino e a pesquisa. Para uma utiliza\u00e7\u00e3o eficiente e organizada, \u00e9 essencial que todos os usu\u00e1rios sigam as diretrizes estabelecidas. Para conhecer mais sobre [&hellip;]<\/p>\n","protected":false},"author":3,"featured_media":0,"parent":9407,"menu_order":0,"comment_status":"closed","ping_status":"closed","template":"direcao.php","meta":{"_acf_changed":false,"_eb_attr":"","footnotes":""},"class_list":["post-670","page","type-page","status-publish","hentry"],"acf":[],"_links":{"self":[{"href":"https:\/\/direito.ufpr.br\/index.php?rest_route=\/wp\/v2\/pages\/670","targetHints":{"allow":["GET"]}}],"collection":[{"href":"https:\/\/direito.ufpr.br\/index.php?rest_route=\/wp\/v2\/pages"}],"about":[{"href":"https:\/\/direito.ufpr.br\/index.php?rest_route=\/wp\/v2\/types\/page"}],"author":[{"embeddable":true,"href":"https:\/\/direito.ufpr.br\/index.php?rest_route=\/wp\/v2\/users\/3"}],"replies":[{"embeddable":true,"href":"https:\/\/direito.ufpr.br\/index.php?rest_route=%2Fwp%2Fv2%2Fcomments&post=670"}],"version-history":[{"count":34,"href":"https:\/\/direito.ufpr.br\/index.php?rest_route=\/wp\/v2\/pages\/670\/revisions"}],"predecessor-version":[{"id":48451,"href":"https:\/\/direito.ufpr.br\/index.php?rest_route=\/wp\/v2\/pages\/670\/revisions\/48451"}],"up":[{"embeddable":true,"href":"https:\/\/direito.ufpr.br\/index.php?rest_route=\/wp\/v2\/pages\/9407"}],"wp:attachment":[{"href":"https:\/\/direito.ufpr.br\/index.php?rest_route=%2Fwp%2Fv2%2Fmedia&parent=670"}],"curies":[{"name":"wp","href":"https:\/\/api.w.org\/{rel}","templated":true}]}}