{"id":86,"date":"2013-05-28T00:21:10","date_gmt":"2013-05-28T03:21:10","guid":{"rendered":"https:\/\/direito.ufpr.br\/?page_id=86"},"modified":"2024-08-05T19:45:24","modified_gmt":"2024-08-05T22:45:24","slug":"projeto-politico-pedagogico","status":"publish","type":"page","link":"https:\/\/direito.ufpr.br\/?page_id=86","title":{"rendered":"Projeto Pol\u00edtico-pedag\u00f3gico"},"content":{"rendered":"<div id=\"attachment_604\" style=\"width: 611px\" class=\"wp-caption aligncenter\"><a href=\"https:\/\/direito.ufpr.br\/wp-content\/uploads\/2013\/05\/DSC3795-21-1-1.jpg\"><img loading=\"lazy\" decoding=\"async\" aria-describedby=\"caption-attachment-604\" class=\" wp-image-604 \" src=\"https:\/\/direito.ufpr.br\/wp-content\/uploads\/2013\/05\/DSC3795-21-1-300x200.jpg\" alt=\"Foto: Aldacy Coutinho\" width=\"601\" height=\"301\" \/><\/a><p id=\"caption-attachment-604\" class=\"wp-caption-text\">Foto: Aldacy Coutinho<\/p><\/div>\n<p style=\"text-align: justify;\">O atual projeto pol\u00edtico pedag\u00f3gico, vigente desde de 2010, \u00e9 a resultante dos debates e das propostas da comunidade acad\u00eamica, nas v\u00e1rias inst\u00e2ncias de discuss\u00e3o em que houve seu tr\u00e2mite: departamentos, colegiado de curso, partidos e demais inst\u00e2ncias acad\u00eamicas, grupos de discuss\u00e3o e de trabalho, Conselho setorial e, por fim, Pr\u00f3-Reitoria de Gradua\u00e7\u00e3o (PROGRAD) e Conselho de Ensino, Pesquisa e Extens\u00e3o da Universidade (CEPE). Como resultado, temos um curr\u00edculo que hoje j\u00e1 \u00e9 reconhecido como vanguarda nas discuss\u00f5es sobre o ensino jur\u00eddico no pa\u00eds e que j\u00e1 inspira reformas em institui\u00e7\u00f5es importantes.<\/p>\n<p style=\"text-align: justify;\">De fato, o projeto foi atualizado com as diretrizes curriculares do Curso de Direito previstas na Resolu\u00e7\u00e3o n\u00ba9\/2004 CNE (e com isso foram institu\u00eddas novas disciplinas na grade obrigat\u00f3ria); criada uma terceira \u00e1rea de habilita\u00e7\u00e3o (\u201cTeoria do Direito e Direitos Humanos\u201d) que se soma \u00e0s duas tradicionais j\u00e1 existentes (Rela\u00e7\u00f5es Sociais e Direito do Estado); o curr\u00edculo foi flexibilizado (nos limites em que um Curso de Direito pode faz\u00ea-lo); e o n\u00famero de disciplinas optativas potencializado (agora chamadas de \u201ct\u00f3picas\u201d).<\/p>\n<p style=\"text-align: justify;\">Com\u00a0 isso, objetivam-se, dentre outros, os seguintes\u00a0 efeitos: que os estudantes sejam mais ativos no processo de sua forma\u00e7\u00e3o, em vista do amplo leque de escolhas de que dispor\u00e3o; que os professores dediquem-se, nas disciplinas \u201ct\u00f3picas\u201d, a aprofundar junto com os alunos os seus materiais de pesquisa podendo realizar em melhores condi\u00e7\u00f5es a t\u00e3o almejada uni\u00e3o entre ensino e pesquisa; que e o nosso curr\u00edculo seja perme\u00e1vel \u00e0s novas e r\u00e1pidas demandas e discuss\u00f5es do mundo jur\u00eddico contempor\u00e2neo. Al\u00e9m da pesquisa, a atividade de extens\u00e3o foi valorizada e poder\u00e1, mediante certas condi\u00e7\u00f5es, ser compensada com at\u00e9 duas disciplinas t\u00f3picas.<\/p>\n<p style=\"text-align: justify;\">A implementa\u00e7\u00e3o do novo projeto pol\u00edtico-pedag\u00f3gico depende de um cuidadoso e gradual acompanhamento e tamb\u00e9m de cont\u00ednua avalia\u00e7\u00e3o (e, eventualmente, auto-cr\u00edtica). Espera-se o esfor\u00e7o de todos para possibilitar um amplo leque de ofertas aos estudantes e propiciar pr\u00e1ticas pedag\u00f3gicas diferenciadas.<\/p>\n<p style=\"text-align: justify;\"><a href=\"https:\/\/direito.ufpr.br\/wp-content\/uploads\/2013\/05\/PROJETO-PEDAG\u00d3GICO-2015-1-1.pdf\">Projeto Did\u00e1tico-Pedag\u00f3gico<\/a><\/p>\n<p style=\"text-align: justify;\"><a href=\"https:\/\/direito.ufpr.br\/wp-content\/uploads\/2013\/05\/reforma5-1.pdf\">Projeto Pol\u00edtico-Pedag\u00f3gico<\/a><\/p>\n<p style=\"text-align: justify;\"><a href=\"https:\/\/direito.ufpr.br\/wp-content\/uploads\/2014\/03\/CURR\u00cdCULO-NOVO-resolucao-60-09-CEPE-Direito-1.pdf\" target=\"_blank\" rel=\"noopener\">Curr\u00edculo Atual do Curso de Direito da UFPR<\/a><\/p>\n<p style=\"text-align: justify;\"><a title=\"curr\u00edculo Anterior\" href=\"https:\/\/direito.ufpr.br\/wp-content\/uploads\/2014\/08\/Curr\u00edculo-do-Curso-96-2000-1.pdf\" target=\"_blank\" rel=\"noopener\">Curr\u00edculo Antigo<\/a> &#8211; vigente para os alunos ingressos no curso at\u00e9 2009<\/p>\n","protected":false},"excerpt":{"rendered":"<p>O atual projeto pol\u00edtico pedag\u00f3gico, vigente desde de 2010, \u00e9 a resultante dos debates e das propostas da comunidade acad\u00eamica, nas v\u00e1rias inst\u00e2ncias de discuss\u00e3o em que houve seu tr\u00e2mite: departamentos, colegiado de curso, partidos e demais inst\u00e2ncias acad\u00eamicas, grupos de discuss\u00e3o e de trabalho, Conselho setorial e, por fim, Pr\u00f3-Reitoria de Gradua\u00e7\u00e3o (PROGRAD) e [&hellip;]<\/p>\n","protected":false},"author":54,"featured_media":0,"parent":218,"menu_order":3,"comment_status":"closed","ping_status":"closed","template":"","meta":{"_acf_changed":false,"_eb_attr":"","footnotes":""},"class_list":["post-86","page","type-page","status-publish","hentry"],"acf":[],"_links":{"self":[{"href":"https:\/\/direito.ufpr.br\/index.php?rest_route=\/wp\/v2\/pages\/86","targetHints":{"allow":["GET"]}}],"collection":[{"href":"https:\/\/direito.ufpr.br\/index.php?rest_route=\/wp\/v2\/pages"}],"about":[{"href":"https:\/\/direito.ufpr.br\/index.php?rest_route=\/wp\/v2\/types\/page"}],"author":[{"embeddable":true,"href":"https:\/\/direito.ufpr.br\/index.php?rest_route=\/wp\/v2\/users\/54"}],"replies":[{"embeddable":true,"href":"https:\/\/direito.ufpr.br\/index.php?rest_route=%2Fwp%2Fv2%2Fcomments&post=86"}],"version-history":[{"count":2,"href":"https:\/\/direito.ufpr.br\/index.php?rest_route=\/wp\/v2\/pages\/86\/revisions"}],"predecessor-version":[{"id":10509,"href":"https:\/\/direito.ufpr.br\/index.php?rest_route=\/wp\/v2\/pages\/86\/revisions\/10509"}],"up":[{"embeddable":true,"href":"https:\/\/direito.ufpr.br\/index.php?rest_route=\/wp\/v2\/pages\/218"}],"wp:attachment":[{"href":"https:\/\/direito.ufpr.br\/index.php?rest_route=%2Fwp%2Fv2%2Fmedia&parent=86"}],"curies":[{"name":"wp","href":"https:\/\/api.w.org\/{rel}","templated":true}]}}