{"id":9433,"date":"2013-08-01T13:18:11","date_gmt":"2013-08-01T13:18:11","guid":{"rendered":"https:\/\/direito.ufpr.br\/graduacao\/?page_id=442"},"modified":"2024-02-29T13:03:34","modified_gmt":"2024-02-29T16:03:34","slug":"pesquisa-2","status":"publish","type":"page","link":"https:\/\/direito.ufpr.br\/?page_id=9433","title":{"rendered":""},"content":{"rendered":"<p><img loading=\"lazy\" decoding=\"async\" class=\"alignnone wp-image-33327 size-full\" src=\"https:\/\/direito.ufpr.br\/wp-content\/uploads\/2021\/12\/Barra-superior-pesquisa-1.jpg\" alt=\"\" width=\"1024\" height=\"200\" srcset=\"https:\/\/direito.ufpr.br\/wp-content\/uploads\/2021\/12\/Barra-superior-pesquisa-1.jpg 1024w, https:\/\/direito.ufpr.br\/wp-content\/uploads\/2021\/12\/Barra-superior-pesquisa-1-300x59.jpg 300w, https:\/\/direito.ufpr.br\/wp-content\/uploads\/2021\/12\/Barra-superior-pesquisa-1-768x150.jpg 768w\" sizes=\"auto, (max-width: 1024px) 100vw, 1024px\" \/><\/p>\n<hr \/>\n<p style=\"text-align: justify;\">A institucionaliza\u00e7\u00e3o da pesquisa na Faculdade de Direito da UFPR, tanto na gradua\u00e7\u00e3o quanto na p\u00f3s-gradua\u00e7\u00e3o, ocorre atrav\u00e9s das atividades de professores pesquisadores e alunos nos n\u00facleos e grupos de pesquisa.<\/p>\n<p style=\"text-align: justify;\">Atualmente, cerca de vinte desses n\u00facleos de pesquisas, al\u00e9m de institucionalizados na gradua\u00e7\u00e3o e\/ou na p\u00f3s-gradua\u00e7\u00e3o, tamb\u00e9m est\u00e3o certificados no Diret\u00f3rio de Grupos de Pesquisa (DGP) do CNPq, condi\u00e7\u00e3o essencial para a integra\u00e7\u00e3o da pesquisa e o acesso ao financiamento das ag\u00eancias de fomento \u00e0 pesquisa (CNPq, Capes, Funda\u00e7\u00e3o Arauc\u00e1ria, FINEP, etc.).<\/p>\n<p style=\"text-align: justify;\">As informa\u00e7\u00f5es sobre os n\u00facleos de pesquisa podem ser acessadas atrav\u00e9s das p\u00e1ginas do DGP\/CNPq (<a href=\"http:\/\/lattes.cnpq.br\/web\/dgp\">http:\/\/lattes.cnpq.br\/web\/dgp<\/a>) e da Faculdade de Direito (<a href=\"https:\/\/direito.ufpr.br\/\">https:\/\/direito.ufpr.br\/<\/a>). Os projetos de pesquisa desenvolvidos pelos professores\/pesquisadores da Faculdade de Direito podem ser acessados nas bases de informa\u00e7\u00f5es da Pr\u00f3-Reitoria de Pesquisa e P\u00f3s-Gradua\u00e7\u00e3o (PRPPG\/UFPR &#8211; <a href=\"http:\/\/www.prppg.ufpr.br\/site\/\">http:\/\/www.prppg.ufpr.br\/site\/<\/a>) e, sobretudo, na Plataforma Lattes do CNPq (<a href=\"http:\/\/buscatextual.cnpq.br\/buscatextual\/busca.do?metodo=apresentar\">http:\/\/buscatextual.cnpq.br\/buscatextual\/busca.do?metodo=apresentar<\/a>).<\/p>\n<p>Telefone: 41 3310 &#8211; 2677 \/ E-mail: pesquisajd@ufpr.br<\/p>\n<p>\u00a0<\/p>\n\n\n<p><\/p>\n","protected":false},"excerpt":{"rendered":"<p>A institucionaliza\u00e7\u00e3o da pesquisa na Faculdade de Direito da UFPR, tanto na gradua\u00e7\u00e3o quanto na p\u00f3s-gradua\u00e7\u00e3o, ocorre atrav\u00e9s das atividades de professores pesquisadores e alunos nos n\u00facleos e grupos de pesquisa. Atualmente, cerca de vinte desses n\u00facleos de pesquisas, al\u00e9m de institucionalizados na gradua\u00e7\u00e3o e\/ou na p\u00f3s-gradua\u00e7\u00e3o, tamb\u00e9m est\u00e3o certificados no Diret\u00f3rio de Grupos de [&hellip;]<\/p>\n","protected":false},"author":3,"featured_media":0,"parent":0,"menu_order":0,"comment_status":"open","ping_status":"open","template":"pesquisa.php","meta":{"_acf_changed":false,"_eb_attr":"","footnotes":""},"class_list":["post-9433","page","type-page","status-publish","hentry"],"acf":[],"_links":{"self":[{"href":"https:\/\/direito.ufpr.br\/index.php?rest_route=\/wp\/v2\/pages\/9433","targetHints":{"allow":["GET"]}}],"collection":[{"href":"https:\/\/direito.ufpr.br\/index.php?rest_route=\/wp\/v2\/pages"}],"about":[{"href":"https:\/\/direito.ufpr.br\/index.php?rest_route=\/wp\/v2\/types\/page"}],"author":[{"embeddable":true,"href":"https:\/\/direito.ufpr.br\/index.php?rest_route=\/wp\/v2\/users\/3"}],"replies":[{"embeddable":true,"href":"https:\/\/direito.ufpr.br\/index.php?rest_route=%2Fwp%2Fv2%2Fcomments&post=9433"}],"version-history":[{"count":39,"href":"https:\/\/direito.ufpr.br\/index.php?rest_route=\/wp\/v2\/pages\/9433\/revisions"}],"predecessor-version":[{"id":46428,"href":"https:\/\/direito.ufpr.br\/index.php?rest_route=\/wp\/v2\/pages\/9433\/revisions\/46428"}],"wp:attachment":[{"href":"https:\/\/direito.ufpr.br\/index.php?rest_route=%2Fwp%2Fv2%2Fmedia&parent=9433"}],"curies":[{"name":"wp","href":"https:\/\/api.w.org\/{rel}","templated":true}]}}